{"id":11497,"date":"2020-06-17T10:41:45","date_gmt":"2020-06-17T08:41:45","guid":{"rendered":"https:\/\/loymax.io\/?page_id=11497"},"modified":"2025-10-17T15:10:36","modified_gmt":"2025-10-17T13:10:36","slug":"sample-page","status":"publish","type":"page","link":"https:\/\/loymax.io\/de\/","title":{"rendered":"Startseite"},"content":{"rendered":"\r\n<section class=\"block-main\">\r\n<div class=\"container\">\r\n<div class=\"row\">\r\n<div class=\"col-sm-5 paragraph1\">\r\n<h1>Plattform f\u00fcr Loyalit\u00e4tsmanagement und Marketing-Automatisierung<\/h1>\r\n<p>Automatisierung der Marketingkommunikation und Erstellung echter pers\u00f6nlicher Werbebotschaften mithilfe von KI und Maschinellem Lernen<\/p>\r\n<div class=\"buttons\"><!--<a class=\"btn-block3\" href=\"#\">\u0420\u0435\u0448\u0435\u043d\u0438\u044f<\/a>--><a class=\"btn-block3 js-scroll-trigger\" href=\"#site-footer\">Kontakt<\/a><\/div>\r\n<\/div>\r\n<div class=\"col-sm-7\">\r\n<div class=\"main-video\"><video poster=\"\/wp-content\/uploads\/2022\/05\/video_new.jpg\" autoplay=\"autoplay\" loop=\"loop\" muted=\"\" width=\"100%\" height=\"100%\">\r\n   <source src=\"\/wp-content\/uploads\/2022\/04\/video.mp4\" type=\"video\/mp4; codecs=\" avc1=\"\" 42e01e=\"\" mp4a=\"\" 40=\"\" 2=\"\" \/>Ihr Browser unterst\u00fctzt kein HTML5-Video. <\/video><\/div>\r\n<!--<img decoding=\"async\" alt=\"Main Image 3\" src=\"\/wp-content\/uploads\/2022\/02\/main_image_3.svg\" \/>--><\/div>\r\n<\/div>\r\n<\/div>\r\n<\/section>\r\n<section class=\"main-slider\">\r\n<div class=\"container\">\r\n<div class=\"row\">\r\n<div class=\"col-sm-9\">\r\n<div class=\"home-slider-wrapper\">\r\n<div class=\"home-slider\">\r\n<div class=\"slide1\">\r\n<div>\r\n<div class=\"col-sm-4\">\r\n<h3>Unsere L\u00f6sungen<\/h3>\r\n<h4>Loymax Loyalty<\/h4>\r\n<a class=\"btn-block3\" href=\"loymax-loyalty\/\">Weiterlesen<\/a><\/div>\r\n<div class=\"col-sm-4\"><img decoding=\"async\" alt=\"Slide2\" src=\"\/wp-content\/uploads\/2022\/02\/slide2.svg\" \/><\/div>\r\n<div class=\"col-sm-4\">\r\n<p>Unsere Loyalit\u00e4tsplattform All in One und No-Code-Plattformkern, der die Erstellung Ihres Loyalit\u00e4tsprogramms von beliebiger Komplexit\u00e4t erm\u00f6glicht<\/p>\r\n<\/div>\r\n<\/div>\r\n<\/div>\r\n<div class=\"slide1\">\r\n<div>\r\n<div class=\"col-sm-4\">\r\n<h3>Unsere L\u00f6sungen<\/h3>\r\n<h4>Smart Communications<\/h4>\r\n<a class=\"btn-block3\" href=\"https:\/\/loymax.io\/de\/smart-communications\/\">Weiterlesen<\/a><\/div>\r\n<div class=\"col-sm-4\"><img decoding=\"async\" alt=\"Slide1\" src=\"\/wp-content\/uploads\/2021\/12\/slide1.svg\" \/><\/div>\r\n<div class=\"col-sm-4\">\r\n<p>Unser CDP und Campaign Manager bietet eine einfache Segmentierung und Trigger-Kommunikation (SMS, E-Mail, Push usw.).<\/p>\r\n<\/div>\r\n<\/div>\r\n<\/div>\r\n<div class=\"slide1\">\r\n<div>\r\n<div class=\"col-sm-4\">\r\n<h3>Unsere L\u00f6sungen<\/h3>\r\n<h4>Business <br \/>Intelligence (BI)<\/h4>\r\n<a class=\"btn-block3\" href=\"#\">Weiterlesen<\/a><\/div>\r\n<div class=\"col-sm-4\"><img decoding=\"async\" alt=\"Slide4\" src=\"\/wp-content\/uploads\/2022\/02\/slide4.svg\" \/><\/div>\r\n<div class=\"col-sm-4\">\r\n<p>Unser Analysemodul hilft Ihnen, die Wirksamkeit Ihres Kundenbindungsprogramms zu bewerten.<\/p>\r\n<\/div>\r\n<\/div>\r\n<\/div>\r\n<div class=\"slide1\">\r\n<div>\r\n<div class=\"col-sm-4\">\r\n<h3>Unsere L\u00f6sungen<\/h3>\r\n<h4>Machine Learning<\/h4>\r\n<a class=\"btn-block3\" href=\"https:\/\/loymax.io\/de\/machine-learning\/\">Weiterlesen<\/a><\/div>\r\n<div class=\"col-sm-4\"><img decoding=\"async\" alt=\"Slide3\" src=\"\/wp-content\/uploads\/2022\/02\/slide3.svg\" \/><\/div>\r\n<div class=\"col-sm-4\">\r\n<p>Bietet pers\u00f6nliche Werbeaktionen f\u00fcr jeden einzelnen Kunden an und steigert dadurch den Bruttoumsatz um 4 %.<\/p>\r\n<\/div>\r\n<\/div>\r\n<\/div>\r\n<\/div>\r\n<\/div>\r\n<\/div>\r\n<\/div>\r\n<\/div>\r\n<\/section>\r\n<section class=\"block-main\">\r\n<div class=\"container\">\r\n<div class=\"row\">\r\n<div class=\"col-sm-12\">\r\n<h3>Fakten \u00fcber Loymax<\/h3>\r\n<\/div>\r\n<\/div>\r\n<div class=\"row\">\r\n<div class=\"col-sm-4\">\r\n<div class=\"who-block\"><img decoding=\"async\" alt=\"Why1 1\" src=\"\/wp-content\/uploads\/2021\/12\/why1-1.svg\" \/>\r\n<h4>Reiche Erfahrung<\/h4>\r\n<p>Entwicklung unserer Plattform und Unterst\u00fctzung unserer Kunden bei der Erstellung von Kundenbindungsprogrammen auf h\u00f6chstem Niveau seit 2010<\/p>\r\n<\/div>\r\n<\/div>\r\n<div class=\"col-sm-4\">\r\n<div class=\"who-block\"><img decoding=\"async\" alt=\"Why2\" src=\"\/wp-content\/uploads\/2021\/12\/why2.svg\" \/>\r\n<h4>Einfache Migration<\/h4>\r\n<p>Unsere Software-Ingenieure verf\u00fcgen \u00fcber umfangreiche Erfahrung in der nahtlosen Migration<\/p>\r\n<\/div>\r\n<\/div>\r\n<div class=\"col-sm-4\">\r\n<div class=\"who-block\"><img decoding=\"async\" alt=\"Why3\" src=\"\/wp-content\/uploads\/2021\/12\/why3.svg\" \/>\r\n<h4>Dokumentation<\/h4>\r\n<p>Integrierte Dokumentation mit mehr als 8000 Seiten<\/p>\r\n<\/div>\r\n<\/div>\r\n<div class=\"col-sm-4\">\r\n<div class=\"who-block\"><img decoding=\"async\" alt=\"Why4\" src=\"\/wp-content\/uploads\/2021\/12\/why4.svg\" \/>\r\n<h4>Bereitstellung in 12 Wochen<\/h4>\r\n<p>Unsere Experten stellen die Plattform mit allen erforderlichen Integrationen in nur 12 Wochen bereit.<\/p>\r\n<\/div>\r\n<\/div>\r\n<div class=\"col-sm-4\">\r\n<div class=\"who-block\"><img decoding=\"async\" alt=\"Why5\" src=\"\/wp-content\/uploads\/2021\/12\/why5.svg\" \/>\r\n<h4>24\/7 Unterst\u00fctzung<\/h4>\r\n<p>Wir sind rund um die Uhr f\u00fcr den Support verf\u00fcgbar<\/p>\r\n<\/div>\r\n<\/div>\r\n<div class=\"col-sm-4\">\r\n<div class=\"who-block\"><img decoding=\"async\" alt=\"Why6\" src=\"\/wp-content\/uploads\/2021\/12\/why6.svg\" \/>\r\n<h4>Verl\u00e4sslichkeit<\/h4>\r\n<p>Die Software-Architektur und kontinuierliche Investitionen in modernste Hardware gew\u00e4hrleisten eine Fehlertoleranz von 99,9 %.<\/p>\r\n<\/div>\r\n<\/div>\r\n<\/div>\r\n<\/div>\r\n<\/section>\r\n<!--\r\n<section class=\"block2\">\r\n<div class=\"container\">\r\n<div class=\"row\">\r\n<div class=\"col-sm-8 offset-sm-2 col-12\">\r\n<div class=\"video-block\">\r\n<div><iframe src=\"https:\/\/player.vimeo.com\/video\/656065746?h=e12a1500ed&color=2A78EC&title=0&byline=0&portrait=0\" frameborder=\"0\" allowfullscreen=\"allowfullscreen\"><\/iframe><\/div>\r\n<script src=\"https:\/\/player.vimeo.com\/api\/player.js\"><\/script>\r\n<\/div>\r\n<\/div>\r\n<\/div>\r\n<\/div>\r\n<\/section>\r\n\r\n-->\r\n<section class=\"integration-block integration-block-six\" style=\"margin-top: 30px; margin-bottom: 70px;\">\r\n<div class=\"container\">\r\n<div class=\"row\">\r\n<div class=\"col-sm-12\">\r\n<div class=\"row\">\r\n<div class=\"col-sm-12\">\r\n<h2>Unsere Kunden<\/h2>\r\n<\/div>\r\n<\/div>\r\n<div class=\"row\">\r\n<div class=\"col-lg-2 col-md-2 col-sm-6 col-xs-6\">\r\n<div class=\"material\"><img loading=\"lazy\" decoding=\"async\" class=\"alignnone\" src=\"\/wp-content\/uploads\/2024\/09\/auchan.svg\" alt=\"\" width=\"353\" height=\"372\" \/><\/div>\r\n<\/div>\r\n<div class=\"col-lg-2 col-md-2 col-sm-6 col-xs-6\">\r\n<div class=\"material\"><img loading=\"lazy\" decoding=\"async\" class=\"alignnone size-full wp-image-2610\" src=\"https:\/\/loymax.ru\/wp-content\/uploads\/2022\/06\/001-spar.svg\" alt=\"\" width=\"448\" height=\"71\" \/><\/div>\r\n<\/div>\r\n<div class=\"col-lg-2 col-md-2 col-sm-6 col-xs-6\">\r\n<div class=\"material\"><img loading=\"lazy\" decoding=\"async\" class=\"alignnone size-medium wp-image-5560\" src=\"https:\/\/loymax.io\/wp-content\/uploads\/2022\/09\/kfc-logo-300x169.png\" alt=\"\" width=\"300\" height=\"169\" srcset=\"https:\/\/loymax.io\/wp-content\/uploads\/2022\/09\/kfc-logo-300x169.png 300w, https:\/\/loymax.io\/wp-content\/uploads\/2022\/09\/kfc-logo-1024x576.png 1024w, https:\/\/loymax.io\/wp-content\/uploads\/2022\/09\/kfc-logo-768x432.png 768w, https:\/\/loymax.io\/wp-content\/uploads\/2022\/09\/kfc-logo-1536x864.png 1536w, https:\/\/loymax.io\/wp-content\/uploads\/2022\/09\/kfc-logo-2048x1152.png 2048w\" sizes=\"auto, (max-width: 300px) 100vw, 300px\" \/><\/div>\r\n<\/div>\r\n<div class=\"col-lg-2 col-md-2 col-sm-6 col-xs-6\">\r\n<div class=\"material\"><img loading=\"lazy\" decoding=\"async\" class=\"alignnone size-medium wp-image-5559\" src=\"https:\/\/loymax.io\/wp-content\/uploads\/2022\/09\/prisma-logo-300x169.png\" alt=\"\" width=\"300\" height=\"169\" srcset=\"https:\/\/loymax.io\/wp-content\/uploads\/2022\/09\/prisma-logo-300x169.png 300w, https:\/\/loymax.io\/wp-content\/uploads\/2022\/09\/prisma-logo-1024x576.png 1024w, https:\/\/loymax.io\/wp-content\/uploads\/2022\/09\/prisma-logo-768x432.png 768w, https:\/\/loymax.io\/wp-content\/uploads\/2022\/09\/prisma-logo-1536x864.png 1536w, https:\/\/loymax.io\/wp-content\/uploads\/2022\/09\/prisma-logo-2048x1152.png 2048w\" sizes=\"auto, (max-width: 300px) 100vw, 300px\" \/>\u00a0<\/div>\r\n<\/div>\r\n<div class=\"col-lg-2 col-md-2 col-sm-6 col-xs-6\">\r\n<div class=\"material\"><img loading=\"lazy\" decoding=\"async\" class=\"alignnone size-full wp-image-2618\" src=\"https:\/\/loymax.ru\/wp-content\/uploads\/2022\/06\/bns-1.svg\" alt=\"\" width=\"353\" height=\"85\" \/><\/div>\r\n<\/div>\r\n<\/div>\r\n<\/div>\r\n<\/div>\r\n<\/div>\r\n<\/section>\r\n<section class=\"block3\">\r\n<div class=\"container\">\r\n<div class=\"row\">\r\n<div class=\"col-sm-4\">\r\n<div class=\"who-block\">\r\n<div class=\"who-block-img\"><img decoding=\"async\" alt=\"Icon1\" src=\"\/wp-content\/uploads\/2021\/12\/icon1.svg\" \/><\/div>\r\n<h4>5 Jahre<\/h4>\r\n<p>Gegr\u00fcndet 2019<\/p>\r\n<\/div>\r\n<\/div>\r\n<div class=\"col-sm-4\">\r\n<div class=\"who-block\">\r\n<div class=\"who-block-img\"><img decoding=\"async\" alt=\"Icon2\" src=\"\/wp-content\/uploads\/2021\/12\/icon2.svg\" \/><\/div>\r\n<h4>25 000+<\/h4>\r\n<p>Mehr als 25.000 Gesch\u00e4fte<\/p>\r\n<\/div>\r\n<\/div>\r\n<div class=\"col-sm-4\">\r\n<div class=\"who-block\">\r\n<div class=\"who-block-img\"><img decoding=\"async\" alt=\"Icon3\" src=\"\/wp-content\/uploads\/2021\/12\/icon3.svg\" \/><\/div>\r\n<h4>100 000+<\/h4>\r\n<p>Mehr als 100.000 Verkaufsstellen<\/p>\r\n<\/div>\r\n<\/div>\r\n<\/div>\r\n<\/div>\r\n<\/section>\r\n<section class=\"block4\">\r\n<div class=\"container\">\r\n<div class=\"row\">\r\n<div class=\"col-sm-12 hfg-item-center\"><img loading=\"lazy\" decoding=\"async\" class=\"alignnone size-full wp-image-5526\" src=\"https:\/\/loymax.io\/wp-content\/uploads\/2022\/08\/bottom-image-main-002.png\" alt=\"\" width=\"994\" height=\"342\" srcset=\"https:\/\/loymax.io\/wp-content\/uploads\/2022\/08\/bottom-image-main-002.png 994w, https:\/\/loymax.io\/wp-content\/uploads\/2022\/08\/bottom-image-main-002-300x103.png 300w, https:\/\/loymax.io\/wp-content\/uploads\/2022\/08\/bottom-image-main-002-768x264.png 768w\" sizes=\"auto, (max-width: 994px) 100vw, 994px\" \/><\/div>\r\n<\/div>\r\n<\/div>\r\n<div class=\"container\">\r\n<div class=\"row\">\r\n<div class=\"col-sm-12\">\r\n<h2>\u00dcber uns<\/h2>\r\n<\/div>\r\n<\/div>\r\n<div class=\"row\">\r\n<div class=\"col-sm-6\">\r\n<p>Wir helfen Unternehmen bei der Einf\u00fchrung von Kundenbindungsprogrammen und der Automatisierung des Marketings. Gerne beantworten wir Ihre Fragen zu Kundenbindungsprogrammen und dazu, wie Sie Ihren Umsatz erheblich steigern k\u00f6nnen. Seit 2010 helfen wir unseren Kunden, eine Loyalit\u00e4tsmanagement-Plattform zu integrieren und die Marketing-Kommunikation zu automatisieren und dadurch<strong>ihren Gewinn signifikant zu steigern<\/strong>.<\/p>\r\n<div class=\"button-bottom\"><a class=\"btn-block3\" href=\"https:\/\/loymax.io\/de\/about-us\/\">Weiterlesen<\/a><\/div>\r\n<\/div>\r\n<div class=\"col-sm-6\">\r\n<h2 class=\"footer-h2\">Wir sind stolz darauf, dass unsere Kunden mit uns mehr verdienen!<\/h2>\r\n<\/div>\r\n<\/div>\r\n<div class=\"row\">\r\n<div class=\"col-sm-12\"><hr \/><\/div>\r\n<\/div>\r\n<div class=\"row\">\r\n<div class=\"col-sm-12\"><\/div>\r\n<\/div>\r\n<\/div>\r\n<\/section>\r\n\r\n\r\n\r\n<p>&nbsp;<\/p>\r\n","protected":false},"excerpt":{"rendered":"<p>Plattform f\u00fcr Loyalit\u00e4tsmanagement und Marketing-Automatisierung Automatisierung der Marketingkommunikation und Erstellung echter pers\u00f6nlicher Werbebotschaften mithilfe von KI und Maschinellem Lernen Kontakt Ihr Browser unterst\u00fctzt kein HTML5-Video. Unsere L\u00f6sungen Loymax Loyalty Weiterlesen Unsere Loyalit\u00e4tsplattform All in One und No-Code-Plattformkern, der die Erstellung Ihres Loyalit\u00e4tsprogramms von beliebiger Komplexit\u00e4t erm\u00f6glicht Unsere L\u00f6sungen Smart Communications Weiterlesen Unser CDP und Campaign&hellip;&nbsp;<a href=\"https:\/\/loymax.io\/de\/\" class=\"\" rel=\"bookmark\">Weiterlesen &raquo;<span class=\"screen-reader-text\">Startseite<\/span><\/a><\/p>\n","protected":false},"author":1,"featured_media":10429,"parent":0,"menu_order":31,"comment_status":"closed","ping_status":"open","template":"","meta":{"_acf_changed":false,"content-type":"","footnotes":""},"class_list":["post-11497","page","type-page","status-publish","has-post-thumbnail","hentry"],"acf":[],"yoast_head":"<!-- This site is optimized with the Yoast SEO plugin v27.3 - https:\/\/yoast.com\/product\/yoast-seo-wordpress\/ -->\n<title>Loymax Solutions<\/title>\n<meta name=\"description\" content=\"Automatisierung der Marketingkommunikation und Erstellung echter pers\u00f6nlicher Werbebotschaften mithilfe von KI und Maschinellem Lernen\u00a0\" \/>\n<meta name=\"robots\" content=\"index, follow, max-snippet:-1, max-image-preview:large, max-video-preview:-1\" \/>\n<link rel=\"canonical\" href=\"https:\/\/loymax.io\/de\/\" \/>\n<meta property=\"og:locale\" content=\"de_DE\" \/>\n<meta property=\"og:type\" content=\"article\" \/>\n<meta property=\"og:title\" content=\"Loymax Solutions\" \/>\n<meta property=\"og:description\" content=\"Automatisierung der Marketingkommunikation und Erstellung echter pers\u00f6nlicher Werbebotschaften mithilfe von KI und Maschinellem Lernen\u00a0\" \/>\n<meta property=\"og:url\" content=\"https:\/\/loymax.io\/de\/\" \/>\n<meta property=\"og:site_name\" content=\"Loymax\" \/>\n<meta property=\"article:modified_time\" content=\"2025-10-17T13:10:36+00:00\" \/>\n<meta property=\"og:image\" content=\"https:\/\/loymax.io\/wp-content\/uploads\/2022\/06\/icon.png\" \/>\n\t<meta property=\"og:image:width\" content=\"427\" \/>\n\t<meta property=\"og:image:height\" content=\"453\" \/>\n\t<meta property=\"og:image:type\" content=\"image\/png\" \/>\n<meta name=\"twitter:card\" content=\"summary_large_image\" \/>\n<meta name=\"twitter:label1\" content=\"Gesch\u00e4tzte Lesezeit\" \/>\n\t<meta name=\"twitter:data1\" content=\"6\u00a0Minuten\" \/>\n<script type=\"application\/ld+json\" class=\"yoast-schema-graph\">{\"@context\":\"https:\\\/\\\/schema.org\",\"@graph\":[{\"@type\":\"WebPage\",\"@id\":\"https:\\\/\\\/loymax.io\\\/de\\\/\",\"url\":\"https:\\\/\\\/loymax.io\\\/de\\\/\",\"name\":\"Loymax Solutions\",\"isPartOf\":{\"@id\":\"https:\\\/\\\/loymax.io\\\/de\\\/#website\"},\"primaryImageOfPage\":{\"@id\":\"https:\\\/\\\/loymax.io\\\/de\\\/#primaryimage\"},\"image\":{\"@id\":\"https:\\\/\\\/loymax.io\\\/de\\\/#primaryimage\"},\"thumbnailUrl\":\"https:\\\/\\\/loymax.io\\\/wp-content\\\/uploads\\\/2022\\\/06\\\/icon.png\",\"datePublished\":\"2020-06-17T08:41:45+00:00\",\"dateModified\":\"2025-10-17T13:10:36+00:00\",\"description\":\"Automatisierung der Marketingkommunikation und Erstellung echter pers\u00f6nlicher Werbebotschaften mithilfe von KI und Maschinellem Lernen\u00a0\",\"breadcrumb\":{\"@id\":\"https:\\\/\\\/loymax.io\\\/de\\\/#breadcrumb\"},\"inLanguage\":\"de\",\"potentialAction\":[{\"@type\":\"ReadAction\",\"target\":[\"https:\\\/\\\/loymax.io\\\/de\\\/\"]}]},{\"@type\":\"ImageObject\",\"inLanguage\":\"de\",\"@id\":\"https:\\\/\\\/loymax.io\\\/de\\\/#primaryimage\",\"url\":\"https:\\\/\\\/loymax.io\\\/wp-content\\\/uploads\\\/2022\\\/06\\\/icon.png\",\"contentUrl\":\"https:\\\/\\\/loymax.io\\\/wp-content\\\/uploads\\\/2022\\\/06\\\/icon.png\",\"width\":427,\"height\":453,\"caption\":\"loymax ,oyalty\"},{\"@type\":\"BreadcrumbList\",\"@id\":\"https:\\\/\\\/loymax.io\\\/de\\\/#breadcrumb\",\"itemListElement\":[{\"@type\":\"ListItem\",\"position\":1,\"name\":\"\u0413\u043b\u0430\u0432\u043d\u0430\u044f \u0441\u0442\u0440\u0430\u043d\u0438\u0446\u0430\",\"item\":\"https:\\\/\\\/loymax.io\\\/de\\\/\"},{\"@type\":\"ListItem\",\"position\":2,\"name\":\"Startseite\"}]},{\"@type\":\"WebSite\",\"@id\":\"https:\\\/\\\/loymax.io\\\/de\\\/#website\",\"url\":\"https:\\\/\\\/loymax.io\\\/de\\\/\",\"name\":\"Loymax\",\"description\":\"Loyalty Management and Marketing Automation Platform\",\"publisher\":{\"@id\":\"https:\\\/\\\/loymax.io\\\/de\\\/#organization\"},\"potentialAction\":[{\"@type\":\"SearchAction\",\"target\":{\"@type\":\"EntryPoint\",\"urlTemplate\":\"https:\\\/\\\/loymax.io\\\/de\\\/?s={search_term_string}\"},\"query-input\":{\"@type\":\"PropertyValueSpecification\",\"valueRequired\":true,\"valueName\":\"search_term_string\"}}],\"inLanguage\":\"de\"},{\"@type\":\"Organization\",\"@id\":\"https:\\\/\\\/loymax.io\\\/de\\\/#organization\",\"name\":\"Loymax\",\"url\":\"https:\\\/\\\/loymax.io\\\/de\\\/\",\"logo\":{\"@type\":\"ImageObject\",\"inLanguage\":\"de\",\"@id\":\"https:\\\/\\\/loymax.io\\\/de\\\/#\\\/schema\\\/logo\\\/image\\\/\",\"url\":\"https:\\\/\\\/loymax.io\\\/wp-content\\\/uploads\\\/2024\\\/09\\\/cropped-cropped-loymax-mt-logo.jpg\",\"contentUrl\":\"https:\\\/\\\/loymax.io\\\/wp-content\\\/uploads\\\/2024\\\/09\\\/cropped-cropped-loymax-mt-logo.jpg\",\"width\":1359,\"height\":417,\"caption\":\"Loymax\"},\"image\":{\"@id\":\"https:\\\/\\\/loymax.io\\\/de\\\/#\\\/schema\\\/logo\\\/image\\\/\"}}]}<\/script>\n<!-- \/ Yoast SEO plugin. -->","yoast_head_json":{"title":"Loymax Solutions","description":"Automatisierung der Marketingkommunikation und Erstellung echter pers\u00f6nlicher Werbebotschaften mithilfe von KI und Maschinellem Lernen\u00a0","robots":{"index":"index","follow":"follow","max-snippet":"max-snippet:-1","max-image-preview":"max-image-preview:large","max-video-preview":"max-video-preview:-1"},"canonical":"https:\/\/loymax.io\/de\/","og_locale":"de_DE","og_type":"article","og_title":"Loymax Solutions","og_description":"Automatisierung der Marketingkommunikation und Erstellung echter pers\u00f6nlicher Werbebotschaften mithilfe von KI und Maschinellem Lernen\u00a0","og_url":"https:\/\/loymax.io\/de\/","og_site_name":"Loymax","article_modified_time":"2025-10-17T13:10:36+00:00","og_image":[{"width":427,"height":453,"url":"https:\/\/loymax.io\/wp-content\/uploads\/2022\/06\/icon.png","type":"image\/png"}],"twitter_card":"summary_large_image","twitter_misc":{"Gesch\u00e4tzte Lesezeit":"6\u00a0Minuten"},"schema":{"@context":"https:\/\/schema.org","@graph":[{"@type":"WebPage","@id":"https:\/\/loymax.io\/de\/","url":"https:\/\/loymax.io\/de\/","name":"Loymax Solutions","isPartOf":{"@id":"https:\/\/loymax.io\/de\/#website"},"primaryImageOfPage":{"@id":"https:\/\/loymax.io\/de\/#primaryimage"},"image":{"@id":"https:\/\/loymax.io\/de\/#primaryimage"},"thumbnailUrl":"https:\/\/loymax.io\/wp-content\/uploads\/2022\/06\/icon.png","datePublished":"2020-06-17T08:41:45+00:00","dateModified":"2025-10-17T13:10:36+00:00","description":"Automatisierung der Marketingkommunikation und Erstellung echter pers\u00f6nlicher Werbebotschaften mithilfe von KI und Maschinellem Lernen\u00a0","breadcrumb":{"@id":"https:\/\/loymax.io\/de\/#breadcrumb"},"inLanguage":"de","potentialAction":[{"@type":"ReadAction","target":["https:\/\/loymax.io\/de\/"]}]},{"@type":"ImageObject","inLanguage":"de","@id":"https:\/\/loymax.io\/de\/#primaryimage","url":"https:\/\/loymax.io\/wp-content\/uploads\/2022\/06\/icon.png","contentUrl":"https:\/\/loymax.io\/wp-content\/uploads\/2022\/06\/icon.png","width":427,"height":453,"caption":"loymax ,oyalty"},{"@type":"BreadcrumbList","@id":"https:\/\/loymax.io\/de\/#breadcrumb","itemListElement":[{"@type":"ListItem","position":1,"name":"\u0413\u043b\u0430\u0432\u043d\u0430\u044f \u0441\u0442\u0440\u0430\u043d\u0438\u0446\u0430","item":"https:\/\/loymax.io\/de\/"},{"@type":"ListItem","position":2,"name":"Startseite"}]},{"@type":"WebSite","@id":"https:\/\/loymax.io\/de\/#website","url":"https:\/\/loymax.io\/de\/","name":"Loymax","description":"Loyalty Management and Marketing Automation Platform","publisher":{"@id":"https:\/\/loymax.io\/de\/#organization"},"potentialAction":[{"@type":"SearchAction","target":{"@type":"EntryPoint","urlTemplate":"https:\/\/loymax.io\/de\/?s={search_term_string}"},"query-input":{"@type":"PropertyValueSpecification","valueRequired":true,"valueName":"search_term_string"}}],"inLanguage":"de"},{"@type":"Organization","@id":"https:\/\/loymax.io\/de\/#organization","name":"Loymax","url":"https:\/\/loymax.io\/de\/","logo":{"@type":"ImageObject","inLanguage":"de","@id":"https:\/\/loymax.io\/de\/#\/schema\/logo\/image\/","url":"https:\/\/loymax.io\/wp-content\/uploads\/2024\/09\/cropped-cropped-loymax-mt-logo.jpg","contentUrl":"https:\/\/loymax.io\/wp-content\/uploads\/2024\/09\/cropped-cropped-loymax-mt-logo.jpg","width":1359,"height":417,"caption":"Loymax"},"image":{"@id":"https:\/\/loymax.io\/de\/#\/schema\/logo\/image\/"}}]}},"_links":{"self":[{"href":"https:\/\/loymax.io\/de\/wp-json\/wp\/v2\/pages\/11497","targetHints":{"allow":["GET"]}}],"collection":[{"href":"https:\/\/loymax.io\/de\/wp-json\/wp\/v2\/pages"}],"about":[{"href":"https:\/\/loymax.io\/de\/wp-json\/wp\/v2\/types\/page"}],"author":[{"embeddable":true,"href":"https:\/\/loymax.io\/de\/wp-json\/wp\/v2\/users\/1"}],"replies":[{"embeddable":true,"href":"https:\/\/loymax.io\/de\/wp-json\/wp\/v2\/comments?post=11497"}],"version-history":[{"count":109,"href":"https:\/\/loymax.io\/de\/wp-json\/wp\/v2\/pages\/11497\/revisions"}],"predecessor-version":[{"id":26871,"href":"https:\/\/loymax.io\/de\/wp-json\/wp\/v2\/pages\/11497\/revisions\/26871"}],"wp:featuredmedia":[{"embeddable":true,"href":"https:\/\/loymax.io\/de\/wp-json\/wp\/v2\/media\/10429"}],"wp:attachment":[{"href":"https:\/\/loymax.io\/de\/wp-json\/wp\/v2\/media?parent=11497"}],"curies":[{"name":"wp","href":"https:\/\/api.w.org\/{rel}","templated":true}]}}