{"id":11526,"date":"2022-02-01T22:30:29","date_gmt":"2022-02-01T20:30:29","guid":{"rendered":"https:\/\/loymax.io\/?page_id=11526"},"modified":"2025-10-15T14:47:14","modified_gmt":"2025-10-15T12:47:14","slug":"loymax-loyalty","status":"publish","type":"page","link":"https:\/\/loymax.io\/de\/loymax-loyalty\/","title":{"rendered":"Loymax Loyalty"},"content":{"rendered":"\r\n<section class=\"block-main block-solutions\">\r\n<div class=\"container\">\r\n<div class=\"row\">\r\n<div class=\"col-sm-5 paragraph1\">\r\n<h1 class=\"badge\">Loymax Loyalty<\/h1>\r\n<div>Erstellen und verwalten Sie Ihr Kundenbindungsprogramm beliebiger Komplexit\u00e4t mit unserem einfach zu bedienenden Kernmodul ohne Code.<\/div>\r\n<div class=\"buttons\"><a class=\"btn-block3 js-scroll-trigger\" href=\"#site-footer\">Kontakt<\/a><\/div>\r\n<\/div>\r\n<div class=\"col-sm-7\"><img decoding=\"async\" alt=\"Loyalty Header\" src=\"\/wp-content\/uploads\/2022\/02\/loyalty_header.svg\" \/><\/div>\r\n<\/div>\r\n<\/div>\r\n<\/section>\r\n<div class=\"container\">\r\n<section class=\"faq-block\">\r\n<div class=\"row\">\r\n<div class=\"col-sm-5\"><!--<h3 class=\"solution-text-header-2\">Loyalty Program Core<\/h3>-->\r\n<p class=\"solution-text-header\">Steigern Sie den Umsatz mit pers\u00f6nlichen Szenarien und relevanten Werbeaktionen f\u00fcr Ihre Kunden. <br \/><br \/>Loymax ist in der Lage, mehr als <strong>1000 Variationen von Werbemitteln und Werbetechniken <\/strong> zu erstellen, einschlie\u00dflich pers\u00f6nlicher Vorlieben und Motivatoren f\u00fcr jeden Kunden. <br \/><br \/>Sie k\u00f6nnen die Regeln der Aktion mit einem Klick verwalten, ihre gegenseitige Kompatibilit\u00e4t einstellen, Ausl\u00f6sungspriorit\u00e4ten festlegen und die Mathematik f\u00fcr die Berechnung der Pr\u00e4ferenzen in unserer codefreien und benutzerfreundlichen Weboberfl\u00e4che ausw\u00e4hlen.<\/p>\r\n<!-- <h2>\u041a\u0430\u043a \u044d\u0442\u043e \u0440\u0430\u0431\u043e\u0442\u0430\u0435\u0442?<\/h2>-->\r\n<div class=\"video-block\">\r\n<div><!--<iframe src=\"https:\/\/player.vimeo.com\/video\/656065746?h=e12a1500ed&color=2A78EC&title=0&byline=0&portrait=0\" frameborder=\"0\" allowfullscreen=\"allowfullscreen\"><\/iframe>--><\/div>\r\n<script src=\"https:\/\/player.vimeo.com\/api\/player.js\"><\/script><\/div>\r\n<p class=\"after-video\" style=\"opacity: 0;\">\u00a0<\/p>\r\n<\/div>\r\n<div class=\"col-sm-7 right-faq\">\r\n<div class=\"faq\">\r\n<h3>Rabatte<\/h3>\r\n<p>Steigern Sie Ihre Besucherzahlen und den Durchschnittsbon durch Rabatte in Form eines prozentualen Anteils am Bon oder eines Rabatts auf ein Produkt, in Form eines Sonderpreises oder eines Festbetrags.<\/p>\r\n<hr \/><\/div>\r\n<div class=\"faq\">\r\n<h3>Boni<\/h3>\r\n<p>Verringern Sie die Abwanderungsrate mit Boni f\u00fcr bestimmte Eink\u00e4ufe. Legen Sie die Bedingungen f\u00fcr die Gew\u00e4hrung von Boni, deren H\u00f6he, Abschreibungsregeln, Lebensdauer und automatischen Verfall fest.<\/p>\r\n<hr \/><\/div>\r\n<div class=\"faq\">\r\n<h3>Stufen<\/h3>\r\n<p>Erstellen und verwalten Sie die Stufenstrukturen f\u00fcr Ihre Kunden und erweitern Sie diese mit unterschiedlichen Belohnungen f\u00fcr verschiedene Stufen.<\/p>\r\n<hr \/><\/div>\r\n<div class=\"faq\">\r\n<h3>Coupons<\/h3>\r\n<p>Locken Sie mehr Kunden mit Gutscheinen. Das Modul unterst\u00fctzt die Gutscheine f\u00fcr den n\u00e4chsten Einkauf, Gutscheine mit einem Sicherheitsstreifen und einer versteckten Belohnung, elektronische Gutscheine usw.<\/p>\r\n<hr \/><\/div>\r\n<div class=\"faq\">\r\n<h3>Z\u00e4hler<\/h3>\r\n<p>Verwenden Sie Z\u00e4hler, um die Aktionen zu z\u00e4hlen oder die Pr\u00e4ferenzen einzuschr\u00e4nken. Stimulierung des gew\u00fcnschten Verhaltens und der Aktivit\u00e4t der Kunden.<\/p>\r\n<hr \/><\/div>\r\n<div class=\"faq\">\r\n<h3>Virtuelle W\u00e4hrungen<\/h3>\r\n<p>Verwenden Sie als Belohnung eine beliebige Anzahl von virtuellen W\u00e4hrungen: Sterne, Chips, M\u00fcnzen und andere. Legen Sie jeweils die Parameter f\u00fcr die Belastung und die Abgrenzung fest.<\/p>\r\n<hr \/><\/div>\r\n<div class=\"faq\">\r\n<h3>Produktb\u00fcndel<\/h3>\r\n<p>Kombinieren Sie die Produkte zu Paketen und steigern Sie den Umsatz.<\/p>\r\n<hr \/><\/div>\r\n<div class=\"faq\">\r\n<h3>Lieblingsprodukte<\/h3>\r\n<p>Motivieren Sie Ihre Kunden, dem Loyalit\u00e4tsprogramm beizutreten, indem Sie ihnen zus\u00e4tzliche Pr\u00e4mien f\u00fcr ihre Lieblingsprodukte anbieten.<\/p>\r\n<hr \/><\/div>\r\n<div class=\"faq\">\r\n<h3>Referenzen<\/h3>\r\n<p>Belohnen Sie Kunden nicht nur f\u00fcr Empfehlungen, sondern auch f\u00fcr ihre Aktivit\u00e4ten.<\/p>\r\n<hr \/><\/div>\r\n<\/div>\r\n<\/div>\r\n<\/section>\r\n<section class=\"letter-block\">\r\n<div class=\"row\">\r\n<div class=\"col-sm-5\">\r\n<div class=\"request\">\r\n<div class=\"letter\"><img decoding=\"async\" alt=\"Letter\" src=\"\/wp-content\/uploads\/2021\/12\/letter.svg\" \/><\/div>\r\n<p>Wir beantworten gerne Ihre Fragen zu Kundenbindungsprogrammen und helfen Ihnen, herauszufinden, wie die Loymax-Plattform Ihre Unternehmensleistung verbessern kann. Kontaktieren Sie unsere Vertriebsmitarbeiter f\u00fcr pers\u00f6nliche Empfehlungen und eine Pr\u00e4sentation \u00fcber die Arbeit mit Loymax-Software.<\/p>\r\n<p>Bitte f\u00fcllen Sie das Formular aus und wir werden Sie innerhalb eines Werktages kontaktieren.<\/p>\r\n<div class=\"buttons\"><a class=\"btn-block3 js-scroll-trigger\" href=\"#\">Kontakt<\/a><\/div>\r\n<\/div>\r\n<\/div>\r\n<div class=\"col-sm-7 right-faq\">\r\n<div class=\"faq\">\r\n<h3>Gamification und Wahrscheinlichkeitsf\u00f6rderungen<\/h3>\r\n<p>Verbinden Sie beliebige Arten von Angeboten in ausgel\u00f6sten Ketten, die in beliebiger Reihenfolge ausgef\u00fchrt werden. Belohnen Sie den Gewinner mit einem Superpreis f\u00fcr das Erf\u00fcllen einer Aufgabe.<\/p>\r\n<hr \/><\/div>\r\n<div class=\"faq\">\r\n<h3>Treuepunkte<\/h3>\r\n<p>Gesammelte Punkte k\u00f6nnen in einer entsprechenden Menge automatisch gegen ausgew\u00e4hlte Pr\u00e4ferenzen eingetauscht werden. Zum Beispiel ein Rabatt f\u00fcr ein bestimmtes Produkt, ein Gutschein oder eine neue Stufe im Kundenbindungsprogramm.<\/p>\r\n<\/div>\r\n<!-- <hr \/>\r\n<div class=\"faq\">\r\n<h3>\u0418\u043d\u0442\u0435\u0433\u0440\u0430\u0446\u0438\u044f<\/h3>\r\n<p>Integration with most of Point of Sales software, communication service providers and your current infrastructure.<\/p>\r\n<\/div> --><\/div>\r\n<\/div>\r\n<\/section>\r\n<\/div>\r\n<div class=\"solutions-background\">\r\n<div class=\"container\">\r\n<section class=\"full-width\">\r\n<div class=\"row\">\r\n<div class=\"col-sm-12\">\r\n<div class=\"arrow-class\">\u00a0<\/div>\r\n<div class=\"about-slider2\">\r\n<div><img loading=\"lazy\" decoding=\"async\" class=\"alignnone size-full wp-image-5551\" src=\"https:\/\/loymax.io\/wp-content\/uploads\/2022\/09\/001-2.png\" alt=\"\" width=\"620\" height=\"372\" srcset=\"https:\/\/loymax.io\/wp-content\/uploads\/2022\/09\/001-2.png 620w, https:\/\/loymax.io\/wp-content\/uploads\/2022\/09\/001-2-300x180.png 300w\" sizes=\"auto, (max-width: 620px) 100vw, 620px\" \/><\/div>\r\n<div><img loading=\"lazy\" decoding=\"async\" class=\"alignnone size-full wp-image-5552\" src=\"https:\/\/loymax.io\/wp-content\/uploads\/2022\/09\/002-2.png\" alt=\"\" width=\"620\" height=\"372\" srcset=\"https:\/\/loymax.io\/wp-content\/uploads\/2022\/09\/002-2.png 620w, https:\/\/loymax.io\/wp-content\/uploads\/2022\/09\/002-2-300x180.png 300w\" sizes=\"auto, (max-width: 620px) 100vw, 620px\" \/><\/div>\r\n<div><img loading=\"lazy\" decoding=\"async\" class=\"alignnone size-full wp-image-5553\" src=\"https:\/\/loymax.io\/wp-content\/uploads\/2022\/09\/003-1.png\" alt=\"\" width=\"620\" height=\"372\" srcset=\"https:\/\/loymax.io\/wp-content\/uploads\/2022\/09\/003-1.png 620w, https:\/\/loymax.io\/wp-content\/uploads\/2022\/09\/003-1-300x180.png 300w\" sizes=\"auto, (max-width: 620px) 100vw, 620px\" \/><\/div>\r\n<div><img loading=\"lazy\" decoding=\"async\" class=\"alignnone size-full wp-image-5554\" src=\"https:\/\/loymax.io\/wp-content\/uploads\/2022\/09\/005-1.png\" alt=\"\" width=\"620\" height=\"372\" srcset=\"https:\/\/loymax.io\/wp-content\/uploads\/2022\/09\/005-1.png 620w, https:\/\/loymax.io\/wp-content\/uploads\/2022\/09\/005-1-300x180.png 300w\" sizes=\"auto, (max-width: 620px) 100vw, 620px\" \/>\u00a0<\/div>\r\n<div><img loading=\"lazy\" decoding=\"async\" class=\"alignnone size-full wp-image-5556\" src=\"https:\/\/loymax.io\/wp-content\/uploads\/2022\/09\/004-1.png\" alt=\"\" width=\"620\" height=\"372\" srcset=\"https:\/\/loymax.io\/wp-content\/uploads\/2022\/09\/004-1.png 620w, https:\/\/loymax.io\/wp-content\/uploads\/2022\/09\/004-1-300x180.png 300w\" sizes=\"auto, (max-width: 620px) 100vw, 620px\" \/><\/div>\r\n<div class=\"hidden-xs\">\u00a0<\/div>\r\n<\/div>\r\n<\/div>\r\n<\/div>\r\n<\/section>\r\n<section class=\"bottom-solutions\">\r\n<div class=\"row\">\r\n<div class=\"col-sm-5\"><img decoding=\"async\" alt=\"Loyalty Bottom\" src=\"\/wp-content\/uploads\/2022\/02\/loyalty-bottom.svg\" \/><\/div>\r\n<div class=\"col-sm-7\">\r\n<h2>Unser flexibles Werkzeugset erm\u00f6glicht es Ihnen, die einzigartigen Promo-Szenarien einfach zu erstellen:<\/h2>\r\n<ul>\r\n<li>Ein Kunde hat keinen Coupon verwendet \u2192 Bieten Sie ein Geschenk f\u00fcr den Kauf eines bestimmten Produkts an<\/li>\r\n<li>Der Kunde hat das Geschenk ignoriert \u2192 Bieten Sie einen zus\u00e4tzlichen %-Bonus f\u00fcr ein bestimmtes Produkt an<\/li>\r\n<li>Der Kunde wurde nicht durch einen zus\u00e4tzlichen Rabatt auf die bestimmte Summe des Bons motiviert \u2192 wir bieten einen Gutschein mit einem festen Rabatt an<\/li>\r\n<\/ul>\r\n<\/div>\r\n<\/div>\r\n<!--<div class=\"row\">\r\n    <div class=\"col-sm-12\">\r\n        <h2>Extension modules<\/h2>\r\n    <\/div>\r\n    <\/div>\r\n    <div class=\"row\">\r\n      <div class=\"col-sm-3\">\r\n        <div class=\"modules\">\r\n          <h3>Omnichannel Engagement<\/h3>\r\n          <p>Mobile App, Digital Wallet, Personal Account for Loyalty Program Members, Chat Bot \u2014 we help to integrate...<\/p>\r\n          <img decoding=\"async\" alt=\"Slide1\" src=\"\/wp-content\/uploads\/2021\/12\/slide1.svg\">\r\n        <\/div>\r\n      <\/div>\r\n      <div class=\"col-sm-3\"><span data-mce-type=\"bookmark\" style=\"display: inline-block; width: 0px; overflow: hidden; line-height: 0;\" class=\"mce_SELRES_start\"><\/span>\r\n        <div class=\"modules\">\r\n          <h3>Smart Communications<\/h3>\r\n          <p>Expand communications with your customers using Big Data and 360 profile<\/p>\r\n          <img decoding=\"async\" alt=\"Slide1\" src=\"\/wp-content\/uploads\/2021\/12\/slide1.svg\">\r\n        <\/div>\r\n      <\/div>\r\n      <div class=\"col-sm-3\">\r\n        <div class=\"modules\">\r\n          <h3>Business Intelligence<\/h3>\r\n          <p>Get the most of your Loyalty Program with our reporting and advanced analytics module<\/p>\r\n          <img decoding=\"async\" alt=\"Slide1\" src=\"\/wp-content\/uploads\/2021\/12\/slide1.svg\">\r\n        <\/div>\r\n      <\/div>\r\n      <div class=\"col-sm-3\">\r\n        <div class=\"modules\">\r\n          <h3>Machine <br>Learning<\/h3>\r\n          <p>The most advanced product that increase Retail Sales by 4% Without Increasing Marketing Team Labor<\/p>\r\n          <img decoding=\"async\" alt=\"Slide1\" src=\"\/wp-content\/uploads\/2021\/12\/slide1.svg\">\r\n        <\/div>\r\n      <\/div>\r\n    <\/div>--><\/section>\r\n<\/div>\r\n<\/div>\r\n","protected":false},"excerpt":{"rendered":"<p>Loymax Loyalty Erstellen und verwalten Sie Ihr Kundenbindungsprogramm beliebiger Komplexit\u00e4t mit unserem einfach zu bedienenden Kernmodul ohne Code. Kontakt Steigern Sie den Umsatz mit pers\u00f6nlichen Szenarien und relevanten Werbeaktionen f\u00fcr Ihre Kunden. Loymax ist in der Lage, mehr als 1000 Variationen von Werbemitteln und Werbetechniken zu erstellen, einschlie\u00dflich pers\u00f6nlicher Vorlieben und Motivatoren f\u00fcr jeden Kunden.&hellip;&nbsp;<a href=\"https:\/\/loymax.io\/de\/loymax-loyalty\/\" class=\"\" rel=\"bookmark\">Weiterlesen &raquo;<span class=\"screen-reader-text\">Loymax Loyalty<\/span><\/a><\/p>\n","protected":false},"author":1,"featured_media":0,"parent":0,"menu_order":14,"comment_status":"closed","ping_status":"closed","template":"solutions.php","meta":{"_acf_changed":false,"content-type":"","footnotes":""},"class_list":["post-11526","page","type-page","status-publish","hentry"],"acf":[],"yoast_head":"<!-- This site is optimized with the Yoast SEO plugin v27.4 - https:\/\/yoast.com\/product\/yoast-seo-wordpress\/ -->\n<title>Loymax Loyalty \u2013 Kundenbindung ohne Programmierung<\/title>\n<meta name=\"description\" content=\"Erstellen und verwalten Sie Kundenbindungsprogramme\u00a0beliebiger Komplexit\u00e4t \u00fcber eine einzige Schnittstelle und ohne Programmierung.\" \/>\n<meta name=\"robots\" content=\"index, follow, max-snippet:-1, max-image-preview:large, max-video-preview:-1\" \/>\n<link rel=\"canonical\" href=\"https:\/\/loymax.io\/de\/loymax-loyalty\/\" \/>\n<meta property=\"og:locale\" content=\"de_DE\" \/>\n<meta property=\"og:type\" content=\"article\" \/>\n<meta property=\"og:title\" content=\"Loymax Loyalty \u2013 Kundenbindung ohne Programmierung\" \/>\n<meta property=\"og:description\" content=\"Erstellen und verwalten Sie Kundenbindungsprogramme\u00a0beliebiger Komplexit\u00e4t \u00fcber eine einzige Schnittstelle und ohne Programmierung.\" \/>\n<meta property=\"og:url\" content=\"https:\/\/loymax.io\/de\/loymax-loyalty\/\" \/>\n<meta property=\"og:site_name\" content=\"Loymax\" \/>\n<meta property=\"article:modified_time\" content=\"2025-10-15T12:47:14+00:00\" \/>\n<meta property=\"og:image\" content=\"https:\/\/loymax.io\/wp-content\/uploads\/2022\/09\/001-2.png\" \/>\n<meta name=\"twitter:card\" content=\"summary_large_image\" \/>\n<meta name=\"twitter:label1\" content=\"Gesch\u00e4tzte Lesezeit\" \/>\n\t<meta name=\"twitter:data1\" content=\"4\u00a0Minuten\" \/>\n<script type=\"application\/ld+json\" class=\"yoast-schema-graph\">{\"@context\":\"https:\\\/\\\/schema.org\",\"@graph\":[{\"@type\":\"WebPage\",\"@id\":\"https:\\\/\\\/loymax.io\\\/de\\\/loymax-loyalty\\\/\",\"url\":\"https:\\\/\\\/loymax.io\\\/de\\\/loymax-loyalty\\\/\",\"name\":\"Loymax Loyalty \u2013 Kundenbindung ohne Programmierung\",\"isPartOf\":{\"@id\":\"https:\\\/\\\/loymax.io\\\/de\\\/#website\"},\"primaryImageOfPage\":{\"@id\":\"https:\\\/\\\/loymax.io\\\/de\\\/loymax-loyalty\\\/#primaryimage\"},\"image\":{\"@id\":\"https:\\\/\\\/loymax.io\\\/de\\\/loymax-loyalty\\\/#primaryimage\"},\"thumbnailUrl\":\"https:\\\/\\\/loymax.io\\\/wp-content\\\/uploads\\\/2022\\\/09\\\/001-2.png\",\"datePublished\":\"2022-02-01T20:30:29+00:00\",\"dateModified\":\"2025-10-15T12:47:14+00:00\",\"description\":\"Erstellen und verwalten Sie Kundenbindungsprogramme\u00a0beliebiger Komplexit\u00e4t \u00fcber eine einzige Schnittstelle und ohne Programmierung.\",\"breadcrumb\":{\"@id\":\"https:\\\/\\\/loymax.io\\\/de\\\/loymax-loyalty\\\/#breadcrumb\"},\"inLanguage\":\"de\",\"potentialAction\":[{\"@type\":\"ReadAction\",\"target\":[\"https:\\\/\\\/loymax.io\\\/de\\\/loymax-loyalty\\\/\"]}]},{\"@type\":\"ImageObject\",\"inLanguage\":\"de\",\"@id\":\"https:\\\/\\\/loymax.io\\\/de\\\/loymax-loyalty\\\/#primaryimage\",\"url\":\"https:\\\/\\\/loymax.io\\\/wp-content\\\/uploads\\\/2022\\\/09\\\/001-2.png\",\"contentUrl\":\"https:\\\/\\\/loymax.io\\\/wp-content\\\/uploads\\\/2022\\\/09\\\/001-2.png\"},{\"@type\":\"BreadcrumbList\",\"@id\":\"https:\\\/\\\/loymax.io\\\/de\\\/loymax-loyalty\\\/#breadcrumb\",\"itemListElement\":[{\"@type\":\"ListItem\",\"position\":1,\"name\":\"\u0413\u043b\u0430\u0432\u043d\u0430\u044f \u0441\u0442\u0440\u0430\u043d\u0438\u0446\u0430\",\"item\":\"https:\\\/\\\/loymax.io\\\/de\\\/\"},{\"@type\":\"ListItem\",\"position\":2,\"name\":\"Loymax Loyalty\"}]},{\"@type\":\"WebSite\",\"@id\":\"https:\\\/\\\/loymax.io\\\/de\\\/#website\",\"url\":\"https:\\\/\\\/loymax.io\\\/de\\\/\",\"name\":\"Loymax\",\"description\":\"Loyalty Management and Marketing Automation Platform\",\"publisher\":{\"@id\":\"https:\\\/\\\/loymax.io\\\/de\\\/#organization\"},\"potentialAction\":[{\"@type\":\"SearchAction\",\"target\":{\"@type\":\"EntryPoint\",\"urlTemplate\":\"https:\\\/\\\/loymax.io\\\/de\\\/?s={search_term_string}\"},\"query-input\":{\"@type\":\"PropertyValueSpecification\",\"valueRequired\":true,\"valueName\":\"search_term_string\"}}],\"inLanguage\":\"de\"},{\"@type\":\"Organization\",\"@id\":\"https:\\\/\\\/loymax.io\\\/de\\\/#organization\",\"name\":\"Loymax\",\"url\":\"https:\\\/\\\/loymax.io\\\/de\\\/\",\"logo\":{\"@type\":\"ImageObject\",\"inLanguage\":\"de\",\"@id\":\"https:\\\/\\\/loymax.io\\\/de\\\/#\\\/schema\\\/logo\\\/image\\\/\",\"url\":\"https:\\\/\\\/loymax.io\\\/wp-content\\\/uploads\\\/2024\\\/09\\\/cropped-cropped-loymax-mt-logo.jpg\",\"contentUrl\":\"https:\\\/\\\/loymax.io\\\/wp-content\\\/uploads\\\/2024\\\/09\\\/cropped-cropped-loymax-mt-logo.jpg\",\"width\":1359,\"height\":417,\"caption\":\"Loymax\"},\"image\":{\"@id\":\"https:\\\/\\\/loymax.io\\\/de\\\/#\\\/schema\\\/logo\\\/image\\\/\"}}]}<\/script>\n<!-- \/ Yoast SEO plugin. -->","yoast_head_json":{"title":"Loymax Loyalty \u2013 Kundenbindung ohne Programmierung","description":"Erstellen und verwalten Sie Kundenbindungsprogramme\u00a0beliebiger Komplexit\u00e4t \u00fcber eine einzige Schnittstelle und ohne Programmierung.","robots":{"index":"index","follow":"follow","max-snippet":"max-snippet:-1","max-image-preview":"max-image-preview:large","max-video-preview":"max-video-preview:-1"},"canonical":"https:\/\/loymax.io\/de\/loymax-loyalty\/","og_locale":"de_DE","og_type":"article","og_title":"Loymax Loyalty \u2013 Kundenbindung ohne Programmierung","og_description":"Erstellen und verwalten Sie Kundenbindungsprogramme\u00a0beliebiger Komplexit\u00e4t \u00fcber eine einzige Schnittstelle und ohne Programmierung.","og_url":"https:\/\/loymax.io\/de\/loymax-loyalty\/","og_site_name":"Loymax","article_modified_time":"2025-10-15T12:47:14+00:00","og_image":[{"url":"https:\/\/loymax.io\/wp-content\/uploads\/2022\/09\/001-2.png","type":"","width":"","height":""}],"twitter_card":"summary_large_image","twitter_misc":{"Gesch\u00e4tzte Lesezeit":"4\u00a0Minuten"},"schema":{"@context":"https:\/\/schema.org","@graph":[{"@type":"WebPage","@id":"https:\/\/loymax.io\/de\/loymax-loyalty\/","url":"https:\/\/loymax.io\/de\/loymax-loyalty\/","name":"Loymax Loyalty \u2013 Kundenbindung ohne Programmierung","isPartOf":{"@id":"https:\/\/loymax.io\/de\/#website"},"primaryImageOfPage":{"@id":"https:\/\/loymax.io\/de\/loymax-loyalty\/#primaryimage"},"image":{"@id":"https:\/\/loymax.io\/de\/loymax-loyalty\/#primaryimage"},"thumbnailUrl":"https:\/\/loymax.io\/wp-content\/uploads\/2022\/09\/001-2.png","datePublished":"2022-02-01T20:30:29+00:00","dateModified":"2025-10-15T12:47:14+00:00","description":"Erstellen und verwalten Sie Kundenbindungsprogramme\u00a0beliebiger Komplexit\u00e4t \u00fcber eine einzige Schnittstelle und ohne Programmierung.","breadcrumb":{"@id":"https:\/\/loymax.io\/de\/loymax-loyalty\/#breadcrumb"},"inLanguage":"de","potentialAction":[{"@type":"ReadAction","target":["https:\/\/loymax.io\/de\/loymax-loyalty\/"]}]},{"@type":"ImageObject","inLanguage":"de","@id":"https:\/\/loymax.io\/de\/loymax-loyalty\/#primaryimage","url":"https:\/\/loymax.io\/wp-content\/uploads\/2022\/09\/001-2.png","contentUrl":"https:\/\/loymax.io\/wp-content\/uploads\/2022\/09\/001-2.png"},{"@type":"BreadcrumbList","@id":"https:\/\/loymax.io\/de\/loymax-loyalty\/#breadcrumb","itemListElement":[{"@type":"ListItem","position":1,"name":"\u0413\u043b\u0430\u0432\u043d\u0430\u044f \u0441\u0442\u0440\u0430\u043d\u0438\u0446\u0430","item":"https:\/\/loymax.io\/de\/"},{"@type":"ListItem","position":2,"name":"Loymax Loyalty"}]},{"@type":"WebSite","@id":"https:\/\/loymax.io\/de\/#website","url":"https:\/\/loymax.io\/de\/","name":"Loymax","description":"Loyalty Management and Marketing Automation Platform","publisher":{"@id":"https:\/\/loymax.io\/de\/#organization"},"potentialAction":[{"@type":"SearchAction","target":{"@type":"EntryPoint","urlTemplate":"https:\/\/loymax.io\/de\/?s={search_term_string}"},"query-input":{"@type":"PropertyValueSpecification","valueRequired":true,"valueName":"search_term_string"}}],"inLanguage":"de"},{"@type":"Organization","@id":"https:\/\/loymax.io\/de\/#organization","name":"Loymax","url":"https:\/\/loymax.io\/de\/","logo":{"@type":"ImageObject","inLanguage":"de","@id":"https:\/\/loymax.io\/de\/#\/schema\/logo\/image\/","url":"https:\/\/loymax.io\/wp-content\/uploads\/2024\/09\/cropped-cropped-loymax-mt-logo.jpg","contentUrl":"https:\/\/loymax.io\/wp-content\/uploads\/2024\/09\/cropped-cropped-loymax-mt-logo.jpg","width":1359,"height":417,"caption":"Loymax"},"image":{"@id":"https:\/\/loymax.io\/de\/#\/schema\/logo\/image\/"}}]}},"_links":{"self":[{"href":"https:\/\/loymax.io\/de\/wp-json\/wp\/v2\/pages\/11526","targetHints":{"allow":["GET"]}}],"collection":[{"href":"https:\/\/loymax.io\/de\/wp-json\/wp\/v2\/pages"}],"about":[{"href":"https:\/\/loymax.io\/de\/wp-json\/wp\/v2\/types\/page"}],"author":[{"embeddable":true,"href":"https:\/\/loymax.io\/de\/wp-json\/wp\/v2\/users\/1"}],"replies":[{"embeddable":true,"href":"https:\/\/loymax.io\/de\/wp-json\/wp\/v2\/comments?post=11526"}],"version-history":[{"count":28,"href":"https:\/\/loymax.io\/de\/wp-json\/wp\/v2\/pages\/11526\/revisions"}],"predecessor-version":[{"id":24715,"href":"https:\/\/loymax.io\/de\/wp-json\/wp\/v2\/pages\/11526\/revisions\/24715"}],"wp:attachment":[{"href":"https:\/\/loymax.io\/de\/wp-json\/wp\/v2\/media?parent=11526"}],"curies":[{"name":"wp","href":"https:\/\/api.w.org\/{rel}","templated":true}]}}