{"id":11576,"date":"2022-02-06T22:31:09","date_gmt":"2022-02-06T20:31:09","guid":{"rendered":"https:\/\/loymax.io\/?page_id=11576"},"modified":"2024-09-06T11:46:16","modified_gmt":"2024-09-06T09:46:16","slug":"machine-learning","status":"publish","type":"page","link":"https:\/\/loymax.io\/de\/machine-learning\/","title":{"rendered":"Machine Learning"},"content":{"rendered":"\r\n<section class=\"block-main block-solutions\">\r\n<div class=\"container\">\r\n<div class=\"row\">\r\n<div class=\"col-sm-5 paragraph1\">\r\n<h1 class=\"badge\">Machine Learning<\/h1>\r\n<div>Dieses Modul tr\u00e4gt dazu bei, eine langfristige Beziehung zu Ihren Kunden aufzubauen und das Risiko von Fehlentscheidungen zu verringern.<\/div>\r\n<div class=\"buttons\"><a class=\"btn-block3 js-scroll-trigger\" href=\"#site-footer\">Kontakt<\/a><\/div>\r\n<\/div>\r\n<div class=\"col-sm-7 ml\"><img decoding=\"async\" alt=\"Ml Header\" src=\"\/wp-content\/uploads\/2022\/02\/ml_header.svg\"\/><\/div>\r\n<\/div>\r\n<\/div>\r\n<\/section>\r\n<div class=\"container\">\r\n<section class=\"faq-block\">\r\n<div class=\"row\">\r\n<div class=\"col-sm-7\">\r\n<h3 class=\"solution-text-header-2\">Pers\u00f6nliche Angebote f\u00fcr Ihre Kunden basierend auf maschinellem Lernen<\/h3>\r\n<\/div>\r\n<\/div>\r\n<div class=\"row\">\r\n<div class=\"col-sm-5 offset-sm-1 center-faq\">\r\n<div class=\"faq faq-sm\">\r\n<h3>Personalisierung der Angebote f\u00fcr <strong>jeden <\/strong>Kunden<\/h3>\r\n<p>Umgestaltung des Kundenbindungsprogramms, um es wirklich pers\u00f6nlich zu machen.<\/p>\r\n<\/div>\r\n<div class=\"faq faq-sm\">\r\n<h3>Kombinierte Strategien<\/h3>\r\n<p>Auswirkungen auf alle Strategien gleichzeitig, Arbeit mit der R\u00fcckkehr, Retention und Churn von Kunden. Heben Sie sich von der Konkurrenz ab, indem Sie <strong>Millionen personalisierte Werbemittel<\/strong> f\u00fcr Millionen von Kunden pro Tag erstellen.<\/p>\r\n<\/div>\r\n<\/div>\r\n<div class=\"col-sm-5 offset-sm-1 center-faq\">\r\n<div class=\"faq faq-sm\">\r\n<h3>Churn Management<\/h3>\r\n<p>Senkung der Kosten f\u00fcr die Abwanderungsr\u00fcckkehr (Kommunikation und Belohnungen)<\/p>\r\n<\/div>\r\n<div class=\"faq faq-sm\">\r\n<h3>Durchschnittlicher Eingang<\/h3>\r\n<p>Das Modul analysiert das Verhalten jedes Kunden und schl\u00e4gt ihm Produkte vor, die in seinen Warenkorb passen. Dies tr\u00e4gt dazu bei, den Durchschnittsbon zu erh\u00f6hen.<\/p>\r\n<\/div>\r\n<div class=\"faq faq-sm\">\r\n<h3>H\u00e4ufigkeit der K\u00e4ufe<\/h3>\r\n<p>Der Kunde ist an pers\u00f6nlichen Werbeaktionen interessiert und bereit, \u00f6fters einzukaufen.<\/p>\r\n<\/div>\r\n<\/div>\r\n<\/div>\r\n<\/section>\r\n<\/div>\r\n<section class=\"faq-block faq-block2\">\r\n<div class=\"container\">\r\n<div class=\"row\">\r\n<div class=\"col-sm-7\">\r\n<h3 class=\"solution-text-header-2\">Vorteile eines auf maschinellem Lernen basierenden Empfehlungssystems<\/h3>\r\n<\/div>\r\n<div class=\"col-sm-5\">\r\n<p class=\"solution-text-header-2\">Nur ein automatisiertes System ist in der Lage, eine Werbeaktion f\u00fcr <strong>jeden<\/strong> Kunden durchzuf\u00fchren.<\/p>\r\n<\/div>\r\n<\/div>\r\n<div class=\"row\">\r\n<div class=\"col-sm-6\">\r\n<div class=\"modules2\">\r\n<h3>F\u00e4higkeiten des Marketingteams<\/h3>\r\n<ul>\r\n<li>F\u00fchren Sie bis zu <strong>500<\/strong> Werbeaktionen pro Monat durch.<\/li>\r\n<li>Analysieren Sie bis zu <strong>100 <\/strong>Zielsegmente.<\/li>\r\n<li>Erstellung von bis zu <strong>200 <\/strong>verschiedenen Produktangeboten (Produkt oder Produktgruppe).<\/li>\r\n<\/ul>\r\n<\/div>\r\n<\/div>\r\n<div class=\"col-sm-6\">\r\n<div class=\"modules2\">\r\n<h3>F\u00e4higkeiten des Moduls Maschinelles Lernen<\/h3>\r\n<ul>\r\n<li>Durchf\u00fchrung von bis zu <strong>10.000.000<\/strong> Werbeaktionen pro Tag.<\/li>\r\n<li>Analyse von bis zu <strong>100.000.000<\/strong> Kunden.<\/li>\r\n<li>Erstellung von bis zu <strong>1.000.000<\/strong> verschiedenen Produktangeboten.<\/li>\r\n<\/ul>\r\n<\/div>\r\n<\/div>\r\n<\/div>\r\n<div class=\"row\">\r\n<div class=\"col-sm-7\">\r\n<h3 class=\"solution-text-header-2\">Modul Maschinelles Lernen<\/h3>\r\n<\/div>\r\n<\/div>\r\n<div class=\"row\">\r\n<div class=\"col-sm-4\">\r\n<h3>Verwendung des Moduls<\/h3>\r\n<ul>\r\n<li>Geeignet f\u00fcr Unternehmen mit einem Kundenstamm von 300.000 oder mehr (Kundenkarten).<\/li>\r\n<li>Vollst\u00e4ndig autonom und in jede IT-Infrastruktur integrierbar.<\/li>\r\n<\/ul>\r\n<\/div>\r\n<div class=\"col-sm-4\">\r\n<h3>Business-Wert<\/h3>\r\n<ul>\r\n<li>Einsparung durch Rabatten, indem Sie die Angebote diversifizieren.<\/li>\r\n<li>Verbesserung der Effizienz von Kundenbindungsprogrammen durch Erh\u00f6hung des durchschnittlichen Schecks, der Kaufh\u00e4ufigkeit und des Anteils der margenstarken Waren am Kassenbon.<\/li>\r\n<li>Entlastung des Marketingteams, das sich auf massive Werbeaktionen und die Gewinnung neuer Kunden konzentrieren kann.<\/li>\r\n<\/ul>\r\n<\/div>\r\n<div class=\"col-sm-4\"><img decoding=\"async\" alt=\"Module2img\" class=\"faq-block2-img\" src=\"\/wp-content\/uploads\/2022\/02\/module2img.svg\"\/><\/div>\r\n<\/div>\r\n<\/div>\r\n<\/section>\r\n<section class=\"scheme\">\r\n<div class=\"container\">\r\n<div class=\"row\">\r\n<div class=\"col-sm-7\">\r\n<h3 class=\"solution-text-header-2\">Kundenweg<br\/>Unterrichtung des Kunden<\/h3>\r\n<\/div>\r\n<\/div>\r\n<div class=\"row\">\r\n<div class=\"col-sm-12\">\r\n<div class=\"cover-image\"><img decoding=\"async\" alt=\"Ml Scheme\" src=\"\/wp-content\/uploads\/2022\/03\/ml-scheme.svg\"\/><\/div>\r\n<\/div>\r\n<\/div>\r\n<\/div>\r\n<\/section>\r\n<!--<section><img decoding=\"async\" alt=\"Ml Scheme\" src=\"\/wp-content\/uploads\/2022\/02\/ml-scheme.svg\"><\/section>-->\r\n<section class=\"system-module\">\r\n<div class=\"container\">\r\n<div class=\"row\">\r\n<div class=\"col-sm-12\">\r\n<h3 class=\"solution-text-header-2\">Wie es funktioniert<\/h3>\r\n<\/div>\r\n<\/div>\r\n<div class=\"row\">\r\n<div class=\"col-sm-3\">\r\n<div class=\"modules\"><img decoding=\"async\" src=\"\/wp-content\/uploads\/2022\/05\/ml_sys1_1.png\"\/>\r\n<h3>Analyse historischer Daten<\/h3>\r\n<p>JEDER Client f\u00fcr mehr als 1000 Parameter<\/p>\r\n<\/div>\r\n<\/div>\r\n<div class=\"col-sm-3\">\r\n<div class=\"modules\"><img decoding=\"async\" alt=\"Ml Sys2\" src=\"\/wp-content\/uploads\/2022\/02\/ml_sys2.svg\"\/>\r\n<h3>Auswahl des Produktangebots<\/h3>\r\n<p>10 relevante Produkte aus dem gesamten Sortiment<\/p>\r\n<\/div>\r\n<\/div>\r\n<div class=\"col-sm-3\">\r\n<div class=\"modules\"><img decoding=\"async\" alt=\"Ml Sys3\" src=\"\/wp-content\/uploads\/2022\/02\/ml_sys3.svg\"\/>\r\n<h3>Auswahl der H\u00f6he des Rabatts<\/h3>\r\n<p>Genug, um einen Kauf zu t\u00e4tigen<\/p>\r\n<\/div>\r\n<\/div>\r\n<div class=\"col-sm-3\">\r\n<div class=\"modules\"><img decoding=\"async\" alt=\"Ml Sys4\" src=\"\/wp-content\/uploads\/2022\/02\/ml_sys4.svg\"\/>\r\n<h3>Effizienzbewertung (Lernf\u00e4higkeit des Systems)<\/h3>\r\n<p>Zur Auswahl eines neuen Angebots<\/p>\r\n<\/div>\r\n<\/div>\r\n<\/div>\r\n<\/div>\r\n<\/section>\r\n<section class=\"scheme2\">\r\n<div class=\"container\">\r\n<div class=\"row\">\r\n<div class=\"col-sm-7\">\r\n<h3 class=\"solution-text-header-2\">Selbstversorgung<\/h3>\r\n<\/div>\r\n<\/div>\r\n<div class=\"row\">\r\n<div class=\"col-sm-12\"><img loading=\"lazy\" decoding=\"async\" class=\"alignnone size-full wp-image-583\" src=\"https:\/\/loymax.io\/wp-content\/uploads\/2022\/02\/scheme2.svg\" alt=\"\" width=\"1001\" height=\"389\"\/><\/div>\r\n<div>\u00a0<\/div>\r\n<\/div>\r\n<\/div>\r\n<\/section>\r\n<section class=\"system-result\">\r\n<div class=\"container\">\r\n<div class=\"row\">\r\n<div class=\"col-sm-7\">\r\n<h3 class=\"solution-text-header-2\">Das Ergebnis ist ein pers\u00f6nliches Promo f\u00fcr jeden Kunden<\/h3>\r\n<\/div>\r\n<\/div>\r\n<div class=\"row\">\r\n<div class=\"col-sm-12\">\r\n<table class=\"table table-striped table-responsive\">\r\n<thead>\r\n<tr>\r\n<th scope=\"col\">Kunde<\/th>\r\n<th scope=\"col\">Angebot<\/th>\r\n<th scope=\"col\">Ziel<\/th>\r\n<\/tr>\r\n<\/thead>\r\n<tbody>\r\n<tr>\r\n<th scope=\"row\"><img decoding=\"async\" alt=\"Sys Res\" src=\"\/wp-content\/uploads\/2022\/02\/sys-res.svg\"\/><\/th>\r\n<td>Produktrabatt<\/td>\r\n<td>F\u00f6rderung von Produkten mit hoher Gewinnspanne, Verringerung der Abwanderung in der Kategorie<\/td>\r\n<\/tr>\r\n<tr>\r\n<th scope=\"row\"><img decoding=\"async\" alt=\"Sys Res\" src=\"\/wp-content\/uploads\/2022\/02\/sys-res.svg\"\/><\/th>\r\n<td>Rabatt auf eine begrenzte Auswahl von Artikeln<\/td>\r\n<td>Wachstum der durchschnittlichen Einnahmen<\/td>\r\n<\/tr>\r\n<tr>\r\n<th scope=\"row\"><img decoding=\"async\" alt=\"Sys Res\" src=\"\/wp-content\/uploads\/2022\/02\/sys-res.svg\"\/><\/th>\r\n<td>Erh\u00f6hter Produktrabatt<\/td>\r\n<td>Wachstum der durchschnittlichen Einnahmen<\/td>\r\n<\/tr>\r\n<tr>\r\n<th scope=\"row\"><img decoding=\"async\" alt=\"Sys Res\" src=\"\/wp-content\/uploads\/2022\/02\/sys-res.svg\"\/><\/th>\r\n<td>Rabatt auf ein Produkt oder eine Kategorie (jeweils an einem eigenen Tag)<\/td>\r\n<td>Steigerung der H\u00e4ufigkeit der K\u00e4ufe<\/td>\r\n<\/tr>\r\n<tr>\r\n<th scope=\"row\"><img decoding=\"async\" alt=\"Sys Res\" src=\"\/wp-content\/uploads\/2022\/02\/sys-res.svg\"\/><\/th>\r\n<td>Erh\u00f6hter Rabatt auf den gesamten Einkauf ab einem bestimmten Betrag<\/td>\r\n<td>Verringerung der Abwanderung<\/td>\r\n<\/tr>\r\n<\/tbody>\r\n<\/table>\r\n<\/div>\r\n<\/div>\r\n<\/div>\r\n<\/section>\r\n<section class=\"faq-block faq-block3\">\r\n<div class=\"container\">\r\n<div class=\"row\">\r\n<div class=\"col-sm-7\">\r\n<h3 class=\"solution-text-header-2\">Integration der IT-Infrastruktur<\/h3>\r\n<\/div>\r\n<\/div>\r\n<div class=\"row\">\r\n<div class=\"col-sm-6\">\r\n<div class=\"modules2\">\r\n<h3>Empfehlendes System<\/h3>\r\n<img loading=\"lazy\" decoding=\"async\" class=\"alignnone wp-image-5532\" src=\"https:\/\/loymax.io\/wp-content\/uploads\/2022\/09\/001.png\" alt=\"\" width=\"610\" height=\"216\" srcset=\"https:\/\/loymax.io\/wp-content\/uploads\/2022\/09\/001.png 610w, https:\/\/loymax.io\/wp-content\/uploads\/2022\/09\/001-300x106.png 300w\" sizes=\"auto, (max-width: 610px) 100vw, 610px\" \/><\/div>\r\n<\/div>\r\n<div class=\"col-sm-6\">\r\n<div class=\"modules2\">\r\n<div class=\"row\">\r\n<div class=\"col-sm-6\">\r\n<h3>Durchf\u00fchrungsplan<\/h3>\r\n<\/div>\r\n<div class=\"col-sm-6\">\r\n<p>Kern + Empfehlungssystem<\/p>\r\n<\/div>\r\n<\/div>\r\n<img loading=\"lazy\" decoding=\"async\" class=\"alignnone wp-image-5531\" src=\"https:\/\/loymax.io\/wp-content\/uploads\/2022\/09\/002.png\" alt=\"\" width=\"595\" height=\"167\" srcset=\"https:\/\/loymax.io\/wp-content\/uploads\/2022\/09\/002.png 595w, https:\/\/loymax.io\/wp-content\/uploads\/2022\/09\/002-300x84.png 300w\" sizes=\"auto, (max-width: 595px) 100vw, 595px\" \/><\/div>\r\n<\/div>\r\n<\/div>\r\n<\/div>\r\n<\/section>\r\n<p>\u00a0<\/p>\r\n<p>\u00a0<\/p>\r\n<p>\u00a0<\/p>\r\n<p>\u00a0<\/p>\r\n<p>\u00a0<\/p>\r\n<div class=\"solutions-background-2\">\r\n<div class=\"container\"><!--\r\n<section class=\"full-width\">\r\n<div class=\"row\">\r\n<div class=\"col-sm-12\">\r\n<div class=\"arrow-class\">\u00a0<\/div>\r\n<div class=\"about-slider2\">\r\n<div><img decoding=\"async\" src=\"\/wp-content\/uploads\/2021\/12\/scr1.png\" \/><\/div>\r\n<div><img decoding=\"async\" src=\"\/wp-content\/uploads\/2021\/12\/scr2.png\" \/><\/div>\r\n<div><img decoding=\"async\" src=\"\/wp-content\/uploads\/2021\/12\/scr1.png\" \/><\/div>\r\n<div><img decoding=\"async\" src=\"\/wp-content\/uploads\/2021\/12\/scr2.png\" \/><\/div>\r\n<div><img decoding=\"async\" src=\"\/wp-content\/uploads\/2021\/12\/scr1.png\" \/><\/div>\r\n<\/div>\r\n<\/div>\r\n<\/div>\r\n<\/section>\r\n--><\/div>\r\n<\/div>\r\n","protected":false},"excerpt":{"rendered":"<p>Machine Learning Dieses Modul tr\u00e4gt dazu bei, eine langfristige Beziehung zu Ihren Kunden aufzubauen und das Risiko von Fehlentscheidungen zu verringern. Kontakt Pers\u00f6nliche Angebote f\u00fcr Ihre Kunden basierend auf maschinellem Lernen Personalisierung der Angebote f\u00fcr jeden Kunden Umgestaltung des Kundenbindungsprogramms, um es wirklich pers\u00f6nlich zu machen. Kombinierte Strategien Auswirkungen auf alle Strategien gleichzeitig, Arbeit mit&hellip;&nbsp;<a href=\"https:\/\/loymax.io\/de\/machine-learning\/\" class=\"\" rel=\"bookmark\">Weiterlesen &raquo;<span class=\"screen-reader-text\">Machine Learning<\/span><\/a><\/p>\n","protected":false},"author":1,"featured_media":0,"parent":0,"menu_order":18,"comment_status":"closed","ping_status":"closed","template":"solutions.php","meta":{"_acf_changed":false,"content-type":"","footnotes":""},"class_list":["post-11576","page","type-page","status-publish","hentry"],"acf":[],"yoast_head":"<!-- This site is optimized with the Yoast SEO plugin v27.3 - https:\/\/yoast.com\/product\/yoast-seo-wordpress\/ -->\n<title>Machine Learning - Loymax<\/title>\n<meta name=\"description\" content=\"Automatisiertes System, das auf maschinellem Lernen basiert, um personalisierte Angebote f\u00fcr Ihre Kunden bereitzustellen\" \/>\n<meta name=\"robots\" content=\"index, follow, max-snippet:-1, max-image-preview:large, max-video-preview:-1\" \/>\n<link rel=\"canonical\" href=\"https:\/\/loymax.io\/de\/machine-learning\/\" \/>\n<meta property=\"og:locale\" content=\"de_DE\" \/>\n<meta property=\"og:type\" content=\"article\" \/>\n<meta property=\"og:title\" content=\"Machine Learning - Loymax\" \/>\n<meta property=\"og:description\" content=\"Automatisiertes System, das auf maschinellem Lernen basiert, um personalisierte Angebote f\u00fcr Ihre Kunden bereitzustellen\" \/>\n<meta property=\"og:url\" content=\"https:\/\/loymax.io\/de\/machine-learning\/\" \/>\n<meta property=\"og:site_name\" content=\"Loymax\" \/>\n<meta property=\"article:modified_time\" content=\"2024-09-06T09:46:16+00:00\" \/>\n<meta property=\"og:image\" content=\"https:\/\/loymax.io\/wp-content\/uploads\/2022\/02\/scheme2.svg\" \/>\n<meta name=\"twitter:card\" content=\"summary_large_image\" \/>\n<meta name=\"twitter:label1\" content=\"Gesch\u00e4tzte Lesezeit\" \/>\n\t<meta name=\"twitter:data1\" content=\"7\u00a0Minuten\" \/>\n<script type=\"application\/ld+json\" class=\"yoast-schema-graph\">{\"@context\":\"https:\\\/\\\/schema.org\",\"@graph\":[{\"@type\":\"WebPage\",\"@id\":\"https:\\\/\\\/loymax.io\\\/de\\\/machine-learning\\\/\",\"url\":\"https:\\\/\\\/loymax.io\\\/de\\\/machine-learning\\\/\",\"name\":\"Machine Learning - Loymax\",\"isPartOf\":{\"@id\":\"https:\\\/\\\/loymax.io\\\/de\\\/#website\"},\"primaryImageOfPage\":{\"@id\":\"https:\\\/\\\/loymax.io\\\/de\\\/machine-learning\\\/#primaryimage\"},\"image\":{\"@id\":\"https:\\\/\\\/loymax.io\\\/de\\\/machine-learning\\\/#primaryimage\"},\"thumbnailUrl\":\"https:\\\/\\\/loymax.io\\\/wp-content\\\/uploads\\\/2022\\\/02\\\/scheme2.svg\",\"datePublished\":\"2022-02-06T20:31:09+00:00\",\"dateModified\":\"2024-09-06T09:46:16+00:00\",\"description\":\"Automatisiertes System, das auf maschinellem Lernen basiert, um personalisierte Angebote f\u00fcr Ihre Kunden bereitzustellen\",\"breadcrumb\":{\"@id\":\"https:\\\/\\\/loymax.io\\\/de\\\/machine-learning\\\/#breadcrumb\"},\"inLanguage\":\"de\",\"potentialAction\":[{\"@type\":\"ReadAction\",\"target\":[\"https:\\\/\\\/loymax.io\\\/de\\\/machine-learning\\\/\"]}]},{\"@type\":\"ImageObject\",\"inLanguage\":\"de\",\"@id\":\"https:\\\/\\\/loymax.io\\\/de\\\/machine-learning\\\/#primaryimage\",\"url\":\"https:\\\/\\\/loymax.io\\\/wp-content\\\/uploads\\\/2022\\\/02\\\/scheme2.svg\",\"contentUrl\":\"https:\\\/\\\/loymax.io\\\/wp-content\\\/uploads\\\/2022\\\/02\\\/scheme2.svg\"},{\"@type\":\"BreadcrumbList\",\"@id\":\"https:\\\/\\\/loymax.io\\\/de\\\/machine-learning\\\/#breadcrumb\",\"itemListElement\":[{\"@type\":\"ListItem\",\"position\":1,\"name\":\"\u0413\u043b\u0430\u0432\u043d\u0430\u044f \u0441\u0442\u0440\u0430\u043d\u0438\u0446\u0430\",\"item\":\"https:\\\/\\\/loymax.io\\\/de\\\/\"},{\"@type\":\"ListItem\",\"position\":2,\"name\":\"Machine Learning\"}]},{\"@type\":\"WebSite\",\"@id\":\"https:\\\/\\\/loymax.io\\\/de\\\/#website\",\"url\":\"https:\\\/\\\/loymax.io\\\/de\\\/\",\"name\":\"Loymax\",\"description\":\"Loyalty Management and Marketing Automation Platform\",\"publisher\":{\"@id\":\"https:\\\/\\\/loymax.io\\\/de\\\/#organization\"},\"potentialAction\":[{\"@type\":\"SearchAction\",\"target\":{\"@type\":\"EntryPoint\",\"urlTemplate\":\"https:\\\/\\\/loymax.io\\\/de\\\/?s={search_term_string}\"},\"query-input\":{\"@type\":\"PropertyValueSpecification\",\"valueRequired\":true,\"valueName\":\"search_term_string\"}}],\"inLanguage\":\"de\"},{\"@type\":\"Organization\",\"@id\":\"https:\\\/\\\/loymax.io\\\/de\\\/#organization\",\"name\":\"Loymax\",\"url\":\"https:\\\/\\\/loymax.io\\\/de\\\/\",\"logo\":{\"@type\":\"ImageObject\",\"inLanguage\":\"de\",\"@id\":\"https:\\\/\\\/loymax.io\\\/de\\\/#\\\/schema\\\/logo\\\/image\\\/\",\"url\":\"https:\\\/\\\/loymax.io\\\/wp-content\\\/uploads\\\/2024\\\/09\\\/cropped-cropped-loymax-mt-logo.jpg\",\"contentUrl\":\"https:\\\/\\\/loymax.io\\\/wp-content\\\/uploads\\\/2024\\\/09\\\/cropped-cropped-loymax-mt-logo.jpg\",\"width\":1359,\"height\":417,\"caption\":\"Loymax\"},\"image\":{\"@id\":\"https:\\\/\\\/loymax.io\\\/de\\\/#\\\/schema\\\/logo\\\/image\\\/\"}}]}<\/script>\n<!-- \/ Yoast SEO plugin. -->","yoast_head_json":{"title":"Machine Learning - Loymax","description":"Automatisiertes System, das auf maschinellem Lernen basiert, um personalisierte Angebote f\u00fcr Ihre Kunden bereitzustellen","robots":{"index":"index","follow":"follow","max-snippet":"max-snippet:-1","max-image-preview":"max-image-preview:large","max-video-preview":"max-video-preview:-1"},"canonical":"https:\/\/loymax.io\/de\/machine-learning\/","og_locale":"de_DE","og_type":"article","og_title":"Machine Learning - Loymax","og_description":"Automatisiertes System, das auf maschinellem Lernen basiert, um personalisierte Angebote f\u00fcr Ihre Kunden bereitzustellen","og_url":"https:\/\/loymax.io\/de\/machine-learning\/","og_site_name":"Loymax","article_modified_time":"2024-09-06T09:46:16+00:00","og_image":[{"url":"https:\/\/loymax.io\/wp-content\/uploads\/2022\/02\/scheme2.svg","type":"","width":"","height":""}],"twitter_card":"summary_large_image","twitter_misc":{"Gesch\u00e4tzte Lesezeit":"7\u00a0Minuten"},"schema":{"@context":"https:\/\/schema.org","@graph":[{"@type":"WebPage","@id":"https:\/\/loymax.io\/de\/machine-learning\/","url":"https:\/\/loymax.io\/de\/machine-learning\/","name":"Machine Learning - Loymax","isPartOf":{"@id":"https:\/\/loymax.io\/de\/#website"},"primaryImageOfPage":{"@id":"https:\/\/loymax.io\/de\/machine-learning\/#primaryimage"},"image":{"@id":"https:\/\/loymax.io\/de\/machine-learning\/#primaryimage"},"thumbnailUrl":"https:\/\/loymax.io\/wp-content\/uploads\/2022\/02\/scheme2.svg","datePublished":"2022-02-06T20:31:09+00:00","dateModified":"2024-09-06T09:46:16+00:00","description":"Automatisiertes System, das auf maschinellem Lernen basiert, um personalisierte Angebote f\u00fcr Ihre Kunden bereitzustellen","breadcrumb":{"@id":"https:\/\/loymax.io\/de\/machine-learning\/#breadcrumb"},"inLanguage":"de","potentialAction":[{"@type":"ReadAction","target":["https:\/\/loymax.io\/de\/machine-learning\/"]}]},{"@type":"ImageObject","inLanguage":"de","@id":"https:\/\/loymax.io\/de\/machine-learning\/#primaryimage","url":"https:\/\/loymax.io\/wp-content\/uploads\/2022\/02\/scheme2.svg","contentUrl":"https:\/\/loymax.io\/wp-content\/uploads\/2022\/02\/scheme2.svg"},{"@type":"BreadcrumbList","@id":"https:\/\/loymax.io\/de\/machine-learning\/#breadcrumb","itemListElement":[{"@type":"ListItem","position":1,"name":"\u0413\u043b\u0430\u0432\u043d\u0430\u044f \u0441\u0442\u0440\u0430\u043d\u0438\u0446\u0430","item":"https:\/\/loymax.io\/de\/"},{"@type":"ListItem","position":2,"name":"Machine Learning"}]},{"@type":"WebSite","@id":"https:\/\/loymax.io\/de\/#website","url":"https:\/\/loymax.io\/de\/","name":"Loymax","description":"Loyalty Management and Marketing Automation Platform","publisher":{"@id":"https:\/\/loymax.io\/de\/#organization"},"potentialAction":[{"@type":"SearchAction","target":{"@type":"EntryPoint","urlTemplate":"https:\/\/loymax.io\/de\/?s={search_term_string}"},"query-input":{"@type":"PropertyValueSpecification","valueRequired":true,"valueName":"search_term_string"}}],"inLanguage":"de"},{"@type":"Organization","@id":"https:\/\/loymax.io\/de\/#organization","name":"Loymax","url":"https:\/\/loymax.io\/de\/","logo":{"@type":"ImageObject","inLanguage":"de","@id":"https:\/\/loymax.io\/de\/#\/schema\/logo\/image\/","url":"https:\/\/loymax.io\/wp-content\/uploads\/2024\/09\/cropped-cropped-loymax-mt-logo.jpg","contentUrl":"https:\/\/loymax.io\/wp-content\/uploads\/2024\/09\/cropped-cropped-loymax-mt-logo.jpg","width":1359,"height":417,"caption":"Loymax"},"image":{"@id":"https:\/\/loymax.io\/de\/#\/schema\/logo\/image\/"}}]}},"_links":{"self":[{"href":"https:\/\/loymax.io\/de\/wp-json\/wp\/v2\/pages\/11576","targetHints":{"allow":["GET"]}}],"collection":[{"href":"https:\/\/loymax.io\/de\/wp-json\/wp\/v2\/pages"}],"about":[{"href":"https:\/\/loymax.io\/de\/wp-json\/wp\/v2\/types\/page"}],"author":[{"embeddable":true,"href":"https:\/\/loymax.io\/de\/wp-json\/wp\/v2\/users\/1"}],"replies":[{"embeddable":true,"href":"https:\/\/loymax.io\/de\/wp-json\/wp\/v2\/comments?post=11576"}],"version-history":[{"count":19,"href":"https:\/\/loymax.io\/de\/wp-json\/wp\/v2\/pages\/11576\/revisions"}],"predecessor-version":[{"id":13419,"href":"https:\/\/loymax.io\/de\/wp-json\/wp\/v2\/pages\/11576\/revisions\/13419"}],"wp:attachment":[{"href":"https:\/\/loymax.io\/de\/wp-json\/wp\/v2\/media?parent=11576"}],"curies":[{"name":"wp","href":"https:\/\/api.w.org\/{rel}","templated":true}]}}