{"id":11633,"date":"2022-04-28T19:26:50","date_gmt":"2022-04-28T17:26:50","guid":{"rendered":"https:\/\/loymax.io\/?page_id=11633"},"modified":"2025-10-27T16:36:18","modified_gmt":"2025-10-27T14:36:18","slug":"loymax-bi","status":"publish","type":"page","link":"https:\/\/loymax.io\/de\/loymax-bi\/","title":{"rendered":"Business Intelligence (BI)"},"content":{"rendered":"\r\n<section class=\"block-main block-solutions\">\r\n<div class=\"container\">\r\n<div class=\"row\">\r\n<div class=\"col-sm-5 paragraph1\">\r\n<h1 class=\"badge\">Business Intelligence (BI)<\/h1>\r\n<div>Hilft, Ihre Daten zu verstehen, um bessere Entscheidungen zu treffen und den Umsatz zu steigern.<\/div>\r\n<div class=\"buttons\"><a class=\"btn-block3 js-scroll-trigger\" href=\"#site-footer\">Kontakt<\/a><\/div>\r\n<\/div>\r\n<div class=\"col-sm-7\"><img decoding=\"async\" alt=\"Bi Main\" src=\"\/wp-content\/uploads\/2022\/04\/bi_main.svg\" \/><\/div>\r\n<\/div>\r\n<\/div>\r\n<\/section>\r\n<div class=\"container\">\r\n<section class=\"faq-block\">\r\n<div class=\"row\">\r\n<div class=\"col-sm-5\">\r\n<p class=\"solution-text-header\">Mit dem Modul k\u00f6nnen Sie typische Kaufmuster und Kundenverhalten ermitteln, relevante Angebote f\u00fcr verschiedene Segmente erstellen, einen Verkaufstrichter aufbauen, die Konversion steigern und vieles mehr.<\/p>\r\n<!-- <h2>\u0412\u0438\u0434\u0435\u043e\u043e\u0431\u0437\u043e\u0440<\/h2> -->\r\n<div class=\"video-block\"><!--  <div><iframe src=\"https:\/\/player.vimeo.com\/video\/656065746?h=e12a1500ed&color=2A78EC&title=0&byline=0&portrait=0\" frameborder=\"0\" allowfullscreen=\"allowfullscreen\"><\/iframe><\/div>\r\n<script src=\"https:\/\/player.vimeo.com\/api\/player.js\"><\/script> --><\/div>\r\n<p class=\"after-video\" style=\"opacity: 0;\">Gew\u00e4hrung eines Rabatts<\/p>\r\n<\/div>\r\n<div class=\"col-sm-7 right-faq\">\r\n<div class=\"faq faq2\">\r\n<h3>Sofortiger Zugriff auf wichtige Daten. Ad-hoc-Anfragen.<\/h3>\r\n<hr \/><\/div>\r\n<div class=\"faq faq2\">\r\n<h3>Die F\u00e4higkeit, Daten zu verarbeiten und Hypothesen in einer benutzerfreundlichen und intuitiven Schnittstelle zu testen.<\/h3>\r\n<hr \/><\/div>\r\n<div class=\"faq faq2\">\r\n<h3>Vorkonfigurierte analytische Berichte \u00fcber Bl\u00f6cke auf der Grundlage von Excel, PowerBI-Dashboards.<\/h3>\r\n<hr \/><\/div>\r\n<div class=\"faq faq2\">\r\n<h3>Kundensegmentierung nach beliebigen Parametern und Segmentverwaltung.<\/h3>\r\n<hr \/><\/div>\r\n<!-- <div class=\"faq faq2\">\r\n <h3>Preconfigured analytics<\/h3>\r\n<hr \/><\/div>-->\r\n<div class=\"faq faq2\">\r\n<h3>Automatische Mehrfach-Kundensegmentierung.<\/h3>\r\n<hr \/><\/div>\r\n<div class=\"faq faq2\">\r\n<h3>Automatische Erstellung von Berichten in verschiedenen Abschnitten.<\/h3>\r\n<hr \/><\/div>\r\n<div class=\"faq faq2\">\r\n<h3>Erarbeitung eines Systems von Kennzahlen zur Bewertung der Qualit\u00e4t des Kundenbindungsprogramms.<\/h3>\r\n<hr \/><\/div>\r\n<div class=\"faq faq2\">\r\n<h3>Kohortenanalyse.<\/h3>\r\n<hr \/><\/div>\r\n<!-- <div class=\"faq faq2\">\r\n<h3>\u0421\u043e\u0432\u043c\u0435\u0441\u0442\u043d\u044b\u0435 \u043f\u043e\u043a\u0443\u043f\u043a\u0438.<\/h3>\r\n<hr \/><\/div>-->\r\n<div class=\"faq faq2\">\r\n<h3>ABC XYZ<\/h3>\r\n<\/div>\r\n<\/div>\r\n<\/div>\r\n<\/section>\r\n<section class=\"faq-block faq-block3\">\r\n<div class=\"container\">\r\n<div class=\"row\">\r\n<div class=\"col-sm-6\">\r\n<div class=\"modules2 modules3\">\r\n<h3>Arten der Segmentierung<\/h3>\r\n<ul>\r\n<li>Segmentierung nach Bonh\u00f6he, H\u00e4ufigkeit der K\u00e4ufe, Bonl\u00e4nge.<\/li>\r\n<li>Bin\u00e4re Segmentierung.<\/li>\r\n<li>RFM &amp; BCG-Segmentierung.<\/li>\r\n<li>Lebensstil.<\/li>\r\n<li>Segmentierung auf der Grundlage der Empfindlichkeit gegen\u00fcber Werbeaktionen.<\/li>\r\n<\/ul>\r\n<\/div>\r\n<\/div>\r\n<div class=\"col-sm-6\">\r\n<div class=\"modules2 modules3\">\r\n<h3>Flexible Datenvisualisierung<\/h3>\r\n<ul>\r\n<li>Interaktiver Berichtsersteller.<\/li>\r\n<li>Interaktive Tafeln\/Dashboards.<\/li>\r\n<li>Mehr als 40 vorkonfigurierte Berichte: Treueprogramm (11\u00a0Berichte), Segmentierung (4\u00a0Berichte), Marketingkampagnen (8\u00a0Berichte), Verkauf (4\u00a0Berichte), Kommunikation (2\u00a0Berichte), Limits (2\u00a0Berichte), Betrug (2\u00a0Berichte), Verrechnungsboni f\u00fcr die Holding\/Koalition (2\u00a0Berichte).<\/li>\r\n<\/ul>\r\n<\/div>\r\n<\/div>\r\n<\/div>\r\n<\/div>\r\n<\/section>\r\n<\/div>\r\n<div class=\"solutions-background\" style=\"padding-bottom: 100px;\">\r\n<div class=\"container\">\r\n<section class=\"full-width\">\r\n<div class=\"row\">\r\n<div class=\"col-sm-12\">\r\n<div class=\"arrow-class\">\u00a0<\/div>\r\n<div class=\"about-slider2\">\r\n<div><img loading=\"lazy\" decoding=\"async\" class=\"alignnone size-full wp-image-5566\" src=\"https:\/\/loymax.io\/wp-content\/uploads\/2022\/09\/bi001.png\" alt=\"\" width=\"620\" height=\"372\" srcset=\"https:\/\/loymax.io\/wp-content\/uploads\/2022\/09\/bi001.png 620w, https:\/\/loymax.io\/wp-content\/uploads\/2022\/09\/bi001-300x180.png 300w\" sizes=\"auto, (max-width: 620px) 100vw, 620px\" \/><\/div>\r\n<div><img loading=\"lazy\" decoding=\"async\" class=\"alignnone size-full wp-image-5567\" src=\"https:\/\/loymax.io\/wp-content\/uploads\/2022\/09\/bi002.png\" alt=\"\" width=\"620\" height=\"372\" srcset=\"https:\/\/loymax.io\/wp-content\/uploads\/2022\/09\/bi002.png 620w, https:\/\/loymax.io\/wp-content\/uploads\/2022\/09\/bi002-300x180.png 300w\" sizes=\"auto, (max-width: 620px) 100vw, 620px\" \/><\/div>\r\n<div><img loading=\"lazy\" decoding=\"async\" class=\"alignnone size-full wp-image-5568\" src=\"https:\/\/loymax.io\/wp-content\/uploads\/2022\/09\/bi003.png\" alt=\"\" width=\"620\" height=\"372\" srcset=\"https:\/\/loymax.io\/wp-content\/uploads\/2022\/09\/bi003.png 620w, https:\/\/loymax.io\/wp-content\/uploads\/2022\/09\/bi003-300x180.png 300w\" sizes=\"auto, (max-width: 620px) 100vw, 620px\" \/><\/div>\r\n<div><img loading=\"lazy\" decoding=\"async\" class=\"alignnone size-full wp-image-5569\" src=\"https:\/\/loymax.io\/wp-content\/uploads\/2022\/09\/bi004.png\" alt=\"\" width=\"620\" height=\"372\" srcset=\"https:\/\/loymax.io\/wp-content\/uploads\/2022\/09\/bi004.png 620w, https:\/\/loymax.io\/wp-content\/uploads\/2022\/09\/bi004-300x180.png 300w\" sizes=\"auto, (max-width: 620px) 100vw, 620px\" \/><\/div>\r\n<div class=\"hidden-xs\">\u00a0<\/div>\r\n<\/div>\r\n<\/div>\r\n<\/div>\r\n<\/section>\r\n<\/div>\r\n<\/div>\r\n","protected":false},"excerpt":{"rendered":"<p>Business Intelligence (BI) Hilft, Ihre Daten zu verstehen, um bessere Entscheidungen zu treffen und den Umsatz zu steigern. Kontakt Mit dem Modul k\u00f6nnen Sie typische Kaufmuster und Kundenverhalten ermitteln, relevante Angebote f\u00fcr verschiedene Segmente erstellen, einen Verkaufstrichter aufbauen, die Konversion steigern und vieles mehr. Gew\u00e4hrung eines Rabatts Sofortiger Zugriff auf wichtige Daten. Ad-hoc-Anfragen. Die F\u00e4higkeit,&hellip;&nbsp;<a href=\"https:\/\/loymax.io\/de\/loymax-bi\/\" class=\"\" rel=\"bookmark\">Weiterlesen &raquo;<span class=\"screen-reader-text\">Business Intelligence (BI)<\/span><\/a><\/p>\n","protected":false},"author":1,"featured_media":0,"parent":0,"menu_order":3,"comment_status":"closed","ping_status":"closed","template":"solutions.php","meta":{"_acf_changed":false,"content-type":"","footnotes":""},"class_list":["post-11633","page","type-page","status-publish","hentry"],"acf":[],"yoast_head":"<!-- This site is optimized with the Yoast SEO plugin v27.4 - https:\/\/yoast.com\/product\/yoast-seo-wordpress\/ -->\n<title>Business Intelligence (BI) - Loymax<\/title>\n<meta name=\"description\" content=\"Optimieren Sie Ihre Entscheidungen mit Loymax Business Intelligence (BI) \u2013 verstehen Sie Kundendaten, steigern Sie Umsatz und Effizienz.\" \/>\n<meta name=\"robots\" content=\"index, follow, max-snippet:-1, max-image-preview:large, max-video-preview:-1\" \/>\n<link rel=\"canonical\" href=\"https:\/\/loymax.io\/de\/loymax-bi\/\" \/>\n<meta property=\"og:locale\" content=\"de_DE\" \/>\n<meta property=\"og:type\" content=\"article\" \/>\n<meta property=\"og:title\" content=\"Business Intelligence (BI) - Loymax\" \/>\n<meta property=\"og:description\" content=\"Optimieren Sie Ihre Entscheidungen mit Loymax Business Intelligence (BI) \u2013 verstehen Sie Kundendaten, steigern Sie Umsatz und Effizienz.\" \/>\n<meta property=\"og:url\" content=\"https:\/\/loymax.io\/de\/loymax-bi\/\" \/>\n<meta property=\"og:site_name\" content=\"Loymax\" \/>\n<meta property=\"article:modified_time\" content=\"2025-10-27T14:36:18+00:00\" \/>\n<meta property=\"og:image\" content=\"https:\/\/loymax.io\/wp-content\/uploads\/2022\/09\/bi001.png\" \/>\n<meta name=\"twitter:card\" content=\"summary_large_image\" \/>\n<meta name=\"twitter:label1\" content=\"Gesch\u00e4tzte Lesezeit\" \/>\n\t<meta name=\"twitter:data1\" content=\"2\u00a0Minuten\" \/>\n<script type=\"application\/ld+json\" class=\"yoast-schema-graph\">{\"@context\":\"https:\\\/\\\/schema.org\",\"@graph\":[{\"@type\":\"WebPage\",\"@id\":\"https:\\\/\\\/loymax.io\\\/de\\\/loymax-bi\\\/\",\"url\":\"https:\\\/\\\/loymax.io\\\/de\\\/loymax-bi\\\/\",\"name\":\"Business Intelligence (BI) - Loymax\",\"isPartOf\":{\"@id\":\"https:\\\/\\\/loymax.io\\\/de\\\/#website\"},\"primaryImageOfPage\":{\"@id\":\"https:\\\/\\\/loymax.io\\\/de\\\/loymax-bi\\\/#primaryimage\"},\"image\":{\"@id\":\"https:\\\/\\\/loymax.io\\\/de\\\/loymax-bi\\\/#primaryimage\"},\"thumbnailUrl\":\"https:\\\/\\\/loymax.io\\\/wp-content\\\/uploads\\\/2022\\\/09\\\/bi001.png\",\"datePublished\":\"2022-04-28T17:26:50+00:00\",\"dateModified\":\"2025-10-27T14:36:18+00:00\",\"description\":\"Optimieren Sie Ihre Entscheidungen mit Loymax Business Intelligence (BI) \u2013 verstehen Sie Kundendaten, steigern Sie Umsatz und Effizienz.\",\"breadcrumb\":{\"@id\":\"https:\\\/\\\/loymax.io\\\/de\\\/loymax-bi\\\/#breadcrumb\"},\"inLanguage\":\"de\",\"potentialAction\":[{\"@type\":\"ReadAction\",\"target\":[\"https:\\\/\\\/loymax.io\\\/de\\\/loymax-bi\\\/\"]}]},{\"@type\":\"ImageObject\",\"inLanguage\":\"de\",\"@id\":\"https:\\\/\\\/loymax.io\\\/de\\\/loymax-bi\\\/#primaryimage\",\"url\":\"https:\\\/\\\/loymax.io\\\/wp-content\\\/uploads\\\/2022\\\/09\\\/bi001.png\",\"contentUrl\":\"https:\\\/\\\/loymax.io\\\/wp-content\\\/uploads\\\/2022\\\/09\\\/bi001.png\"},{\"@type\":\"BreadcrumbList\",\"@id\":\"https:\\\/\\\/loymax.io\\\/de\\\/loymax-bi\\\/#breadcrumb\",\"itemListElement\":[{\"@type\":\"ListItem\",\"position\":1,\"name\":\"\u0413\u043b\u0430\u0432\u043d\u0430\u044f \u0441\u0442\u0440\u0430\u043d\u0438\u0446\u0430\",\"item\":\"https:\\\/\\\/loymax.io\\\/de\\\/\"},{\"@type\":\"ListItem\",\"position\":2,\"name\":\"Business Intelligence (BI)\"}]},{\"@type\":\"WebSite\",\"@id\":\"https:\\\/\\\/loymax.io\\\/de\\\/#website\",\"url\":\"https:\\\/\\\/loymax.io\\\/de\\\/\",\"name\":\"Loymax\",\"description\":\"Loyalty Management and Marketing Automation Platform\",\"publisher\":{\"@id\":\"https:\\\/\\\/loymax.io\\\/de\\\/#organization\"},\"potentialAction\":[{\"@type\":\"SearchAction\",\"target\":{\"@type\":\"EntryPoint\",\"urlTemplate\":\"https:\\\/\\\/loymax.io\\\/de\\\/?s={search_term_string}\"},\"query-input\":{\"@type\":\"PropertyValueSpecification\",\"valueRequired\":true,\"valueName\":\"search_term_string\"}}],\"inLanguage\":\"de\"},{\"@type\":\"Organization\",\"@id\":\"https:\\\/\\\/loymax.io\\\/de\\\/#organization\",\"name\":\"Loymax\",\"url\":\"https:\\\/\\\/loymax.io\\\/de\\\/\",\"logo\":{\"@type\":\"ImageObject\",\"inLanguage\":\"de\",\"@id\":\"https:\\\/\\\/loymax.io\\\/de\\\/#\\\/schema\\\/logo\\\/image\\\/\",\"url\":\"https:\\\/\\\/loymax.io\\\/wp-content\\\/uploads\\\/2024\\\/09\\\/cropped-cropped-loymax-mt-logo.jpg\",\"contentUrl\":\"https:\\\/\\\/loymax.io\\\/wp-content\\\/uploads\\\/2024\\\/09\\\/cropped-cropped-loymax-mt-logo.jpg\",\"width\":1359,\"height\":417,\"caption\":\"Loymax\"},\"image\":{\"@id\":\"https:\\\/\\\/loymax.io\\\/de\\\/#\\\/schema\\\/logo\\\/image\\\/\"}}]}<\/script>\n<!-- \/ Yoast SEO plugin. -->","yoast_head_json":{"title":"Business Intelligence (BI) - Loymax","description":"Optimieren Sie Ihre Entscheidungen mit Loymax Business Intelligence (BI) \u2013 verstehen Sie Kundendaten, steigern Sie Umsatz und Effizienz.","robots":{"index":"index","follow":"follow","max-snippet":"max-snippet:-1","max-image-preview":"max-image-preview:large","max-video-preview":"max-video-preview:-1"},"canonical":"https:\/\/loymax.io\/de\/loymax-bi\/","og_locale":"de_DE","og_type":"article","og_title":"Business Intelligence (BI) - Loymax","og_description":"Optimieren Sie Ihre Entscheidungen mit Loymax Business Intelligence (BI) \u2013 verstehen Sie Kundendaten, steigern Sie Umsatz und Effizienz.","og_url":"https:\/\/loymax.io\/de\/loymax-bi\/","og_site_name":"Loymax","article_modified_time":"2025-10-27T14:36:18+00:00","og_image":[{"url":"https:\/\/loymax.io\/wp-content\/uploads\/2022\/09\/bi001.png","type":"","width":"","height":""}],"twitter_card":"summary_large_image","twitter_misc":{"Gesch\u00e4tzte Lesezeit":"2\u00a0Minuten"},"schema":{"@context":"https:\/\/schema.org","@graph":[{"@type":"WebPage","@id":"https:\/\/loymax.io\/de\/loymax-bi\/","url":"https:\/\/loymax.io\/de\/loymax-bi\/","name":"Business Intelligence (BI) - Loymax","isPartOf":{"@id":"https:\/\/loymax.io\/de\/#website"},"primaryImageOfPage":{"@id":"https:\/\/loymax.io\/de\/loymax-bi\/#primaryimage"},"image":{"@id":"https:\/\/loymax.io\/de\/loymax-bi\/#primaryimage"},"thumbnailUrl":"https:\/\/loymax.io\/wp-content\/uploads\/2022\/09\/bi001.png","datePublished":"2022-04-28T17:26:50+00:00","dateModified":"2025-10-27T14:36:18+00:00","description":"Optimieren Sie Ihre Entscheidungen mit Loymax Business Intelligence (BI) \u2013 verstehen Sie Kundendaten, steigern Sie Umsatz und Effizienz.","breadcrumb":{"@id":"https:\/\/loymax.io\/de\/loymax-bi\/#breadcrumb"},"inLanguage":"de","potentialAction":[{"@type":"ReadAction","target":["https:\/\/loymax.io\/de\/loymax-bi\/"]}]},{"@type":"ImageObject","inLanguage":"de","@id":"https:\/\/loymax.io\/de\/loymax-bi\/#primaryimage","url":"https:\/\/loymax.io\/wp-content\/uploads\/2022\/09\/bi001.png","contentUrl":"https:\/\/loymax.io\/wp-content\/uploads\/2022\/09\/bi001.png"},{"@type":"BreadcrumbList","@id":"https:\/\/loymax.io\/de\/loymax-bi\/#breadcrumb","itemListElement":[{"@type":"ListItem","position":1,"name":"\u0413\u043b\u0430\u0432\u043d\u0430\u044f \u0441\u0442\u0440\u0430\u043d\u0438\u0446\u0430","item":"https:\/\/loymax.io\/de\/"},{"@type":"ListItem","position":2,"name":"Business Intelligence (BI)"}]},{"@type":"WebSite","@id":"https:\/\/loymax.io\/de\/#website","url":"https:\/\/loymax.io\/de\/","name":"Loymax","description":"Loyalty Management and Marketing Automation Platform","publisher":{"@id":"https:\/\/loymax.io\/de\/#organization"},"potentialAction":[{"@type":"SearchAction","target":{"@type":"EntryPoint","urlTemplate":"https:\/\/loymax.io\/de\/?s={search_term_string}"},"query-input":{"@type":"PropertyValueSpecification","valueRequired":true,"valueName":"search_term_string"}}],"inLanguage":"de"},{"@type":"Organization","@id":"https:\/\/loymax.io\/de\/#organization","name":"Loymax","url":"https:\/\/loymax.io\/de\/","logo":{"@type":"ImageObject","inLanguage":"de","@id":"https:\/\/loymax.io\/de\/#\/schema\/logo\/image\/","url":"https:\/\/loymax.io\/wp-content\/uploads\/2024\/09\/cropped-cropped-loymax-mt-logo.jpg","contentUrl":"https:\/\/loymax.io\/wp-content\/uploads\/2024\/09\/cropped-cropped-loymax-mt-logo.jpg","width":1359,"height":417,"caption":"Loymax"},"image":{"@id":"https:\/\/loymax.io\/de\/#\/schema\/logo\/image\/"}}]}},"_links":{"self":[{"href":"https:\/\/loymax.io\/de\/wp-json\/wp\/v2\/pages\/11633","targetHints":{"allow":["GET"]}}],"collection":[{"href":"https:\/\/loymax.io\/de\/wp-json\/wp\/v2\/pages"}],"about":[{"href":"https:\/\/loymax.io\/de\/wp-json\/wp\/v2\/types\/page"}],"author":[{"embeddable":true,"href":"https:\/\/loymax.io\/de\/wp-json\/wp\/v2\/users\/1"}],"replies":[{"embeddable":true,"href":"https:\/\/loymax.io\/de\/wp-json\/wp\/v2\/comments?post=11633"}],"version-history":[{"count":28,"href":"https:\/\/loymax.io\/de\/wp-json\/wp\/v2\/pages\/11633\/revisions"}],"predecessor-version":[{"id":27202,"href":"https:\/\/loymax.io\/de\/wp-json\/wp\/v2\/pages\/11633\/revisions\/27202"}],"wp:attachment":[{"href":"https:\/\/loymax.io\/de\/wp-json\/wp\/v2\/media?parent=11633"}],"curies":[{"name":"wp","href":"https:\/\/api.w.org\/{rel}","templated":true}]}}