{"id":12188,"date":"2022-04-28T19:26:50","date_gmt":"2022-04-28T17:26:50","guid":{"rendered":"https:\/\/loymax.io\/?page_id=12188"},"modified":"2025-10-27T16:37:49","modified_gmt":"2025-10-27T14:37:49","slug":"loymax-bi","status":"publish","type":"page","link":"https:\/\/loymax.io\/es\/loymax-bi\/","title":{"rendered":"Inteligencia empresarial (BI)"},"content":{"rendered":"\r\n<section class=\"block-main block-solutions\">\r\n<div class=\"container\">\r\n<div class=\"row\">\r\n<div class=\"col-sm-5 paragraph1\">\r\n<h1 class=\"badge\">Inteligencia empresarial (BI)<\/h1>\r\n<div>Ayuda a comprender sus datos para tomar mejores decisiones e incrementar las ventas.<\/div>\r\n<div class=\"buttons\"><a class=\"btn-block3 js-scroll-trigger\" href=\"#site-footer\">Contacto<\/a><\/div>\r\n<\/div>\r\n<div class=\"col-sm-7\"><img decoding=\"async\" alt=\"Bi Main\" src=\"\/wp-content\/uploads\/2022\/04\/bi_main.svg\" \/><\/div>\r\n<\/div>\r\n<\/div>\r\n<\/section>\r\n<div class=\"container\">\r\n<section class=\"faq-block\">\r\n<div class=\"row\">\r\n<div class=\"col-sm-5\">\r\n<p class=\"solution-text-header\">El m\u00f3dulo le permite determinar patrones t\u00edpicos de compras y conductas de los clientes, crear ofertas relevantes para varios segmentos, construir un embudo de ventas, incrementar la conversi\u00f3n y mucho m\u00e1s.<\/p>\r\n<!-- <h2>\u0412\u0438\u0434\u0435\u043e\u043e\u0431\u0437\u043e\u0440<\/h2> -->\r\n<div class=\"video-block\"><!--  <div><iframe src=\"https:\/\/player.vimeo.com\/video\/656065746?h=e12a1500ed&color=2A78EC&title=0&byline=0&portrait=0\" frameborder=\"0\" allowfullscreen=\"allowfullscreen\"><\/iframe><\/div>\r\n<script src=\"https:\/\/player.vimeo.com\/api\/player.js\"><\/script> --><\/div>\r\n<p class=\"after-video\" style=\"opacity: 0;\">Concesi\u00f3n de descuentos<\/p>\r\n<\/div>\r\n<div class=\"col-sm-7 right-faq\">\r\n<div class=\"faq faq2\">\r\n<h3>Acceso instant\u00e1neo a datos clave. Solicitudes a medida.<\/h3>\r\n<hr \/><\/div>\r\n<div class=\"faq faq2\">\r\n<h3>Capacidad para procesar datos y probar hip\u00f3tesis en una interfaz f\u00e1cil de usar e intuitiva.<\/h3>\r\n<hr \/><\/div>\r\n<div class=\"faq faq2\">\r\n<h3>Informes anal\u00edticos preconfigurados en bloques basados en Excel, paneles de control PowerBI.<\/h3>\r\n<hr \/><\/div>\r\n<div class=\"faq faq2\">\r\n<h3>Segmentaci\u00f3n de clientes seg\u00fan cualquier par\u00e1metro y gesti\u00f3n de segmentos.<\/h3>\r\n<hr \/><\/div>\r\n<!-- <div class=\"faq faq2\">\r\n <h3>Preconfigured analytics<\/h3>\r\n<hr \/><\/div>-->\r\n<div class=\"faq faq2\">\r\n<h3>Segmentaci\u00f3n autom\u00e1tica de clientes m\u00faltiples.<\/h3>\r\n<hr \/><\/div>\r\n<div class=\"faq faq2\">\r\n<h3>Generaci\u00f3n autom\u00e1tica de informes en diferentes secciones.<\/h3>\r\n<hr \/><\/div>\r\n<div class=\"faq faq2\">\r\n<h3>Creaci\u00f3n de un sistema de m\u00e9tricas para evaluar la calidad del programa de fidelizaci\u00f3n.<\/h3>\r\n<hr \/><\/div>\r\n<div class=\"faq faq2\">\r\n<h3>An\u00e1lisis de cohortes.<\/h3>\r\n<hr \/><\/div>\r\n<!-- <div class=\"faq faq2\">\r\n<h3>\u0421\u043e\u0432\u043c\u0435\u0441\u0442\u043d\u044b\u0435 \u043f\u043e\u043a\u0443\u043f\u043a\u0438.<\/h3>\r\n<hr \/><\/div>-->\r\n<div class=\"faq faq2\">\r\n<h3>ABC XYZ<\/h3>\r\n<\/div>\r\n<\/div>\r\n<\/div>\r\n<\/section>\r\n<section class=\"faq-block faq-block3\">\r\n<div class=\"container\">\r\n<div class=\"row\">\r\n<div class=\"col-sm-6\">\r\n<div class=\"modules2 modules3\">\r\n<h3>Tipos de segmentaci\u00f3n<\/h3>\r\n<ul>\r\n<li>Segmentaci\u00f3n seg\u00fan el importe del recibo, frecuencia de compras y duraci\u00f3n del recibo.<\/li>\r\n<li>Segmentaci\u00f3n binaria.<\/li>\r\n<li>Segmentaci\u00f3n RFM y BCG.<\/li>\r\n<li>LifeStyle.<\/li>\r\n<li>Segmentaci\u00f3n basada en la sensibilidad a las promociones.<\/li>\r\n<\/ul>\r\n<\/div>\r\n<\/div>\r\n<div class=\"col-sm-6\">\r\n<div class=\"modules2 modules3\">\r\n<h3>Visualizaci\u00f3n flexible de datos<\/h3>\r\n<ul>\r\n<li>Generador interactivo de informes.<\/li>\r\n<li>Paneles de control interactivos.<\/li>\r\n<li>M\u00e1s de 40 informes preconfigurados: programa de fidelizaci\u00f3n (11 informes), segmentaci\u00f3n (4 informes), campa\u00f1as de marketing (8 informes), ventas (4 informes), comunicaciones (2 informes), l\u00edmites (2 informes), fraude (2 informes), bonificaciones de compensaci\u00f3n para el holding\/coalici\u00f3n (2 informes).<\/li>\r\n<\/ul>\r\n<\/div>\r\n<\/div>\r\n<\/div>\r\n<\/div>\r\n<\/section>\r\n<\/div>\r\n<div class=\"solutions-background\" style=\"padding-bottom: 100px;\">\r\n<div class=\"container\">\r\n<section class=\"full-width\">\r\n<div class=\"row\">\r\n<div class=\"col-sm-12\">\r\n<div class=\"arrow-class\">\u00a0<\/div>\r\n<div class=\"about-slider2\">\r\n<div><img loading=\"lazy\" decoding=\"async\" class=\"alignnone size-full wp-image-5566\" src=\"https:\/\/loymax.io\/wp-content\/uploads\/2022\/09\/bi001.png\" alt=\"\" width=\"620\" height=\"372\" srcset=\"https:\/\/loymax.io\/wp-content\/uploads\/2022\/09\/bi001.png 620w, https:\/\/loymax.io\/wp-content\/uploads\/2022\/09\/bi001-300x180.png 300w\" sizes=\"auto, (max-width: 620px) 100vw, 620px\" \/><\/div>\r\n<div><img loading=\"lazy\" decoding=\"async\" class=\"alignnone size-full wp-image-5567\" src=\"https:\/\/loymax.io\/wp-content\/uploads\/2022\/09\/bi002.png\" alt=\"\" width=\"620\" height=\"372\" srcset=\"https:\/\/loymax.io\/wp-content\/uploads\/2022\/09\/bi002.png 620w, https:\/\/loymax.io\/wp-content\/uploads\/2022\/09\/bi002-300x180.png 300w\" sizes=\"auto, (max-width: 620px) 100vw, 620px\" \/><\/div>\r\n<div><img loading=\"lazy\" decoding=\"async\" class=\"alignnone size-full wp-image-5568\" src=\"https:\/\/loymax.io\/wp-content\/uploads\/2022\/09\/bi003.png\" alt=\"\" width=\"620\" height=\"372\" srcset=\"https:\/\/loymax.io\/wp-content\/uploads\/2022\/09\/bi003.png 620w, https:\/\/loymax.io\/wp-content\/uploads\/2022\/09\/bi003-300x180.png 300w\" sizes=\"auto, (max-width: 620px) 100vw, 620px\" \/><\/div>\r\n<div><img loading=\"lazy\" decoding=\"async\" class=\"alignnone size-full wp-image-5569\" src=\"https:\/\/loymax.io\/wp-content\/uploads\/2022\/09\/bi004.png\" alt=\"\" width=\"620\" height=\"372\" srcset=\"https:\/\/loymax.io\/wp-content\/uploads\/2022\/09\/bi004.png 620w, https:\/\/loymax.io\/wp-content\/uploads\/2022\/09\/bi004-300x180.png 300w\" sizes=\"auto, (max-width: 620px) 100vw, 620px\" \/><\/div>\r\n<div class=\"hidden-xs\">\u00a0<\/div>\r\n<\/div>\r\n<\/div>\r\n<\/div>\r\n<\/section>\r\n<\/div>\r\n<\/div>\r\n","protected":false},"excerpt":{"rendered":"<p>Inteligencia empresarial (BI) Ayuda a comprender sus datos para tomar mejores decisiones e incrementar las ventas. Contacto El m\u00f3dulo le permite determinar patrones t\u00edpicos de compras y conductas de los clientes, crear ofertas relevantes para varios segmentos, construir un embudo de ventas, incrementar la conversi\u00f3n y mucho m\u00e1s. Concesi\u00f3n de descuentos Acceso instant\u00e1neo a datos&hellip;&nbsp;<a href=\"https:\/\/loymax.io\/es\/loymax-bi\/\" class=\"\" rel=\"bookmark\">Leer m\u00e1s &raquo;<span class=\"screen-reader-text\">Inteligencia empresarial (BI)<\/span><\/a><\/p>\n","protected":false},"author":1,"featured_media":0,"parent":0,"menu_order":7,"comment_status":"closed","ping_status":"closed","template":"solutions.php","meta":{"_acf_changed":false,"content-type":"","footnotes":""},"class_list":["post-12188","page","type-page","status-publish","hentry"],"acf":[],"yoast_head":"<!-- This site is optimized with the Yoast SEO plugin v27.4 - https:\/\/yoast.com\/product\/yoast-seo-wordpress\/ -->\n<title>Inteligencia empresarial (BI) - Loymax<\/title>\n<meta name=\"description\" content=\"Mejore sus decisiones con Loymax Inteligencia Empresarial (BI): analice datos, incremente ventas y optimice la fidelizaci\u00f3n de clientes.\" \/>\n<meta name=\"robots\" content=\"index, follow, max-snippet:-1, max-image-preview:large, max-video-preview:-1\" \/>\n<link rel=\"canonical\" href=\"https:\/\/loymax.io\/es\/loymax-bi\/\" \/>\n<meta property=\"og:locale\" content=\"es_ES\" \/>\n<meta property=\"og:type\" content=\"article\" \/>\n<meta property=\"og:title\" content=\"Inteligencia empresarial (BI) - Loymax\" \/>\n<meta property=\"og:description\" content=\"Mejore sus decisiones con Loymax Inteligencia Empresarial (BI): analice datos, incremente ventas y optimice la fidelizaci\u00f3n de clientes.\" \/>\n<meta property=\"og:url\" content=\"https:\/\/loymax.io\/es\/loymax-bi\/\" \/>\n<meta property=\"og:site_name\" content=\"Loymax\" \/>\n<meta property=\"article:modified_time\" content=\"2025-10-27T14:37:49+00:00\" \/>\n<meta property=\"og:image\" content=\"https:\/\/loymax.io\/wp-content\/uploads\/2022\/09\/bi001.png\" \/>\n<meta name=\"twitter:card\" content=\"summary_large_image\" \/>\n<meta name=\"twitter:label1\" content=\"Tiempo de lectura\" \/>\n\t<meta name=\"twitter:data1\" content=\"2 minutos\" \/>\n<script type=\"application\/ld+json\" class=\"yoast-schema-graph\">{\"@context\":\"https:\\\/\\\/schema.org\",\"@graph\":[{\"@type\":\"WebPage\",\"@id\":\"https:\\\/\\\/loymax.io\\\/es\\\/loymax-bi\\\/\",\"url\":\"https:\\\/\\\/loymax.io\\\/es\\\/loymax-bi\\\/\",\"name\":\"Inteligencia empresarial (BI) - Loymax\",\"isPartOf\":{\"@id\":\"https:\\\/\\\/loymax.io\\\/es\\\/#website\"},\"primaryImageOfPage\":{\"@id\":\"https:\\\/\\\/loymax.io\\\/es\\\/loymax-bi\\\/#primaryimage\"},\"image\":{\"@id\":\"https:\\\/\\\/loymax.io\\\/es\\\/loymax-bi\\\/#primaryimage\"},\"thumbnailUrl\":\"https:\\\/\\\/loymax.io\\\/wp-content\\\/uploads\\\/2022\\\/09\\\/bi001.png\",\"datePublished\":\"2022-04-28T17:26:50+00:00\",\"dateModified\":\"2025-10-27T14:37:49+00:00\",\"description\":\"Mejore sus decisiones con Loymax Inteligencia Empresarial (BI): analice datos, incremente ventas y optimice la fidelizaci\u00f3n de clientes.\",\"breadcrumb\":{\"@id\":\"https:\\\/\\\/loymax.io\\\/es\\\/loymax-bi\\\/#breadcrumb\"},\"inLanguage\":\"es\",\"potentialAction\":[{\"@type\":\"ReadAction\",\"target\":[\"https:\\\/\\\/loymax.io\\\/es\\\/loymax-bi\\\/\"]}]},{\"@type\":\"ImageObject\",\"inLanguage\":\"es\",\"@id\":\"https:\\\/\\\/loymax.io\\\/es\\\/loymax-bi\\\/#primaryimage\",\"url\":\"https:\\\/\\\/loymax.io\\\/wp-content\\\/uploads\\\/2022\\\/09\\\/bi001.png\",\"contentUrl\":\"https:\\\/\\\/loymax.io\\\/wp-content\\\/uploads\\\/2022\\\/09\\\/bi001.png\"},{\"@type\":\"BreadcrumbList\",\"@id\":\"https:\\\/\\\/loymax.io\\\/es\\\/loymax-bi\\\/#breadcrumb\",\"itemListElement\":[{\"@type\":\"ListItem\",\"position\":1,\"name\":\"\u0413\u043b\u0430\u0432\u043d\u0430\u044f \u0441\u0442\u0440\u0430\u043d\u0438\u0446\u0430\",\"item\":\"https:\\\/\\\/loymax.io\\\/es\\\/\"},{\"@type\":\"ListItem\",\"position\":2,\"name\":\"Inteligencia empresarial (BI)\"}]},{\"@type\":\"WebSite\",\"@id\":\"https:\\\/\\\/loymax.io\\\/es\\\/#website\",\"url\":\"https:\\\/\\\/loymax.io\\\/es\\\/\",\"name\":\"Loymax\",\"description\":\"Loyalty Management and Marketing Automation Platform\",\"publisher\":{\"@id\":\"https:\\\/\\\/loymax.io\\\/es\\\/#organization\"},\"potentialAction\":[{\"@type\":\"SearchAction\",\"target\":{\"@type\":\"EntryPoint\",\"urlTemplate\":\"https:\\\/\\\/loymax.io\\\/es\\\/?s={search_term_string}\"},\"query-input\":{\"@type\":\"PropertyValueSpecification\",\"valueRequired\":true,\"valueName\":\"search_term_string\"}}],\"inLanguage\":\"es\"},{\"@type\":\"Organization\",\"@id\":\"https:\\\/\\\/loymax.io\\\/es\\\/#organization\",\"name\":\"Loymax\",\"url\":\"https:\\\/\\\/loymax.io\\\/es\\\/\",\"logo\":{\"@type\":\"ImageObject\",\"inLanguage\":\"es\",\"@id\":\"https:\\\/\\\/loymax.io\\\/es\\\/#\\\/schema\\\/logo\\\/image\\\/\",\"url\":\"https:\\\/\\\/loymax.io\\\/wp-content\\\/uploads\\\/2024\\\/09\\\/cropped-cropped-loymax-mt-logo.jpg\",\"contentUrl\":\"https:\\\/\\\/loymax.io\\\/wp-content\\\/uploads\\\/2024\\\/09\\\/cropped-cropped-loymax-mt-logo.jpg\",\"width\":1359,\"height\":417,\"caption\":\"Loymax\"},\"image\":{\"@id\":\"https:\\\/\\\/loymax.io\\\/es\\\/#\\\/schema\\\/logo\\\/image\\\/\"}}]}<\/script>\n<!-- \/ Yoast SEO plugin. -->","yoast_head_json":{"title":"Inteligencia empresarial (BI) - Loymax","description":"Mejore sus decisiones con Loymax Inteligencia Empresarial (BI): analice datos, incremente ventas y optimice la fidelizaci\u00f3n de clientes.","robots":{"index":"index","follow":"follow","max-snippet":"max-snippet:-1","max-image-preview":"max-image-preview:large","max-video-preview":"max-video-preview:-1"},"canonical":"https:\/\/loymax.io\/es\/loymax-bi\/","og_locale":"es_ES","og_type":"article","og_title":"Inteligencia empresarial (BI) - Loymax","og_description":"Mejore sus decisiones con Loymax Inteligencia Empresarial (BI): analice datos, incremente ventas y optimice la fidelizaci\u00f3n de clientes.","og_url":"https:\/\/loymax.io\/es\/loymax-bi\/","og_site_name":"Loymax","article_modified_time":"2025-10-27T14:37:49+00:00","og_image":[{"url":"https:\/\/loymax.io\/wp-content\/uploads\/2022\/09\/bi001.png","type":"","width":"","height":""}],"twitter_card":"summary_large_image","twitter_misc":{"Tiempo de lectura":"2 minutos"},"schema":{"@context":"https:\/\/schema.org","@graph":[{"@type":"WebPage","@id":"https:\/\/loymax.io\/es\/loymax-bi\/","url":"https:\/\/loymax.io\/es\/loymax-bi\/","name":"Inteligencia empresarial (BI) - Loymax","isPartOf":{"@id":"https:\/\/loymax.io\/es\/#website"},"primaryImageOfPage":{"@id":"https:\/\/loymax.io\/es\/loymax-bi\/#primaryimage"},"image":{"@id":"https:\/\/loymax.io\/es\/loymax-bi\/#primaryimage"},"thumbnailUrl":"https:\/\/loymax.io\/wp-content\/uploads\/2022\/09\/bi001.png","datePublished":"2022-04-28T17:26:50+00:00","dateModified":"2025-10-27T14:37:49+00:00","description":"Mejore sus decisiones con Loymax Inteligencia Empresarial (BI): analice datos, incremente ventas y optimice la fidelizaci\u00f3n de clientes.","breadcrumb":{"@id":"https:\/\/loymax.io\/es\/loymax-bi\/#breadcrumb"},"inLanguage":"es","potentialAction":[{"@type":"ReadAction","target":["https:\/\/loymax.io\/es\/loymax-bi\/"]}]},{"@type":"ImageObject","inLanguage":"es","@id":"https:\/\/loymax.io\/es\/loymax-bi\/#primaryimage","url":"https:\/\/loymax.io\/wp-content\/uploads\/2022\/09\/bi001.png","contentUrl":"https:\/\/loymax.io\/wp-content\/uploads\/2022\/09\/bi001.png"},{"@type":"BreadcrumbList","@id":"https:\/\/loymax.io\/es\/loymax-bi\/#breadcrumb","itemListElement":[{"@type":"ListItem","position":1,"name":"\u0413\u043b\u0430\u0432\u043d\u0430\u044f \u0441\u0442\u0440\u0430\u043d\u0438\u0446\u0430","item":"https:\/\/loymax.io\/es\/"},{"@type":"ListItem","position":2,"name":"Inteligencia empresarial (BI)"}]},{"@type":"WebSite","@id":"https:\/\/loymax.io\/es\/#website","url":"https:\/\/loymax.io\/es\/","name":"Loymax","description":"Loyalty Management and Marketing Automation Platform","publisher":{"@id":"https:\/\/loymax.io\/es\/#organization"},"potentialAction":[{"@type":"SearchAction","target":{"@type":"EntryPoint","urlTemplate":"https:\/\/loymax.io\/es\/?s={search_term_string}"},"query-input":{"@type":"PropertyValueSpecification","valueRequired":true,"valueName":"search_term_string"}}],"inLanguage":"es"},{"@type":"Organization","@id":"https:\/\/loymax.io\/es\/#organization","name":"Loymax","url":"https:\/\/loymax.io\/es\/","logo":{"@type":"ImageObject","inLanguage":"es","@id":"https:\/\/loymax.io\/es\/#\/schema\/logo\/image\/","url":"https:\/\/loymax.io\/wp-content\/uploads\/2024\/09\/cropped-cropped-loymax-mt-logo.jpg","contentUrl":"https:\/\/loymax.io\/wp-content\/uploads\/2024\/09\/cropped-cropped-loymax-mt-logo.jpg","width":1359,"height":417,"caption":"Loymax"},"image":{"@id":"https:\/\/loymax.io\/es\/#\/schema\/logo\/image\/"}}]}},"_links":{"self":[{"href":"https:\/\/loymax.io\/es\/wp-json\/wp\/v2\/pages\/12188","targetHints":{"allow":["GET"]}}],"collection":[{"href":"https:\/\/loymax.io\/es\/wp-json\/wp\/v2\/pages"}],"about":[{"href":"https:\/\/loymax.io\/es\/wp-json\/wp\/v2\/types\/page"}],"author":[{"embeddable":true,"href":"https:\/\/loymax.io\/es\/wp-json\/wp\/v2\/users\/1"}],"replies":[{"embeddable":true,"href":"https:\/\/loymax.io\/es\/wp-json\/wp\/v2\/comments?post=12188"}],"version-history":[{"count":20,"href":"https:\/\/loymax.io\/es\/wp-json\/wp\/v2\/pages\/12188\/revisions"}],"predecessor-version":[{"id":27203,"href":"https:\/\/loymax.io\/es\/wp-json\/wp\/v2\/pages\/12188\/revisions\/27203"}],"wp:attachment":[{"href":"https:\/\/loymax.io\/es\/wp-json\/wp\/v2\/media?parent=12188"}],"curies":[{"name":"wp","href":"https:\/\/api.w.org\/{rel}","templated":true}]}}