{"id":12229,"date":"2022-02-01T22:30:29","date_gmt":"2022-02-01T20:30:29","guid":{"rendered":"https:\/\/loymax.io\/?page_id=12229"},"modified":"2025-10-15T14:49:44","modified_gmt":"2025-10-15T12:49:44","slug":"loymax-loyalty","status":"publish","type":"page","link":"https:\/\/loymax.io\/es\/loymax-loyalty\/","title":{"rendered":"Loymax Loyalty"},"content":{"rendered":"\r\n<section class=\"block-main block-solutions\">\r\n<div class=\"container\">\r\n<div class=\"row\">\r\n<div class=\"col-sm-5 paragraph1\">\r\n<h1 class=\"badge\">Loymax Loyalty<\/h1>\r\n<div>Cree y gestione su Programa de Fidelizaci\u00f3n de cualquier complejidad en nuestro m\u00f3dulo principal sin c\u00f3digo y f\u00e1cil de usar.<\/div>\r\n<div class=\"buttons\"><a class=\"btn-block3 js-scroll-trigger\" href=\"#site-footer\">Contacto<\/a><\/div>\r\n<\/div>\r\n<div class=\"col-sm-7\"><img decoding=\"async\" alt=\"Loyalty Header\" src=\"\/wp-content\/uploads\/2022\/02\/loyalty_header.svg\" \/><\/div>\r\n<\/div>\r\n<\/div>\r\n<\/section>\r\n<div class=\"container\">\r\n<section class=\"faq-block\">\r\n<div class=\"row\">\r\n<div class=\"col-sm-5\"><!--<h3 class=\"solution-text-header-2\">Loyalty Program Core<\/h3>-->\r\n<p class=\"solution-text-header\">Incremente las ventas con escenarios personalizados y promociones relevantes para sus clientes. <br \/><br \/>Loymax es capaz de crear m\u00e1s de <strong>1000 variaciones de promociones y mec\u00e1nicas promocionales<\/strong> incluyendo preferencias y motivadores personales para cada cliente. <br \/><br \/>Usted puede gestionar las reglas de la promoci\u00f3n con un solo clic, establecer su compatibilidad mutua, establecer las prioridades de activaci\u00f3n y elegir el m\u00e9todo matem\u00e1tico para el c\u00e1lculo de las preferencias en nuestra interfaz web sin c\u00f3digos y f\u00e1cil de usar.<\/p>\r\n<!-- <h2>\u041a\u0430\u043a \u044d\u0442\u043e \u0440\u0430\u0431\u043e\u0442\u0430\u0435\u0442?<\/h2>-->\r\n<div class=\"video-block\">\r\n<div><!--<iframe src=\"https:\/\/player.vimeo.com\/video\/656065746?h=e12a1500ed&color=2A78EC&title=0&byline=0&portrait=0\" frameborder=\"0\" allowfullscreen=\"allowfullscreen\"><\/iframe>--><\/div>\r\n<script src=\"https:\/\/player.vimeo.com\/api\/player.js\"><\/script><\/div>\r\n<p class=\"after-video\" style=\"opacity: 0;\">\u00a0<\/p>\r\n<\/div>\r\n<div class=\"col-sm-7 right-faq\">\r\n<div class=\"faq\">\r\n<h3>Descuentos<\/h3>\r\n<p>Aumente su tr\u00e1fico y su recibo medio utilizando descuentos en forma de porcentaje del recibo o de descuento en un producto, en forma de precio especial o de importe fijo.<\/p>\r\n<hr \/><\/div>\r\n<div class=\"faq\">\r\n<h3>Bonificaciones<\/h3>\r\n<p>Disminuya la tasa de rotaci\u00f3n con bonificaciones por compras espec\u00edficas. Personalice las condiciones de concesi\u00f3n de bonificaciones, su cuant\u00eda, las normas de anulaci\u00f3n, la duraci\u00f3n y la caducidad autom\u00e1tica.<\/p>\r\n<hr \/><\/div>\r\n<div class=\"faq\">\r\n<h3>Niveles<\/h3>\r\n<p>Cree y gestione estructuras de niveles para sus clientes y ampl\u00edelas con diferentes recompensas para los distintos niveles.<\/p>\r\n<hr \/><\/div>\r\n<div class=\"faq\">\r\n<h3>Cupones<\/h3>\r\n<p>Atraiga a m\u00e1s clientes con cupones. El m\u00f3dulo admite cupones para la pr\u00f3xima compra, cupones con una etiqueta de seguridad y una recompensa oculta, cupones electr\u00f3nicos, etc.<\/p>\r\n<hr \/><\/div>\r\n<div class=\"faq\">\r\n<h3>Contadores<\/h3>\r\n<p>Utilice contadores para contar acciones o restringir preferencias. Estimule la conducta y la actividad deseadas de los clientes.<\/p>\r\n<hr \/><\/div>\r\n<div class=\"faq\">\r\n<h3>Monedas virtuales<\/h3>\r\n<p>Utiliza como recompensa cualquier cantidad de monedas virtuales: estrellas, fichas, monedas, entre otras. Establezca los par\u00e1metros de d\u00e9bito y devengo para cada una de ellas.<\/p>\r\n<hr \/><\/div>\r\n<div class=\"faq\">\r\n<h3>Paquetes de productos<\/h3>\r\n<p>Combine productos en paquetes e incremente las ventas.<\/p>\r\n<hr \/><\/div>\r\n<div class=\"faq\">\r\n<h3>Productos favoritos<\/h3>\r\n<p>Motive a sus clientes para que se unan al programa de fidelizaci\u00f3n con premios extra por sus productos favoritos.<\/p>\r\n<hr \/><\/div>\r\n<div class=\"faq\">\r\n<h3>Recomendaciones<\/h3>\r\n<p>Recompense a los clientes no solo por sus recomendaciones, sino tambi\u00e9n por sus actividades.<\/p>\r\n<hr \/><\/div>\r\n<\/div>\r\n<\/div>\r\n<\/section>\r\n<section class=\"letter-block\">\r\n<div class=\"row\">\r\n<div class=\"col-sm-5\">\r\n<div class=\"request\">\r\n<div class=\"letter\"><img decoding=\"async\" alt=\"Letter\" src=\"\/wp-content\/uploads\/2021\/12\/letter.svg\" \/><\/div>\r\n<p>Estaremos encantados de responder a sus preguntas sobre los programas de fidelizaci\u00f3n y ayudarle a descubrir c\u00f3mo la plataforma Loymax mejorar\u00e1 el rendimiento de su negocio. P\u00f3ngase en contacto con nuestros representantes de ventas para obtener recomendaciones personalizadas y una presentaci\u00f3n sobre c\u00f3mo trabajar con el software Loymax.<\/p>\r\n<p>Rellene el formulario y nos pondremos en contacto con usted en el plazo de un d\u00eda laborable.<\/p>\r\n<div class=\"buttons\"><a class=\"btn-block3 js-scroll-trigger\" href=\"#\">Contacto<\/a><\/div>\r\n<\/div>\r\n<\/div>\r\n<div class=\"col-sm-7 right-faq\">\r\n<div class=\"faq\">\r\n<h3>Gamificaci\u00f3n y promociones de probabilidad<\/h3>\r\n<p>Conecte cualquier tipo de ofertas en cadenas accionadas que se ejecutan en cualquier orden. Conceda al ganador un superpremio por completar una misi\u00f3n.<\/p>\r\n<hr \/><\/div>\r\n<div class=\"faq\">\r\n<h3>Puntos<\/h3>\r\n<p>Los puntos acumulados pueden canjearse autom\u00e1ticamente por las preferencias seleccionadas. Por ejemplo, por un descuento para un producto espec\u00edfico, un cup\u00f3n o un nuevo nivel en el programa de fidelizaci\u00f3n.<\/p>\r\n<\/div>\r\n<!-- <hr \/>\r\n<div class=\"faq\">\r\n<h3>\u0418\u043d\u0442\u0435\u0433\u0440\u0430\u0446\u0438\u044f<\/h3>\r\n<p>Integration with most of Point of Sales software, communication service providers and your current infrastructure.<\/p>\r\n<\/div> --><\/div>\r\n<\/div>\r\n<\/section>\r\n<\/div>\r\n<div class=\"solutions-background\">\r\n<div class=\"container\">\r\n<section class=\"full-width\">\r\n<div class=\"row\">\r\n<div class=\"col-sm-12\">\r\n<div class=\"arrow-class\">\u00a0<\/div>\r\n<div class=\"about-slider2\">\r\n<div><img loading=\"lazy\" decoding=\"async\" class=\"alignnone size-full wp-image-5551\" src=\"https:\/\/loymax.io\/wp-content\/uploads\/2022\/09\/001-2.png\" alt=\"\" width=\"620\" height=\"372\" srcset=\"https:\/\/loymax.io\/wp-content\/uploads\/2022\/09\/001-2.png 620w, https:\/\/loymax.io\/wp-content\/uploads\/2022\/09\/001-2-300x180.png 300w\" sizes=\"auto, (max-width: 620px) 100vw, 620px\" \/><\/div>\r\n<div><img loading=\"lazy\" decoding=\"async\" class=\"alignnone size-full wp-image-5552\" src=\"https:\/\/loymax.io\/wp-content\/uploads\/2022\/09\/002-2.png\" alt=\"\" width=\"620\" height=\"372\" srcset=\"https:\/\/loymax.io\/wp-content\/uploads\/2022\/09\/002-2.png 620w, https:\/\/loymax.io\/wp-content\/uploads\/2022\/09\/002-2-300x180.png 300w\" sizes=\"auto, (max-width: 620px) 100vw, 620px\" \/><\/div>\r\n<div><img loading=\"lazy\" decoding=\"async\" class=\"alignnone size-full wp-image-5553\" src=\"https:\/\/loymax.io\/wp-content\/uploads\/2022\/09\/003-1.png\" alt=\"\" width=\"620\" height=\"372\" srcset=\"https:\/\/loymax.io\/wp-content\/uploads\/2022\/09\/003-1.png 620w, https:\/\/loymax.io\/wp-content\/uploads\/2022\/09\/003-1-300x180.png 300w\" sizes=\"auto, (max-width: 620px) 100vw, 620px\" \/><\/div>\r\n<div><img loading=\"lazy\" decoding=\"async\" class=\"alignnone size-full wp-image-5554\" src=\"https:\/\/loymax.io\/wp-content\/uploads\/2022\/09\/005-1.png\" alt=\"\" width=\"620\" height=\"372\" srcset=\"https:\/\/loymax.io\/wp-content\/uploads\/2022\/09\/005-1.png 620w, https:\/\/loymax.io\/wp-content\/uploads\/2022\/09\/005-1-300x180.png 300w\" sizes=\"auto, (max-width: 620px) 100vw, 620px\" \/>\u00a0<\/div>\r\n<div><img loading=\"lazy\" decoding=\"async\" class=\"alignnone size-full wp-image-5556\" src=\"https:\/\/loymax.io\/wp-content\/uploads\/2022\/09\/004-1.png\" alt=\"\" width=\"620\" height=\"372\" srcset=\"https:\/\/loymax.io\/wp-content\/uploads\/2022\/09\/004-1.png 620w, https:\/\/loymax.io\/wp-content\/uploads\/2022\/09\/004-1-300x180.png 300w\" sizes=\"auto, (max-width: 620px) 100vw, 620px\" \/><\/div>\r\n<div class=\"hidden-xs\">\u00a0<\/div>\r\n<\/div>\r\n<\/div>\r\n<\/div>\r\n<\/section>\r\n<section class=\"bottom-solutions\">\r\n<div class=\"row\">\r\n<div class=\"col-sm-5\"><img decoding=\"async\" alt=\"Loyalty Bottom\" src=\"\/wp-content\/uploads\/2022\/02\/loyalty-bottom.svg\" \/><\/div>\r\n<div class=\"col-sm-7\">\r\n<h2>Nuestro flexible conjunto de herramientas le permitir\u00e1 crear f\u00e1cilmente escenarios exclusivos de promoci\u00f3n:<\/h2>\r\n<ul>\r\n<li>Si un cliente no utiliz\u00f3 un cup\u00f3n \u2192 se le ofrecer\u00e1 un regalo por comprar un producto espec\u00edfico<\/li>\r\n<li>Si el cliente ignor\u00f3 el regalo \u2192 se le ofrecer\u00e1 un % extra de bonificaciones por un producto espec\u00edfico<\/li>\r\n<li>Si al cliente no le motivaba un descuento extra sobre el importe concreto del recibo \u2192 le ofreceremos un cup\u00f3n con un descuento fijo<\/li>\r\n<\/ul>\r\n<\/div>\r\n<\/div>\r\n<!--<div class=\"row\">\r\n    <div class=\"col-sm-12\">\r\n        <h2>Extension modules<\/h2>\r\n    <\/div>\r\n    <\/div>\r\n    <div class=\"row\">\r\n      <div class=\"col-sm-3\">\r\n        <div class=\"modules\">\r\n          <h3>Omnichannel Engagement<\/h3>\r\n          <p>Mobile App, Digital Wallet, Personal Account for Loyalty Program Members, Chat Bot \u2014 we help to integrate...<\/p>\r\n          <img decoding=\"async\" alt=\"Slide1\" src=\"\/wp-content\/uploads\/2021\/12\/slide1.svg\">\r\n        <\/div>\r\n      <\/div>\r\n      <div class=\"col-sm-3\"><span data-mce-type=\"bookmark\" style=\"display: inline-block; width: 0px; overflow: hidden; line-height: 0;\" class=\"mce_SELRES_start\"><\/span>\r\n        <div class=\"modules\">\r\n          <h3>Smart Communications<\/h3>\r\n          <p>Expand communications with your customers using Big Data and 360 profile<\/p>\r\n          <img decoding=\"async\" alt=\"Slide1\" src=\"\/wp-content\/uploads\/2021\/12\/slide1.svg\">\r\n        <\/div>\r\n      <\/div>\r\n      <div class=\"col-sm-3\">\r\n        <div class=\"modules\">\r\n          <h3>Business Intelligence<\/h3>\r\n          <p>Get the most of your Loyalty Program with our reporting and advanced analytics module<\/p>\r\n          <img decoding=\"async\" alt=\"Slide1\" src=\"\/wp-content\/uploads\/2021\/12\/slide1.svg\">\r\n        <\/div>\r\n      <\/div>\r\n      <div class=\"col-sm-3\">\r\n        <div class=\"modules\">\r\n          <h3>Machine <br>Learning<\/h3>\r\n          <p>The most advanced product that increase Retail Sales by 4% Without Increasing Marketing Team Labor<\/p>\r\n          <img decoding=\"async\" alt=\"Slide1\" src=\"\/wp-content\/uploads\/2021\/12\/slide1.svg\">\r\n        <\/div>\r\n      <\/div>\r\n    <\/div>--><\/section>\r\n<\/div>\r\n<\/div>\r\n","protected":false},"excerpt":{"rendered":"<p>Loymax Loyalty Cree y gestione su Programa de Fidelizaci\u00f3n de cualquier complejidad en nuestro m\u00f3dulo principal sin c\u00f3digo y f\u00e1cil de usar. Contacto Incremente las ventas con escenarios personalizados y promociones relevantes para sus clientes. Loymax es capaz de crear m\u00e1s de 1000 variaciones de promociones y mec\u00e1nicas promocionales incluyendo preferencias y motivadores personales para&hellip;&nbsp;<a href=\"https:\/\/loymax.io\/es\/loymax-loyalty\/\" class=\"\" rel=\"bookmark\">Leer m\u00e1s &raquo;<span class=\"screen-reader-text\">Loymax Loyalty<\/span><\/a><\/p>\n","protected":false},"author":1,"featured_media":0,"parent":0,"menu_order":11,"comment_status":"closed","ping_status":"closed","template":"solutions.php","meta":{"_acf_changed":false,"content-type":"","footnotes":""},"class_list":["post-12229","page","type-page","status-publish","hentry"],"acf":[],"yoast_head":"<!-- This site is optimized with the Yoast SEO plugin v27.3 - https:\/\/yoast.com\/product\/yoast-seo-wordpress\/ -->\n<title>Cree programas de fidelizaci\u00f3n con Loymax Loyalty<\/title>\n<meta name=\"description\" content=\"Cree y gestione programas de fidelizaci\u00f3n de cualquier complejidad en una interfaz unificada y sin necesidad de programaci\u00f3n.\" \/>\n<meta name=\"robots\" content=\"index, follow, max-snippet:-1, max-image-preview:large, max-video-preview:-1\" \/>\n<link rel=\"canonical\" href=\"https:\/\/loymax.io\/es\/loymax-loyalty\/\" \/>\n<meta property=\"og:locale\" content=\"es_ES\" \/>\n<meta property=\"og:type\" content=\"article\" \/>\n<meta property=\"og:title\" content=\"Cree programas de fidelizaci\u00f3n con Loymax Loyalty\" \/>\n<meta property=\"og:description\" content=\"Cree y gestione programas de fidelizaci\u00f3n de cualquier complejidad en una interfaz unificada y sin necesidad de programaci\u00f3n.\" \/>\n<meta property=\"og:url\" content=\"https:\/\/loymax.io\/es\/loymax-loyalty\/\" \/>\n<meta property=\"og:site_name\" content=\"Loymax\" \/>\n<meta property=\"article:modified_time\" content=\"2025-10-15T12:49:44+00:00\" \/>\n<meta property=\"og:image\" content=\"https:\/\/loymax.io\/wp-content\/uploads\/2022\/09\/001-2.png\" \/>\n<meta name=\"twitter:card\" content=\"summary_large_image\" \/>\n<meta name=\"twitter:label1\" content=\"Tiempo de lectura\" \/>\n\t<meta name=\"twitter:data1\" content=\"4 minutos\" \/>\n<script type=\"application\/ld+json\" class=\"yoast-schema-graph\">{\"@context\":\"https:\\\/\\\/schema.org\",\"@graph\":[{\"@type\":\"WebPage\",\"@id\":\"https:\\\/\\\/loymax.io\\\/es\\\/loymax-loyalty\\\/\",\"url\":\"https:\\\/\\\/loymax.io\\\/es\\\/loymax-loyalty\\\/\",\"name\":\"Cree programas de fidelizaci\u00f3n con Loymax Loyalty\",\"isPartOf\":{\"@id\":\"https:\\\/\\\/loymax.io\\\/es\\\/#website\"},\"primaryImageOfPage\":{\"@id\":\"https:\\\/\\\/loymax.io\\\/es\\\/loymax-loyalty\\\/#primaryimage\"},\"image\":{\"@id\":\"https:\\\/\\\/loymax.io\\\/es\\\/loymax-loyalty\\\/#primaryimage\"},\"thumbnailUrl\":\"https:\\\/\\\/loymax.io\\\/wp-content\\\/uploads\\\/2022\\\/09\\\/001-2.png\",\"datePublished\":\"2022-02-01T20:30:29+00:00\",\"dateModified\":\"2025-10-15T12:49:44+00:00\",\"description\":\"Cree y gestione programas de fidelizaci\u00f3n de cualquier complejidad en una interfaz unificada y sin necesidad de programaci\u00f3n.\",\"breadcrumb\":{\"@id\":\"https:\\\/\\\/loymax.io\\\/es\\\/loymax-loyalty\\\/#breadcrumb\"},\"inLanguage\":\"es\",\"potentialAction\":[{\"@type\":\"ReadAction\",\"target\":[\"https:\\\/\\\/loymax.io\\\/es\\\/loymax-loyalty\\\/\"]}]},{\"@type\":\"ImageObject\",\"inLanguage\":\"es\",\"@id\":\"https:\\\/\\\/loymax.io\\\/es\\\/loymax-loyalty\\\/#primaryimage\",\"url\":\"https:\\\/\\\/loymax.io\\\/wp-content\\\/uploads\\\/2022\\\/09\\\/001-2.png\",\"contentUrl\":\"https:\\\/\\\/loymax.io\\\/wp-content\\\/uploads\\\/2022\\\/09\\\/001-2.png\"},{\"@type\":\"BreadcrumbList\",\"@id\":\"https:\\\/\\\/loymax.io\\\/es\\\/loymax-loyalty\\\/#breadcrumb\",\"itemListElement\":[{\"@type\":\"ListItem\",\"position\":1,\"name\":\"\u0413\u043b\u0430\u0432\u043d\u0430\u044f \u0441\u0442\u0440\u0430\u043d\u0438\u0446\u0430\",\"item\":\"https:\\\/\\\/loymax.io\\\/es\\\/\"},{\"@type\":\"ListItem\",\"position\":2,\"name\":\"Loymax Loyalty\"}]},{\"@type\":\"WebSite\",\"@id\":\"https:\\\/\\\/loymax.io\\\/es\\\/#website\",\"url\":\"https:\\\/\\\/loymax.io\\\/es\\\/\",\"name\":\"Loymax\",\"description\":\"Loyalty Management and Marketing Automation Platform\",\"publisher\":{\"@id\":\"https:\\\/\\\/loymax.io\\\/es\\\/#organization\"},\"potentialAction\":[{\"@type\":\"SearchAction\",\"target\":{\"@type\":\"EntryPoint\",\"urlTemplate\":\"https:\\\/\\\/loymax.io\\\/es\\\/?s={search_term_string}\"},\"query-input\":{\"@type\":\"PropertyValueSpecification\",\"valueRequired\":true,\"valueName\":\"search_term_string\"}}],\"inLanguage\":\"es\"},{\"@type\":\"Organization\",\"@id\":\"https:\\\/\\\/loymax.io\\\/es\\\/#organization\",\"name\":\"Loymax\",\"url\":\"https:\\\/\\\/loymax.io\\\/es\\\/\",\"logo\":{\"@type\":\"ImageObject\",\"inLanguage\":\"es\",\"@id\":\"https:\\\/\\\/loymax.io\\\/es\\\/#\\\/schema\\\/logo\\\/image\\\/\",\"url\":\"https:\\\/\\\/loymax.io\\\/wp-content\\\/uploads\\\/2024\\\/09\\\/cropped-cropped-loymax-mt-logo.jpg\",\"contentUrl\":\"https:\\\/\\\/loymax.io\\\/wp-content\\\/uploads\\\/2024\\\/09\\\/cropped-cropped-loymax-mt-logo.jpg\",\"width\":1359,\"height\":417,\"caption\":\"Loymax\"},\"image\":{\"@id\":\"https:\\\/\\\/loymax.io\\\/es\\\/#\\\/schema\\\/logo\\\/image\\\/\"}}]}<\/script>\n<!-- \/ Yoast SEO plugin. -->","yoast_head_json":{"title":"Cree programas de fidelizaci\u00f3n con Loymax Loyalty","description":"Cree y gestione programas de fidelizaci\u00f3n de cualquier complejidad en una interfaz unificada y sin necesidad de programaci\u00f3n.","robots":{"index":"index","follow":"follow","max-snippet":"max-snippet:-1","max-image-preview":"max-image-preview:large","max-video-preview":"max-video-preview:-1"},"canonical":"https:\/\/loymax.io\/es\/loymax-loyalty\/","og_locale":"es_ES","og_type":"article","og_title":"Cree programas de fidelizaci\u00f3n con Loymax Loyalty","og_description":"Cree y gestione programas de fidelizaci\u00f3n de cualquier complejidad en una interfaz unificada y sin necesidad de programaci\u00f3n.","og_url":"https:\/\/loymax.io\/es\/loymax-loyalty\/","og_site_name":"Loymax","article_modified_time":"2025-10-15T12:49:44+00:00","og_image":[{"url":"https:\/\/loymax.io\/wp-content\/uploads\/2022\/09\/001-2.png","type":"","width":"","height":""}],"twitter_card":"summary_large_image","twitter_misc":{"Tiempo de lectura":"4 minutos"},"schema":{"@context":"https:\/\/schema.org","@graph":[{"@type":"WebPage","@id":"https:\/\/loymax.io\/es\/loymax-loyalty\/","url":"https:\/\/loymax.io\/es\/loymax-loyalty\/","name":"Cree programas de fidelizaci\u00f3n con Loymax Loyalty","isPartOf":{"@id":"https:\/\/loymax.io\/es\/#website"},"primaryImageOfPage":{"@id":"https:\/\/loymax.io\/es\/loymax-loyalty\/#primaryimage"},"image":{"@id":"https:\/\/loymax.io\/es\/loymax-loyalty\/#primaryimage"},"thumbnailUrl":"https:\/\/loymax.io\/wp-content\/uploads\/2022\/09\/001-2.png","datePublished":"2022-02-01T20:30:29+00:00","dateModified":"2025-10-15T12:49:44+00:00","description":"Cree y gestione programas de fidelizaci\u00f3n de cualquier complejidad en una interfaz unificada y sin necesidad de programaci\u00f3n.","breadcrumb":{"@id":"https:\/\/loymax.io\/es\/loymax-loyalty\/#breadcrumb"},"inLanguage":"es","potentialAction":[{"@type":"ReadAction","target":["https:\/\/loymax.io\/es\/loymax-loyalty\/"]}]},{"@type":"ImageObject","inLanguage":"es","@id":"https:\/\/loymax.io\/es\/loymax-loyalty\/#primaryimage","url":"https:\/\/loymax.io\/wp-content\/uploads\/2022\/09\/001-2.png","contentUrl":"https:\/\/loymax.io\/wp-content\/uploads\/2022\/09\/001-2.png"},{"@type":"BreadcrumbList","@id":"https:\/\/loymax.io\/es\/loymax-loyalty\/#breadcrumb","itemListElement":[{"@type":"ListItem","position":1,"name":"\u0413\u043b\u0430\u0432\u043d\u0430\u044f \u0441\u0442\u0440\u0430\u043d\u0438\u0446\u0430","item":"https:\/\/loymax.io\/es\/"},{"@type":"ListItem","position":2,"name":"Loymax Loyalty"}]},{"@type":"WebSite","@id":"https:\/\/loymax.io\/es\/#website","url":"https:\/\/loymax.io\/es\/","name":"Loymax","description":"Loyalty Management and Marketing Automation Platform","publisher":{"@id":"https:\/\/loymax.io\/es\/#organization"},"potentialAction":[{"@type":"SearchAction","target":{"@type":"EntryPoint","urlTemplate":"https:\/\/loymax.io\/es\/?s={search_term_string}"},"query-input":{"@type":"PropertyValueSpecification","valueRequired":true,"valueName":"search_term_string"}}],"inLanguage":"es"},{"@type":"Organization","@id":"https:\/\/loymax.io\/es\/#organization","name":"Loymax","url":"https:\/\/loymax.io\/es\/","logo":{"@type":"ImageObject","inLanguage":"es","@id":"https:\/\/loymax.io\/es\/#\/schema\/logo\/image\/","url":"https:\/\/loymax.io\/wp-content\/uploads\/2024\/09\/cropped-cropped-loymax-mt-logo.jpg","contentUrl":"https:\/\/loymax.io\/wp-content\/uploads\/2024\/09\/cropped-cropped-loymax-mt-logo.jpg","width":1359,"height":417,"caption":"Loymax"},"image":{"@id":"https:\/\/loymax.io\/es\/#\/schema\/logo\/image\/"}}]}},"_links":{"self":[{"href":"https:\/\/loymax.io\/es\/wp-json\/wp\/v2\/pages\/12229","targetHints":{"allow":["GET"]}}],"collection":[{"href":"https:\/\/loymax.io\/es\/wp-json\/wp\/v2\/pages"}],"about":[{"href":"https:\/\/loymax.io\/es\/wp-json\/wp\/v2\/types\/page"}],"author":[{"embeddable":true,"href":"https:\/\/loymax.io\/es\/wp-json\/wp\/v2\/users\/1"}],"replies":[{"embeddable":true,"href":"https:\/\/loymax.io\/es\/wp-json\/wp\/v2\/comments?post=12229"}],"version-history":[{"count":15,"href":"https:\/\/loymax.io\/es\/wp-json\/wp\/v2\/pages\/12229\/revisions"}],"predecessor-version":[{"id":24717,"href":"https:\/\/loymax.io\/es\/wp-json\/wp\/v2\/pages\/12229\/revisions\/24717"}],"wp:attachment":[{"href":"https:\/\/loymax.io\/es\/wp-json\/wp\/v2\/media?parent=12229"}],"curies":[{"name":"wp","href":"https:\/\/api.w.org\/{rel}","templated":true}]}}