{"id":12251,"date":"2022-02-06T22:31:09","date_gmt":"2022-02-06T20:31:09","guid":{"rendered":"https:\/\/loymax.io\/?page_id=12251"},"modified":"2024-09-06T11:46:16","modified_gmt":"2024-09-06T09:46:16","slug":"machine-learning","status":"publish","type":"page","link":"https:\/\/loymax.io\/es\/machine-learning\/","title":{"rendered":"Machine Learning"},"content":{"rendered":"\r\n<section class=\"block-main block-solutions\">\r\n<div class=\"container\">\r\n<div class=\"row\">\r\n<div class=\"col-sm-5 paragraph1\">\r\n<h1 class=\"badge\">Machine Learning<\/h1>\r\n<div>Este m\u00f3dulo ayuda a crear una relaci\u00f3n duradera con sus clientes y a reducir el riesgo de que el factor humano tome una decisi\u00f3n equivocada.<\/div>\r\n<div class=\"buttons\"><a class=\"btn-block3 js-scroll-trigger\" href=\"#site-footer\">Contacto<\/a><\/div>\r\n<\/div>\r\n<div class=\"col-sm-7 ml\"><img decoding=\"async\" alt=\"Ml Header\" src=\"\/wp-content\/uploads\/2022\/02\/ml_header.svg\"\/><\/div>\r\n<\/div>\r\n<\/div>\r\n<\/section>\r\n<div class=\"container\">\r\n<section class=\"faq-block\">\r\n<div class=\"row\">\r\n<div class=\"col-sm-7\">\r\n<h3 class=\"solution-text-header-2\">Promociones personalizadas para sus clientes, basadas en el aprendizaje autom\u00e1tico<\/h3>\r\n<\/div>\r\n<\/div>\r\n<div class=\"row\">\r\n<div class=\"col-sm-5 offset-sm-1 center-faq\">\r\n<div class=\"faq faq-sm\">\r\n<h3>Personalizaci\u00f3n de ofertas para <strong>cada <\/strong>cliente<\/h3>\r\n<p>Transformaci\u00f3n del programa de fidelizaci\u00f3n y posibilidad de hacerlo verdaderamente personalizado.<\/p>\r\n<\/div>\r\n<div class=\"faq faq-sm\">\r\n<h3>Estrategias combinadas<\/h3>\r\n<p>Impacte en todas las estrategias al mismo tiempo, trabaje con el retorno, la retenci\u00f3n y la rotaci\u00f3n de clientes. Marque la diferencia frente a la competencia generando <strong>millones de promociones personalizadas<\/strong> para millones de clientes por d\u00eda.<\/p>\r\n<\/div>\r\n<\/div>\r\n<div class=\"col-sm-5 offset-sm-1 center-faq\">\r\n<div class=\"faq faq-sm\">\r\n<h3>Trabajo con la rotaci\u00f3n de clientes<\/h3>\r\n<p>Reducci\u00f3n de los costes de devoluci\u00f3n por rotaci\u00f3n (comunicaciones y recompensas)<\/p>\r\n<\/div>\r\n<div class=\"faq faq-sm\">\r\n<h3>Recibo promedio<\/h3>\r\n<p>El m\u00f3dulo analiza la conducta de cada cliente y sugiere productos que encajan en su carrito de compras. Esto ayuda a aumentar el recibo promedio.<\/p>\r\n<\/div>\r\n<div class=\"faq faq-sm\">\r\n<h3>Frecuencia de compra<\/h3>\r\n<p>El cliente est\u00e1 interesado en promociones personalizadas y est\u00e1 dispuesto a realizar compras con mayor frecuencia.<\/p>\r\n<\/div>\r\n<\/div>\r\n<\/div>\r\n<\/section>\r\n<\/div>\r\n<section class=\"faq-block faq-block2\">\r\n<div class=\"container\">\r\n<div class=\"row\">\r\n<div class=\"col-sm-7\">\r\n<h3 class=\"solution-text-header-2\">Ventajas de un sistema de recomendaciones basado en el aprendizaje autom\u00e1tico<\/h3>\r\n<\/div>\r\n<div class=\"col-sm-5\">\r\n<p class=\"solution-text-header-2\">Solo un sistema automatizado podr\u00e1 ejecutar una promoci\u00f3n para <strong>cada<\/strong> cliente<\/p>\r\n<\/div>\r\n<\/div>\r\n<div class=\"row\">\r\n<div class=\"col-sm-6\">\r\n<div class=\"modules2\">\r\n<h3>Funciones del equipo de marketing<\/h3>\r\n<ul>\r\n<li>Ejecuci\u00f3n de hasta <strong>500 <\/strong>promociones al mes.<\/li>\r\n<li>An\u00e1lisis de hasta <strong>100<\/strong> segmentos objetivo.<\/li>\r\n<li>Generaci\u00f3n de hasta <strong>200 <\/strong>ofertas de productos diferentes (producto o grupo de productos).<\/li>\r\n<\/ul>\r\n<\/div>\r\n<\/div>\r\n<div class=\"col-sm-6\">\r\n<div class=\"modules2\">\r\n<h3>Capacidades del m\u00f3dulo de aprendizaje autom\u00e1tico<\/h3>\r\n<ul>\r\n<li>Ejecuci\u00f3n de hasta <strong>10.000.000<\/strong> de promociones al d\u00eda.<\/li>\r\n<li>An\u00e1lisis de hasta <strong>100.000.000<\/strong> de clientes.<\/li>\r\n<li>Generaci\u00f3n de hasta <strong>1.000.000<\/strong> de ofertas de productos diferentes.<\/li>\r\n<\/ul>\r\n<\/div>\r\n<\/div>\r\n<\/div>\r\n<div class=\"row\">\r\n<div class=\"col-sm-7\">\r\n<h3 class=\"solution-text-header-2\">M\u00f3dulo de aprendizaje autom\u00e1tico<\/h3>\r\n<\/div>\r\n<\/div>\r\n<div class=\"row\">\r\n<div class=\"col-sm-4\">\r\n<h3>Uso del m\u00f3dulo<\/h3>\r\n<ul>\r\n<li>Para empresas con una base de clientes igual o superior a 300.000 (tarjetas de fidelidad).<\/li>\r\n<li>Totalmente aut\u00f3nomo e integrable en cualquier infraestructura inform\u00e1tica.<\/li>\r\n<\/ul>\r\n<\/div>\r\n<div class=\"col-sm-4\">\r\n<h3>Valor empresarial<\/h3>\r\n<ul>\r\n<li>Ahorre en descuentos diversificando las ofertas.<\/li>\r\n<li>Mejora de la eficacia de los programas de fidelizaci\u00f3n aumentando el cheque medio, la frecuencia de las compras y la cuota de art\u00edculos de alto margen en el recibo.<\/li>\r\n<li>Reducci\u00f3n de la carga del equipo de marketing, que puede centrarse en promociones masivas y atraer nuevos clientes.<\/li>\r\n<\/ul>\r\n<\/div>\r\n<div class=\"col-sm-4\"><img decoding=\"async\" alt=\"Module2img\" class=\"faq-block2-img\" src=\"\/wp-content\/uploads\/2022\/02\/module2img.svg\"\/><\/div>\r\n<\/div>\r\n<\/div>\r\n<\/section>\r\n<section class=\"scheme\">\r\n<div class=\"container\">\r\n<div class=\"row\">\r\n<div class=\"col-sm-7\">\r\n<h3 class=\"solution-text-header-2\">Trayectoria del cliente<br\/>Informaci\u00f3n al cliente<\/h3>\r\n<\/div>\r\n<\/div>\r\n<div class=\"row\">\r\n<div class=\"col-sm-12\">\r\n<div class=\"cover-image\"><img decoding=\"async\" alt=\"Ml Scheme\" src=\"\/wp-content\/uploads\/2022\/03\/ml-scheme.svg\"\/><\/div>\r\n<\/div>\r\n<\/div>\r\n<\/div>\r\n<\/section>\r\n<!--<section><img decoding=\"async\" alt=\"Ml Scheme\" src=\"\/wp-content\/uploads\/2022\/02\/ml-scheme.svg\"><\/section>-->\r\n<section class=\"system-module\">\r\n<div class=\"container\">\r\n<div class=\"row\">\r\n<div class=\"col-sm-12\">\r\n<h3 class=\"solution-text-header-2\">C\u00f3mo funciona<\/h3>\r\n<\/div>\r\n<\/div>\r\n<div class=\"row\">\r\n<div class=\"col-sm-3\">\r\n<div class=\"modules\"><img decoding=\"async\" src=\"\/wp-content\/uploads\/2022\/05\/ml_sys1_1.png\"\/>\r\n<h3>An\u00e1lisis de datos hist\u00f3ricos<\/h3>\r\n<p>CADA cliente para m\u00e1s de 1000 par\u00e1metros<\/p>\r\n<\/div>\r\n<\/div>\r\n<div class=\"col-sm-3\">\r\n<div class=\"modules\"><img decoding=\"async\" alt=\"Ml Sys2\" src=\"\/wp-content\/uploads\/2022\/02\/ml_sys2.svg\"\/>\r\n<h3>Selecci\u00f3n de la oferta de productos<\/h3>\r\n<p>10 productos relevantes de toda la gama<\/p>\r\n<\/div>\r\n<\/div>\r\n<div class=\"col-sm-3\">\r\n<div class=\"modules\"><img decoding=\"async\" alt=\"Ml Sys3\" src=\"\/wp-content\/uploads\/2022\/02\/ml_sys3.svg\"\/>\r\n<h3>Selecci\u00f3n del importe del descuento<\/h3>\r\n<p>Suficiente para hacer una compra<\/p>\r\n<\/div>\r\n<\/div>\r\n<div class=\"col-sm-3\">\r\n<div class=\"modules\"><img decoding=\"async\" alt=\"Ml Sys4\" src=\"\/wp-content\/uploads\/2022\/02\/ml_sys4.svg\"\/>\r\n<h3>Evaluaci\u00f3n de la eficiencia (aprendizaje del sistema)<\/h3>\r\n<p>Para seleccionar una nueva oferta<\/p>\r\n<\/div>\r\n<\/div>\r\n<\/div>\r\n<\/div>\r\n<\/section>\r\n<section class=\"scheme2\">\r\n<div class=\"container\">\r\n<div class=\"row\">\r\n<div class=\"col-sm-7\">\r\n<h3 class=\"solution-text-header-2\">Autosuficiencia<\/h3>\r\n<\/div>\r\n<\/div>\r\n<div class=\"row\">\r\n<div class=\"col-sm-12\"><img loading=\"lazy\" decoding=\"async\" class=\"alignnone size-full wp-image-583\" src=\"https:\/\/loymax.io\/wp-content\/uploads\/2022\/02\/scheme2.svg\" alt=\"\" width=\"1001\" height=\"389\"\/><\/div>\r\n<div>\u00a0<\/div>\r\n<\/div>\r\n<\/div>\r\n<\/section>\r\n<section class=\"system-result\">\r\n<div class=\"container\">\r\n<div class=\"row\">\r\n<div class=\"col-sm-7\">\r\n<h3 class=\"solution-text-header-2\">El resultado es una promoci\u00f3n personalizada relevante para cada cliente<\/h3>\r\n<\/div>\r\n<\/div>\r\n<div class=\"row\">\r\n<div class=\"col-sm-12\">\r\n<table class=\"table table-striped table-responsive\">\r\n<thead>\r\n<tr>\r\n<th scope=\"col\">Cliente<\/th>\r\n<th scope=\"col\">Oferta<\/th>\r\n<th scope=\"col\">Objetivo<\/th>\r\n<\/tr>\r\n<\/thead>\r\n<tbody>\r\n<tr>\r\n<th scope=\"row\"><img decoding=\"async\" alt=\"Sys Res\" src=\"\/wp-content\/uploads\/2022\/02\/sys-res.svg\"\/><\/th>\r\n<td>Descuento por producto<\/td>\r\n<td>Promoci\u00f3n de productos de alto margen, reduciendo la rotaci\u00f3n en la categor\u00eda<\/td>\r\n<\/tr>\r\n<tr>\r\n<th scope=\"row\"><img decoding=\"async\" alt=\"Sys Res\" src=\"\/wp-content\/uploads\/2022\/02\/sys-res.svg\"\/><\/th>\r\n<td>Descuento en art\u00edculos de selecci\u00f3n limitada<\/td>\r\n<td>Crecimiento del recibo medio<\/td>\r\n<\/tr>\r\n<tr>\r\n<th scope=\"row\"><img decoding=\"async\" alt=\"Sys Res\" src=\"\/wp-content\/uploads\/2022\/02\/sys-res.svg\"\/><\/th>\r\n<td>Mayor descuento en productos<\/td>\r\n<td>Crecimiento del recibo medio<\/td>\r\n<\/tr>\r\n<tr>\r\n<th scope=\"row\"><img decoding=\"async\" alt=\"Sys Res\" src=\"\/wp-content\/uploads\/2022\/02\/sys-res.svg\"\/><\/th>\r\n<td>Descuento en un producto o categor\u00eda (cada uno en su d\u00eda)<\/td>\r\n<td>Aumentar la frecuencia de las compras<\/td>\r\n<\/tr>\r\n<tr>\r\n<th scope=\"row\"><img decoding=\"async\" alt=\"Sys Res\" src=\"\/wp-content\/uploads\/2022\/02\/sys-res.svg\"\/><\/th>\r\n<td>Mayor descuento en toda la compra a partir de un determinado importe<\/td>\r\n<td>Reducir la rotaci\u00f3n<\/td>\r\n<\/tr>\r\n<\/tbody>\r\n<\/table>\r\n<\/div>\r\n<\/div>\r\n<\/div>\r\n<\/section>\r\n<section class=\"faq-block faq-block3\">\r\n<div class=\"container\">\r\n<div class=\"row\">\r\n<div class=\"col-sm-7\">\r\n<h3 class=\"solution-text-header-2\">Integraci\u00f3n de infraestructuras inform\u00e1ticas<\/h3>\r\n<\/div>\r\n<\/div>\r\n<div class=\"row\">\r\n<div class=\"col-sm-6\">\r\n<div class=\"modules2\">\r\n<h3>Sistema de recomendaciones<\/h3>\r\n<img loading=\"lazy\" decoding=\"async\" class=\"alignnone wp-image-5532\" src=\"https:\/\/loymax.io\/wp-content\/uploads\/2022\/09\/001.png\" alt=\"\" width=\"610\" height=\"216\" srcset=\"https:\/\/loymax.io\/wp-content\/uploads\/2022\/09\/001.png 610w, https:\/\/loymax.io\/wp-content\/uploads\/2022\/09\/001-300x106.png 300w\" sizes=\"auto, (max-width: 610px) 100vw, 610px\" \/><\/div>\r\n<\/div>\r\n<div class=\"col-sm-6\">\r\n<div class=\"modules2\">\r\n<div class=\"row\">\r\n<div class=\"col-sm-6\">\r\n<h3>Plan de aplicaci\u00f3n<\/h3>\r\n<\/div>\r\n<div class=\"col-sm-6\">\r\n<p>Core + Sistema de recomendaciones<\/p>\r\n<\/div>\r\n<\/div>\r\n<img loading=\"lazy\" decoding=\"async\" class=\"alignnone wp-image-5531\" src=\"https:\/\/loymax.io\/wp-content\/uploads\/2022\/09\/002.png\" alt=\"\" width=\"595\" height=\"167\" srcset=\"https:\/\/loymax.io\/wp-content\/uploads\/2022\/09\/002.png 595w, https:\/\/loymax.io\/wp-content\/uploads\/2022\/09\/002-300x84.png 300w\" sizes=\"auto, (max-width: 595px) 100vw, 595px\" \/><\/div>\r\n<\/div>\r\n<\/div>\r\n<\/div>\r\n<\/section>\r\n<p>\u00a0<\/p>\r\n<p>\u00a0<\/p>\r\n<p>\u00a0<\/p>\r\n<p>\u00a0<\/p>\r\n<p>\u00a0<\/p>\r\n<div class=\"solutions-background-2\">\r\n<div class=\"container\"><!--\r\n<section class=\"full-width\">\r\n<div class=\"row\">\r\n<div class=\"col-sm-12\">\r\n<div class=\"arrow-class\">\u00a0<\/div>\r\n<div class=\"about-slider2\">\r\n<div><img decoding=\"async\" src=\"\/wp-content\/uploads\/2021\/12\/scr1.png\" \/><\/div>\r\n<div><img decoding=\"async\" src=\"\/wp-content\/uploads\/2021\/12\/scr2.png\" \/><\/div>\r\n<div><img decoding=\"async\" src=\"\/wp-content\/uploads\/2021\/12\/scr1.png\" \/><\/div>\r\n<div><img decoding=\"async\" src=\"\/wp-content\/uploads\/2021\/12\/scr2.png\" \/><\/div>\r\n<div><img decoding=\"async\" src=\"\/wp-content\/uploads\/2021\/12\/scr1.png\" \/><\/div>\r\n<\/div>\r\n<\/div>\r\n<\/div>\r\n<\/section>\r\n--><\/div>\r\n<\/div>\r\n","protected":false},"excerpt":{"rendered":"<p>Machine Learning Este m\u00f3dulo ayuda a crear una relaci\u00f3n duradera con sus clientes y a reducir el riesgo de que el factor humano tome una decisi\u00f3n equivocada. Contacto Promociones personalizadas para sus clientes, basadas en el aprendizaje autom\u00e1tico Personalizaci\u00f3n de ofertas para cada cliente Transformaci\u00f3n del programa de fidelizaci\u00f3n y posibilidad de hacerlo verdaderamente personalizado.&hellip;&nbsp;<a href=\"https:\/\/loymax.io\/es\/machine-learning\/\" class=\"\" rel=\"bookmark\">Leer m\u00e1s &raquo;<span class=\"screen-reader-text\">Machine Learning<\/span><\/a><\/p>\n","protected":false},"author":1,"featured_media":0,"parent":0,"menu_order":17,"comment_status":"closed","ping_status":"closed","template":"solutions.php","meta":{"_acf_changed":false,"content-type":"","footnotes":""},"class_list":["post-12251","page","type-page","status-publish","hentry"],"acf":[],"yoast_head":"<!-- This site is optimized with the Yoast SEO plugin v27.3 - https:\/\/yoast.com\/product\/yoast-seo-wordpress\/ -->\n<title>Machine Learning - Loymax<\/title>\n<meta name=\"description\" content=\"Sistema automatizado basado en aprendizaje autom\u00e1tico para ofrecer promociones personalizadas a sus clientes\" \/>\n<meta name=\"robots\" content=\"index, follow, max-snippet:-1, max-image-preview:large, max-video-preview:-1\" \/>\n<link rel=\"canonical\" href=\"https:\/\/loymax.io\/es\/machine-learning\/\" \/>\n<meta property=\"og:locale\" content=\"es_ES\" \/>\n<meta property=\"og:type\" content=\"article\" \/>\n<meta property=\"og:title\" content=\"Machine Learning - Loymax\" \/>\n<meta property=\"og:description\" content=\"Sistema automatizado basado en aprendizaje autom\u00e1tico para ofrecer promociones personalizadas a sus clientes\" \/>\n<meta property=\"og:url\" content=\"https:\/\/loymax.io\/es\/machine-learning\/\" \/>\n<meta property=\"og:site_name\" content=\"Loymax\" \/>\n<meta property=\"article:modified_time\" content=\"2024-09-06T09:46:16+00:00\" \/>\n<meta property=\"og:image\" content=\"https:\/\/loymax.io\/wp-content\/uploads\/2022\/02\/scheme2.svg\" \/>\n<meta name=\"twitter:card\" content=\"summary_large_image\" \/>\n<meta name=\"twitter:label1\" content=\"Tiempo de lectura\" \/>\n\t<meta name=\"twitter:data1\" content=\"7 minutos\" \/>\n<script type=\"application\/ld+json\" class=\"yoast-schema-graph\">{\"@context\":\"https:\\\/\\\/schema.org\",\"@graph\":[{\"@type\":\"WebPage\",\"@id\":\"https:\\\/\\\/loymax.io\\\/es\\\/machine-learning\\\/\",\"url\":\"https:\\\/\\\/loymax.io\\\/es\\\/machine-learning\\\/\",\"name\":\"Machine Learning - Loymax\",\"isPartOf\":{\"@id\":\"https:\\\/\\\/loymax.io\\\/es\\\/#website\"},\"primaryImageOfPage\":{\"@id\":\"https:\\\/\\\/loymax.io\\\/es\\\/machine-learning\\\/#primaryimage\"},\"image\":{\"@id\":\"https:\\\/\\\/loymax.io\\\/es\\\/machine-learning\\\/#primaryimage\"},\"thumbnailUrl\":\"https:\\\/\\\/loymax.io\\\/wp-content\\\/uploads\\\/2022\\\/02\\\/scheme2.svg\",\"datePublished\":\"2022-02-06T20:31:09+00:00\",\"dateModified\":\"2024-09-06T09:46:16+00:00\",\"description\":\"Sistema automatizado basado en aprendizaje autom\u00e1tico para ofrecer promociones personalizadas a sus clientes\",\"breadcrumb\":{\"@id\":\"https:\\\/\\\/loymax.io\\\/es\\\/machine-learning\\\/#breadcrumb\"},\"inLanguage\":\"es\",\"potentialAction\":[{\"@type\":\"ReadAction\",\"target\":[\"https:\\\/\\\/loymax.io\\\/es\\\/machine-learning\\\/\"]}]},{\"@type\":\"ImageObject\",\"inLanguage\":\"es\",\"@id\":\"https:\\\/\\\/loymax.io\\\/es\\\/machine-learning\\\/#primaryimage\",\"url\":\"https:\\\/\\\/loymax.io\\\/wp-content\\\/uploads\\\/2022\\\/02\\\/scheme2.svg\",\"contentUrl\":\"https:\\\/\\\/loymax.io\\\/wp-content\\\/uploads\\\/2022\\\/02\\\/scheme2.svg\"},{\"@type\":\"BreadcrumbList\",\"@id\":\"https:\\\/\\\/loymax.io\\\/es\\\/machine-learning\\\/#breadcrumb\",\"itemListElement\":[{\"@type\":\"ListItem\",\"position\":1,\"name\":\"\u0413\u043b\u0430\u0432\u043d\u0430\u044f \u0441\u0442\u0440\u0430\u043d\u0438\u0446\u0430\",\"item\":\"https:\\\/\\\/loymax.io\\\/es\\\/\"},{\"@type\":\"ListItem\",\"position\":2,\"name\":\"Machine Learning\"}]},{\"@type\":\"WebSite\",\"@id\":\"https:\\\/\\\/loymax.io\\\/es\\\/#website\",\"url\":\"https:\\\/\\\/loymax.io\\\/es\\\/\",\"name\":\"Loymax\",\"description\":\"Loyalty Management and Marketing Automation Platform\",\"publisher\":{\"@id\":\"https:\\\/\\\/loymax.io\\\/es\\\/#organization\"},\"potentialAction\":[{\"@type\":\"SearchAction\",\"target\":{\"@type\":\"EntryPoint\",\"urlTemplate\":\"https:\\\/\\\/loymax.io\\\/es\\\/?s={search_term_string}\"},\"query-input\":{\"@type\":\"PropertyValueSpecification\",\"valueRequired\":true,\"valueName\":\"search_term_string\"}}],\"inLanguage\":\"es\"},{\"@type\":\"Organization\",\"@id\":\"https:\\\/\\\/loymax.io\\\/es\\\/#organization\",\"name\":\"Loymax\",\"url\":\"https:\\\/\\\/loymax.io\\\/es\\\/\",\"logo\":{\"@type\":\"ImageObject\",\"inLanguage\":\"es\",\"@id\":\"https:\\\/\\\/loymax.io\\\/es\\\/#\\\/schema\\\/logo\\\/image\\\/\",\"url\":\"https:\\\/\\\/loymax.io\\\/wp-content\\\/uploads\\\/2024\\\/09\\\/cropped-cropped-loymax-mt-logo.jpg\",\"contentUrl\":\"https:\\\/\\\/loymax.io\\\/wp-content\\\/uploads\\\/2024\\\/09\\\/cropped-cropped-loymax-mt-logo.jpg\",\"width\":1359,\"height\":417,\"caption\":\"Loymax\"},\"image\":{\"@id\":\"https:\\\/\\\/loymax.io\\\/es\\\/#\\\/schema\\\/logo\\\/image\\\/\"}}]}<\/script>\n<!-- \/ Yoast SEO plugin. -->","yoast_head_json":{"title":"Machine Learning - Loymax","description":"Sistema automatizado basado en aprendizaje autom\u00e1tico para ofrecer promociones personalizadas a sus clientes","robots":{"index":"index","follow":"follow","max-snippet":"max-snippet:-1","max-image-preview":"max-image-preview:large","max-video-preview":"max-video-preview:-1"},"canonical":"https:\/\/loymax.io\/es\/machine-learning\/","og_locale":"es_ES","og_type":"article","og_title":"Machine Learning - Loymax","og_description":"Sistema automatizado basado en aprendizaje autom\u00e1tico para ofrecer promociones personalizadas a sus clientes","og_url":"https:\/\/loymax.io\/es\/machine-learning\/","og_site_name":"Loymax","article_modified_time":"2024-09-06T09:46:16+00:00","og_image":[{"url":"https:\/\/loymax.io\/wp-content\/uploads\/2022\/02\/scheme2.svg","type":"","width":"","height":""}],"twitter_card":"summary_large_image","twitter_misc":{"Tiempo de lectura":"7 minutos"},"schema":{"@context":"https:\/\/schema.org","@graph":[{"@type":"WebPage","@id":"https:\/\/loymax.io\/es\/machine-learning\/","url":"https:\/\/loymax.io\/es\/machine-learning\/","name":"Machine Learning - Loymax","isPartOf":{"@id":"https:\/\/loymax.io\/es\/#website"},"primaryImageOfPage":{"@id":"https:\/\/loymax.io\/es\/machine-learning\/#primaryimage"},"image":{"@id":"https:\/\/loymax.io\/es\/machine-learning\/#primaryimage"},"thumbnailUrl":"https:\/\/loymax.io\/wp-content\/uploads\/2022\/02\/scheme2.svg","datePublished":"2022-02-06T20:31:09+00:00","dateModified":"2024-09-06T09:46:16+00:00","description":"Sistema automatizado basado en aprendizaje autom\u00e1tico para ofrecer promociones personalizadas a sus clientes","breadcrumb":{"@id":"https:\/\/loymax.io\/es\/machine-learning\/#breadcrumb"},"inLanguage":"es","potentialAction":[{"@type":"ReadAction","target":["https:\/\/loymax.io\/es\/machine-learning\/"]}]},{"@type":"ImageObject","inLanguage":"es","@id":"https:\/\/loymax.io\/es\/machine-learning\/#primaryimage","url":"https:\/\/loymax.io\/wp-content\/uploads\/2022\/02\/scheme2.svg","contentUrl":"https:\/\/loymax.io\/wp-content\/uploads\/2022\/02\/scheme2.svg"},{"@type":"BreadcrumbList","@id":"https:\/\/loymax.io\/es\/machine-learning\/#breadcrumb","itemListElement":[{"@type":"ListItem","position":1,"name":"\u0413\u043b\u0430\u0432\u043d\u0430\u044f \u0441\u0442\u0440\u0430\u043d\u0438\u0446\u0430","item":"https:\/\/loymax.io\/es\/"},{"@type":"ListItem","position":2,"name":"Machine Learning"}]},{"@type":"WebSite","@id":"https:\/\/loymax.io\/es\/#website","url":"https:\/\/loymax.io\/es\/","name":"Loymax","description":"Loyalty Management and Marketing Automation Platform","publisher":{"@id":"https:\/\/loymax.io\/es\/#organization"},"potentialAction":[{"@type":"SearchAction","target":{"@type":"EntryPoint","urlTemplate":"https:\/\/loymax.io\/es\/?s={search_term_string}"},"query-input":{"@type":"PropertyValueSpecification","valueRequired":true,"valueName":"search_term_string"}}],"inLanguage":"es"},{"@type":"Organization","@id":"https:\/\/loymax.io\/es\/#organization","name":"Loymax","url":"https:\/\/loymax.io\/es\/","logo":{"@type":"ImageObject","inLanguage":"es","@id":"https:\/\/loymax.io\/es\/#\/schema\/logo\/image\/","url":"https:\/\/loymax.io\/wp-content\/uploads\/2024\/09\/cropped-cropped-loymax-mt-logo.jpg","contentUrl":"https:\/\/loymax.io\/wp-content\/uploads\/2024\/09\/cropped-cropped-loymax-mt-logo.jpg","width":1359,"height":417,"caption":"Loymax"},"image":{"@id":"https:\/\/loymax.io\/es\/#\/schema\/logo\/image\/"}}]}},"_links":{"self":[{"href":"https:\/\/loymax.io\/es\/wp-json\/wp\/v2\/pages\/12251","targetHints":{"allow":["GET"]}}],"collection":[{"href":"https:\/\/loymax.io\/es\/wp-json\/wp\/v2\/pages"}],"about":[{"href":"https:\/\/loymax.io\/es\/wp-json\/wp\/v2\/types\/page"}],"author":[{"embeddable":true,"href":"https:\/\/loymax.io\/es\/wp-json\/wp\/v2\/users\/1"}],"replies":[{"embeddable":true,"href":"https:\/\/loymax.io\/es\/wp-json\/wp\/v2\/comments?post=12251"}],"version-history":[{"count":10,"href":"https:\/\/loymax.io\/es\/wp-json\/wp\/v2\/pages\/12251\/revisions"}],"predecessor-version":[{"id":13424,"href":"https:\/\/loymax.io\/es\/wp-json\/wp\/v2\/pages\/12251\/revisions\/13424"}],"wp:attachment":[{"href":"https:\/\/loymax.io\/es\/wp-json\/wp\/v2\/media?parent=12251"}],"curies":[{"name":"wp","href":"https:\/\/api.w.org\/{rel}","templated":true}]}}