{"id":12272,"date":"2022-02-01T22:07:24","date_gmt":"2022-02-01T20:07:24","guid":{"rendered":"https:\/\/loymax.io\/?page_id=12272"},"modified":"2024-09-06T11:46:17","modified_gmt":"2024-09-06T09:46:17","slug":"smart-communications","status":"publish","type":"page","link":"https:\/\/loymax.io\/es\/smart-communications\/","title":{"rendered":"Smart Communications"},"content":{"rendered":"\r\n<section class=\"block-main block-solutions\">\r\n<div class=\"container\">\r\n<div class=\"row\">\r\n<div class=\"col-sm-5 paragraph1\">\r\n<h1 class=\"badge\">Smart Communications<\/h1>\r\n<div>Soluci\u00f3n de automatizaci\u00f3n de las comunicaciones de marketing para minoristas multicanal, HORECA y comercio electr\u00f3nico.<\/div>\r\n<div class=\"buttons\"><a class=\"btn-block3 js-scroll-trigger\" href=\"#site-footer\">Contacto<\/a><\/div>\r\n<\/div>\r\n<div class=\"col-sm-7\"><img decoding=\"async\" alt=\"Smart Communication Header\" style=\"margin-top: -50px;\" src=\"\/wp-content\/uploads\/2022\/02\/smart-communication-header.svg\"\/><\/div>\r\n<\/div>\r\n<\/div>\r\n<\/section>\r\n<div class=\"container\">\r\n<section class=\"faq-block\">\r\n<div class=\"row\">\r\n<div class=\"col-sm-5 left-faq\"><img decoding=\"async\" class=\"solution-header-img\" src=\"\/wp-content\/uploads\/2022\/02\/smart-communication-header-2.png\"\/>\r\n<h3 class=\"solution-text-header-2\">Utilice Big Data para aumentar las ventas repetidas y gestionar las tasas de rotaci\u00f3n.<\/h3>\r\n<div class=\"faq faq-sm\">\r\n<h3>Perfil del cliente<\/h3>\r\n<p>Recopile y analice cualquier tipo de datos de clientes en todos los canales para ofrecer promociones personalizadas a cada cliente.<\/p>\r\n<\/div>\r\n<div class=\"faq faq-sm\">\r\n<h3>An\u00e1lisis y segmentaci\u00f3n<\/h3>\r\n<p>C\u00e1lculo autom\u00e1tico de m\u00e9tricas que muestran la calidad de la base de clientes y crea segmentos de clientes con los que trabajar.<\/p>\r\n<\/div>\r\n<div class=\"faq faq-sm\">\r\n<h3>Ajuste de precisi\u00f3n f\u00e1cil de usar<\/h3>\r\n<p>Un editor visual claro permite crear cadenas de comunicaci\u00f3n con longitud y condiciones ilimitadas.<\/p>\r\n<\/div>\r\n<\/div>\r\n<div class=\"col-sm-7 right-faq\">\r\n<div class=\"faq faq-sm\">\r\n<h3>Integraci\u00f3n de datos<\/h3>\r\n<p>Reunimos y combinamos datos de sus sistemas de informaci\u00f3n. En su p\u00e1gina web se instala un rastreador JavaScript que recoge en un perfil de cliente el historial de visitas y la conducta de los usuarios.<\/p>\r\n<hr\/><\/div>\r\n<div class=\"faq faq-sm\">\r\n<h3>An\u00e1lisis de conducta<\/h3>\r\n<p>Analizamos las m\u00e9tricas de clientes y segmentos, mostramos din\u00e1micas y tendencias. Determinamos CLTV, AOV, tiempo entre transacciones, puntuaci\u00f3n RFM y 7 tipos m\u00e1s de m\u00e9tricas.<\/p>\r\n<hr\/><\/div>\r\n<div class=\"faq faq-sm\">\r\n<h3>Marketing inteligente<\/h3>\r\n<p>Eval\u00fae la eficacia de cada interacci\u00f3n con el cliente: si est\u00e1 motivado para volver, cu\u00e1nto dinero le ha aportado la interacci\u00f3n, qu\u00e9 ROI se ha obtenido.<\/p>\r\n<hr\/><\/div>\r\n<div class=\"faq faq-sm\">\r\n<h3>Perfil 360\u00b0<\/h3>\r\n<p>Un \u00fanico perfil combina informaci\u00f3n sobre el cliente procedente de todos los sistemas de la empresa: ventas, marketing, centro de llamadas, visitas a las instalaciones, recomendaciones. Todo el historial de interacciones con los clientes en un solo feed.<\/p>\r\n<hr\/><\/div>\r\n<div class=\"faq faq-sm\">\r\n<h3>Personalizaci\u00f3n<\/h3>\r\n<p>Permitimos la m\u00e1xima personalizaci\u00f3n. Al elaborar los mensajes para los clientes, tenemos en cuenta todo lo que sabemos de ellos: factores sociodemogr\u00e1ficos, comportamiento, fase del ciclo de vida, hora del d\u00eda en que se encuentran.<\/p>\r\n<hr\/><\/div>\r\n<div class=\"faq faq-sm\">\r\n<h3>Comunicaci\u00f3n<\/h3>\r\n<p>El m\u00f3dulo utiliza el perfil del cliente para generar la oferta m\u00e1s apropiada y entregarla a trav\u00e9s del canal adecuado: correo electr\u00f3nico, SMS\/Viber, notificaciones push, aplicaciones m\u00f3viles.<\/p>\r\n<hr\/><\/div>\r\n<div class=\"faq faq-sm\">\r\n<h3>Mejora de la calidad de los datos<\/h3>\r\n<p>C\u00f3mo logramos una segmentaci\u00f3n m\u00e1s precisa:<\/p>\r\n<ul>\r\n<li><span style=\"font-size: 12pt;\">Filtramos autom\u00e1ticamente los correos electr\u00f3nicos y tel\u00e9fonos inexistentes, abandonados o incluidos en listas negras.<\/span><\/li>\r\n<li><span style=\"font-size: 12pt;\">Llevamos los n\u00fameros de tel\u00e9fono y las direcciones a un formato \u00fanico, determinamos la zona horaria y la ciudad del cliente.<\/span><\/li>\r\n<li><span style=\"font-size: 12pt;\">Analizamos los errores de entrega, las respuestas del servidor y los filtros de spam. Marcamos los correos electr\u00f3nicos y n\u00fameros de tel\u00e9fono incorrectos para que los env\u00edos no caigan en el spam.<\/span><\/li>\r\n<\/ul>\r\n<hr\/><\/div>\r\n<\/div>\r\n<\/div>\r\n<\/section>\r\n<section class=\"letter-block\">\r\n<div class=\"row\">\r\n<div class=\"col-sm-5\">\r\n<div class=\"request\">\r\n<div class=\"letter\"><img decoding=\"async\" alt=\"Letter\" src=\"\/wp-content\/uploads\/2021\/12\/letter.svg\"\/><\/div>\r\n<p>Estaremos encantados de responder a sus preguntas sobre la automatizaci\u00f3n del marketing y ayudarle a descubrir c\u00f3mo la plataforma Loymax puede ayudarle a mejorar el rendimiento de su negocio. P\u00f3ngase en contacto con los representantes de ventas para obtener recomendaciones personalizadas y una presentaci\u00f3n sobre c\u00f3mo trabajar con el software Loymax.<\/p>\r\n<p>Rellene el formulario y nos pondremos en contacto con usted en el plazo de un d\u00eda laborable.<\/p>\r\n<div class=\"buttons\"><a class=\"btn-block3 js-scroll-trigger\" href=\"#\">Contacto<\/a><\/div>\r\n<\/div>\r\n<\/div>\r\n<div class=\"col-sm-7 right-faq\">\r\n<div class=\"faq faq-sm\">\r\n<h3>Segmentaci\u00f3n<\/h3>\r\n<p>Segmente autom\u00e1ticamente a los clientes seg\u00fan atributos (sexo, edad, ciudad), conducta (compr\u00f3 X productos de la categor\u00eda Y), m\u00e9tricas y puntuaci\u00f3n (CLTV, recibo medio, puntuaci\u00f3n RFM), comunicaci\u00f3n (abri\u00f3 el correo enviado).<\/p>\r\n<hr\/><\/div>\r\n<div class=\"faq faq-sm\">\r\n<h3>Automatizaci\u00f3n de interacciones<\/h3>\r\n<p>La conducta del cliente (un pedido, una transferencia a un segmento diferente, etc.) desencadena una acci\u00f3n. Un analista o un experto en marketing podr\u00e1 crear este tipo de escenarios de forma aut\u00f3noma.<\/p>\r\n<\/div>\r\n<\/div>\r\n<\/div>\r\n<\/section>\r\n<\/div>\r\n<div class=\"solutions-background\">\r\n<div class=\"container\">\r\n<section class=\"full-width\">\r\n<div class=\"row\">\r\n<div class=\"col-sm-12\">\r\n<div class=\"arrow-class\">\u00a0<\/div>\r\n<div class=\"about-slider2\">\r\n<div><img loading=\"lazy\" decoding=\"async\" class=\"alignnone size-full wp-image-5545\" src=\"https:\/\/loymax.io\/wp-content\/uploads\/2022\/09\/002-1.png\" alt=\"\" width=\"620\" height=\"372\" srcset=\"https:\/\/loymax.io\/wp-content\/uploads\/2022\/09\/002-1.png 620w, https:\/\/loymax.io\/wp-content\/uploads\/2022\/09\/002-1-300x180.png 300w\" sizes=\"auto, (max-width: 620px) 100vw, 620px\" \/><\/div>\r\n<div><img loading=\"lazy\" decoding=\"async\" class=\"alignnone size-full wp-image-5546\" src=\"https:\/\/loymax.io\/wp-content\/uploads\/2022\/09\/003.png\" alt=\"\" width=\"620\" height=\"372\" srcset=\"https:\/\/loymax.io\/wp-content\/uploads\/2022\/09\/003.png 620w, https:\/\/loymax.io\/wp-content\/uploads\/2022\/09\/003-300x180.png 300w\" sizes=\"auto, (max-width: 620px) 100vw, 620px\" \/><\/div>\r\n<div><img loading=\"lazy\" decoding=\"async\" class=\"alignnone size-full wp-image-5547\" src=\"https:\/\/loymax.io\/wp-content\/uploads\/2022\/09\/004.png\" alt=\"\" width=\"620\" height=\"372\" srcset=\"https:\/\/loymax.io\/wp-content\/uploads\/2022\/09\/004.png 620w, https:\/\/loymax.io\/wp-content\/uploads\/2022\/09\/004-300x180.png 300w\" sizes=\"auto, (max-width: 620px) 100vw, 620px\" \/><\/div>\r\n<div><img loading=\"lazy\" decoding=\"async\" class=\"alignnone size-full wp-image-5544\" src=\"https:\/\/loymax.io\/wp-content\/uploads\/2022\/09\/001-1.png\" alt=\"\" width=\"620\" height=\"372\" srcset=\"https:\/\/loymax.io\/wp-content\/uploads\/2022\/09\/001-1.png 620w, https:\/\/loymax.io\/wp-content\/uploads\/2022\/09\/001-1-300x180.png 300w\" sizes=\"auto, (max-width: 620px) 100vw, 620px\" \/><\/div>\r\n<div><img loading=\"lazy\" decoding=\"async\" class=\"alignnone size-full wp-image-5548\" src=\"https:\/\/loymax.io\/wp-content\/uploads\/2022\/09\/005.png\" alt=\"\" width=\"620\" height=\"372\" srcset=\"https:\/\/loymax.io\/wp-content\/uploads\/2022\/09\/005.png 620w, https:\/\/loymax.io\/wp-content\/uploads\/2022\/09\/005-300x180.png 300w\" sizes=\"auto, (max-width: 620px) 100vw, 620px\" \/><\/div>\r\n<div>\u00a0<\/div>\r\n<div class=\"hidden-xs\">\u00a0<\/div>\r\n<\/div>\r\n<\/div>\r\n<\/div>\r\n<\/section>\r\n<!--<section class=\"bottom-solutions\">\r\n<div class=\"row\">\r\n<div class=\"col-sm-5\"><img decoding=\"async\" alt=\"Smart Communication Bottom\" src=\"\/wp-content\/uploads\/2022\/02\/smart-communication-bottom.svg\" \/><\/div>\r\n<div class=\"col-sm-7\">\r\n<h2>Can you write some advantages for this page of smart communications<\/h2>\r\n<ul>\r\n<li>The customer did not respond to the coupon \u2192 we offer a gift for the purchase of a certain product<\/li>\r\n<li>The customer did not react to the gift \u2192 we offer an increased % of bonus points for the purchase of a certain product<\/li>\r\n<li>The customer did not respond to the discount in the form of % of the purchase amount \u2192 we offer a discount coupon with a fixed amount<\/li>\r\n<\/ul>\r\n<\/div>\r\n<\/div>\r\n<div class=\"row\">\r\n    <div class=\"col-sm-12\">\r\n        <h2>Extension modules<\/h2>\r\n    <\/div>\r\n    <\/div>\r\n    <div class=\"row\">\r\n      <div class=\"col-sm-3\">\r\n        <div class=\"modules\">\r\n          <h3>Omnichannel Engagement<\/h3>\r\n          <p>Mobile App, Digital Wallet, Personal Account for Loyalty Program Members, Chat Bot \u2014 we help to integrate...<\/p>\r\n          <img decoding=\"async\" alt=\"Slide1\" src=\"\/wp-content\/uploads\/2021\/12\/slide1.svg\">\r\n        <\/div>\r\n      <\/div>\r\n      <div class=\"col-sm-3\">\r\n        <div class=\"modules\">\r\n          <h3>Smart Communications<\/h3>\r\n          <p>Expand communications with your customers using Big Data and 360 profile<\/p>\r\n          <img decoding=\"async\" alt=\"Slide1\" src=\"\/wp-content\/uploads\/2021\/12\/slide1.svg\">\r\n        <\/div>\r\n      <\/div>\r\n      <div class=\"col-sm-3\">\r\n        <div class=\"modules\">\r\n          <h3>Business Intelligence<\/h3>\r\n          <p>Get the most of your Loyalty Program with our reporting and advanced analytics module<\/p>\r\n          <img decoding=\"async\" alt=\"Slide1\" src=\"\/wp-content\/uploads\/2021\/12\/slide1.svg\">\r\n        <\/div>\r\n      <\/div>\r\n      <div class=\"col-sm-3\">\r\n        <div class=\"modules\">\r\n          <h3>Machine <br>Learning<\/h3>\r\n          <p>The most advanced product that increase Retail Sales by 4% Without Increasing Marketing Team Labor<\/p>\r\n          <img decoding=\"async\" alt=\"Slide1\" src=\"\/wp-content\/uploads\/2021\/12\/slide1.svg\">\r\n        <\/div>\r\n      <\/div>\r\n    <\/div>--><\/div>\r\n<\/div>\r\n","protected":false},"excerpt":{"rendered":"<p>Smart Communications Soluci\u00f3n de automatizaci\u00f3n de las comunicaciones de marketing para minoristas multicanal, HORECA y comercio electr\u00f3nico. Contacto Utilice Big Data para aumentar las ventas repetidas y gestionar las tasas de rotaci\u00f3n. Perfil del cliente Recopile y analice cualquier tipo de datos de clientes en todos los canales para ofrecer promociones personalizadas a cada cliente.&hellip;&nbsp;<a href=\"https:\/\/loymax.io\/es\/smart-communications\/\" class=\"\" rel=\"bookmark\">Leer m\u00e1s &raquo;<span class=\"screen-reader-text\">Smart Communications<\/span><\/a><\/p>\n","protected":false},"author":1,"featured_media":0,"parent":0,"menu_order":22,"comment_status":"closed","ping_status":"closed","template":"solutions.php","meta":{"_acf_changed":false,"content-type":"","footnotes":""},"class_list":["post-12272","page","type-page","status-publish","hentry"],"acf":[],"yoast_head":"<!-- This site is optimized with the Yoast SEO plugin v27.3 - https:\/\/yoast.com\/product\/yoast-seo-wordpress\/ -->\n<title>Smart Communications - Loymax<\/title>\n<meta name=\"description\" content=\"Plataforma profesional de automatizaci\u00f3n de comunicaciones de marketing para minoristas multicanal, HORECA, tiendas online.\" \/>\n<meta name=\"robots\" content=\"index, follow, max-snippet:-1, max-image-preview:large, max-video-preview:-1\" \/>\n<link rel=\"canonical\" href=\"https:\/\/loymax.io\/es\/smart-communications\/\" \/>\n<meta property=\"og:locale\" content=\"es_ES\" \/>\n<meta property=\"og:type\" content=\"article\" \/>\n<meta property=\"og:title\" content=\"Smart Communications - Loymax\" \/>\n<meta property=\"og:description\" content=\"Plataforma profesional de automatizaci\u00f3n de comunicaciones de marketing para minoristas multicanal, HORECA, tiendas online.\" \/>\n<meta property=\"og:url\" content=\"https:\/\/loymax.io\/es\/smart-communications\/\" \/>\n<meta property=\"og:site_name\" content=\"Loymax\" \/>\n<meta property=\"article:modified_time\" content=\"2024-09-06T09:46:17+00:00\" \/>\n<meta property=\"og:image\" content=\"https:\/\/loymax.io\/wp-content\/uploads\/2022\/09\/002-1.png\" \/>\n<meta name=\"twitter:card\" content=\"summary_large_image\" \/>\n<meta name=\"twitter:label1\" content=\"Tiempo de lectura\" \/>\n\t<meta name=\"twitter:data1\" content=\"6 minutos\" \/>\n<script type=\"application\/ld+json\" class=\"yoast-schema-graph\">{\"@context\":\"https:\\\/\\\/schema.org\",\"@graph\":[{\"@type\":\"WebPage\",\"@id\":\"https:\\\/\\\/loymax.io\\\/es\\\/smart-communications\\\/\",\"url\":\"https:\\\/\\\/loymax.io\\\/es\\\/smart-communications\\\/\",\"name\":\"Smart Communications - Loymax\",\"isPartOf\":{\"@id\":\"https:\\\/\\\/loymax.io\\\/es\\\/#website\"},\"primaryImageOfPage\":{\"@id\":\"https:\\\/\\\/loymax.io\\\/es\\\/smart-communications\\\/#primaryimage\"},\"image\":{\"@id\":\"https:\\\/\\\/loymax.io\\\/es\\\/smart-communications\\\/#primaryimage\"},\"thumbnailUrl\":\"https:\\\/\\\/loymax.io\\\/wp-content\\\/uploads\\\/2022\\\/09\\\/002-1.png\",\"datePublished\":\"2022-02-01T20:07:24+00:00\",\"dateModified\":\"2024-09-06T09:46:17+00:00\",\"description\":\"Plataforma profesional de automatizaci\u00f3n de comunicaciones de marketing para minoristas multicanal, HORECA, tiendas online.\",\"breadcrumb\":{\"@id\":\"https:\\\/\\\/loymax.io\\\/es\\\/smart-communications\\\/#breadcrumb\"},\"inLanguage\":\"es\",\"potentialAction\":[{\"@type\":\"ReadAction\",\"target\":[\"https:\\\/\\\/loymax.io\\\/es\\\/smart-communications\\\/\"]}]},{\"@type\":\"ImageObject\",\"inLanguage\":\"es\",\"@id\":\"https:\\\/\\\/loymax.io\\\/es\\\/smart-communications\\\/#primaryimage\",\"url\":\"https:\\\/\\\/loymax.io\\\/wp-content\\\/uploads\\\/2022\\\/09\\\/002-1.png\",\"contentUrl\":\"https:\\\/\\\/loymax.io\\\/wp-content\\\/uploads\\\/2022\\\/09\\\/002-1.png\"},{\"@type\":\"BreadcrumbList\",\"@id\":\"https:\\\/\\\/loymax.io\\\/es\\\/smart-communications\\\/#breadcrumb\",\"itemListElement\":[{\"@type\":\"ListItem\",\"position\":1,\"name\":\"\u0413\u043b\u0430\u0432\u043d\u0430\u044f \u0441\u0442\u0440\u0430\u043d\u0438\u0446\u0430\",\"item\":\"https:\\\/\\\/loymax.io\\\/es\\\/\"},{\"@type\":\"ListItem\",\"position\":2,\"name\":\"Smart Communications\"}]},{\"@type\":\"WebSite\",\"@id\":\"https:\\\/\\\/loymax.io\\\/es\\\/#website\",\"url\":\"https:\\\/\\\/loymax.io\\\/es\\\/\",\"name\":\"Loymax\",\"description\":\"Loyalty Management and Marketing Automation Platform\",\"publisher\":{\"@id\":\"https:\\\/\\\/loymax.io\\\/es\\\/#organization\"},\"potentialAction\":[{\"@type\":\"SearchAction\",\"target\":{\"@type\":\"EntryPoint\",\"urlTemplate\":\"https:\\\/\\\/loymax.io\\\/es\\\/?s={search_term_string}\"},\"query-input\":{\"@type\":\"PropertyValueSpecification\",\"valueRequired\":true,\"valueName\":\"search_term_string\"}}],\"inLanguage\":\"es\"},{\"@type\":\"Organization\",\"@id\":\"https:\\\/\\\/loymax.io\\\/es\\\/#organization\",\"name\":\"Loymax\",\"url\":\"https:\\\/\\\/loymax.io\\\/es\\\/\",\"logo\":{\"@type\":\"ImageObject\",\"inLanguage\":\"es\",\"@id\":\"https:\\\/\\\/loymax.io\\\/es\\\/#\\\/schema\\\/logo\\\/image\\\/\",\"url\":\"https:\\\/\\\/loymax.io\\\/wp-content\\\/uploads\\\/2024\\\/09\\\/cropped-cropped-loymax-mt-logo.jpg\",\"contentUrl\":\"https:\\\/\\\/loymax.io\\\/wp-content\\\/uploads\\\/2024\\\/09\\\/cropped-cropped-loymax-mt-logo.jpg\",\"width\":1359,\"height\":417,\"caption\":\"Loymax\"},\"image\":{\"@id\":\"https:\\\/\\\/loymax.io\\\/es\\\/#\\\/schema\\\/logo\\\/image\\\/\"}}]}<\/script>\n<!-- \/ Yoast SEO plugin. -->","yoast_head_json":{"title":"Smart Communications - Loymax","description":"Plataforma profesional de automatizaci\u00f3n de comunicaciones de marketing para minoristas multicanal, HORECA, tiendas online.","robots":{"index":"index","follow":"follow","max-snippet":"max-snippet:-1","max-image-preview":"max-image-preview:large","max-video-preview":"max-video-preview:-1"},"canonical":"https:\/\/loymax.io\/es\/smart-communications\/","og_locale":"es_ES","og_type":"article","og_title":"Smart Communications - Loymax","og_description":"Plataforma profesional de automatizaci\u00f3n de comunicaciones de marketing para minoristas multicanal, HORECA, tiendas online.","og_url":"https:\/\/loymax.io\/es\/smart-communications\/","og_site_name":"Loymax","article_modified_time":"2024-09-06T09:46:17+00:00","og_image":[{"url":"https:\/\/loymax.io\/wp-content\/uploads\/2022\/09\/002-1.png","type":"","width":"","height":""}],"twitter_card":"summary_large_image","twitter_misc":{"Tiempo de lectura":"6 minutos"},"schema":{"@context":"https:\/\/schema.org","@graph":[{"@type":"WebPage","@id":"https:\/\/loymax.io\/es\/smart-communications\/","url":"https:\/\/loymax.io\/es\/smart-communications\/","name":"Smart Communications - Loymax","isPartOf":{"@id":"https:\/\/loymax.io\/es\/#website"},"primaryImageOfPage":{"@id":"https:\/\/loymax.io\/es\/smart-communications\/#primaryimage"},"image":{"@id":"https:\/\/loymax.io\/es\/smart-communications\/#primaryimage"},"thumbnailUrl":"https:\/\/loymax.io\/wp-content\/uploads\/2022\/09\/002-1.png","datePublished":"2022-02-01T20:07:24+00:00","dateModified":"2024-09-06T09:46:17+00:00","description":"Plataforma profesional de automatizaci\u00f3n de comunicaciones de marketing para minoristas multicanal, HORECA, tiendas online.","breadcrumb":{"@id":"https:\/\/loymax.io\/es\/smart-communications\/#breadcrumb"},"inLanguage":"es","potentialAction":[{"@type":"ReadAction","target":["https:\/\/loymax.io\/es\/smart-communications\/"]}]},{"@type":"ImageObject","inLanguage":"es","@id":"https:\/\/loymax.io\/es\/smart-communications\/#primaryimage","url":"https:\/\/loymax.io\/wp-content\/uploads\/2022\/09\/002-1.png","contentUrl":"https:\/\/loymax.io\/wp-content\/uploads\/2022\/09\/002-1.png"},{"@type":"BreadcrumbList","@id":"https:\/\/loymax.io\/es\/smart-communications\/#breadcrumb","itemListElement":[{"@type":"ListItem","position":1,"name":"\u0413\u043b\u0430\u0432\u043d\u0430\u044f \u0441\u0442\u0440\u0430\u043d\u0438\u0446\u0430","item":"https:\/\/loymax.io\/es\/"},{"@type":"ListItem","position":2,"name":"Smart Communications"}]},{"@type":"WebSite","@id":"https:\/\/loymax.io\/es\/#website","url":"https:\/\/loymax.io\/es\/","name":"Loymax","description":"Loyalty Management and Marketing Automation Platform","publisher":{"@id":"https:\/\/loymax.io\/es\/#organization"},"potentialAction":[{"@type":"SearchAction","target":{"@type":"EntryPoint","urlTemplate":"https:\/\/loymax.io\/es\/?s={search_term_string}"},"query-input":{"@type":"PropertyValueSpecification","valueRequired":true,"valueName":"search_term_string"}}],"inLanguage":"es"},{"@type":"Organization","@id":"https:\/\/loymax.io\/es\/#organization","name":"Loymax","url":"https:\/\/loymax.io\/es\/","logo":{"@type":"ImageObject","inLanguage":"es","@id":"https:\/\/loymax.io\/es\/#\/schema\/logo\/image\/","url":"https:\/\/loymax.io\/wp-content\/uploads\/2024\/09\/cropped-cropped-loymax-mt-logo.jpg","contentUrl":"https:\/\/loymax.io\/wp-content\/uploads\/2024\/09\/cropped-cropped-loymax-mt-logo.jpg","width":1359,"height":417,"caption":"Loymax"},"image":{"@id":"https:\/\/loymax.io\/es\/#\/schema\/logo\/image\/"}}]}},"_links":{"self":[{"href":"https:\/\/loymax.io\/es\/wp-json\/wp\/v2\/pages\/12272","targetHints":{"allow":["GET"]}}],"collection":[{"href":"https:\/\/loymax.io\/es\/wp-json\/wp\/v2\/pages"}],"about":[{"href":"https:\/\/loymax.io\/es\/wp-json\/wp\/v2\/types\/page"}],"author":[{"embeddable":true,"href":"https:\/\/loymax.io\/es\/wp-json\/wp\/v2\/users\/1"}],"replies":[{"embeddable":true,"href":"https:\/\/loymax.io\/es\/wp-json\/wp\/v2\/comments?post=12272"}],"version-history":[{"count":13,"href":"https:\/\/loymax.io\/es\/wp-json\/wp\/v2\/pages\/12272\/revisions"}],"predecessor-version":[{"id":13476,"href":"https:\/\/loymax.io\/es\/wp-json\/wp\/v2\/pages\/12272\/revisions\/13476"}],"wp:attachment":[{"href":"https:\/\/loymax.io\/es\/wp-json\/wp\/v2\/media?parent=12272"}],"curies":[{"name":"wp","href":"https:\/\/api.w.org\/{rel}","templated":true}]}}