{"id":12317,"date":"2020-06-17T10:41:45","date_gmt":"2020-06-17T08:41:45","guid":{"rendered":"https:\/\/loymax.io\/?page_id=12317"},"modified":"2025-10-17T15:13:33","modified_gmt":"2025-10-17T13:13:33","slug":"sample-page-2","status":"publish","type":"page","link":"https:\/\/loymax.io\/es\/","title":{"rendered":"P\u00e1gina de inicio"},"content":{"rendered":"\r\n<section class=\"block-main\">\r\n<div class=\"container\">\r\n<div class=\"row\">\r\n<div class=\"col-sm-5 paragraph1\">\r\n<h1>Plataforma de gesti\u00f3n de la fidelizaci\u00f3n y automatizaci\u00f3n del marketing<\/h1>\r\n<p>Automatizaci\u00f3n de las comunicaciones de marketing y creaci\u00f3n de verdaderas promociones personalizadas utilizando IA y Aprendizaje autom\u00e1tico<\/p>\r\n<div class=\"buttons\"><!--<a class=\"btn-block3\" href=\"#\">\u0420\u0435\u0448\u0435\u043d\u0438\u044f<\/a>--><a class=\"btn-block3 js-scroll-trigger\" href=\"#site-footer\">Contacto<\/a><\/div>\r\n<\/div>\r\n<div class=\"col-sm-7\">\r\n<div class=\"main-video\"><video poster=\"\/wp-content\/uploads\/2022\/05\/video_new.jpg\" autoplay=\"autoplay\" loop=\"loop\" muted=\"\" width=\"100%\" height=\"100%\">\r\n   <source src=\"\/wp-content\/uploads\/2022\/04\/video.mp4\" type=\"video\/mp4; codecs=\" avc1=\"\" 42e01e=\"\" mp4a=\"\" 40=\"\" 2=\"\" \/>Su navegador no soporta v\u00eddeo HTML5. <\/video><\/div>\r\n<!--<img decoding=\"async\" alt=\"Main Image 3\" src=\"\/wp-content\/uploads\/2022\/02\/main_image_3.svg\" \/>--><\/div>\r\n<\/div>\r\n<\/div>\r\n<\/section>\r\n<section class=\"main-slider\">\r\n<div class=\"container\">\r\n<div class=\"row\">\r\n<div class=\"col-sm-9\">\r\n<div class=\"home-slider-wrapper\">\r\n<div class=\"home-slider\">\r\n<div class=\"slide1\">\r\n<div>\r\n<div class=\"col-sm-4\">\r\n<h3>Nuestras soluciones<\/h3>\r\n<h4>Loymax Loyalty<\/h4>\r\n<a class=\"btn-block3\" href=\"loymax-loyalty\/\">Leer m\u00e1s<\/a><\/div>\r\n<div class=\"col-sm-4\"><img decoding=\"async\" alt=\"Slide2\" src=\"\/wp-content\/uploads\/2022\/02\/slide2.svg\" \/><\/div>\r\n<div class=\"col-sm-4\">\r\n<p>Nuestra plataforma de fidelizaci\u00f3n todo en uno y el n\u00facleo de la plataforma sin c\u00f3digo permiten crear programas de fidelizaci\u00f3n de cualquier grado de complejidad.<\/p>\r\n<\/div>\r\n<\/div>\r\n<\/div>\r\n<div class=\"slide1\">\r\n<div>\r\n<div class=\"col-sm-4\">\r\n<h3>Nuestras soluciones<\/h3>\r\n<h4>Smart Communications<\/h4>\r\n<a class=\"btn-block3\" href=\"https:\/\/loymax.io\/es\/smart-communications\/\">Leer m\u00e1s<\/a><\/div>\r\n<div class=\"col-sm-4\"><img decoding=\"async\" alt=\"Slide1\" src=\"\/wp-content\/uploads\/2021\/12\/slide1.svg\" \/><\/div>\r\n<div class=\"col-sm-4\">\r\n<p>Nuestro CDP y Gestor de Campa\u00f1as ofrece una f\u00e1cil segmentaci\u00f3n y activaci\u00f3n de comunicaciones (SMS, correo electr\u00f3nico, Push, etc.).<\/p>\r\n<\/div>\r\n<\/div>\r\n<\/div>\r\n<div class=\"slide1\">\r\n<div>\r\n<div class=\"col-sm-4\">\r\n<h3>Nuestras soluciones<\/h3>\r\n<h4>Inteligencia <br \/>Empresarial (BI)<\/h4>\r\n<a class=\"btn-block3\" href=\"#\">Leer m\u00e1s<\/a><\/div>\r\n<div class=\"col-sm-4\"><img decoding=\"async\" alt=\"Slide4\" src=\"\/wp-content\/uploads\/2022\/02\/slide4.svg\" \/><\/div>\r\n<div class=\"col-sm-4\">\r\n<p>Nuestro m\u00f3dulo anal\u00edtico ayuda a evaluar la eficacia de su programa de fidelizaci\u00f3n.<\/p>\r\n<\/div>\r\n<\/div>\r\n<\/div>\r\n<div class=\"slide1\">\r\n<div>\r\n<div class=\"col-sm-4\">\r\n<h3>Nuestras soluciones<\/h3>\r\n<h4>Machine Learning<\/h4>\r\n<a class=\"btn-block3\" href=\"https:\/\/loymax.io\/es\/machine-learning\/\">Leer m\u00e1s<\/a><\/div>\r\n<div class=\"col-sm-4\"><img decoding=\"async\" alt=\"Slide3\" src=\"\/wp-content\/uploads\/2022\/02\/slide3.svg\" \/><\/div>\r\n<div class=\"col-sm-4\">\r\n<p>Ofrece promociones personalizadas para cada cliente y, como resultado, incrementa las ventas brutas en un 4 %.<\/p>\r\n<\/div>\r\n<\/div>\r\n<\/div>\r\n<\/div>\r\n<\/div>\r\n<\/div>\r\n<\/div>\r\n<\/div>\r\n<\/section>\r\n<section class=\"block-main\">\r\n<div class=\"container\">\r\n<div class=\"row\">\r\n<div class=\"col-sm-12\">\r\n<h3>Datos sobre Loymax<\/h3>\r\n<\/div>\r\n<\/div>\r\n<div class=\"row\">\r\n<div class=\"col-sm-4\">\r\n<div class=\"who-block\"><img decoding=\"async\" alt=\"Why1 1\" src=\"\/wp-content\/uploads\/2021\/12\/why1-1.svg\" \/>\r\n<h4>Una rica experiencia<\/h4>\r\n<p>Desarrollando nuestra plataforma y ayudando a nuestros clientes a crear programas de fidelizaci\u00f3n de primer nivel desde 2010.<\/p>\r\n<\/div>\r\n<\/div>\r\n<div class=\"col-sm-4\">\r\n<div class=\"who-block\"><img decoding=\"async\" alt=\"Why2\" src=\"\/wp-content\/uploads\/2021\/12\/why2.svg\" \/>\r\n<h4>F\u00e1cil migraci\u00f3n<\/h4>\r\n<p>Nuestros ingenieros de software tienen una amplia experiencia en la migraci\u00f3n sin problemas<\/p>\r\n<\/div>\r\n<\/div>\r\n<div class=\"col-sm-4\">\r\n<div class=\"who-block\"><img decoding=\"async\" alt=\"Why3\" src=\"\/wp-content\/uploads\/2021\/12\/why3.svg\" \/>\r\n<h4>Documentaci\u00f3n<\/h4>\r\n<p>Documentaci\u00f3n integrada de m\u00e1s de 8000 p\u00e1ginas<\/p>\r\n<\/div>\r\n<\/div>\r\n<div class=\"col-sm-4\">\r\n<div class=\"who-block\"><img decoding=\"async\" alt=\"Why4\" src=\"\/wp-content\/uploads\/2021\/12\/why4.svg\" \/>\r\n<h4>Despliegue en 12 semanas<\/h4>\r\n<p>Nuestros expertos pueden desplegar la plataforma con todas las integraciones necesarias en tan solo 12 semanas<\/p>\r\n<\/div>\r\n<\/div>\r\n<div class=\"col-sm-4\">\r\n<div class=\"who-block\"><img decoding=\"async\" alt=\"Why5\" src=\"\/wp-content\/uploads\/2021\/12\/why5.svg\" \/>\r\n<h4>Asistencia 24\/7<\/h4>\r\n<p>Estamos a su disposici\u00f3n 24 horas al d\u00eda, 7 d\u00edas a la semana<\/p>\r\n<\/div>\r\n<\/div>\r\n<div class=\"col-sm-4\">\r\n<div class=\"who-block\"><img decoding=\"async\" alt=\"Why6\" src=\"\/wp-content\/uploads\/2021\/12\/why6.svg\" \/>\r\n<h4>Fiabilidad<\/h4>\r\n<p>La arquitectura de software y la inversi\u00f3n continua en los equipos m\u00e1s avanzados garantizan una tolerancia a fallos del 99,9 %.<\/p>\r\n<\/div>\r\n<\/div>\r\n<\/div>\r\n<\/div>\r\n<\/section>\r\n<!--\r\n<section class=\"block2\">\r\n<div class=\"container\">\r\n<div class=\"row\">\r\n<div class=\"col-sm-8 offset-sm-2 col-12\">\r\n<div class=\"video-block\">\r\n<div><iframe src=\"https:\/\/player.vimeo.com\/video\/656065746?h=e12a1500ed&color=2A78EC&title=0&byline=0&portrait=0\" frameborder=\"0\" allowfullscreen=\"allowfullscreen\"><\/iframe><\/div>\r\n<script src=\"https:\/\/player.vimeo.com\/api\/player.js\"><\/script>\r\n<\/div>\r\n<\/div>\r\n<\/div>\r\n<\/div>\r\n<\/section>\r\n\r\n-->\r\n<section class=\"integration-block\" style=\"margin-top: 30px; margin-bottom: 70px;\">\r\n<div class=\"container\">\r\n<div class=\"row\">\r\n<div class=\"col-sm-12\">\r\n<div class=\"row\">\r\n<div class=\"col-sm-12\">\r\n<h2>Nuestros clientes<\/h2>\r\n<\/div>\r\n<\/div>\r\n<div class=\"row\">\r\n<div class=\"col-lg-2 col-md-2 col-sm-6 col-xs-6\">\r\n<div class=\"material\"><img loading=\"lazy\" decoding=\"async\" class=\"alignnone\" src=\"\/wp-content\/uploads\/2024\/09\/auchan.svg\" alt=\"\" width=\"353\" height=\"372\" \/><\/div>\r\n<\/div>\r\n<div class=\"col-lg-2 col-md-2 col-sm-6 col-xs-6\">\r\n<div class=\"material\"><img loading=\"lazy\" decoding=\"async\" class=\"alignnone size-full wp-image-2610\" src=\"https:\/\/loymax.ru\/wp-content\/uploads\/2022\/06\/001-spar.svg\" alt=\"\" width=\"448\" height=\"71\" \/><\/div>\r\n<\/div>\r\n<div class=\"col-lg-2 col-md-2 col-sm-6 col-xs-6\">\r\n<div class=\"material\"><img loading=\"lazy\" decoding=\"async\" class=\"alignnone size-medium wp-image-5560\" src=\"https:\/\/loymax.io\/wp-content\/uploads\/2022\/09\/kfc-logo-300x169.png\" alt=\"\" width=\"300\" height=\"169\" srcset=\"https:\/\/loymax.io\/wp-content\/uploads\/2022\/09\/kfc-logo-300x169.png 300w, https:\/\/loymax.io\/wp-content\/uploads\/2022\/09\/kfc-logo-1024x576.png 1024w, https:\/\/loymax.io\/wp-content\/uploads\/2022\/09\/kfc-logo-768x432.png 768w, https:\/\/loymax.io\/wp-content\/uploads\/2022\/09\/kfc-logo-1536x864.png 1536w, https:\/\/loymax.io\/wp-content\/uploads\/2022\/09\/kfc-logo-2048x1152.png 2048w\" sizes=\"auto, (max-width: 300px) 100vw, 300px\" \/><\/div>\r\n<\/div>\r\n<div class=\"col-lg-2 col-md-2 col-sm-6 col-xs-6\">\r\n<div class=\"material\"><img loading=\"lazy\" decoding=\"async\" class=\"alignnone size-medium wp-image-5559\" src=\"https:\/\/loymax.io\/wp-content\/uploads\/2022\/09\/prisma-logo-300x169.png\" alt=\"\" width=\"300\" height=\"169\" srcset=\"https:\/\/loymax.io\/wp-content\/uploads\/2022\/09\/prisma-logo-300x169.png 300w, https:\/\/loymax.io\/wp-content\/uploads\/2022\/09\/prisma-logo-1024x576.png 1024w, https:\/\/loymax.io\/wp-content\/uploads\/2022\/09\/prisma-logo-768x432.png 768w, https:\/\/loymax.io\/wp-content\/uploads\/2022\/09\/prisma-logo-1536x864.png 1536w, https:\/\/loymax.io\/wp-content\/uploads\/2022\/09\/prisma-logo-2048x1152.png 2048w\" sizes=\"auto, (max-width: 300px) 100vw, 300px\" \/>\u00a0<\/div>\r\n<\/div>\r\n<div class=\"col-lg-2 col-md-2 col-sm-6 col-xs-6\">\r\n<div class=\"material\"><img loading=\"lazy\" decoding=\"async\" class=\"alignnone size-full wp-image-2618\" src=\"https:\/\/loymax.ru\/wp-content\/uploads\/2022\/06\/bns-1.svg\" alt=\"\" width=\"353\" height=\"85\" \/><\/div>\r\n<\/div>\r\n<\/div>\r\n<\/div>\r\n<\/div>\r\n<\/div>\r\n<\/section>\r\n<section class=\"block4\">\r\n<div class=\"container\">\r\n<div class=\"row\">\r\n<div class=\"col-sm-12 hfg-item-center\"><img loading=\"lazy\" decoding=\"async\" class=\"alignnone size-full wp-image-5526\" src=\"https:\/\/loymax.io\/wp-content\/uploads\/2022\/08\/bottom-image-main-002.png\" alt=\"\" width=\"994\" height=\"342\" srcset=\"https:\/\/loymax.io\/wp-content\/uploads\/2022\/08\/bottom-image-main-002.png 994w, https:\/\/loymax.io\/wp-content\/uploads\/2022\/08\/bottom-image-main-002-300x103.png 300w, https:\/\/loymax.io\/wp-content\/uploads\/2022\/08\/bottom-image-main-002-768x264.png 768w\" sizes=\"auto, (max-width: 994px) 100vw, 994px\" \/><\/div>\r\n<\/div>\r\n<\/div>\r\n<div class=\"container\">\r\n<div class=\"row\">\r\n<div class=\"col-sm-12\">\r\n<h2>Qui\u00e9nes somos<\/h2>\r\n<\/div>\r\n<\/div>\r\n<div class=\"row\">\r\n<div class=\"col-sm-6\">\r\n<p>Ayudamos a las empresas a lanzar programas de fidelizaci\u00f3n y a automatizar el marketing. Estaremos encantados de responder a sus preguntas sobre los programas de fidelizaci\u00f3n y sobre c\u00f3mo pueden incrementar significativamente sus ingresos. Estaremos encantados de responder a sus preguntas sobre los programas de fidelizaci\u00f3n y sobre c\u00f3mo estos pueden <strong>incrementar significativamente sus beneficios<\/strong>.<\/p>\r\n<div class=\"button-bottom\"><a class=\"btn-block3\" href=\"https:\/\/loymax.io\/es\/about-us\/\">Leer m\u00e1s<\/a><\/div>\r\n<\/div>\r\n<div class=\"col-sm-6\">\r\n<h2 class=\"footer-h2\">Nos sentimos orgullosos de que nuestros clientes ganen m\u00e1s con nosotros.<\/h2>\r\n<\/div>\r\n<\/div>\r\n<div class=\"row\">\r\n<div class=\"col-sm-12\"><hr \/><\/div>\r\n<\/div>\r\n<div class=\"row\">\r\n<div class=\"col-sm-12\"><\/div>\r\n<\/div>\r\n<\/div>\r\n<\/section>\r\n\r\n\r\n\r\n<p>&nbsp;<\/p>\r\n","protected":false},"excerpt":{"rendered":"<p>Plataforma de gesti\u00f3n de la fidelizaci\u00f3n y automatizaci\u00f3n del marketing Automatizaci\u00f3n de las comunicaciones de marketing y creaci\u00f3n de verdaderas promociones personalizadas utilizando IA y Aprendizaje autom\u00e1tico Contacto Su navegador no soporta v\u00eddeo HTML5. Nuestras soluciones Loymax Loyalty Leer m\u00e1s Nuestra plataforma de fidelizaci\u00f3n todo en uno y el n\u00facleo de la plataforma sin c\u00f3digo&hellip;&nbsp;<a href=\"https:\/\/loymax.io\/es\/\" class=\"\" rel=\"bookmark\">Leer m\u00e1s &raquo;<span class=\"screen-reader-text\">P\u00e1gina de inicio<\/span><\/a><\/p>\n","protected":false},"author":1,"featured_media":10430,"parent":0,"menu_order":31,"comment_status":"closed","ping_status":"open","template":"","meta":{"_acf_changed":false,"content-type":"","footnotes":""},"class_list":["post-12317","page","type-page","status-publish","has-post-thumbnail","hentry"],"acf":[],"yoast_head":"<!-- This site is optimized with the Yoast SEO plugin v27.4 - https:\/\/yoast.com\/product\/yoast-seo-wordpress\/ -->\n<title>Loymax Solutions<\/title>\n<meta name=\"description\" content=\"Automatizaci\u00f3n de las comunicaciones de marketing y creaci\u00f3n de verdaderas promociones personalizadas utilizando IA y Aprendizaje autom\u00e1tico\u00a0\" \/>\n<meta name=\"robots\" content=\"index, follow, max-snippet:-1, max-image-preview:large, max-video-preview:-1\" \/>\n<link rel=\"canonical\" href=\"https:\/\/loymax.io\/es\/\" \/>\n<meta property=\"og:locale\" content=\"es_ES\" \/>\n<meta property=\"og:type\" content=\"article\" \/>\n<meta property=\"og:title\" content=\"Loymax Solutions\" \/>\n<meta property=\"og:description\" content=\"Automatizaci\u00f3n de las comunicaciones de marketing y creaci\u00f3n de verdaderas promociones personalizadas utilizando IA y Aprendizaje autom\u00e1tico\u00a0\" \/>\n<meta property=\"og:url\" content=\"https:\/\/loymax.io\/es\/\" \/>\n<meta property=\"og:site_name\" content=\"Loymax\" \/>\n<meta property=\"article:modified_time\" content=\"2025-10-17T13:13:33+00:00\" \/>\n<meta property=\"og:image\" content=\"https:\/\/loymax.io\/wp-content\/uploads\/2022\/06\/icon.png\" \/>\n\t<meta property=\"og:image:width\" content=\"427\" \/>\n\t<meta property=\"og:image:height\" content=\"453\" \/>\n\t<meta property=\"og:image:type\" content=\"image\/png\" \/>\n<meta name=\"twitter:card\" content=\"summary_large_image\" \/>\n<meta name=\"twitter:label1\" content=\"Tiempo de lectura\" \/>\n\t<meta name=\"twitter:data1\" content=\"5 minutos\" \/>\n<script type=\"application\/ld+json\" class=\"yoast-schema-graph\">{\"@context\":\"https:\\\/\\\/schema.org\",\"@graph\":[{\"@type\":\"WebPage\",\"@id\":\"https:\\\/\\\/loymax.io\\\/es\\\/\",\"url\":\"https:\\\/\\\/loymax.io\\\/es\\\/\",\"name\":\"Loymax Solutions\",\"isPartOf\":{\"@id\":\"https:\\\/\\\/loymax.io\\\/es\\\/#website\"},\"primaryImageOfPage\":{\"@id\":\"https:\\\/\\\/loymax.io\\\/es\\\/#primaryimage\"},\"image\":{\"@id\":\"https:\\\/\\\/loymax.io\\\/es\\\/#primaryimage\"},\"thumbnailUrl\":\"https:\\\/\\\/loymax.io\\\/wp-content\\\/uploads\\\/2022\\\/06\\\/icon.png\",\"datePublished\":\"2020-06-17T08:41:45+00:00\",\"dateModified\":\"2025-10-17T13:13:33+00:00\",\"description\":\"Automatizaci\u00f3n de las comunicaciones de marketing y creaci\u00f3n de verdaderas promociones personalizadas utilizando IA y Aprendizaje autom\u00e1tico\u00a0\",\"breadcrumb\":{\"@id\":\"https:\\\/\\\/loymax.io\\\/es\\\/#breadcrumb\"},\"inLanguage\":\"es\",\"potentialAction\":[{\"@type\":\"ReadAction\",\"target\":[\"https:\\\/\\\/loymax.io\\\/es\\\/\"]}]},{\"@type\":\"ImageObject\",\"inLanguage\":\"es\",\"@id\":\"https:\\\/\\\/loymax.io\\\/es\\\/#primaryimage\",\"url\":\"https:\\\/\\\/loymax.io\\\/wp-content\\\/uploads\\\/2022\\\/06\\\/icon.png\",\"contentUrl\":\"https:\\\/\\\/loymax.io\\\/wp-content\\\/uploads\\\/2022\\\/06\\\/icon.png\",\"width\":427,\"height\":453,\"caption\":\"loymax ,oyalty\"},{\"@type\":\"BreadcrumbList\",\"@id\":\"https:\\\/\\\/loymax.io\\\/es\\\/#breadcrumb\",\"itemListElement\":[{\"@type\":\"ListItem\",\"position\":1,\"name\":\"\u0413\u043b\u0430\u0432\u043d\u0430\u044f \u0441\u0442\u0440\u0430\u043d\u0438\u0446\u0430\",\"item\":\"https:\\\/\\\/loymax.io\\\/es\\\/\"},{\"@type\":\"ListItem\",\"position\":2,\"name\":\"P\u00e1gina de inicio\"}]},{\"@type\":\"WebSite\",\"@id\":\"https:\\\/\\\/loymax.io\\\/es\\\/#website\",\"url\":\"https:\\\/\\\/loymax.io\\\/es\\\/\",\"name\":\"Loymax\",\"description\":\"Loyalty Management and Marketing Automation Platform\",\"publisher\":{\"@id\":\"https:\\\/\\\/loymax.io\\\/es\\\/#organization\"},\"potentialAction\":[{\"@type\":\"SearchAction\",\"target\":{\"@type\":\"EntryPoint\",\"urlTemplate\":\"https:\\\/\\\/loymax.io\\\/es\\\/?s={search_term_string}\"},\"query-input\":{\"@type\":\"PropertyValueSpecification\",\"valueRequired\":true,\"valueName\":\"search_term_string\"}}],\"inLanguage\":\"es\"},{\"@type\":\"Organization\",\"@id\":\"https:\\\/\\\/loymax.io\\\/es\\\/#organization\",\"name\":\"Loymax\",\"url\":\"https:\\\/\\\/loymax.io\\\/es\\\/\",\"logo\":{\"@type\":\"ImageObject\",\"inLanguage\":\"es\",\"@id\":\"https:\\\/\\\/loymax.io\\\/es\\\/#\\\/schema\\\/logo\\\/image\\\/\",\"url\":\"https:\\\/\\\/loymax.io\\\/wp-content\\\/uploads\\\/2024\\\/09\\\/cropped-cropped-loymax-mt-logo.jpg\",\"contentUrl\":\"https:\\\/\\\/loymax.io\\\/wp-content\\\/uploads\\\/2024\\\/09\\\/cropped-cropped-loymax-mt-logo.jpg\",\"width\":1359,\"height\":417,\"caption\":\"Loymax\"},\"image\":{\"@id\":\"https:\\\/\\\/loymax.io\\\/es\\\/#\\\/schema\\\/logo\\\/image\\\/\"}}]}<\/script>\n<!-- \/ Yoast SEO plugin. -->","yoast_head_json":{"title":"Loymax Solutions","description":"Automatizaci\u00f3n de las comunicaciones de marketing y creaci\u00f3n de verdaderas promociones personalizadas utilizando IA y Aprendizaje autom\u00e1tico\u00a0","robots":{"index":"index","follow":"follow","max-snippet":"max-snippet:-1","max-image-preview":"max-image-preview:large","max-video-preview":"max-video-preview:-1"},"canonical":"https:\/\/loymax.io\/es\/","og_locale":"es_ES","og_type":"article","og_title":"Loymax Solutions","og_description":"Automatizaci\u00f3n de las comunicaciones de marketing y creaci\u00f3n de verdaderas promociones personalizadas utilizando IA y Aprendizaje autom\u00e1tico\u00a0","og_url":"https:\/\/loymax.io\/es\/","og_site_name":"Loymax","article_modified_time":"2025-10-17T13:13:33+00:00","og_image":[{"width":427,"height":453,"url":"https:\/\/loymax.io\/wp-content\/uploads\/2022\/06\/icon.png","type":"image\/png"}],"twitter_card":"summary_large_image","twitter_misc":{"Tiempo de lectura":"5 minutos"},"schema":{"@context":"https:\/\/schema.org","@graph":[{"@type":"WebPage","@id":"https:\/\/loymax.io\/es\/","url":"https:\/\/loymax.io\/es\/","name":"Loymax Solutions","isPartOf":{"@id":"https:\/\/loymax.io\/es\/#website"},"primaryImageOfPage":{"@id":"https:\/\/loymax.io\/es\/#primaryimage"},"image":{"@id":"https:\/\/loymax.io\/es\/#primaryimage"},"thumbnailUrl":"https:\/\/loymax.io\/wp-content\/uploads\/2022\/06\/icon.png","datePublished":"2020-06-17T08:41:45+00:00","dateModified":"2025-10-17T13:13:33+00:00","description":"Automatizaci\u00f3n de las comunicaciones de marketing y creaci\u00f3n de verdaderas promociones personalizadas utilizando IA y Aprendizaje autom\u00e1tico\u00a0","breadcrumb":{"@id":"https:\/\/loymax.io\/es\/#breadcrumb"},"inLanguage":"es","potentialAction":[{"@type":"ReadAction","target":["https:\/\/loymax.io\/es\/"]}]},{"@type":"ImageObject","inLanguage":"es","@id":"https:\/\/loymax.io\/es\/#primaryimage","url":"https:\/\/loymax.io\/wp-content\/uploads\/2022\/06\/icon.png","contentUrl":"https:\/\/loymax.io\/wp-content\/uploads\/2022\/06\/icon.png","width":427,"height":453,"caption":"loymax ,oyalty"},{"@type":"BreadcrumbList","@id":"https:\/\/loymax.io\/es\/#breadcrumb","itemListElement":[{"@type":"ListItem","position":1,"name":"\u0413\u043b\u0430\u0432\u043d\u0430\u044f \u0441\u0442\u0440\u0430\u043d\u0438\u0446\u0430","item":"https:\/\/loymax.io\/es\/"},{"@type":"ListItem","position":2,"name":"P\u00e1gina de inicio"}]},{"@type":"WebSite","@id":"https:\/\/loymax.io\/es\/#website","url":"https:\/\/loymax.io\/es\/","name":"Loymax","description":"Loyalty Management and Marketing Automation Platform","publisher":{"@id":"https:\/\/loymax.io\/es\/#organization"},"potentialAction":[{"@type":"SearchAction","target":{"@type":"EntryPoint","urlTemplate":"https:\/\/loymax.io\/es\/?s={search_term_string}"},"query-input":{"@type":"PropertyValueSpecification","valueRequired":true,"valueName":"search_term_string"}}],"inLanguage":"es"},{"@type":"Organization","@id":"https:\/\/loymax.io\/es\/#organization","name":"Loymax","url":"https:\/\/loymax.io\/es\/","logo":{"@type":"ImageObject","inLanguage":"es","@id":"https:\/\/loymax.io\/es\/#\/schema\/logo\/image\/","url":"https:\/\/loymax.io\/wp-content\/uploads\/2024\/09\/cropped-cropped-loymax-mt-logo.jpg","contentUrl":"https:\/\/loymax.io\/wp-content\/uploads\/2024\/09\/cropped-cropped-loymax-mt-logo.jpg","width":1359,"height":417,"caption":"Loymax"},"image":{"@id":"https:\/\/loymax.io\/es\/#\/schema\/logo\/image\/"}}]}},"_links":{"self":[{"href":"https:\/\/loymax.io\/es\/wp-json\/wp\/v2\/pages\/12317","targetHints":{"allow":["GET"]}}],"collection":[{"href":"https:\/\/loymax.io\/es\/wp-json\/wp\/v2\/pages"}],"about":[{"href":"https:\/\/loymax.io\/es\/wp-json\/wp\/v2\/types\/page"}],"author":[{"embeddable":true,"href":"https:\/\/loymax.io\/es\/wp-json\/wp\/v2\/users\/1"}],"replies":[{"embeddable":true,"href":"https:\/\/loymax.io\/es\/wp-json\/wp\/v2\/comments?post=12317"}],"version-history":[{"count":80,"href":"https:\/\/loymax.io\/es\/wp-json\/wp\/v2\/pages\/12317\/revisions"}],"predecessor-version":[{"id":26873,"href":"https:\/\/loymax.io\/es\/wp-json\/wp\/v2\/pages\/12317\/revisions\/26873"}],"wp:featuredmedia":[{"embeddable":true,"href":"https:\/\/loymax.io\/es\/wp-json\/wp\/v2\/media\/10430"}],"wp:attachment":[{"href":"https:\/\/loymax.io\/es\/wp-json\/wp\/v2\/media?parent=12317"}],"curies":[{"name":"wp","href":"https:\/\/api.w.org\/{rel}","templated":true}]}}