{"id":11643,"date":"2022-04-28T19:26:50","date_gmt":"2022-04-28T17:26:50","guid":{"rendered":"https:\/\/loymax.io\/loymax-bi\/"},"modified":"2025-10-27T16:39:44","modified_gmt":"2025-10-27T14:39:44","slug":"loymax-bi","status":"publish","type":"page","link":"https:\/\/loymax.io\/fr\/loymax-bi\/","title":{"rendered":"Informatique d\u00e9cisionnelle"},"content":{"rendered":"\r\n<section class=\"block-main block-solutions\">\r\n<div class=\"container\">\r\n<div class=\"row\">\r\n<div class=\"col-sm-5 paragraph1\">\r\n<h1 class=\"badge\">Informatique d\u00e9cisionnelle<\/h1>\r\n<div>Aide \u00e0 comprendre vos donn\u00e9es afin de vous permettre de prendre de meilleures d\u00e9cisions et d&rsquo;augmenter vos ventes.<\/div>\r\n<div class=\"buttons\"><a class=\"btn-block3 js-scroll-trigger\" href=\"#site-footer\">Contactez-nous<\/a><\/div>\r\n<\/div>\r\n<div class=\"col-sm-7\"><img decoding=\"async\" alt=\"Bi Main\" src=\"\/wp-content\/uploads\/2022\/04\/bi_main.svg\" \/><\/div>\r\n<\/div>\r\n<\/div>\r\n<\/section>\r\n<div class=\"container\">\r\n<section class=\"faq-block\">\r\n<div class=\"row\">\r\n<div class=\"col-sm-5\">\r\n<p class=\"solution-text-header\">Le module vous permet de d\u00e9terminer les mod\u00e8les typiques d&rsquo;achats et de comportement des clients, de cr\u00e9er des offres pertinentes pour diff\u00e9rents segments, de cr\u00e9er un entonnoir de vente, d&rsquo;augmenter le taux de conversion et bien plus encore.<\/p>\r\n<!-- <h2>\u0412\u0438\u0434\u0435\u043e\u043e\u0431\u0437\u043e\u0440<\/h2> -->\r\n<div class=\"video-block\"><!--  <div><iframe src=\"https:\/\/player.vimeo.com\/video\/656065746?h=e12a1500ed&color=2A78EC&title=0&byline=0&portrait=0\" frameborder=\"0\" allowfullscreen=\"allowfullscreen\"><\/iframe><\/div>\r\n<script src=\"https:\/\/player.vimeo.com\/api\/player.js\"><\/script> --><\/div>\r\n<p class=\"after-video\" style=\"opacity: 0;\">Offrir une r\u00e9duction<\/p>\r\n<\/div>\r\n<div class=\"col-sm-7 right-faq\">\r\n<div class=\"faq faq2\">\r\n<h3>Acc\u00e8s instantan\u00e9 aux donn\u00e9es cl\u00e9s. Demandes ad hoc.<\/h3>\r\n<hr \/><\/div>\r\n<div class=\"faq faq2\">\r\n<h3>Capacit\u00e9 de traiter des donn\u00e9es et de tester des hypoth\u00e8ses dans une interface conviviale et intuitive.<\/h3>\r\n<hr \/><\/div>\r\n<div class=\"faq faq2\">\r\n<h3>Rapports analytiques pr\u00e9configur\u00e9s sur des blocs bas\u00e9s sur des tableaux de bord Excel, PowerBI.<\/h3>\r\n<hr \/><\/div>\r\n<div class=\"faq faq2\">\r\n<h3>Segmentation de la client\u00e8le en fonction de n&rsquo;importe quel param\u00e8tre et gestion des segments.<\/h3>\r\n<hr \/><\/div>\r\n<!-- <div class=\"faq faq2\">\r\n <h3>Preconfigured analytics<\/h3>\r\n<hr \/><\/div>-->\r\n<div class=\"faq faq2\">\r\n<h3>Segmentation automatique des clients multiples.<\/h3>\r\n<hr \/><\/div>\r\n<div class=\"faq faq2\">\r\n<h3>G\u00e9n\u00e9ration automatique de rapports dans diff\u00e9rentes sections.<\/h3>\r\n<hr \/><\/div>\r\n<div class=\"faq faq2\">\r\n<h3>Syst\u00e8me form\u00e9 de m\u00e9triques permettant d&rsquo;\u00e9valuer la qualit\u00e9 du programme de fid\u00e9lit\u00e9.<\/h3>\r\n<hr \/><\/div>\r\n<div class=\"faq faq2\">\r\n<h3>Analyse de cohorte.<\/h3>\r\n<hr \/><\/div>\r\n<!-- <div class=\"faq faq2\">\r\n<h3>\u0421\u043e\u0432\u043c\u0435\u0441\u0442\u043d\u044b\u0435 \u043f\u043e\u043a\u0443\u043f\u043a\u0438.<\/h3>\r\n<hr \/><\/div>-->\r\n<div class=\"faq faq2\">\r\n<h3>ABC XYZ<\/h3>\r\n<\/div>\r\n<\/div>\r\n<\/div>\r\n<\/section>\r\n<section class=\"faq-block faq-block3\">\r\n<div class=\"container\">\r\n<div class=\"row\">\r\n<div class=\"col-sm-6\">\r\n<div class=\"modules2 modules3\">\r\n<h3>Types de segmentation<\/h3>\r\n<ul>\r\n<li>Segmentation par montant de la facture, fr\u00e9quence des achats, longueur de la facture.<\/li>\r\n<li>Segmentation binaire.<\/li>\r\n<li>Segmentation RFM et BCG.<\/li>\r\n<li>Mode de vie.<\/li>\r\n<li>Segmentation bas\u00e9e sur la sensibilit\u00e9 aux promotions.<\/li>\r\n<\/ul>\r\n<\/div>\r\n<\/div>\r\n<div class=\"col-sm-6\">\r\n<div class=\"modules2 modules3\">\r\n<h3>Visualisation flexible des donn\u00e9es<\/h3>\r\n<ul>\r\n<li>Constructeur de rapports interactifs.<\/li>\r\n<li>Panneaux et tableaux de bord interactifs.<\/li>\r\n<li>Plus de 40 rapports pr\u00e9configur\u00e9s : programme de fid\u00e9lit\u00e9 (11 rapports), segmentation (4 rapports), campagnes marketing (8 rapports), ventes (4 rapports), communications (2 rapports), limites (2 rapports), fraude (2 rapports), primes de compensation pour la holding\/coalition (2 rapports).<\/li>\r\n<\/ul>\r\n<\/div>\r\n<\/div>\r\n<\/div>\r\n<\/div>\r\n<\/section>\r\n<\/div>\r\n<div class=\"solutions-background\" style=\"padding-bottom: 100px;\">\r\n<div class=\"container\">\r\n<section class=\"full-width\">\r\n<div class=\"row\">\r\n<div class=\"col-sm-12\">\r\n<div class=\"arrow-class\">\u00a0<\/div>\r\n<div class=\"about-slider2\">\r\n<div><img loading=\"lazy\" decoding=\"async\" class=\"alignnone size-full wp-image-5566\" src=\"https:\/\/loymax.io\/wp-content\/uploads\/2022\/09\/bi001.png\" alt=\"\" width=\"620\" height=\"372\" srcset=\"https:\/\/loymax.io\/wp-content\/uploads\/2022\/09\/bi001.png 620w, https:\/\/loymax.io\/wp-content\/uploads\/2022\/09\/bi001-300x180.png 300w\" sizes=\"auto, (max-width: 620px) 100vw, 620px\" \/><\/div>\r\n<div><img loading=\"lazy\" decoding=\"async\" class=\"alignnone size-full wp-image-5567\" src=\"https:\/\/loymax.io\/wp-content\/uploads\/2022\/09\/bi002.png\" alt=\"\" width=\"620\" height=\"372\" srcset=\"https:\/\/loymax.io\/wp-content\/uploads\/2022\/09\/bi002.png 620w, https:\/\/loymax.io\/wp-content\/uploads\/2022\/09\/bi002-300x180.png 300w\" sizes=\"auto, (max-width: 620px) 100vw, 620px\" \/><\/div>\r\n<div><img loading=\"lazy\" decoding=\"async\" class=\"alignnone size-full wp-image-5568\" src=\"https:\/\/loymax.io\/wp-content\/uploads\/2022\/09\/bi003.png\" alt=\"\" width=\"620\" height=\"372\" srcset=\"https:\/\/loymax.io\/wp-content\/uploads\/2022\/09\/bi003.png 620w, https:\/\/loymax.io\/wp-content\/uploads\/2022\/09\/bi003-300x180.png 300w\" sizes=\"auto, (max-width: 620px) 100vw, 620px\" \/><\/div>\r\n<div><img loading=\"lazy\" decoding=\"async\" class=\"alignnone size-full wp-image-5569\" src=\"https:\/\/loymax.io\/wp-content\/uploads\/2022\/09\/bi004.png\" alt=\"\" width=\"620\" height=\"372\" srcset=\"https:\/\/loymax.io\/wp-content\/uploads\/2022\/09\/bi004.png 620w, https:\/\/loymax.io\/wp-content\/uploads\/2022\/09\/bi004-300x180.png 300w\" sizes=\"auto, (max-width: 620px) 100vw, 620px\" \/><\/div>\r\n<div class=\"hidden-xs\">\u00a0<\/div>\r\n<\/div>\r\n<\/div>\r\n<\/div>\r\n<\/section>\r\n<\/div>\r\n<\/div>\r\n","protected":false},"excerpt":{"rendered":"<p>Informatique d\u00e9cisionnelle Aide \u00e0 comprendre vos donn\u00e9es afin de vous permettre de prendre de meilleures d\u00e9cisions et d&rsquo;augmenter vos ventes. Contactez-nous Le module vous permet de d\u00e9terminer les mod\u00e8les typiques d&rsquo;achats et de comportement des clients, de cr\u00e9er des offres pertinentes pour diff\u00e9rents segments, de cr\u00e9er un entonnoir de vente, d&rsquo;augmenter le taux de conversion&hellip;&nbsp;<a href=\"https:\/\/loymax.io\/fr\/loymax-bi\/\" class=\"\" rel=\"bookmark\">Lire la suite &raquo;<span class=\"screen-reader-text\">Informatique d\u00e9cisionnelle<\/span><\/a><\/p>\n","protected":false},"author":1,"featured_media":0,"parent":0,"menu_order":6,"comment_status":"closed","ping_status":"closed","template":"solutions.php","meta":{"_acf_changed":false,"content-type":"","footnotes":""},"class_list":["post-11643","page","type-page","status-publish","hentry"],"acf":[],"yoast_head":"<!-- This site is optimized with the Yoast SEO plugin v27.4 - https:\/\/yoast.com\/product\/yoast-seo-wordpress\/ -->\n<title>Informatique d\u00e9cisionnelle - Loymax<\/title>\n<meta name=\"description\" content=\"Optimisez vos d\u00e9cisions avec Loymax Informatique D\u00e9cisionnelle (BI) : analysez vos donn\u00e9es, augmentez vos ventes et fid\u00e9lisez vos clients.\" \/>\n<meta name=\"robots\" content=\"index, follow, max-snippet:-1, max-image-preview:large, max-video-preview:-1\" \/>\n<link rel=\"canonical\" href=\"https:\/\/loymax.io\/fr\/loymax-bi\/\" \/>\n<meta property=\"og:locale\" content=\"fr_FR\" \/>\n<meta property=\"og:type\" content=\"article\" \/>\n<meta property=\"og:title\" content=\"Informatique d\u00e9cisionnelle - Loymax\" \/>\n<meta property=\"og:description\" content=\"Optimisez vos d\u00e9cisions avec Loymax Informatique D\u00e9cisionnelle (BI) : analysez vos donn\u00e9es, augmentez vos ventes et fid\u00e9lisez vos clients.\" \/>\n<meta property=\"og:url\" content=\"https:\/\/loymax.io\/fr\/loymax-bi\/\" \/>\n<meta property=\"og:site_name\" content=\"Loymax\" \/>\n<meta property=\"article:modified_time\" content=\"2025-10-27T14:39:44+00:00\" \/>\n<meta property=\"og:image\" content=\"https:\/\/loymax.io\/wp-content\/uploads\/2022\/09\/bi001.png\" \/>\n<meta name=\"twitter:card\" content=\"summary_large_image\" \/>\n<meta name=\"twitter:label1\" content=\"Dur\u00e9e de lecture estim\u00e9e\" \/>\n\t<meta name=\"twitter:data1\" content=\"2 minutes\" \/>\n<script type=\"application\/ld+json\" class=\"yoast-schema-graph\">{\"@context\":\"https:\\\/\\\/schema.org\",\"@graph\":[{\"@type\":\"WebPage\",\"@id\":\"https:\\\/\\\/loymax.io\\\/fr\\\/loymax-bi\\\/\",\"url\":\"https:\\\/\\\/loymax.io\\\/fr\\\/loymax-bi\\\/\",\"name\":\"Informatique d\u00e9cisionnelle - Loymax\",\"isPartOf\":{\"@id\":\"https:\\\/\\\/loymax.io\\\/fr\\\/#website\"},\"primaryImageOfPage\":{\"@id\":\"https:\\\/\\\/loymax.io\\\/fr\\\/loymax-bi\\\/#primaryimage\"},\"image\":{\"@id\":\"https:\\\/\\\/loymax.io\\\/fr\\\/loymax-bi\\\/#primaryimage\"},\"thumbnailUrl\":\"https:\\\/\\\/loymax.io\\\/wp-content\\\/uploads\\\/2022\\\/09\\\/bi001.png\",\"datePublished\":\"2022-04-28T17:26:50+00:00\",\"dateModified\":\"2025-10-27T14:39:44+00:00\",\"description\":\"Optimisez vos d\u00e9cisions avec Loymax Informatique D\u00e9cisionnelle (BI) : analysez vos donn\u00e9es, augmentez vos ventes et fid\u00e9lisez vos clients.\",\"breadcrumb\":{\"@id\":\"https:\\\/\\\/loymax.io\\\/fr\\\/loymax-bi\\\/#breadcrumb\"},\"inLanguage\":\"fr-FR\",\"potentialAction\":[{\"@type\":\"ReadAction\",\"target\":[\"https:\\\/\\\/loymax.io\\\/fr\\\/loymax-bi\\\/\"]}]},{\"@type\":\"ImageObject\",\"inLanguage\":\"fr-FR\",\"@id\":\"https:\\\/\\\/loymax.io\\\/fr\\\/loymax-bi\\\/#primaryimage\",\"url\":\"https:\\\/\\\/loymax.io\\\/wp-content\\\/uploads\\\/2022\\\/09\\\/bi001.png\",\"contentUrl\":\"https:\\\/\\\/loymax.io\\\/wp-content\\\/uploads\\\/2022\\\/09\\\/bi001.png\"},{\"@type\":\"BreadcrumbList\",\"@id\":\"https:\\\/\\\/loymax.io\\\/fr\\\/loymax-bi\\\/#breadcrumb\",\"itemListElement\":[{\"@type\":\"ListItem\",\"position\":1,\"name\":\"\u0413\u043b\u0430\u0432\u043d\u0430\u044f \u0441\u0442\u0440\u0430\u043d\u0438\u0446\u0430\",\"item\":\"https:\\\/\\\/loymax.io\\\/fr\\\/\"},{\"@type\":\"ListItem\",\"position\":2,\"name\":\"Informatique d\u00e9cisionnelle\"}]},{\"@type\":\"WebSite\",\"@id\":\"https:\\\/\\\/loymax.io\\\/fr\\\/#website\",\"url\":\"https:\\\/\\\/loymax.io\\\/fr\\\/\",\"name\":\"Loymax\",\"description\":\"Loyalty Management and Marketing Automation Platform\",\"publisher\":{\"@id\":\"https:\\\/\\\/loymax.io\\\/fr\\\/#organization\"},\"potentialAction\":[{\"@type\":\"SearchAction\",\"target\":{\"@type\":\"EntryPoint\",\"urlTemplate\":\"https:\\\/\\\/loymax.io\\\/fr\\\/?s={search_term_string}\"},\"query-input\":{\"@type\":\"PropertyValueSpecification\",\"valueRequired\":true,\"valueName\":\"search_term_string\"}}],\"inLanguage\":\"fr-FR\"},{\"@type\":\"Organization\",\"@id\":\"https:\\\/\\\/loymax.io\\\/fr\\\/#organization\",\"name\":\"Loymax\",\"url\":\"https:\\\/\\\/loymax.io\\\/fr\\\/\",\"logo\":{\"@type\":\"ImageObject\",\"inLanguage\":\"fr-FR\",\"@id\":\"https:\\\/\\\/loymax.io\\\/fr\\\/#\\\/schema\\\/logo\\\/image\\\/\",\"url\":\"https:\\\/\\\/loymax.io\\\/wp-content\\\/uploads\\\/2024\\\/09\\\/cropped-cropped-loymax-mt-logo.jpg\",\"contentUrl\":\"https:\\\/\\\/loymax.io\\\/wp-content\\\/uploads\\\/2024\\\/09\\\/cropped-cropped-loymax-mt-logo.jpg\",\"width\":1359,\"height\":417,\"caption\":\"Loymax\"},\"image\":{\"@id\":\"https:\\\/\\\/loymax.io\\\/fr\\\/#\\\/schema\\\/logo\\\/image\\\/\"}}]}<\/script>\n<!-- \/ Yoast SEO plugin. -->","yoast_head_json":{"title":"Informatique d\u00e9cisionnelle - Loymax","description":"Optimisez vos d\u00e9cisions avec Loymax Informatique D\u00e9cisionnelle (BI) : analysez vos donn\u00e9es, augmentez vos ventes et fid\u00e9lisez vos clients.","robots":{"index":"index","follow":"follow","max-snippet":"max-snippet:-1","max-image-preview":"max-image-preview:large","max-video-preview":"max-video-preview:-1"},"canonical":"https:\/\/loymax.io\/fr\/loymax-bi\/","og_locale":"fr_FR","og_type":"article","og_title":"Informatique d\u00e9cisionnelle - Loymax","og_description":"Optimisez vos d\u00e9cisions avec Loymax Informatique D\u00e9cisionnelle (BI) : analysez vos donn\u00e9es, augmentez vos ventes et fid\u00e9lisez vos clients.","og_url":"https:\/\/loymax.io\/fr\/loymax-bi\/","og_site_name":"Loymax","article_modified_time":"2025-10-27T14:39:44+00:00","og_image":[{"url":"https:\/\/loymax.io\/wp-content\/uploads\/2022\/09\/bi001.png","type":"","width":"","height":""}],"twitter_card":"summary_large_image","twitter_misc":{"Dur\u00e9e de lecture estim\u00e9e":"2 minutes"},"schema":{"@context":"https:\/\/schema.org","@graph":[{"@type":"WebPage","@id":"https:\/\/loymax.io\/fr\/loymax-bi\/","url":"https:\/\/loymax.io\/fr\/loymax-bi\/","name":"Informatique d\u00e9cisionnelle - Loymax","isPartOf":{"@id":"https:\/\/loymax.io\/fr\/#website"},"primaryImageOfPage":{"@id":"https:\/\/loymax.io\/fr\/loymax-bi\/#primaryimage"},"image":{"@id":"https:\/\/loymax.io\/fr\/loymax-bi\/#primaryimage"},"thumbnailUrl":"https:\/\/loymax.io\/wp-content\/uploads\/2022\/09\/bi001.png","datePublished":"2022-04-28T17:26:50+00:00","dateModified":"2025-10-27T14:39:44+00:00","description":"Optimisez vos d\u00e9cisions avec Loymax Informatique D\u00e9cisionnelle (BI) : analysez vos donn\u00e9es, augmentez vos ventes et fid\u00e9lisez vos clients.","breadcrumb":{"@id":"https:\/\/loymax.io\/fr\/loymax-bi\/#breadcrumb"},"inLanguage":"fr-FR","potentialAction":[{"@type":"ReadAction","target":["https:\/\/loymax.io\/fr\/loymax-bi\/"]}]},{"@type":"ImageObject","inLanguage":"fr-FR","@id":"https:\/\/loymax.io\/fr\/loymax-bi\/#primaryimage","url":"https:\/\/loymax.io\/wp-content\/uploads\/2022\/09\/bi001.png","contentUrl":"https:\/\/loymax.io\/wp-content\/uploads\/2022\/09\/bi001.png"},{"@type":"BreadcrumbList","@id":"https:\/\/loymax.io\/fr\/loymax-bi\/#breadcrumb","itemListElement":[{"@type":"ListItem","position":1,"name":"\u0413\u043b\u0430\u0432\u043d\u0430\u044f \u0441\u0442\u0440\u0430\u043d\u0438\u0446\u0430","item":"https:\/\/loymax.io\/fr\/"},{"@type":"ListItem","position":2,"name":"Informatique d\u00e9cisionnelle"}]},{"@type":"WebSite","@id":"https:\/\/loymax.io\/fr\/#website","url":"https:\/\/loymax.io\/fr\/","name":"Loymax","description":"Loyalty Management and Marketing Automation Platform","publisher":{"@id":"https:\/\/loymax.io\/fr\/#organization"},"potentialAction":[{"@type":"SearchAction","target":{"@type":"EntryPoint","urlTemplate":"https:\/\/loymax.io\/fr\/?s={search_term_string}"},"query-input":{"@type":"PropertyValueSpecification","valueRequired":true,"valueName":"search_term_string"}}],"inLanguage":"fr-FR"},{"@type":"Organization","@id":"https:\/\/loymax.io\/fr\/#organization","name":"Loymax","url":"https:\/\/loymax.io\/fr\/","logo":{"@type":"ImageObject","inLanguage":"fr-FR","@id":"https:\/\/loymax.io\/fr\/#\/schema\/logo\/image\/","url":"https:\/\/loymax.io\/wp-content\/uploads\/2024\/09\/cropped-cropped-loymax-mt-logo.jpg","contentUrl":"https:\/\/loymax.io\/wp-content\/uploads\/2024\/09\/cropped-cropped-loymax-mt-logo.jpg","width":1359,"height":417,"caption":"Loymax"},"image":{"@id":"https:\/\/loymax.io\/fr\/#\/schema\/logo\/image\/"}}]}},"_links":{"self":[{"href":"https:\/\/loymax.io\/fr\/wp-json\/wp\/v2\/pages\/11643","targetHints":{"allow":["GET"]}}],"collection":[{"href":"https:\/\/loymax.io\/fr\/wp-json\/wp\/v2\/pages"}],"about":[{"href":"https:\/\/loymax.io\/fr\/wp-json\/wp\/v2\/types\/page"}],"author":[{"embeddable":true,"href":"https:\/\/loymax.io\/fr\/wp-json\/wp\/v2\/users\/1"}],"replies":[{"embeddable":true,"href":"https:\/\/loymax.io\/fr\/wp-json\/wp\/v2\/comments?post=11643"}],"version-history":[{"count":25,"href":"https:\/\/loymax.io\/fr\/wp-json\/wp\/v2\/pages\/11643\/revisions"}],"predecessor-version":[{"id":27204,"href":"https:\/\/loymax.io\/fr\/wp-json\/wp\/v2\/pages\/11643\/revisions\/27204"}],"wp:attachment":[{"href":"https:\/\/loymax.io\/fr\/wp-json\/wp\/v2\/media?parent=11643"}],"curies":[{"name":"wp","href":"https:\/\/api.w.org\/{rel}","templated":true}]}}