{"id":11667,"date":"2020-06-17T10:41:45","date_gmt":"2020-06-17T08:41:45","guid":{"rendered":"https:\/\/loymax.io\/?page_id=11667"},"modified":"2025-10-27T16:10:05","modified_gmt":"2025-10-27T14:10:05","slug":"sample-page","status":"publish","type":"page","link":"https:\/\/loymax.io\/fr\/","title":{"rendered":"Accueil"},"content":{"rendered":"\r\n<section class=\"block-main\">\r\n<div class=\"container\">\r\n<div class=\"row\">\r\n<div class=\"col-sm-5 paragraph1\">\r\n<h1>Plateforme de gestion de la fid\u00e9lit\u00e9 et d&rsquo;automatisation du marketing<\/h1>\r\n<p>Automatisation des communications marketing et cr\u00e9ation de v\u00e9ritables promotions personnalis\u00e9es \u00e0 l&rsquo;aide de l&rsquo;IA et de l&rsquo;apprentissage automatique.<\/p>\r\n<div class=\"buttons\"><!--<a class=\"btn-block3\" href=\"#\">\u0420\u0435\u0448\u0435\u043d\u0438\u044f<\/a>--><a class=\"btn-block3 js-scroll-trigger\" href=\"#site-footer\">Contactez-nous<\/a><\/div>\r\n<\/div>\r\n<div class=\"col-sm-7\">\r\n<div class=\"main-video\"><video poster=\"\/wp-content\/uploads\/2022\/05\/video_new.jpg\" autoplay=\"autoplay\" loop=\"loop\" muted=\"\" width=\"100%\" height=\"100%\">\r\n   <source src=\"\/wp-content\/uploads\/2022\/04\/video.mp4\" type=\"video\/mp4; codecs=\" avc1=\"\" 42e01e=\"\" mp4a=\"\" 40=\"\" 2=\"\" \/>Votre navigateur ne prend pas en charge les vid\u00e9os en format HTML5. <\/video><\/div>\r\n<!--<img decoding=\"async\" alt=\"Main Image 3\" src=\"\/wp-content\/uploads\/2022\/02\/main_image_3.svg\" \/>--><\/div>\r\n<\/div>\r\n<\/div>\r\n<\/section>\r\n<section class=\"main-slider\">\r\n<div class=\"container\">\r\n<div class=\"row\">\r\n<div class=\"col-sm-9\">\r\n<div class=\"home-slider-wrapper\">\r\n<div class=\"home-slider\">\r\n<div class=\"slide1\">\r\n<div>\r\n<div class=\"col-sm-4\">\r\n<h3>Nos solutions<\/h3>\r\n<h4>Loymax Loyalty<\/h4>\r\n<a class=\"btn-block3\" href=\"loymax-loyalty\/\">En savoir plus <\/a><\/div>\r\n<div class=\"col-sm-4\"><img decoding=\"async\" alt=\"Slide2\" src=\"\/wp-content\/uploads\/2022\/02\/slide2.svg\" \/><\/div>\r\n<div class=\"col-sm-4\">\r\n<p>Notre plateforme de fid\u00e9lisation tout-en-un et sans code permettant de cr\u00e9er des programmes de fid\u00e9lisation de tout niveau de complexit\u00e9.<\/p>\r\n<\/div>\r\n<\/div>\r\n<\/div>\r\n<div class=\"slide1\">\r\n<div>\r\n<div class=\"col-sm-4\">\r\n<h3>Nos solutions<\/h3>\r\n<h4>Communications intelligentes<\/h4>\r\n<a class=\"btn-block3\" href=\"https:\/\/loymax.io\/fr\/smart-communications\/\">En savoir plus <\/a><\/div>\r\n<div class=\"col-sm-4\"><img decoding=\"async\" alt=\"Slide1\" src=\"\/wp-content\/uploads\/2021\/12\/slide1.svg\" \/><\/div>\r\n<div class=\"col-sm-4\">\r\n<p>Notre plateforme de donn\u00e9es clients et notre gestionnaire de campagne offrent une segmentation facile et permettent le d\u00e9clenchement de communications (SMS, e-mail, notifications push, etc.).<\/p>\r\n<\/div>\r\n<\/div>\r\n<\/div>\r\n<div class=\"slide1\">\r\n<div>\r\n<div class=\"col-sm-4\">\r\n<h3>Nos solutions<\/h3>\r\n<h4>Business <br \/>Intelligence (BI)<\/h4>\r\n<a class=\"btn-block3\" href=\"#\">En savoir plus <\/a><\/div>\r\n<div class=\"col-sm-4\"><img decoding=\"async\" alt=\"Slide4\" src=\"\/wp-content\/uploads\/2022\/02\/slide4.svg\" \/><\/div>\r\n<div class=\"col-sm-4\">\r\n<p>Notre module d&rsquo;analyse permet d&rsquo;\u00e9valuer l&rsquo;efficacit\u00e9 de votre programme de fid\u00e9lit\u00e9.<\/p>\r\n<\/div>\r\n<\/div>\r\n<\/div>\r\n<div class=\"slide1\">\r\n<div>\r\n<div class=\"col-sm-4\">\r\n<h3>Nos solutions<\/h3>\r\n<h4>Apprentissage automatique<\/h4>\r\n<a class=\"btn-block3\" href=\"https:\/\/loymax.io\/fr\/machine-learning\/\">En savoir plus <\/a><\/div>\r\n<div class=\"col-sm-4\"><img decoding=\"async\" alt=\"Slide3\" src=\"\/wp-content\/uploads\/2022\/02\/slide3.svg\" \/><\/div>\r\n<div class=\"col-sm-4\">\r\n<p>Propose des promotions personnalis\u00e9es pour chaque client individuel et, par cons\u00e9quent, augmente les ventes brutes de 4\u00a0%.<\/p>\r\n<\/div>\r\n<\/div>\r\n<\/div>\r\n<\/div>\r\n<\/div>\r\n<\/div>\r\n<\/div>\r\n<\/div>\r\n<\/section>\r\n<section class=\"block-main\">\r\n<div class=\"container\">\r\n<div class=\"row\">\r\n<div class=\"col-sm-12\">\r\n<h3>\u00c0 propos de Loymax<\/h3>\r\n<\/div>\r\n<\/div>\r\n<div class=\"row\">\r\n<div class=\"col-sm-4\">\r\n<div class=\"who-block\"><img decoding=\"async\" alt=\"Why1 1\" src=\"\/wp-content\/uploads\/2021\/12\/why1-1.svg\" \/>\r\n<h4>Riche exp\u00e9rience<\/h4>\r\n<p>Nous d\u00e9veloppons notre plateforme et aidons nos clients \u00e0 cr\u00e9er des programmes de fid\u00e9lisation de haut niveau depuis 2010.<\/p>\r\n<\/div>\r\n<\/div>\r\n<div class=\"col-sm-4\">\r\n<div class=\"who-block\"><img decoding=\"async\" alt=\"Why2\" src=\"\/wp-content\/uploads\/2021\/12\/why2.svg\" \/>\r\n<h4>Migration facile<\/h4>\r\n<p>Nos ing\u00e9nieurs logiciels disposent d&rsquo;une vaste exp\u00e9rience en mati\u00e8re de migration transparente.<\/p>\r\n<\/div>\r\n<\/div>\r\n<div class=\"col-sm-4\">\r\n<div class=\"who-block\"><img decoding=\"async\" alt=\"Why3\" src=\"\/wp-content\/uploads\/2021\/12\/why3.svg\" \/>\r\n<h4>Documentation<\/h4>\r\n<p>Documentation int\u00e9gr\u00e9e de plus de 8000 pages.<\/p>\r\n<\/div>\r\n<\/div>\r\n<div class=\"col-sm-4\">\r\n<div class=\"who-block\"><img decoding=\"async\" alt=\"Why4\" src=\"\/wp-content\/uploads\/2021\/12\/why4.svg\" \/>\r\n<h4>D\u00e9ploiement en 12 semaines<\/h4>\r\n<p>Nos experts n&rsquo;ont besoin que de 12 semaines pour d\u00e9ployer la plateforme avec toutes les int\u00e9grations n\u00e9cessaires.<\/p>\r\n<\/div>\r\n<\/div>\r\n<div class=\"col-sm-4\">\r\n<div class=\"who-block\"><img decoding=\"async\" alt=\"Why5\" src=\"\/wp-content\/uploads\/2021\/12\/why5.svg\" \/>\r\n<h4>Assistance 24h\/24 et 7j\/7<\/h4>\r\n<p>Nous offrons un service d\u2019assistance accessible 24h\/24 et 7j\/7.<\/p>\r\n<\/div>\r\n<\/div>\r\n<div class=\"col-sm-4\">\r\n<div class=\"who-block\"><img decoding=\"async\" alt=\"Why6\" src=\"\/wp-content\/uploads\/2021\/12\/why6.svg\" \/>\r\n<h4>Fiabilit\u00e9<\/h4>\r\n<p>L&rsquo;architecture logicielle et l&rsquo;investissement continu dans le mat\u00e9riel le plus avanc\u00e9 garantissent une tol\u00e9rance aux pannes de 99,9 %.<\/p>\r\n<\/div>\r\n<\/div>\r\n<\/div>\r\n<\/div>\r\n<\/section>\r\n<!--\r\n<section class=\"block2\">\r\n<div class=\"container\">\r\n<div class=\"row\">\r\n<div class=\"col-sm-8 offset-sm-2 col-12\">\r\n<div class=\"video-block\">\r\n<div><iframe src=\"https:\/\/player.vimeo.com\/video\/656065746?h=e12a1500ed&color=2A78EC&title=0&byline=0&portrait=0\" frameborder=\"0\" allowfullscreen=\"allowfullscreen\"><\/iframe><\/div>\r\n<script src=\"https:\/\/player.vimeo.com\/api\/player.js\"><\/script>\r\n<\/div>\r\n<\/div>\r\n<\/div>\r\n<\/div>\r\n<\/section>\r\n\r\n-->\r\n<section class=\"integration-block integration-block-six\" style=\"margin-top: 30px; margin-bottom: 70px;\">\r\n<div class=\"container\">\r\n<div class=\"row\">\r\n<div class=\"col-sm-12\">\r\n<div class=\"row\">\r\n<div class=\"col-sm-12\">\r\n<h2>Nos clients<\/h2>\r\n<\/div>\r\n<\/div>\r\n<div class=\"row\">\r\n<div class=\"col-lg-2 col-md-2 col-sm-6 col-xs-6\">\r\n<div class=\"material\"><img loading=\"lazy\" decoding=\"async\" class=\"alignnone\" src=\"\/wp-content\/uploads\/2024\/09\/auchan.svg\" alt=\"\" width=\"353\" height=\"372\" \/><\/div>\r\n<\/div>\r\n<div class=\"col-lg-2 col-md-2 col-sm-6 col-xs-6\">\r\n<div class=\"material\"><img loading=\"lazy\" decoding=\"async\" class=\"alignnone size-full wp-image-2610\" src=\"https:\/\/loymax.ru\/wp-content\/uploads\/2022\/06\/001-spar.svg\" alt=\"\" width=\"448\" height=\"71\" \/><\/div>\r\n<\/div>\r\n<div class=\"col-lg-2 col-md-2 col-sm-6 col-xs-6\">\r\n<div class=\"material\"><img loading=\"lazy\" decoding=\"async\" class=\"alignnone size-medium wp-image-5560\" src=\"https:\/\/loymax.io\/wp-content\/uploads\/2022\/09\/kfc-logo-300x169.png\" alt=\"\" width=\"300\" height=\"169\" srcset=\"https:\/\/loymax.io\/wp-content\/uploads\/2022\/09\/kfc-logo-300x169.png 300w, https:\/\/loymax.io\/wp-content\/uploads\/2022\/09\/kfc-logo-1024x576.png 1024w, https:\/\/loymax.io\/wp-content\/uploads\/2022\/09\/kfc-logo-768x432.png 768w, https:\/\/loymax.io\/wp-content\/uploads\/2022\/09\/kfc-logo-1536x864.png 1536w, https:\/\/loymax.io\/wp-content\/uploads\/2022\/09\/kfc-logo-2048x1152.png 2048w\" sizes=\"auto, (max-width: 300px) 100vw, 300px\" \/><\/div>\r\n<\/div>\r\n<div class=\"col-lg-2 col-md-2 col-sm-6 col-xs-6\">\r\n<div class=\"material\"><img loading=\"lazy\" decoding=\"async\" class=\"alignnone size-medium wp-image-5559\" src=\"https:\/\/loymax.io\/wp-content\/uploads\/2022\/09\/prisma-logo-300x169.png\" alt=\"\" width=\"300\" height=\"169\" srcset=\"https:\/\/loymax.io\/wp-content\/uploads\/2022\/09\/prisma-logo-300x169.png 300w, https:\/\/loymax.io\/wp-content\/uploads\/2022\/09\/prisma-logo-1024x576.png 1024w, https:\/\/loymax.io\/wp-content\/uploads\/2022\/09\/prisma-logo-768x432.png 768w, https:\/\/loymax.io\/wp-content\/uploads\/2022\/09\/prisma-logo-1536x864.png 1536w, https:\/\/loymax.io\/wp-content\/uploads\/2022\/09\/prisma-logo-2048x1152.png 2048w\" sizes=\"auto, (max-width: 300px) 100vw, 300px\" \/>\u00a0<\/div>\r\n<\/div>\r\n<div class=\"col-lg-2 col-md-2 col-sm-6 col-xs-6\">\r\n<div class=\"material\"><img loading=\"lazy\" decoding=\"async\" class=\"alignnone size-full wp-image-2618\" src=\"https:\/\/loymax.ru\/wp-content\/uploads\/2022\/06\/bns-1.svg\" alt=\"\" width=\"353\" height=\"85\" \/><\/div>\r\n<\/div>\r\n<\/div>\r\n<\/div>\r\n<\/div>\r\n<\/div>\r\n<\/section>\r\n<section class=\"block3\">\r\n<div class=\"container\">\r\n<div class=\"row\">\r\n<div class=\"col-sm-4\">\r\n<div class=\"who-block\">\r\n<div class=\"who-block-img\"><img decoding=\"async\" alt=\"Icon1\" src=\"\/wp-content\/uploads\/2021\/12\/icon1.svg\" \/><\/div>\r\n<h4>5 ans<\/h4>\r\n<p>Fond\u00e9e en 2019<\/p>\r\n<\/div>\r\n<\/div>\r\n<div class=\"col-sm-4\">\r\n<div class=\"who-block\">\r\n<div class=\"who-block-img\"><img decoding=\"async\" alt=\"Icon2\" src=\"\/wp-content\/uploads\/2021\/12\/icon2.svg\" \/><\/div>\r\n<h4>25 000+<\/h4>\r\n<p>Plus de 25 000 magasins<\/p>\r\n<\/div>\r\n<\/div>\r\n<div class=\"col-sm-4\">\r\n<div class=\"who-block\">\r\n<div class=\"who-block-img\"><img decoding=\"async\" alt=\"Icon3\" src=\"\/wp-content\/uploads\/2021\/12\/icon3.svg\" \/><\/div>\r\n<h4>100 000+<\/h4>\r\n<p>Plus de 100 000 points de vente<\/p>\r\n<\/div>\r\n<\/div>\r\n<\/div>\r\n<\/div>\r\n<\/section>\r\n<section class=\"block4\">\r\n<div class=\"container\">\r\n<div class=\"row\">\r\n<div class=\"col-sm-12 hfg-item-center\"><img loading=\"lazy\" decoding=\"async\" class=\"alignnone size-full wp-image-5526\" src=\"https:\/\/loymax.io\/wp-content\/uploads\/2022\/08\/bottom-image-main-002.png\" alt=\"\" width=\"994\" height=\"342\" srcset=\"https:\/\/loymax.io\/wp-content\/uploads\/2022\/08\/bottom-image-main-002.png 994w, https:\/\/loymax.io\/wp-content\/uploads\/2022\/08\/bottom-image-main-002-300x103.png 300w, https:\/\/loymax.io\/wp-content\/uploads\/2022\/08\/bottom-image-main-002-768x264.png 768w\" sizes=\"auto, (max-width: 994px) 100vw, 994px\" \/><\/div>\r\n<\/div>\r\n<\/div>\r\n<div class=\"container\">\r\n<div class=\"row\">\r\n<div class=\"col-sm-12\">\r\n<h2>\u00c0 propos de nous<\/h2>\r\n<\/div>\r\n<\/div>\r\n<div class=\"row\">\r\n<div class=\"col-sm-6\">\r\n<p>Nous aidons les entreprises \u00e0 lancer des programmes de fid\u00e9lit\u00e9 et \u00e0 automatiser leur marketing. Nous sommes toujours heureux de r\u00e9pondre \u00e0 vos questions sur les programmes de fid\u00e9lit\u00e9 et sur la mani\u00e8re dont ils peuvent augmenter consid\u00e9rablement vos revenus. Depuis 2010, nous aidons nos clients \u00e0 int\u00e9grer leur plateforme de gestion de la fid\u00e9lit\u00e9 et \u00e0 automatiser les communications marketing, et ainsi, <strong>\u00e0 augmenter consid\u00e9rablement leur profit<\/strong>.<\/p>\r\n<div class=\"button-bottom\"><a class=\"btn-block3\" href=\"https:\/\/loymax.io\/fr\/about-us\/\">En savoir plus <\/a><\/div>\r\n<\/div>\r\n<div class=\"col-sm-6\">\r\n<h2 class=\"footer-h2\">Nous sommes fiers que nos clients gagnent plus avec nous !<\/h2>\r\n<\/div>\r\n<\/div>\r\n<div class=\"row\">\r\n<div class=\"col-sm-12\"><hr \/><\/div>\r\n<\/div>\r\n<div class=\"row\">\r\n<div class=\"col-sm-12\"><\/div>\r\n<\/div>\r\n<\/div>\r\n<\/section>\r\n\r\n\r\n\r\n<p>&nbsp;<\/p>\r\n","protected":false},"excerpt":{"rendered":"<p>Plateforme de gestion de la fid\u00e9lit\u00e9 et d&rsquo;automatisation du marketing Automatisation des communications marketing et cr\u00e9ation de v\u00e9ritables promotions personnalis\u00e9es \u00e0 l&rsquo;aide de l&rsquo;IA et de l&rsquo;apprentissage automatique. Contactez-nous Votre navigateur ne prend pas en charge les vid\u00e9os en format HTML5. Nos solutions Loymax Loyalty En savoir plus Notre plateforme de fid\u00e9lisation tout-en-un et sans&hellip;&nbsp;<a href=\"https:\/\/loymax.io\/fr\/\" class=\"\" rel=\"bookmark\">Lire la suite &raquo;<span class=\"screen-reader-text\">Accueil<\/span><\/a><\/p>\n","protected":false},"author":1,"featured_media":10428,"parent":0,"menu_order":31,"comment_status":"closed","ping_status":"open","template":"","meta":{"_acf_changed":false,"content-type":"","footnotes":""},"class_list":["post-11667","page","type-page","status-publish","has-post-thumbnail","hentry"],"acf":[],"yoast_head":"<!-- This site is optimized with the Yoast SEO plugin v27.3 - https:\/\/yoast.com\/product\/yoast-seo-wordpress\/ -->\n<title>Loymax Marketing Tools<\/title>\n<meta name=\"description\" content=\"Automatisation des communications marketing et cr\u00e9ation de v\u00e9ritables promotions personnalis\u00e9es \u00e0 l&#039;aide de l&#039;IA et de l&#039;apprentissage automatique.\u00a0\" \/>\n<meta name=\"robots\" content=\"index, follow, max-snippet:-1, max-image-preview:large, max-video-preview:-1\" \/>\n<link rel=\"canonical\" href=\"https:\/\/loymax.io\/fr\/\" \/>\n<meta property=\"og:locale\" content=\"fr_FR\" \/>\n<meta property=\"og:type\" content=\"article\" \/>\n<meta property=\"og:title\" content=\"Loymax Marketing Tools\" \/>\n<meta property=\"og:description\" content=\"Automatisation des communications marketing et cr\u00e9ation de v\u00e9ritables promotions personnalis\u00e9es \u00e0 l&#039;aide de l&#039;IA et de l&#039;apprentissage automatique.\u00a0\" \/>\n<meta property=\"og:url\" content=\"https:\/\/loymax.io\/fr\/\" \/>\n<meta property=\"og:site_name\" content=\"Loymax\" \/>\n<meta property=\"article:modified_time\" content=\"2025-10-27T14:10:05+00:00\" \/>\n<meta property=\"og:image\" content=\"https:\/\/loymax.io\/wp-content\/uploads\/2022\/06\/icon.png\" \/>\n\t<meta property=\"og:image:width\" content=\"427\" \/>\n\t<meta property=\"og:image:height\" content=\"453\" \/>\n\t<meta property=\"og:image:type\" content=\"image\/png\" \/>\n<meta name=\"twitter:card\" content=\"summary_large_image\" \/>\n<meta name=\"twitter:label1\" content=\"Dur\u00e9e de lecture estim\u00e9e\" \/>\n\t<meta name=\"twitter:data1\" content=\"6 minutes\" \/>\n<script type=\"application\/ld+json\" class=\"yoast-schema-graph\">{\"@context\":\"https:\\\/\\\/schema.org\",\"@graph\":[{\"@type\":\"WebPage\",\"@id\":\"https:\\\/\\\/loymax.io\\\/fr\\\/\",\"url\":\"https:\\\/\\\/loymax.io\\\/fr\\\/\",\"name\":\"Loymax Marketing Tools\",\"isPartOf\":{\"@id\":\"https:\\\/\\\/loymax.io\\\/fr\\\/#website\"},\"primaryImageOfPage\":{\"@id\":\"https:\\\/\\\/loymax.io\\\/fr\\\/#primaryimage\"},\"image\":{\"@id\":\"https:\\\/\\\/loymax.io\\\/fr\\\/#primaryimage\"},\"thumbnailUrl\":\"https:\\\/\\\/loymax.io\\\/wp-content\\\/uploads\\\/2022\\\/06\\\/icon.png\",\"datePublished\":\"2020-06-17T08:41:45+00:00\",\"dateModified\":\"2025-10-27T14:10:05+00:00\",\"description\":\"Automatisation des communications marketing et cr\u00e9ation de v\u00e9ritables promotions personnalis\u00e9es \u00e0 l'aide de l'IA et de l'apprentissage automatique.\u00a0\",\"breadcrumb\":{\"@id\":\"https:\\\/\\\/loymax.io\\\/fr\\\/#breadcrumb\"},\"inLanguage\":\"fr-FR\",\"potentialAction\":[{\"@type\":\"ReadAction\",\"target\":[\"https:\\\/\\\/loymax.io\\\/fr\\\/\"]}]},{\"@type\":\"ImageObject\",\"inLanguage\":\"fr-FR\",\"@id\":\"https:\\\/\\\/loymax.io\\\/fr\\\/#primaryimage\",\"url\":\"https:\\\/\\\/loymax.io\\\/wp-content\\\/uploads\\\/2022\\\/06\\\/icon.png\",\"contentUrl\":\"https:\\\/\\\/loymax.io\\\/wp-content\\\/uploads\\\/2022\\\/06\\\/icon.png\",\"width\":427,\"height\":453,\"caption\":\"loymax ,oyalty\"},{\"@type\":\"BreadcrumbList\",\"@id\":\"https:\\\/\\\/loymax.io\\\/fr\\\/#breadcrumb\",\"itemListElement\":[{\"@type\":\"ListItem\",\"position\":1,\"name\":\"\u0413\u043b\u0430\u0432\u043d\u0430\u044f \u0441\u0442\u0440\u0430\u043d\u0438\u0446\u0430\",\"item\":\"https:\\\/\\\/loymax.io\\\/fr\\\/\"},{\"@type\":\"ListItem\",\"position\":2,\"name\":\"Accueil\"}]},{\"@type\":\"WebSite\",\"@id\":\"https:\\\/\\\/loymax.io\\\/fr\\\/#website\",\"url\":\"https:\\\/\\\/loymax.io\\\/fr\\\/\",\"name\":\"Loymax\",\"description\":\"Loyalty Management and Marketing Automation Platform\",\"publisher\":{\"@id\":\"https:\\\/\\\/loymax.io\\\/fr\\\/#organization\"},\"potentialAction\":[{\"@type\":\"SearchAction\",\"target\":{\"@type\":\"EntryPoint\",\"urlTemplate\":\"https:\\\/\\\/loymax.io\\\/fr\\\/?s={search_term_string}\"},\"query-input\":{\"@type\":\"PropertyValueSpecification\",\"valueRequired\":true,\"valueName\":\"search_term_string\"}}],\"inLanguage\":\"fr-FR\"},{\"@type\":\"Organization\",\"@id\":\"https:\\\/\\\/loymax.io\\\/fr\\\/#organization\",\"name\":\"Loymax\",\"url\":\"https:\\\/\\\/loymax.io\\\/fr\\\/\",\"logo\":{\"@type\":\"ImageObject\",\"inLanguage\":\"fr-FR\",\"@id\":\"https:\\\/\\\/loymax.io\\\/fr\\\/#\\\/schema\\\/logo\\\/image\\\/\",\"url\":\"https:\\\/\\\/loymax.io\\\/wp-content\\\/uploads\\\/2024\\\/09\\\/cropped-cropped-loymax-mt-logo.jpg\",\"contentUrl\":\"https:\\\/\\\/loymax.io\\\/wp-content\\\/uploads\\\/2024\\\/09\\\/cropped-cropped-loymax-mt-logo.jpg\",\"width\":1359,\"height\":417,\"caption\":\"Loymax\"},\"image\":{\"@id\":\"https:\\\/\\\/loymax.io\\\/fr\\\/#\\\/schema\\\/logo\\\/image\\\/\"}}]}<\/script>\n<!-- \/ Yoast SEO plugin. -->","yoast_head_json":{"title":"Loymax Marketing Tools","description":"Automatisation des communications marketing et cr\u00e9ation de v\u00e9ritables promotions personnalis\u00e9es \u00e0 l'aide de l'IA et de l'apprentissage automatique.\u00a0","robots":{"index":"index","follow":"follow","max-snippet":"max-snippet:-1","max-image-preview":"max-image-preview:large","max-video-preview":"max-video-preview:-1"},"canonical":"https:\/\/loymax.io\/fr\/","og_locale":"fr_FR","og_type":"article","og_title":"Loymax Marketing Tools","og_description":"Automatisation des communications marketing et cr\u00e9ation de v\u00e9ritables promotions personnalis\u00e9es \u00e0 l'aide de l'IA et de l'apprentissage automatique.\u00a0","og_url":"https:\/\/loymax.io\/fr\/","og_site_name":"Loymax","article_modified_time":"2025-10-27T14:10:05+00:00","og_image":[{"width":427,"height":453,"url":"https:\/\/loymax.io\/wp-content\/uploads\/2022\/06\/icon.png","type":"image\/png"}],"twitter_card":"summary_large_image","twitter_misc":{"Dur\u00e9e de lecture estim\u00e9e":"6 minutes"},"schema":{"@context":"https:\/\/schema.org","@graph":[{"@type":"WebPage","@id":"https:\/\/loymax.io\/fr\/","url":"https:\/\/loymax.io\/fr\/","name":"Loymax Marketing Tools","isPartOf":{"@id":"https:\/\/loymax.io\/fr\/#website"},"primaryImageOfPage":{"@id":"https:\/\/loymax.io\/fr\/#primaryimage"},"image":{"@id":"https:\/\/loymax.io\/fr\/#primaryimage"},"thumbnailUrl":"https:\/\/loymax.io\/wp-content\/uploads\/2022\/06\/icon.png","datePublished":"2020-06-17T08:41:45+00:00","dateModified":"2025-10-27T14:10:05+00:00","description":"Automatisation des communications marketing et cr\u00e9ation de v\u00e9ritables promotions personnalis\u00e9es \u00e0 l'aide de l'IA et de l'apprentissage automatique.\u00a0","breadcrumb":{"@id":"https:\/\/loymax.io\/fr\/#breadcrumb"},"inLanguage":"fr-FR","potentialAction":[{"@type":"ReadAction","target":["https:\/\/loymax.io\/fr\/"]}]},{"@type":"ImageObject","inLanguage":"fr-FR","@id":"https:\/\/loymax.io\/fr\/#primaryimage","url":"https:\/\/loymax.io\/wp-content\/uploads\/2022\/06\/icon.png","contentUrl":"https:\/\/loymax.io\/wp-content\/uploads\/2022\/06\/icon.png","width":427,"height":453,"caption":"loymax ,oyalty"},{"@type":"BreadcrumbList","@id":"https:\/\/loymax.io\/fr\/#breadcrumb","itemListElement":[{"@type":"ListItem","position":1,"name":"\u0413\u043b\u0430\u0432\u043d\u0430\u044f \u0441\u0442\u0440\u0430\u043d\u0438\u0446\u0430","item":"https:\/\/loymax.io\/fr\/"},{"@type":"ListItem","position":2,"name":"Accueil"}]},{"@type":"WebSite","@id":"https:\/\/loymax.io\/fr\/#website","url":"https:\/\/loymax.io\/fr\/","name":"Loymax","description":"Loyalty Management and Marketing Automation Platform","publisher":{"@id":"https:\/\/loymax.io\/fr\/#organization"},"potentialAction":[{"@type":"SearchAction","target":{"@type":"EntryPoint","urlTemplate":"https:\/\/loymax.io\/fr\/?s={search_term_string}"},"query-input":{"@type":"PropertyValueSpecification","valueRequired":true,"valueName":"search_term_string"}}],"inLanguage":"fr-FR"},{"@type":"Organization","@id":"https:\/\/loymax.io\/fr\/#organization","name":"Loymax","url":"https:\/\/loymax.io\/fr\/","logo":{"@type":"ImageObject","inLanguage":"fr-FR","@id":"https:\/\/loymax.io\/fr\/#\/schema\/logo\/image\/","url":"https:\/\/loymax.io\/wp-content\/uploads\/2024\/09\/cropped-cropped-loymax-mt-logo.jpg","contentUrl":"https:\/\/loymax.io\/wp-content\/uploads\/2024\/09\/cropped-cropped-loymax-mt-logo.jpg","width":1359,"height":417,"caption":"Loymax"},"image":{"@id":"https:\/\/loymax.io\/fr\/#\/schema\/logo\/image\/"}}]}},"_links":{"self":[{"href":"https:\/\/loymax.io\/fr\/wp-json\/wp\/v2\/pages\/11667","targetHints":{"allow":["GET"]}}],"collection":[{"href":"https:\/\/loymax.io\/fr\/wp-json\/wp\/v2\/pages"}],"about":[{"href":"https:\/\/loymax.io\/fr\/wp-json\/wp\/v2\/types\/page"}],"author":[{"embeddable":true,"href":"https:\/\/loymax.io\/fr\/wp-json\/wp\/v2\/users\/1"}],"replies":[{"embeddable":true,"href":"https:\/\/loymax.io\/fr\/wp-json\/wp\/v2\/comments?post=11667"}],"version-history":[{"count":100,"href":"https:\/\/loymax.io\/fr\/wp-json\/wp\/v2\/pages\/11667\/revisions"}],"predecessor-version":[{"id":27197,"href":"https:\/\/loymax.io\/fr\/wp-json\/wp\/v2\/pages\/11667\/revisions\/27197"}],"wp:featuredmedia":[{"embeddable":true,"href":"https:\/\/loymax.io\/fr\/wp-json\/wp\/v2\/media\/10428"}],"wp:attachment":[{"href":"https:\/\/loymax.io\/fr\/wp-json\/wp\/v2\/media?parent=11667"}],"curies":[{"name":"wp","href":"https:\/\/api.w.org\/{rel}","templated":true}]}}