{"id":11689,"date":"2022-02-06T22:31:09","date_gmt":"2022-02-06T20:31:09","guid":{"rendered":"https:\/\/loymax.io\/?page_id=11689"},"modified":"2024-09-06T11:46:11","modified_gmt":"2024-09-06T09:46:11","slug":"machine-learning","status":"publish","type":"page","link":"https:\/\/loymax.io\/fr\/machine-learning\/","title":{"rendered":"Apprentissage automatique"},"content":{"rendered":"\r\n<section class=\"block-main block-solutions\">\r\n<div class=\"container\">\r\n<div class=\"row\">\r\n<div class=\"col-sm-5 paragraph1\">\r\n<h1 class=\"badge\">Apprentissage automatique<\/h1>\r\n<div>Ce module permet de cr\u00e9er une relation \u00e0 long terme avec vos clients et de r\u00e9duire les risques de mauvaise d\u00e9cision li\u00e9s au facteur humain.<\/div>\r\n<div class=\"buttons\"><a class=\"btn-block3 js-scroll-trigger\" href=\"#site-footer\">Contactez-nous<\/a><\/div>\r\n<\/div>\r\n<div class=\"col-sm-7 ml\"><img decoding=\"async\" alt=\"Ml Header\" src=\"\/wp-content\/uploads\/2022\/02\/ml_header.svg\"\/><\/div>\r\n<\/div>\r\n<\/div>\r\n<\/section>\r\n<div class=\"container\">\r\n<section class=\"faq-block\">\r\n<div class=\"row\">\r\n<div class=\"col-sm-7\">\r\n<h3 class=\"solution-text-header-2\">Promotions personnalis\u00e9es pour vos clients bas\u00e9es sur l&rsquo;apprentissage automatique<\/h3>\r\n<\/div>\r\n<\/div>\r\n<div class=\"row\">\r\n<div class=\"col-sm-5 offset-sm-1 center-faq\">\r\n<div class=\"faq faq-sm\">\r\n<h3>Personnalisation des offres pour <strong>chaque<\/strong> client<\/h3>\r\n<p>Transformer le programme de fid\u00e9lisation afin de le personnaliser vraiment.<\/p>\r\n<\/div>\r\n<div class=\"faq faq-sm\">\r\n<h3>Strat\u00e9gies combin\u00e9es<\/h3>\r\n<p>Impact sur toutes les strat\u00e9gies en m\u00eame temps, travail sur le retour, la r\u00e9tention et le d\u00e9sabonnement des clients. D\u00e9marquez-vous de la concurrence en g\u00e9n\u00e9rant des <strong>millions de promotions personnalis\u00e9es<\/strong> pour des millions de clients par jour.<\/p>\r\n<\/div>\r\n<\/div>\r\n<div class=\"col-sm-5 offset-sm-1 center-faq\">\r\n<div class=\"faq faq-sm\">\r\n<h3>Travailler avec le d\u00e9sabonnement<\/h3>\r\n<p>R\u00e9duction des co\u00fbts de retour de d\u00e9sabonnement (communications et r\u00e9compenses).<\/p>\r\n<\/div>\r\n<div class=\"faq faq-sm\">\r\n<h3>Facture moyenne<\/h3>\r\n<p>Le module analyse le comportement de chaque client et lui propose des produits correspondant \u00e0 son panier. Cela permet d&rsquo;augmenter le montant moyen de la facture.<\/p>\r\n<\/div>\r\n<div class=\"faq faq-sm\">\r\n<h3>Fr\u00e9quence d&rsquo;achat<\/h3>\r\n<p>Le client est stimul\u00e9 par des promotions personnalis\u00e9es et d\u00e9sireux d&rsquo;acheter plus souvent.<\/p>\r\n<\/div>\r\n<\/div>\r\n<\/div>\r\n<\/section>\r\n<\/div>\r\n<section class=\"faq-block faq-block2\">\r\n<div class=\"container\">\r\n<div class=\"row\">\r\n<div class=\"col-sm-7\">\r\n<h3 class=\"solution-text-header-2\">Avantages d&rsquo;un syst\u00e8me de recommandation bas\u00e9 sur l&rsquo;apprentissage automatique<\/h3>\r\n<\/div>\r\n<div class=\"col-sm-5\">\r\n<p class=\"solution-text-header-2\">Seul un syst\u00e8me automatis\u00e9 est en mesure de proposer une promotion pour <strong>chaque<\/strong> client.<\/p>\r\n<\/div>\r\n<\/div>\r\n<div class=\"row\">\r\n<div class=\"col-sm-6\">\r\n<div class=\"modules2\">\r\n<h3>Capacit\u00e9s d&rsquo;une \u00e9quipe marketing<\/h3>\r\n<ul>\r\n<li>Lancez jusqu&rsquo;\u00e0 <strong>500 <\/strong>promotions par mois.<\/li>\r\n<li>Analysez jusqu&rsquo;\u00e0 <strong>100<\/strong> segments cibles.<\/li>\r\n<li>G\u00e9n\u00e9ration d&rsquo;offres de produits diff\u00e9rentes allant jusqu&rsquo;\u00e0 <strong>200<\/strong> (produits ou groupes de produits).<\/li>\r\n<\/ul>\r\n<\/div>\r\n<\/div>\r\n<div class=\"col-sm-6\">\r\n<div class=\"modules2\">\r\n<h3>Capacit\u00e9s du module d&rsquo;apprentissage automatique<\/h3>\r\n<ul>\r\n<li>Ex\u00e9cutez jusqu&rsquo;\u00e0 <strong>10 000 000<\/strong> promotions par jour.<\/li>\r\n<li>Analysez jusqu&rsquo;\u00e0 <strong>100 000 000<\/strong> clients.<\/li>\r\n<li>G\u00e9n\u00e9ration d&rsquo;offres de produits diff\u00e9rentes allant jusqu&rsquo;\u00e0 <strong>1 000 000.<\/strong><\/li>\r\n<\/ul>\r\n<\/div>\r\n<\/div>\r\n<\/div>\r\n<div class=\"row\">\r\n<div class=\"col-sm-7\">\r\n<h3 class=\"solution-text-header-2\">Module d&rsquo;apprentissage automatique<\/h3>\r\n<\/div>\r\n<\/div>\r\n<div class=\"row\">\r\n<div class=\"col-sm-4\">\r\n<h3>Utilisation du module<\/h3>\r\n<ul>\r\n<li>Convient aux entreprises ayant une base de client\u00e8le de 300 000 ou plus (cartes de fid\u00e9lit\u00e9).<\/li>\r\n<li>Enti\u00e8rement autonome, il peut \u00eatre int\u00e9gr\u00e9 \u00e0 n&rsquo;importe quelle infrastructure informatique.<\/li>\r\n<\/ul>\r\n<\/div>\r\n<div class=\"col-sm-4\">\r\n<h3>Valeur commerciale<\/h3>\r\n<ul>\r\n<li>\u00c9conomisez sur les remises en diversifiant les offres.<\/li>\r\n<li>Am\u00e9liorez l&rsquo;efficacit\u00e9 de vos programmes de fid\u00e9lisation en augmentant le montant moyen de la facture, la fr\u00e9quence des achats et la part des produits \u00e0 forte marge sur la facture.<\/li>\r\n<li>R\u00e9duction de la charge de travail de l&rsquo;\u00e9quipe marketing, qui peut se concentrer sur les promotions massives et l&rsquo;attraction de nouveaux clients.<\/li>\r\n<\/ul>\r\n<\/div>\r\n<div class=\"col-sm-4\"><img decoding=\"async\" alt=\"Module2img\" class=\"faq-block2-img\" src=\"\/wp-content\/uploads\/2022\/02\/module2img.svg\"\/><\/div>\r\n<\/div>\r\n<\/div>\r\n<\/section>\r\n<section class=\"scheme\">\r\n<div class=\"container\">\r\n<div class=\"row\">\r\n<div class=\"col-sm-7\">\r\n<h3 class=\"solution-text-header-2\">Parcours client<br\/>Informer le consommateur<\/h3>\r\n<\/div>\r\n<\/div>\r\n<div class=\"row\">\r\n<div class=\"col-sm-12\">\r\n<div class=\"cover-image\"><img decoding=\"async\" alt=\"Ml Scheme\" src=\"\/wp-content\/uploads\/2022\/03\/ml-scheme.svg\"\/><\/div>\r\n<\/div>\r\n<\/div>\r\n<\/div>\r\n<\/section>\r\n<!--<section><img decoding=\"async\" alt=\"Ml Scheme\" src=\"\/wp-content\/uploads\/2022\/02\/ml-scheme.svg\"><\/section>-->\r\n<section class=\"system-module\">\r\n<div class=\"container\">\r\n<div class=\"row\">\r\n<div class=\"col-sm-12\">\r\n<h3 class=\"solution-text-header-2\">Comment cela fonctionne<\/h3>\r\n<\/div>\r\n<\/div>\r\n<div class=\"row\">\r\n<div class=\"col-sm-3\">\r\n<div class=\"modules\"><img decoding=\"async\" src=\"\/wp-content\/uploads\/2022\/05\/ml_sys1_1.png\"\/>\r\n<h3>Analyse des donn\u00e9es historiques<\/h3>\r\n<p>TOUS les clients pour plus de 1000 param\u00e8tres.<\/p>\r\n<\/div>\r\n<\/div>\r\n<div class=\"col-sm-3\">\r\n<div class=\"modules\"><img decoding=\"async\" alt=\"Ml Sys2\" src=\"\/wp-content\/uploads\/2022\/02\/ml_sys2.svg\"\/>\r\n<h3>S\u00e9lection des offres de produits<\/h3>\r\n<p>10 produits pertinents provenant de toute la gamme.<\/p>\r\n<\/div>\r\n<\/div>\r\n<div class=\"col-sm-3\">\r\n<div class=\"modules\"><img decoding=\"async\" alt=\"Ml Sys3\" src=\"\/wp-content\/uploads\/2022\/02\/ml_sys3.svg\"\/>\r\n<h3>S\u00e9lection du montant de la r\u00e9duction<\/h3>\r\n<p>Suffisamment pour faire un achat.<\/p>\r\n<\/div>\r\n<\/div>\r\n<div class=\"col-sm-3\">\r\n<div class=\"modules\"><img decoding=\"async\" alt=\"Ml Sys4\" src=\"\/wp-content\/uploads\/2022\/02\/ml_sys4.svg\"\/>\r\n<h3>\u00c9valuation de l&rsquo;efficacit\u00e9 (apprentissage du syst\u00e8me)<\/h3>\r\n<p>Pour choisir une nouvelle offre.<\/p>\r\n<\/div>\r\n<\/div>\r\n<\/div>\r\n<\/div>\r\n<\/section>\r\n<section class=\"scheme2\">\r\n<div class=\"container\">\r\n<div class=\"row\">\r\n<div class=\"col-sm-7\">\r\n<h3 class=\"solution-text-header-2\">Autosuffisance<\/h3>\r\n<\/div>\r\n<\/div>\r\n<div class=\"row\">\r\n<div class=\"col-sm-12\"><img loading=\"lazy\" decoding=\"async\" class=\"alignnone size-full wp-image-583\" src=\"https:\/\/loymax.io\/wp-content\/uploads\/2022\/02\/scheme2.svg\" alt=\"\" width=\"1001\" height=\"389\"\/><\/div>\r\n<div>\u00a0<\/div>\r\n<\/div>\r\n<\/div>\r\n<\/section>\r\n<section class=\"system-result\">\r\n<div class=\"container\">\r\n<div class=\"row\">\r\n<div class=\"col-sm-7\">\r\n<h3 class=\"solution-text-header-2\">Le r\u00e9sultat est une promotion personnalis\u00e9e pertinente pour chaque client<\/h3>\r\n<\/div>\r\n<\/div>\r\n<div class=\"row\">\r\n<div class=\"col-sm-12\">\r\n<table class=\"table table-striped table-responsive\">\r\n<thead>\r\n<tr>\r\n<th scope=\"col\">Client<\/th>\r\n<th scope=\"col\">Offre<\/th>\r\n<th scope=\"col\">Objectif<\/th>\r\n<\/tr>\r\n<\/thead>\r\n<tbody>\r\n<tr>\r\n<th scope=\"row\"><img decoding=\"async\" alt=\"Sys Res\" src=\"\/wp-content\/uploads\/2022\/02\/sys-res.svg\"\/><\/th>\r\n<td>R\u00e9duction sur le produit<\/td>\r\n<td>Promotion des produits \u00e0 forte marge, r\u00e9duction du taux de d\u00e9sabonnement dans la cat\u00e9gorie<\/td>\r\n<\/tr>\r\n<tr>\r\n<th scope=\"row\"><img decoding=\"async\" alt=\"Sys Res\" src=\"\/wp-content\/uploads\/2022\/02\/sys-res.svg\"\/><\/th>\r\n<td>R\u00e9duction sur une s\u00e9lection limit\u00e9e d&rsquo;articles<\/td>\r\n<td>Augmentation du montant moyen de la facture<\/td>\r\n<\/tr>\r\n<tr>\r\n<th scope=\"row\"><img decoding=\"async\" alt=\"Sys Res\" src=\"\/wp-content\/uploads\/2022\/02\/sys-res.svg\"\/><\/th>\r\n<td>Augmentation des r\u00e9ductions sur les produits<\/td>\r\n<td>Augmentation du montant moyen de la facture<\/td>\r\n<\/tr>\r\n<tr>\r\n<th scope=\"row\"><img decoding=\"async\" alt=\"Sys Res\" src=\"\/wp-content\/uploads\/2022\/02\/sys-res.svg\"\/><\/th>\r\n<td>R\u00e9duction sur un produit ou une cat\u00e9gorie (un ou une par jour)<\/td>\r\n<td>Augmentation de la fr\u00e9quence des achats\/td><\/td>\r\n<\/tr>\r\n<tr>\r\n<th scope=\"row\"><img decoding=\"async\" alt=\"Sys Res\" src=\"\/wp-content\/uploads\/2022\/02\/sys-res.svg\"\/><\/th>\r\n<td>R\u00e9duction accrue sur l&rsquo;ensemble des achats \u00e0 partir d&rsquo;un certain montant<\/td>\r\n<td>R\u00e9duction du taux de d\u00e9sabonnement<\/td>\r\n<\/tr>\r\n<\/tbody>\r\n<\/table>\r\n<\/div>\r\n<\/div>\r\n<\/div>\r\n<\/section>\r\n<section class=\"faq-block faq-block3\">\r\n<div class=\"container\">\r\n<div class=\"row\">\r\n<div class=\"col-sm-7\">\r\n<h3 class=\"solution-text-header-2\">Int\u00e9gration \u00e0 l&rsquo;infrastructure informatique<\/h3>\r\n<\/div>\r\n<\/div>\r\n<div class=\"row\">\r\n<div class=\"col-sm-6\">\r\n<div class=\"modules2\">\r\n<h3>Syst\u00e8me de recommandation<\/h3>\r\n<img loading=\"lazy\" decoding=\"async\" class=\"alignnone wp-image-5532\" src=\"https:\/\/loymax.io\/wp-content\/uploads\/2022\/09\/001.png\" alt=\"\" width=\"610\" height=\"216\" srcset=\"https:\/\/loymax.io\/wp-content\/uploads\/2022\/09\/001.png 610w, https:\/\/loymax.io\/wp-content\/uploads\/2022\/09\/001-300x106.png 300w\" sizes=\"auto, (max-width: 610px) 100vw, 610px\" \/><\/div>\r\n<\/div>\r\n<div class=\"col-sm-6\">\r\n<div class=\"modules2\">\r\n<div class=\"row\">\r\n<div class=\"col-sm-6\">\r\n<h3>Sch\u00e9ma de mise en \u0153uvre<\/h3>\r\n<\/div>\r\n<div class=\"col-sm-6\">\r\n<p>Noyau + syst\u00e8me de recommandation<\/p>\r\n<\/div>\r\n<\/div>\r\n<img loading=\"lazy\" decoding=\"async\" class=\"alignnone wp-image-5531\" src=\"https:\/\/loymax.io\/wp-content\/uploads\/2022\/09\/002.png\" alt=\"\" width=\"595\" height=\"167\" srcset=\"https:\/\/loymax.io\/wp-content\/uploads\/2022\/09\/002.png 595w, https:\/\/loymax.io\/wp-content\/uploads\/2022\/09\/002-300x84.png 300w\" sizes=\"auto, (max-width: 595px) 100vw, 595px\" \/><\/div>\r\n<\/div>\r\n<\/div>\r\n<\/div>\r\n<\/section>\r\n<p>\u00a0<\/p>\r\n<p>\u00a0<\/p>\r\n<p>\u00a0<\/p>\r\n<p>\u00a0<\/p>\r\n<p>\u00a0<\/p>\r\n<div class=\"solutions-background-2\">\r\n<div class=\"container\"><!--\r\n<section class=\"full-width\">\r\n<div class=\"row\">\r\n<div class=\"col-sm-12\">\r\n<div class=\"arrow-class\">\u00a0<\/div>\r\n<div class=\"about-slider2\">\r\n<div><img decoding=\"async\" src=\"\/wp-content\/uploads\/2021\/12\/scr1.png\" \/><\/div>\r\n<div><img decoding=\"async\" src=\"\/wp-content\/uploads\/2021\/12\/scr2.png\" \/><\/div>\r\n<div><img decoding=\"async\" src=\"\/wp-content\/uploads\/2021\/12\/scr1.png\" \/><\/div>\r\n<div><img decoding=\"async\" src=\"\/wp-content\/uploads\/2021\/12\/scr2.png\" \/><\/div>\r\n<div><img decoding=\"async\" src=\"\/wp-content\/uploads\/2021\/12\/scr1.png\" \/><\/div>\r\n<\/div>\r\n<\/div>\r\n<\/div>\r\n<\/section>\r\n--><\/div>\r\n<\/div>\r\n","protected":false},"excerpt":{"rendered":"<p>Apprentissage automatique Ce module permet de cr\u00e9er une relation \u00e0 long terme avec vos clients et de r\u00e9duire les risques de mauvaise d\u00e9cision li\u00e9s au facteur humain. Contactez-nous Promotions personnalis\u00e9es pour vos clients bas\u00e9es sur l&rsquo;apprentissage automatique Personnalisation des offres pour chaque client Transformer le programme de fid\u00e9lisation afin de le personnaliser vraiment. Strat\u00e9gies combin\u00e9es&hellip;&nbsp;<a href=\"https:\/\/loymax.io\/fr\/machine-learning\/\" class=\"\" rel=\"bookmark\">Lire la suite &raquo;<span class=\"screen-reader-text\">Apprentissage automatique<\/span><\/a><\/p>\n","protected":false},"author":1,"featured_media":0,"parent":0,"menu_order":1,"comment_status":"closed","ping_status":"closed","template":"solutions.php","meta":{"_acf_changed":false,"content-type":"","footnotes":""},"class_list":["post-11689","page","type-page","status-publish","hentry"],"acf":[],"yoast_head":"<!-- This site is optimized with the Yoast SEO plugin v27.3 - https:\/\/yoast.com\/product\/yoast-seo-wordpress\/ -->\n<title>Apprentissage automatique - Loymax<\/title>\n<meta name=\"description\" content=\"Syst\u00e8me automatis\u00e9 bas\u00e9 sur l&#039;apprentissage automatique afin de proposer des promotions personnalis\u00e9es \u00e0 vos clients\" \/>\n<meta name=\"robots\" content=\"index, follow, max-snippet:-1, max-image-preview:large, max-video-preview:-1\" \/>\n<link rel=\"canonical\" href=\"https:\/\/loymax.io\/fr\/machine-learning\/\" \/>\n<meta property=\"og:locale\" content=\"fr_FR\" \/>\n<meta property=\"og:type\" content=\"article\" \/>\n<meta property=\"og:title\" content=\"Apprentissage automatique - Loymax\" \/>\n<meta property=\"og:description\" content=\"Syst\u00e8me automatis\u00e9 bas\u00e9 sur l&#039;apprentissage automatique afin de proposer des promotions personnalis\u00e9es \u00e0 vos clients\" \/>\n<meta property=\"og:url\" content=\"https:\/\/loymax.io\/fr\/machine-learning\/\" \/>\n<meta property=\"og:site_name\" content=\"Loymax\" \/>\n<meta property=\"article:modified_time\" content=\"2024-09-06T09:46:11+00:00\" \/>\n<meta property=\"og:image\" content=\"https:\/\/loymax.io\/wp-content\/uploads\/2022\/02\/scheme2.svg\" \/>\n<meta name=\"twitter:card\" content=\"summary_large_image\" \/>\n<meta name=\"twitter:label1\" content=\"Dur\u00e9e de lecture estim\u00e9e\" \/>\n\t<meta name=\"twitter:data1\" content=\"7 minutes\" \/>\n<script type=\"application\/ld+json\" class=\"yoast-schema-graph\">{\"@context\":\"https:\\\/\\\/schema.org\",\"@graph\":[{\"@type\":\"WebPage\",\"@id\":\"https:\\\/\\\/loymax.io\\\/fr\\\/machine-learning\\\/\",\"url\":\"https:\\\/\\\/loymax.io\\\/fr\\\/machine-learning\\\/\",\"name\":\"Apprentissage automatique - Loymax\",\"isPartOf\":{\"@id\":\"https:\\\/\\\/loymax.io\\\/fr\\\/#website\"},\"primaryImageOfPage\":{\"@id\":\"https:\\\/\\\/loymax.io\\\/fr\\\/machine-learning\\\/#primaryimage\"},\"image\":{\"@id\":\"https:\\\/\\\/loymax.io\\\/fr\\\/machine-learning\\\/#primaryimage\"},\"thumbnailUrl\":\"https:\\\/\\\/loymax.io\\\/wp-content\\\/uploads\\\/2022\\\/02\\\/scheme2.svg\",\"datePublished\":\"2022-02-06T20:31:09+00:00\",\"dateModified\":\"2024-09-06T09:46:11+00:00\",\"description\":\"Syst\u00e8me automatis\u00e9 bas\u00e9 sur l'apprentissage automatique afin de proposer des promotions personnalis\u00e9es \u00e0 vos clients\",\"breadcrumb\":{\"@id\":\"https:\\\/\\\/loymax.io\\\/fr\\\/machine-learning\\\/#breadcrumb\"},\"inLanguage\":\"fr-FR\",\"potentialAction\":[{\"@type\":\"ReadAction\",\"target\":[\"https:\\\/\\\/loymax.io\\\/fr\\\/machine-learning\\\/\"]}]},{\"@type\":\"ImageObject\",\"inLanguage\":\"fr-FR\",\"@id\":\"https:\\\/\\\/loymax.io\\\/fr\\\/machine-learning\\\/#primaryimage\",\"url\":\"https:\\\/\\\/loymax.io\\\/wp-content\\\/uploads\\\/2022\\\/02\\\/scheme2.svg\",\"contentUrl\":\"https:\\\/\\\/loymax.io\\\/wp-content\\\/uploads\\\/2022\\\/02\\\/scheme2.svg\"},{\"@type\":\"BreadcrumbList\",\"@id\":\"https:\\\/\\\/loymax.io\\\/fr\\\/machine-learning\\\/#breadcrumb\",\"itemListElement\":[{\"@type\":\"ListItem\",\"position\":1,\"name\":\"\u0413\u043b\u0430\u0432\u043d\u0430\u044f \u0441\u0442\u0440\u0430\u043d\u0438\u0446\u0430\",\"item\":\"https:\\\/\\\/loymax.io\\\/fr\\\/\"},{\"@type\":\"ListItem\",\"position\":2,\"name\":\"Apprentissage automatique\"}]},{\"@type\":\"WebSite\",\"@id\":\"https:\\\/\\\/loymax.io\\\/fr\\\/#website\",\"url\":\"https:\\\/\\\/loymax.io\\\/fr\\\/\",\"name\":\"Loymax\",\"description\":\"Loyalty Management and Marketing Automation Platform\",\"publisher\":{\"@id\":\"https:\\\/\\\/loymax.io\\\/fr\\\/#organization\"},\"potentialAction\":[{\"@type\":\"SearchAction\",\"target\":{\"@type\":\"EntryPoint\",\"urlTemplate\":\"https:\\\/\\\/loymax.io\\\/fr\\\/?s={search_term_string}\"},\"query-input\":{\"@type\":\"PropertyValueSpecification\",\"valueRequired\":true,\"valueName\":\"search_term_string\"}}],\"inLanguage\":\"fr-FR\"},{\"@type\":\"Organization\",\"@id\":\"https:\\\/\\\/loymax.io\\\/fr\\\/#organization\",\"name\":\"Loymax\",\"url\":\"https:\\\/\\\/loymax.io\\\/fr\\\/\",\"logo\":{\"@type\":\"ImageObject\",\"inLanguage\":\"fr-FR\",\"@id\":\"https:\\\/\\\/loymax.io\\\/fr\\\/#\\\/schema\\\/logo\\\/image\\\/\",\"url\":\"https:\\\/\\\/loymax.io\\\/wp-content\\\/uploads\\\/2024\\\/09\\\/cropped-cropped-loymax-mt-logo.jpg\",\"contentUrl\":\"https:\\\/\\\/loymax.io\\\/wp-content\\\/uploads\\\/2024\\\/09\\\/cropped-cropped-loymax-mt-logo.jpg\",\"width\":1359,\"height\":417,\"caption\":\"Loymax\"},\"image\":{\"@id\":\"https:\\\/\\\/loymax.io\\\/fr\\\/#\\\/schema\\\/logo\\\/image\\\/\"}}]}<\/script>\n<!-- \/ Yoast SEO plugin. -->","yoast_head_json":{"title":"Apprentissage automatique - Loymax","description":"Syst\u00e8me automatis\u00e9 bas\u00e9 sur l'apprentissage automatique afin de proposer des promotions personnalis\u00e9es \u00e0 vos clients","robots":{"index":"index","follow":"follow","max-snippet":"max-snippet:-1","max-image-preview":"max-image-preview:large","max-video-preview":"max-video-preview:-1"},"canonical":"https:\/\/loymax.io\/fr\/machine-learning\/","og_locale":"fr_FR","og_type":"article","og_title":"Apprentissage automatique - Loymax","og_description":"Syst\u00e8me automatis\u00e9 bas\u00e9 sur l'apprentissage automatique afin de proposer des promotions personnalis\u00e9es \u00e0 vos clients","og_url":"https:\/\/loymax.io\/fr\/machine-learning\/","og_site_name":"Loymax","article_modified_time":"2024-09-06T09:46:11+00:00","og_image":[{"url":"https:\/\/loymax.io\/wp-content\/uploads\/2022\/02\/scheme2.svg","type":"","width":"","height":""}],"twitter_card":"summary_large_image","twitter_misc":{"Dur\u00e9e de lecture estim\u00e9e":"7 minutes"},"schema":{"@context":"https:\/\/schema.org","@graph":[{"@type":"WebPage","@id":"https:\/\/loymax.io\/fr\/machine-learning\/","url":"https:\/\/loymax.io\/fr\/machine-learning\/","name":"Apprentissage automatique - Loymax","isPartOf":{"@id":"https:\/\/loymax.io\/fr\/#website"},"primaryImageOfPage":{"@id":"https:\/\/loymax.io\/fr\/machine-learning\/#primaryimage"},"image":{"@id":"https:\/\/loymax.io\/fr\/machine-learning\/#primaryimage"},"thumbnailUrl":"https:\/\/loymax.io\/wp-content\/uploads\/2022\/02\/scheme2.svg","datePublished":"2022-02-06T20:31:09+00:00","dateModified":"2024-09-06T09:46:11+00:00","description":"Syst\u00e8me automatis\u00e9 bas\u00e9 sur l'apprentissage automatique afin de proposer des promotions personnalis\u00e9es \u00e0 vos clients","breadcrumb":{"@id":"https:\/\/loymax.io\/fr\/machine-learning\/#breadcrumb"},"inLanguage":"fr-FR","potentialAction":[{"@type":"ReadAction","target":["https:\/\/loymax.io\/fr\/machine-learning\/"]}]},{"@type":"ImageObject","inLanguage":"fr-FR","@id":"https:\/\/loymax.io\/fr\/machine-learning\/#primaryimage","url":"https:\/\/loymax.io\/wp-content\/uploads\/2022\/02\/scheme2.svg","contentUrl":"https:\/\/loymax.io\/wp-content\/uploads\/2022\/02\/scheme2.svg"},{"@type":"BreadcrumbList","@id":"https:\/\/loymax.io\/fr\/machine-learning\/#breadcrumb","itemListElement":[{"@type":"ListItem","position":1,"name":"\u0413\u043b\u0430\u0432\u043d\u0430\u044f \u0441\u0442\u0440\u0430\u043d\u0438\u0446\u0430","item":"https:\/\/loymax.io\/fr\/"},{"@type":"ListItem","position":2,"name":"Apprentissage automatique"}]},{"@type":"WebSite","@id":"https:\/\/loymax.io\/fr\/#website","url":"https:\/\/loymax.io\/fr\/","name":"Loymax","description":"Loyalty Management and Marketing Automation Platform","publisher":{"@id":"https:\/\/loymax.io\/fr\/#organization"},"potentialAction":[{"@type":"SearchAction","target":{"@type":"EntryPoint","urlTemplate":"https:\/\/loymax.io\/fr\/?s={search_term_string}"},"query-input":{"@type":"PropertyValueSpecification","valueRequired":true,"valueName":"search_term_string"}}],"inLanguage":"fr-FR"},{"@type":"Organization","@id":"https:\/\/loymax.io\/fr\/#organization","name":"Loymax","url":"https:\/\/loymax.io\/fr\/","logo":{"@type":"ImageObject","inLanguage":"fr-FR","@id":"https:\/\/loymax.io\/fr\/#\/schema\/logo\/image\/","url":"https:\/\/loymax.io\/wp-content\/uploads\/2024\/09\/cropped-cropped-loymax-mt-logo.jpg","contentUrl":"https:\/\/loymax.io\/wp-content\/uploads\/2024\/09\/cropped-cropped-loymax-mt-logo.jpg","width":1359,"height":417,"caption":"Loymax"},"image":{"@id":"https:\/\/loymax.io\/fr\/#\/schema\/logo\/image\/"}}]}},"_links":{"self":[{"href":"https:\/\/loymax.io\/fr\/wp-json\/wp\/v2\/pages\/11689","targetHints":{"allow":["GET"]}}],"collection":[{"href":"https:\/\/loymax.io\/fr\/wp-json\/wp\/v2\/pages"}],"about":[{"href":"https:\/\/loymax.io\/fr\/wp-json\/wp\/v2\/types\/page"}],"author":[{"embeddable":true,"href":"https:\/\/loymax.io\/fr\/wp-json\/wp\/v2\/users\/1"}],"replies":[{"embeddable":true,"href":"https:\/\/loymax.io\/fr\/wp-json\/wp\/v2\/comments?post=11689"}],"version-history":[{"count":16,"href":"https:\/\/loymax.io\/fr\/wp-json\/wp\/v2\/pages\/11689\/revisions"}],"predecessor-version":[{"id":13429,"href":"https:\/\/loymax.io\/fr\/wp-json\/wp\/v2\/pages\/11689\/revisions\/13429"}],"wp:attachment":[{"href":"https:\/\/loymax.io\/fr\/wp-json\/wp\/v2\/media?parent=11689"}],"curies":[{"name":"wp","href":"https:\/\/api.w.org\/{rel}","templated":true}]}}