{"id":11715,"date":"2022-02-01T22:30:29","date_gmt":"2022-02-01T20:30:29","guid":{"rendered":"https:\/\/loymax.io\/?page_id=11715"},"modified":"2025-10-15T14:51:12","modified_gmt":"2025-10-15T12:51:12","slug":"loymax-loyalty","status":"publish","type":"page","link":"https:\/\/loymax.io\/fr\/loymax-loyalty\/","title":{"rendered":"Loymax Loyalty"},"content":{"rendered":"\r\n<section class=\"block-main block-solutions\">\r\n<div class=\"container\">\r\n<div class=\"row\">\r\n<div class=\"col-sm-5 paragraph1\">\r\n<h1 class=\"badge\">Loymax Loyalty<\/h1>\r\n<div>Cr\u00e9ez et g\u00e9rez votre programme de fid\u00e9lit\u00e9 de tout niveau de complexit\u00e9 dans notre module de base sans code et facile d&rsquo;utilisation.<\/div>\r\n<div class=\"buttons\"><a class=\"btn-block3 js-scroll-trigger\" href=\"#site-footer\">Contactez-nous<\/a><\/div>\r\n<\/div>\r\n<div class=\"col-sm-7\"><img decoding=\"async\" alt=\"Loyalty Header\" src=\"\/wp-content\/uploads\/2022\/02\/loyalty_header.svg\" \/><\/div>\r\n<\/div>\r\n<\/div>\r\n<\/section>\r\n<div class=\"container\">\r\n<section class=\"faq-block\">\r\n<div class=\"row\">\r\n<div class=\"col-sm-5\"><!--<h3 class=\"solution-text-header-2\">Loyalty Program Core<\/h3>-->\r\n<p class=\"solution-text-header\">Augmentez les ventes avec des sc\u00e9narios personnalis\u00e9s et des promotions pertinentes pour vos clients. <br \/><br \/>Loymax est capable de cr\u00e9er plus de <strong>1000\u00a0variations de promotions et de m\u00e9canismes de promotion<\/strong>, y compris en tenant compte des pr\u00e9f\u00e9rences personnelles et des motivations de chaque client. <br \/><br \/>Vous pouvez g\u00e9rer les r\u00e8gles de la promotion en un clic, d\u00e9finir leur compatibilit\u00e9 mutuelle, d\u00e9terminer des priorit\u00e9s de d\u00e9clenchement et choisir les math\u00e9matiques afin de calculer les pr\u00e9f\u00e9rences dans notre interface Web sans code et conviviale.<\/p>\r\n<!-- <h2>\u041a\u0430\u043a \u044d\u0442\u043e \u0440\u0430\u0431\u043e\u0442\u0430\u0435\u0442?<\/h2>-->\r\n<div class=\"video-block\">\r\n<div><!--<iframe src=\"https:\/\/player.vimeo.com\/video\/656065746?h=e12a1500ed&color=2A78EC&title=0&byline=0&portrait=0\" frameborder=\"0\" allowfullscreen=\"allowfullscreen\"><\/iframe>--><\/div>\r\n<script src=\"https:\/\/player.vimeo.com\/api\/player.js\"><\/script><\/div>\r\n<p class=\"after-video\" style=\"opacity: 0;\">\u00a0<\/p>\r\n<\/div>\r\n<div class=\"col-sm-7 right-faq\">\r\n<div class=\"faq\">\r\n<h3>R\u00e9ductions<\/h3>\r\n<p>Augmentez votre trafic et votre facture moyenne gr\u00e2ce \u00e0 des r\u00e9ductions sous forme de pourcentage de la facture ou de r\u00e9ductions sur un produit, que ce soit sous forme de prix sp\u00e9cial ou de montant fixe.<\/p>\r\n<hr \/><\/div>\r\n<div class=\"faq\">\r\n<h3>Primes<\/h3>\r\n<p>Diminuez le taux de d\u00e9sabonnement en offrant des primes pour des achats en particulier. Personnalisez les conditions d&rsquo;attribution des primes, leur taux, les r\u00e8gles d&rsquo;amortissement, la dur\u00e9e de vie et l&rsquo;expiration automatique.<\/p>\r\n<hr \/><\/div>\r\n<div class=\"faq\">\r\n<h3>Niveaux<\/h3>\r\n<p>Cr\u00e9ez et g\u00e9rez des structures de niveaux pour vos clients, et d\u00e9veloppez-les avec diff\u00e9rentes r\u00e9compenses pour diff\u00e9rents niveaux.<\/p>\r\n<hr \/><\/div>\r\n<div class=\"faq\">\r\n<h3>Coupons<\/h3>\r\n<p>Attirez plus de clients avec des coupons. Le module prend en charge les coupons pour le prochain achat, les coupons avec bande de s\u00e9curit\u00e9 et r\u00e9compense cach\u00e9e, les coupons \u00e9lectroniques, etc.<\/p>\r\n<hr \/><\/div>\r\n<div class=\"faq\">\r\n<h3>Compteurs<\/h3>\r\n<p>Utilisez des compteurs pour compter les actions ou limiter les pr\u00e9f\u00e9rences. Stimulez le comportement et l&rsquo;activit\u00e9 souhait\u00e9s des clients.<\/p>\r\n<hr \/><\/div>\r\n<div class=\"faq\">\r\n<h3>Devises virtuelles<\/h3>\r\n<p>Utilisez comme r\u00e9compense n&rsquo;importe quel nombre de devises virtuelles : \u00e9toiles, jetons, pi\u00e8ces et autres. D\u00e9finissez vos param\u00e8tres de d\u00e9bit et de r\u00e9gularisation pour chacune.<\/p>\r\n<hr \/><\/div>\r\n<div class=\"faq\">\r\n<h3>Offres group\u00e9es<\/h3>\r\n<p>Combinez les produits en offres group\u00e9es et augmentez les ventes.<\/p>\r\n<hr \/><\/div>\r\n<div class=\"faq\">\r\n<h3>Produits favoris<\/h3>\r\n<p>Motivez vos clients \u00e0 rejoindre le programme de fid\u00e9lit\u00e9 en offrant des r\u00e9compenses suppl\u00e9mentaires pour leurs produits pr\u00e9f\u00e9r\u00e9s.<\/p>\r\n<hr \/><\/div>\r\n<div class=\"faq\">\r\n<h3>Parrainages<\/h3>\r\n<p>R\u00e9compensez les clients non seulement pour leurs parrainages, mais aussi pour leurs activit\u00e9s.<\/p>\r\n<hr \/><\/div>\r\n<\/div>\r\n<\/div>\r\n<\/section>\r\n<section class=\"letter-block\">\r\n<div class=\"row\">\r\n<div class=\"col-sm-5\">\r\n<div class=\"request\">\r\n<div class=\"letter\"><img decoding=\"async\" alt=\"Letter\" src=\"\/wp-content\/uploads\/2021\/12\/letter.svg\" \/><\/div>\r\n<p>Nous sommes heureux de r\u00e9pondre \u00e0 vos questions sur les programmes de fid\u00e9lit\u00e9 et de vous aider \u00e0 comprendre comment la plateforme Loymax am\u00e9liorera les performances de votre entreprise. Contactez nos repr\u00e9sentants commerciaux pour obtenir des recommandations personnalis\u00e9es et une pr\u00e9sentation sur l&rsquo;utilisation du logiciel Loymax.<\/p>\r\n<p>Veuillez remplir le formulaire, et nous vous contacterons dans un d\u00e9lai d&rsquo;un jour ouvrable.<\/p>\r\n<div class=\"buttons\"><a class=\"btn-block3 js-scroll-trigger\" href=\"#\">Contactez-nous<\/a><\/div>\r\n<\/div>\r\n<\/div>\r\n<div class=\"col-sm-7 right-faq\">\r\n<div class=\"faq\">\r\n<h3>Ludification et promotions probabilistes<\/h3>\r\n<p>Liez tout type d&rsquo;offres dans des cha\u00eenes \u00e0 d\u00e9clenchement et qui sont ex\u00e9cut\u00e9es dans n&rsquo;importe quel ordre. Attribuez au gagnant un super prix pour avoir termin\u00e9 une qu\u00eate.<\/p>\r\n<hr \/><\/div>\r\n<div class=\"faq\">\r\n<h3>Points<\/h3>\r\n<p>Les points collect\u00e9s peuvent \u00eatre automatiquement \u00e9chang\u00e9s contre un montant correspondant automatiquement pour les pr\u00e9f\u00e9rences s\u00e9lectionn\u00e9es. Par exemple, une r\u00e9duction sur un produit en particulier, un coupon ou un nouveau niveau dans le programme de fid\u00e9lit\u00e9.<\/p>\r\n<\/div>\r\n<!-- <hr \/>\r\n<div class=\"faq\">\r\n<h3>\u0418\u043d\u0442\u0435\u0433\u0440\u0430\u0446\u0438\u044f<\/h3>\r\n<p>Integration with most of Point of Sales software, communication service providers and your current infrastructure.<\/p>\r\n<\/div> --><\/div>\r\n<\/div>\r\n<\/section>\r\n<\/div>\r\n<div class=\"solutions-background\">\r\n<div class=\"container\">\r\n<section class=\"full-width\">\r\n<div class=\"row\">\r\n<div class=\"col-sm-12\">\r\n<div class=\"arrow-class\">\u00a0<\/div>\r\n<div class=\"about-slider2\">\r\n<div><img loading=\"lazy\" decoding=\"async\" class=\"alignnone size-full wp-image-5551\" src=\"https:\/\/loymax.io\/wp-content\/uploads\/2022\/09\/001-2.png\" alt=\"\" width=\"620\" height=\"372\" srcset=\"https:\/\/loymax.io\/wp-content\/uploads\/2022\/09\/001-2.png 620w, https:\/\/loymax.io\/wp-content\/uploads\/2022\/09\/001-2-300x180.png 300w\" sizes=\"auto, (max-width: 620px) 100vw, 620px\" \/><\/div>\r\n<div><img loading=\"lazy\" decoding=\"async\" class=\"alignnone size-full wp-image-5552\" src=\"https:\/\/loymax.io\/wp-content\/uploads\/2022\/09\/002-2.png\" alt=\"\" width=\"620\" height=\"372\" srcset=\"https:\/\/loymax.io\/wp-content\/uploads\/2022\/09\/002-2.png 620w, https:\/\/loymax.io\/wp-content\/uploads\/2022\/09\/002-2-300x180.png 300w\" sizes=\"auto, (max-width: 620px) 100vw, 620px\" \/><\/div>\r\n<div><img loading=\"lazy\" decoding=\"async\" class=\"alignnone size-full wp-image-5553\" src=\"https:\/\/loymax.io\/wp-content\/uploads\/2022\/09\/003-1.png\" alt=\"\" width=\"620\" height=\"372\" srcset=\"https:\/\/loymax.io\/wp-content\/uploads\/2022\/09\/003-1.png 620w, https:\/\/loymax.io\/wp-content\/uploads\/2022\/09\/003-1-300x180.png 300w\" sizes=\"auto, (max-width: 620px) 100vw, 620px\" \/><\/div>\r\n<div><img loading=\"lazy\" decoding=\"async\" class=\"alignnone size-full wp-image-5554\" src=\"https:\/\/loymax.io\/wp-content\/uploads\/2022\/09\/005-1.png\" alt=\"\" width=\"620\" height=\"372\" srcset=\"https:\/\/loymax.io\/wp-content\/uploads\/2022\/09\/005-1.png 620w, https:\/\/loymax.io\/wp-content\/uploads\/2022\/09\/005-1-300x180.png 300w\" sizes=\"auto, (max-width: 620px) 100vw, 620px\" \/>\u00a0<\/div>\r\n<div><img loading=\"lazy\" decoding=\"async\" class=\"alignnone size-full wp-image-5556\" src=\"https:\/\/loymax.io\/wp-content\/uploads\/2022\/09\/004-1.png\" alt=\"\" width=\"620\" height=\"372\" srcset=\"https:\/\/loymax.io\/wp-content\/uploads\/2022\/09\/004-1.png 620w, https:\/\/loymax.io\/wp-content\/uploads\/2022\/09\/004-1-300x180.png 300w\" sizes=\"auto, (max-width: 620px) 100vw, 620px\" \/><\/div>\r\n<div class=\"hidden-xs\">\u00a0<\/div>\r\n<\/div>\r\n<\/div>\r\n<\/div>\r\n<\/section>\r\n<section class=\"bottom-solutions\">\r\n<div class=\"row\">\r\n<div class=\"col-sm-5\"><img decoding=\"async\" alt=\"Loyalty Bottom\" src=\"\/wp-content\/uploads\/2022\/02\/loyalty-bottom.svg\" \/><\/div>\r\n<div class=\"col-sm-7\">\r\n<h2>Notre ensemble d&rsquo;outils flexibles vous permet de cr\u00e9er facilement des sc\u00e9narios de promotion uniques :<\/h2>\r\n<ul>\r\n<li>le client n&rsquo;a pas utilis\u00e9 de coupon \u2192 offrir un cadeau pour l&rsquo;achat d&rsquo;un produit en particulier ;<\/li>\r\n<li>le client a ignor\u00e9 le cadeau \u2192 offrir un % suppl\u00e9mentaire de bonus sur un produit en particulier ;<\/li>\r\n<li>le client n&rsquo;a pas \u00e9t\u00e9 motiv\u00e9 par une r\u00e9duction suppl\u00e9mentaire sur un total de facture en particulier \u2192 offrir un coupon avec une r\u00e9duction fixe.<\/li>\r\n<\/ul>\r\n<\/div>\r\n<\/div>\r\n<!--<div class=\"row\">\r\n    <div class=\"col-sm-12\">\r\n        <h2>Extension modules<\/h2>\r\n    <\/div>\r\n    <\/div>\r\n    <div class=\"row\">\r\n      <div class=\"col-sm-3\">\r\n        <div class=\"modules\">\r\n          <h3>Omnichannel Engagement<\/h3>\r\n          <p>Mobile App, Digital Wallet, Personal Account for Loyalty Program Members, Chat Bot \u2014 we help to integrate...<\/p>\r\n          <img decoding=\"async\" alt=\"Slide1\" src=\"\/wp-content\/uploads\/2021\/12\/slide1.svg\">\r\n        <\/div>\r\n      <\/div>\r\n      <div class=\"col-sm-3\"><span data-mce-type=\"bookmark\" style=\"display: inline-block; width: 0px; overflow: hidden; line-height: 0;\" class=\"mce_SELRES_start\"><\/span>\r\n        <div class=\"modules\">\r\n          <h3>Smart Communications<\/h3>\r\n          <p>Expand communications with your customers using Big Data and 360 profile<\/p>\r\n          <img decoding=\"async\" alt=\"Slide1\" src=\"\/wp-content\/uploads\/2021\/12\/slide1.svg\">\r\n        <\/div>\r\n      <\/div>\r\n      <div class=\"col-sm-3\">\r\n        <div class=\"modules\">\r\n          <h3>Business Intelligence<\/h3>\r\n          <p>Get the most of your Loyalty Program with our reporting and advanced analytics module<\/p>\r\n          <img decoding=\"async\" alt=\"Slide1\" src=\"\/wp-content\/uploads\/2021\/12\/slide1.svg\">\r\n        <\/div>\r\n      <\/div>\r\n      <div class=\"col-sm-3\">\r\n        <div class=\"modules\">\r\n          <h3>Machine <br>Learning<\/h3>\r\n          <p>The most advanced product that increase Retail Sales by 4% Without Increasing Marketing Team Labor<\/p>\r\n          <img decoding=\"async\" alt=\"Slide1\" src=\"\/wp-content\/uploads\/2021\/12\/slide1.svg\">\r\n        <\/div>\r\n      <\/div>\r\n    <\/div>--><\/section>\r\n<\/div>\r\n<\/div>\r\n","protected":false},"excerpt":{"rendered":"<p>Loymax Loyalty Cr\u00e9ez et g\u00e9rez votre programme de fid\u00e9lit\u00e9 de tout niveau de complexit\u00e9 dans notre module de base sans code et facile d&rsquo;utilisation. Contactez-nous Augmentez les ventes avec des sc\u00e9narios personnalis\u00e9s et des promotions pertinentes pour vos clients. Loymax est capable de cr\u00e9er plus de 1000\u00a0variations de promotions et de m\u00e9canismes de promotion, y&hellip;&nbsp;<a href=\"https:\/\/loymax.io\/fr\/loymax-loyalty\/\" class=\"\" rel=\"bookmark\">Lire la suite &raquo;<span class=\"screen-reader-text\">Loymax Loyalty<\/span><\/a><\/p>\n","protected":false},"author":1,"featured_media":0,"parent":0,"menu_order":13,"comment_status":"closed","ping_status":"closed","template":"solutions.php","meta":{"_acf_changed":false,"content-type":"","footnotes":""},"class_list":["post-11715","page","type-page","status-publish","hentry"],"acf":[],"yoast_head":"<!-- This site is optimized with the Yoast SEO plugin v27.6 - https:\/\/yoast.com\/product\/yoast-seo-wordpress\/ -->\n<title>Cr\u00e9ez des programmes de fid\u00e9lit\u00e9 avec Loymax Loyalty<\/title>\n<meta name=\"description\" content=\"Cr\u00e9ez et g\u00e9rez des programmes de fid\u00e9lit\u00e9 de tout niveau de complexit\u00e9 dans une interface unique, et sans programmation.\" \/>\n<meta name=\"robots\" content=\"index, follow, max-snippet:-1, max-image-preview:large, max-video-preview:-1\" \/>\n<link rel=\"canonical\" href=\"https:\/\/loymax.io\/fr\/loymax-loyalty\/\" \/>\n<meta property=\"og:locale\" content=\"fr_FR\" \/>\n<meta property=\"og:type\" content=\"article\" \/>\n<meta property=\"og:title\" content=\"Cr\u00e9ez des programmes de fid\u00e9lit\u00e9 avec Loymax Loyalty\" \/>\n<meta property=\"og:description\" content=\"Cr\u00e9ez et g\u00e9rez des programmes de fid\u00e9lit\u00e9 de tout niveau de complexit\u00e9 dans une interface unique, et sans programmation.\" \/>\n<meta property=\"og:url\" content=\"https:\/\/loymax.io\/fr\/loymax-loyalty\/\" \/>\n<meta property=\"og:site_name\" content=\"Loymax\" \/>\n<meta property=\"article:modified_time\" content=\"2025-10-15T12:51:12+00:00\" \/>\n<meta property=\"og:image\" content=\"https:\/\/loymax.io\/wp-content\/uploads\/2022\/09\/001-2.png\" \/>\n<meta name=\"twitter:card\" content=\"summary_large_image\" \/>\n<meta name=\"twitter:label1\" content=\"Dur\u00e9e de lecture estim\u00e9e\" \/>\n\t<meta name=\"twitter:data1\" content=\"4 minutes\" \/>\n<script type=\"application\/ld+json\" class=\"yoast-schema-graph\">{\"@context\":\"https:\\\/\\\/schema.org\",\"@graph\":[{\"@type\":\"WebPage\",\"@id\":\"https:\\\/\\\/loymax.io\\\/fr\\\/loymax-loyalty\\\/\",\"url\":\"https:\\\/\\\/loymax.io\\\/fr\\\/loymax-loyalty\\\/\",\"name\":\"Cr\u00e9ez des programmes de fid\u00e9lit\u00e9 avec Loymax Loyalty\",\"isPartOf\":{\"@id\":\"https:\\\/\\\/loymax.io\\\/fr\\\/#website\"},\"primaryImageOfPage\":{\"@id\":\"https:\\\/\\\/loymax.io\\\/fr\\\/loymax-loyalty\\\/#primaryimage\"},\"image\":{\"@id\":\"https:\\\/\\\/loymax.io\\\/fr\\\/loymax-loyalty\\\/#primaryimage\"},\"thumbnailUrl\":\"https:\\\/\\\/loymax.io\\\/wp-content\\\/uploads\\\/2022\\\/09\\\/001-2.png\",\"datePublished\":\"2022-02-01T20:30:29+00:00\",\"dateModified\":\"2025-10-15T12:51:12+00:00\",\"description\":\"Cr\u00e9ez et g\u00e9rez des programmes de fid\u00e9lit\u00e9 de tout niveau de complexit\u00e9 dans une interface unique, et sans programmation.\",\"breadcrumb\":{\"@id\":\"https:\\\/\\\/loymax.io\\\/fr\\\/loymax-loyalty\\\/#breadcrumb\"},\"inLanguage\":\"fr-FR\",\"potentialAction\":[{\"@type\":\"ReadAction\",\"target\":[\"https:\\\/\\\/loymax.io\\\/fr\\\/loymax-loyalty\\\/\"]}]},{\"@type\":\"ImageObject\",\"inLanguage\":\"fr-FR\",\"@id\":\"https:\\\/\\\/loymax.io\\\/fr\\\/loymax-loyalty\\\/#primaryimage\",\"url\":\"https:\\\/\\\/loymax.io\\\/wp-content\\\/uploads\\\/2022\\\/09\\\/001-2.png\",\"contentUrl\":\"https:\\\/\\\/loymax.io\\\/wp-content\\\/uploads\\\/2022\\\/09\\\/001-2.png\"},{\"@type\":\"BreadcrumbList\",\"@id\":\"https:\\\/\\\/loymax.io\\\/fr\\\/loymax-loyalty\\\/#breadcrumb\",\"itemListElement\":[{\"@type\":\"ListItem\",\"position\":1,\"name\":\"\u0413\u043b\u0430\u0432\u043d\u0430\u044f \u0441\u0442\u0440\u0430\u043d\u0438\u0446\u0430\",\"item\":\"https:\\\/\\\/loymax.io\\\/fr\\\/\"},{\"@type\":\"ListItem\",\"position\":2,\"name\":\"Loymax Loyalty\"}]},{\"@type\":\"WebSite\",\"@id\":\"https:\\\/\\\/loymax.io\\\/fr\\\/#website\",\"url\":\"https:\\\/\\\/loymax.io\\\/fr\\\/\",\"name\":\"Loymax\",\"description\":\"Loyalty Management and Marketing Automation Platform\",\"publisher\":{\"@id\":\"https:\\\/\\\/loymax.io\\\/fr\\\/#organization\"},\"potentialAction\":[{\"@type\":\"SearchAction\",\"target\":{\"@type\":\"EntryPoint\",\"urlTemplate\":\"https:\\\/\\\/loymax.io\\\/fr\\\/?s={search_term_string}\"},\"query-input\":{\"@type\":\"PropertyValueSpecification\",\"valueRequired\":true,\"valueName\":\"search_term_string\"}}],\"inLanguage\":\"fr-FR\"},{\"@type\":\"Organization\",\"@id\":\"https:\\\/\\\/loymax.io\\\/fr\\\/#organization\",\"name\":\"Loymax\",\"url\":\"https:\\\/\\\/loymax.io\\\/fr\\\/\",\"logo\":{\"@type\":\"ImageObject\",\"inLanguage\":\"fr-FR\",\"@id\":\"https:\\\/\\\/loymax.io\\\/fr\\\/#\\\/schema\\\/logo\\\/image\\\/\",\"url\":\"https:\\\/\\\/loymax.io\\\/wp-content\\\/uploads\\\/2024\\\/09\\\/cropped-cropped-loymax-mt-logo.jpg\",\"contentUrl\":\"https:\\\/\\\/loymax.io\\\/wp-content\\\/uploads\\\/2024\\\/09\\\/cropped-cropped-loymax-mt-logo.jpg\",\"width\":1359,\"height\":417,\"caption\":\"Loymax\"},\"image\":{\"@id\":\"https:\\\/\\\/loymax.io\\\/fr\\\/#\\\/schema\\\/logo\\\/image\\\/\"}}]}<\/script>\n<!-- \/ Yoast SEO plugin. -->","yoast_head_json":{"title":"Cr\u00e9ez des programmes de fid\u00e9lit\u00e9 avec Loymax Loyalty","description":"Cr\u00e9ez et g\u00e9rez des programmes de fid\u00e9lit\u00e9 de tout niveau de complexit\u00e9 dans une interface unique, et sans programmation.","robots":{"index":"index","follow":"follow","max-snippet":"max-snippet:-1","max-image-preview":"max-image-preview:large","max-video-preview":"max-video-preview:-1"},"canonical":"https:\/\/loymax.io\/fr\/loymax-loyalty\/","og_locale":"fr_FR","og_type":"article","og_title":"Cr\u00e9ez des programmes de fid\u00e9lit\u00e9 avec Loymax Loyalty","og_description":"Cr\u00e9ez et g\u00e9rez des programmes de fid\u00e9lit\u00e9 de tout niveau de complexit\u00e9 dans une interface unique, et sans programmation.","og_url":"https:\/\/loymax.io\/fr\/loymax-loyalty\/","og_site_name":"Loymax","article_modified_time":"2025-10-15T12:51:12+00:00","og_image":[{"url":"https:\/\/loymax.io\/wp-content\/uploads\/2022\/09\/001-2.png","type":"","width":"","height":""}],"twitter_card":"summary_large_image","twitter_misc":{"Dur\u00e9e de lecture estim\u00e9e":"4 minutes"},"schema":{"@context":"https:\/\/schema.org","@graph":[{"@type":"WebPage","@id":"https:\/\/loymax.io\/fr\/loymax-loyalty\/","url":"https:\/\/loymax.io\/fr\/loymax-loyalty\/","name":"Cr\u00e9ez des programmes de fid\u00e9lit\u00e9 avec Loymax Loyalty","isPartOf":{"@id":"https:\/\/loymax.io\/fr\/#website"},"primaryImageOfPage":{"@id":"https:\/\/loymax.io\/fr\/loymax-loyalty\/#primaryimage"},"image":{"@id":"https:\/\/loymax.io\/fr\/loymax-loyalty\/#primaryimage"},"thumbnailUrl":"https:\/\/loymax.io\/wp-content\/uploads\/2022\/09\/001-2.png","datePublished":"2022-02-01T20:30:29+00:00","dateModified":"2025-10-15T12:51:12+00:00","description":"Cr\u00e9ez et g\u00e9rez des programmes de fid\u00e9lit\u00e9 de tout niveau de complexit\u00e9 dans une interface unique, et sans programmation.","breadcrumb":{"@id":"https:\/\/loymax.io\/fr\/loymax-loyalty\/#breadcrumb"},"inLanguage":"fr-FR","potentialAction":[{"@type":"ReadAction","target":["https:\/\/loymax.io\/fr\/loymax-loyalty\/"]}]},{"@type":"ImageObject","inLanguage":"fr-FR","@id":"https:\/\/loymax.io\/fr\/loymax-loyalty\/#primaryimage","url":"https:\/\/loymax.io\/wp-content\/uploads\/2022\/09\/001-2.png","contentUrl":"https:\/\/loymax.io\/wp-content\/uploads\/2022\/09\/001-2.png"},{"@type":"BreadcrumbList","@id":"https:\/\/loymax.io\/fr\/loymax-loyalty\/#breadcrumb","itemListElement":[{"@type":"ListItem","position":1,"name":"\u0413\u043b\u0430\u0432\u043d\u0430\u044f \u0441\u0442\u0440\u0430\u043d\u0438\u0446\u0430","item":"https:\/\/loymax.io\/fr\/"},{"@type":"ListItem","position":2,"name":"Loymax Loyalty"}]},{"@type":"WebSite","@id":"https:\/\/loymax.io\/fr\/#website","url":"https:\/\/loymax.io\/fr\/","name":"Loymax","description":"Loyalty Management and Marketing Automation Platform","publisher":{"@id":"https:\/\/loymax.io\/fr\/#organization"},"potentialAction":[{"@type":"SearchAction","target":{"@type":"EntryPoint","urlTemplate":"https:\/\/loymax.io\/fr\/?s={search_term_string}"},"query-input":{"@type":"PropertyValueSpecification","valueRequired":true,"valueName":"search_term_string"}}],"inLanguage":"fr-FR"},{"@type":"Organization","@id":"https:\/\/loymax.io\/fr\/#organization","name":"Loymax","url":"https:\/\/loymax.io\/fr\/","logo":{"@type":"ImageObject","inLanguage":"fr-FR","@id":"https:\/\/loymax.io\/fr\/#\/schema\/logo\/image\/","url":"https:\/\/loymax.io\/wp-content\/uploads\/2024\/09\/cropped-cropped-loymax-mt-logo.jpg","contentUrl":"https:\/\/loymax.io\/wp-content\/uploads\/2024\/09\/cropped-cropped-loymax-mt-logo.jpg","width":1359,"height":417,"caption":"Loymax"},"image":{"@id":"https:\/\/loymax.io\/fr\/#\/schema\/logo\/image\/"}}]}},"_links":{"self":[{"href":"https:\/\/loymax.io\/fr\/wp-json\/wp\/v2\/pages\/11715","targetHints":{"allow":["GET"]}}],"collection":[{"href":"https:\/\/loymax.io\/fr\/wp-json\/wp\/v2\/pages"}],"about":[{"href":"https:\/\/loymax.io\/fr\/wp-json\/wp\/v2\/types\/page"}],"author":[{"embeddable":true,"href":"https:\/\/loymax.io\/fr\/wp-json\/wp\/v2\/users\/1"}],"replies":[{"embeddable":true,"href":"https:\/\/loymax.io\/fr\/wp-json\/wp\/v2\/comments?post=11715"}],"version-history":[{"count":24,"href":"https:\/\/loymax.io\/fr\/wp-json\/wp\/v2\/pages\/11715\/revisions"}],"predecessor-version":[{"id":24718,"href":"https:\/\/loymax.io\/fr\/wp-json\/wp\/v2\/pages\/11715\/revisions\/24718"}],"wp:attachment":[{"href":"https:\/\/loymax.io\/fr\/wp-json\/wp\/v2\/media?parent=11715"}],"curies":[{"name":"wp","href":"https:\/\/api.w.org\/{rel}","templated":true}]}}