{"id":11757,"date":"2022-02-01T22:07:24","date_gmt":"2022-02-01T20:07:24","guid":{"rendered":"https:\/\/loymax.io\/?page_id=11757"},"modified":"2024-09-06T11:46:13","modified_gmt":"2024-09-06T09:46:13","slug":"smart-communications","status":"publish","type":"page","link":"https:\/\/loymax.io\/fr\/smart-communications\/","title":{"rendered":"Communications intelligentes"},"content":{"rendered":"\r\n<section class=\"block-main block-solutions\">\r\n<div class=\"container\">\r\n<div class=\"row\">\r\n<div class=\"col-sm-5 paragraph1\">\r\n<h1 class=\"badge\">Communications intelligentes<\/h1>\r\n<div>Solution d&rsquo;automatisation des communications marketing pour les d\u00e9taillants multicanaux, HORECA et e-commerce.<\/div>\r\n<div class=\"buttons\"><a class=\"btn-block3 js-scroll-trigger\" href=\"#site-footer\">Contactez-nous<\/a><\/div>\r\n<\/div>\r\n<div class=\"col-sm-7\"><img decoding=\"async\" alt=\"Smart Communication Header\" style=\"margin-top: -50px;\" src=\"\/wp-content\/uploads\/2022\/02\/smart-communication-header.svg\"\/><\/div>\r\n<\/div>\r\n<\/div>\r\n<\/section>\r\n<div class=\"container\">\r\n<section class=\"faq-block\">\r\n<div class=\"row\">\r\n<div class=\"col-sm-5 left-faq\"><img decoding=\"async\" class=\"solution-header-img\" src=\"\/wp-content\/uploads\/2022\/02\/smart-communication-header-2.png\"\/>\r\n<h3 class=\"solution-text-header-2\">Utilisez les donn\u00e9es massives pour augmenter vos ventes r\u00e9p\u00e9t\u00e9es et g\u00e9rer vos taux de d\u00e9sabonnement.<\/h3>\r\n<div class=\"faq faq-sm\">\r\n<h3>Profil client<\/h3>\r\n<p>Collectez et analysez tout type de donn\u00e9es client sur tous les canaux afin de proposer des promotions personnalis\u00e9es \u00e0 chaque client.<\/p>\r\n<\/div>\r\n<div class=\"faq faq-sm\">\r\n<h3>Analyse et segmentation<\/h3>\r\n<p>Calcul automatique d&rsquo;indicateurs montrant la qualit\u00e9 de la base de clients et cr\u00e9ant des segments de clients avec lesquels travailler.<\/p>\r\n<\/div>\r\n<div class=\"faq faq-sm\">\r\n<h3>R\u00e9glage convivial<\/h3>\r\n<p>Un \u00e9diteur visuel clair permet de cr\u00e9er des cha\u00eenes de communication avec une longueur et des conditions illimit\u00e9es.<\/p>\r\n<\/div>\r\n<\/div>\r\n<div class=\"col-sm-7 right-faq\">\r\n<div class=\"faq faq-sm\">\r\n<h3>Int\u00e9gration de donn\u00e9es<\/h3>\r\n<p>Nous assemblons et combinons les donn\u00e9es de vos syst\u00e8mes de donn\u00e9es. Un tracker JavaScript est install\u00e9 sur votre site et rassemble dans un profil client l&rsquo;historique des visites et le comportement de l&rsquo;utilisateur.<\/p>\r\n<hr\/><\/div>\r\n<div class=\"faq faq-sm\">\r\n<h3>Analyse comportementale<\/h3>\r\n<p>Nous analysons les m\u00e9triques pour les clients et les segments, puis montrons la dynamique et les tendances. Nous d\u00e9terminons le CLTV, l&rsquo;AOV, le temps entre les transactions, la notation RFM et 7 autres types de m\u00e9triques.<\/p>\r\n<hr\/><\/div>\r\n<div class=\"faq faq-sm\">\r\n<h3>Marketing intelligent<\/h3>\r\n<p>\u00c9valuez l&rsquo;efficacit\u00e9 de chaque interaction avec le client\u00a0: a-t-elle motiv\u00e9 un retour ? Combien d&rsquo;argent l&rsquo;interaction a-t-elle rapport\u00e9 ? Quel est le niveau de retour sur investissement atteint ?<\/p>\r\n<hr\/><\/div>\r\n<div class=\"faq faq-sm\">\r\n<h3>Profil \u00e0 360<\/h3>\r\n<p>Un seul profil regroupe les informations sur le client provenant de tous les syst\u00e8mes de l&rsquo;entreprise : ventes, marketing, centre d&rsquo;appels, visites de sites, recommandations. Tout l&rsquo;historique des interactions avec le client dans un seul flux.<\/p>\r\n<hr\/><\/div>\r\n<div class=\"faq faq-sm\">\r\n<h3>Personnalisation<\/h3>\r\n<p>Nous permettons une personnalisation maximale. Lors de la formulation des messages aux clients, nous prenons en compte tout ce que nous savons d&rsquo;eux\u00a0: facteurs sociod\u00e9mographiques, comportement, \u00e9tape du cycle de vie, heure de la journ\u00e9e \u00e0 l&rsquo;endroit o\u00f9 ils se trouvent.<\/p>\r\n<hr\/><\/div>\r\n<div class=\"faq faq-sm\">\r\n<h3>Communication<\/h3>\r\n<p>Le module utilise le profil du client pour g\u00e9n\u00e9rer l&rsquo;offre la plus pertinente et la diffuser par le canal appropri\u00e9 : e-mail, SMS\/Viber, notifications push, applications mobiles.<\/p>\r\n<hr\/><\/div>\r\n<div class=\"faq faq-sm\">\r\n<h3>Am\u00e9liorer la qualit\u00e9 des donn\u00e9es<\/h3>\r\n<p>Comment nous obtenons la segmentation la plus pr\u00e9cise :<\/p>\r\n<ul>\r\n<li><span style=\"font-size: 12pt;\">Nous filtrons automatiquement les adresses \u00e9lectroniques et les num\u00e9ros de t\u00e9l\u00e9phones inexistants, abandonn\u00e9s ou sur liste noire.<\/span><\/li>\r\n<li><span style=\"font-size: 12pt;\">Nous transformons les num\u00e9ros de t\u00e9l\u00e9phone et les adresses en un format unique et d\u00e9terminons le fuseau horaire et la ville du client.<\/span><\/li>\r\n<li><span style=\"font-size: 12pt;\">Nous analysons les erreurs de livraison, les r\u00e9ponses du serveur et les filtres antispam. Nous marquons les adresses \u00e9lectroniques et les num\u00e9ros de t\u00e9l\u00e9phone incorrects afin que les envois ne se retrouvent pas parmi les messages ind\u00e9sirables.<\/span><\/li>\r\n<\/ul>\r\n<hr\/><\/div>\r\n<\/div>\r\n<\/div>\r\n<\/section>\r\n<section class=\"letter-block\">\r\n<div class=\"row\">\r\n<div class=\"col-sm-5\">\r\n<div class=\"request\">\r\n<div class=\"letter\"><img decoding=\"async\" alt=\"Letter\" src=\"\/wp-content\/uploads\/2021\/12\/letter.svg\"\/><\/div>\r\n<p>Nous sommes heureux de r\u00e9pondre \u00e0 vos questions sur l&rsquo;automatisation du marketing et de vous aider \u00e0 comprendre comment la plateforme Loymax peut am\u00e9liorer les performances de votre entreprise. Contactez les repr\u00e9sentants commerciaux pour des recommandations personnalis\u00e9es et une pr\u00e9sentation sur le travail avec le logiciel Loymax.<\/p>\r\n<p>Veuillez remplir le formulaire, et nous vous contacterons dans un d\u00e9lai d&rsquo;un jour ouvrable.<\/p>\r\n<div class=\"buttons\"><a class=\"btn-block3 js-scroll-trigger\" href=\"#\">Contactez-nous<\/a><\/div>\r\n<\/div>\r\n<\/div>\r\n<div class=\"col-sm-7 right-faq\">\r\n<div class=\"faq faq-sm\">\r\n<h3>Segmentation<\/h3>\r\n<p>Segmente automatiquement les clients en fonction des attributs (sexe, \u00e2ge, ville), comportement (achet\u00e9 X produits de la cat\u00e9gorie Y), m\u00e9triques et notation (CLTV, r\u00e9ception moyenne, score RFM), communication (ouverture du mailing).<\/p>\r\n<hr\/><\/div>\r\n<div class=\"faq faq-sm\">\r\n<h3>Automatisation des interactions<\/h3>\r\n<p>Un comportement du client (une commande, un transfert vers un autre segment, etc.) d\u00e9clenche une action. Un analyste ou un responsable marketing pourra mettre en place de tels sc\u00e9narios par lui-m\u00eame.<\/p>\r\n<\/div>\r\n<\/div>\r\n<\/div>\r\n<\/section>\r\n<\/div>\r\n<div class=\"solutions-background\">\r\n<div class=\"container\">\r\n<section class=\"full-width\">\r\n<div class=\"row\">\r\n<div class=\"col-sm-12\">\r\n<div class=\"arrow-class\">\u00a0<\/div>\r\n<div class=\"about-slider2\">\r\n<div><img loading=\"lazy\" decoding=\"async\" class=\"alignnone size-full wp-image-5545\" src=\"https:\/\/loymax.io\/wp-content\/uploads\/2022\/09\/002-1.png\" alt=\"\" width=\"620\" height=\"372\" srcset=\"https:\/\/loymax.io\/wp-content\/uploads\/2022\/09\/002-1.png 620w, https:\/\/loymax.io\/wp-content\/uploads\/2022\/09\/002-1-300x180.png 300w\" sizes=\"auto, (max-width: 620px) 100vw, 620px\" \/><\/div>\r\n<div><img loading=\"lazy\" decoding=\"async\" class=\"alignnone size-full wp-image-5546\" src=\"https:\/\/loymax.io\/wp-content\/uploads\/2022\/09\/003.png\" alt=\"\" width=\"620\" height=\"372\" srcset=\"https:\/\/loymax.io\/wp-content\/uploads\/2022\/09\/003.png 620w, https:\/\/loymax.io\/wp-content\/uploads\/2022\/09\/003-300x180.png 300w\" sizes=\"auto, (max-width: 620px) 100vw, 620px\" \/><\/div>\r\n<div><img loading=\"lazy\" decoding=\"async\" class=\"alignnone size-full wp-image-5547\" src=\"https:\/\/loymax.io\/wp-content\/uploads\/2022\/09\/004.png\" alt=\"\" width=\"620\" height=\"372\" srcset=\"https:\/\/loymax.io\/wp-content\/uploads\/2022\/09\/004.png 620w, https:\/\/loymax.io\/wp-content\/uploads\/2022\/09\/004-300x180.png 300w\" sizes=\"auto, (max-width: 620px) 100vw, 620px\" \/><\/div>\r\n<div><img loading=\"lazy\" decoding=\"async\" class=\"alignnone size-full wp-image-5544\" src=\"https:\/\/loymax.io\/wp-content\/uploads\/2022\/09\/001-1.png\" alt=\"\" width=\"620\" height=\"372\" srcset=\"https:\/\/loymax.io\/wp-content\/uploads\/2022\/09\/001-1.png 620w, https:\/\/loymax.io\/wp-content\/uploads\/2022\/09\/001-1-300x180.png 300w\" sizes=\"auto, (max-width: 620px) 100vw, 620px\" \/><\/div>\r\n<div><img loading=\"lazy\" decoding=\"async\" class=\"alignnone size-full wp-image-5548\" src=\"https:\/\/loymax.io\/wp-content\/uploads\/2022\/09\/005.png\" alt=\"\" width=\"620\" height=\"372\" srcset=\"https:\/\/loymax.io\/wp-content\/uploads\/2022\/09\/005.png 620w, https:\/\/loymax.io\/wp-content\/uploads\/2022\/09\/005-300x180.png 300w\" sizes=\"auto, (max-width: 620px) 100vw, 620px\" \/><\/div>\r\n<div>\u00a0<\/div>\r\n<div class=\"hidden-xs\">\u00a0<\/div>\r\n<\/div>\r\n<\/div>\r\n<\/div>\r\n<\/section>\r\n<!--<section class=\"bottom-solutions\">\r\n<div class=\"row\">\r\n<div class=\"col-sm-5\"><img decoding=\"async\" alt=\"Smart Communication Bottom\" src=\"\/wp-content\/uploads\/2022\/02\/smart-communication-bottom.svg\" \/><\/div>\r\n<div class=\"col-sm-7\">\r\n<h2>Can you write some advantages for this page of smart communications<\/h2>\r\n<ul>\r\n<li>The customer did not respond to the coupon \u2192 we offer a gift for the purchase of a certain product<\/li>\r\n<li>The customer did not react to the gift \u2192 we offer an increased % of bonus points for the purchase of a certain product<\/li>\r\n<li>The customer did not respond to the discount in the form of % of the purchase amount \u2192 we offer a discount coupon with a fixed amount<\/li>\r\n<\/ul>\r\n<\/div>\r\n<\/div>\r\n<div class=\"row\">\r\n    <div class=\"col-sm-12\">\r\n        <h2>Extension modules<\/h2>\r\n    <\/div>\r\n    <\/div>\r\n    <div class=\"row\">\r\n      <div class=\"col-sm-3\">\r\n        <div class=\"modules\">\r\n          <h3>Omnichannel Engagement<\/h3>\r\n          <p>Mobile App, Digital Wallet, Personal Account for Loyalty Program Members, Chat Bot \u2014 we help to integrate...<\/p>\r\n          <img decoding=\"async\" alt=\"Slide1\" src=\"\/wp-content\/uploads\/2021\/12\/slide1.svg\">\r\n        <\/div>\r\n      <\/div>\r\n      <div class=\"col-sm-3\">\r\n        <div class=\"modules\">\r\n          <h3>Smart Communications<\/h3>\r\n          <p>Expand communications with your customers using Big Data and 360 profile<\/p>\r\n          <img decoding=\"async\" alt=\"Slide1\" src=\"\/wp-content\/uploads\/2021\/12\/slide1.svg\">\r\n        <\/div>\r\n      <\/div>\r\n      <div class=\"col-sm-3\">\r\n        <div class=\"modules\">\r\n          <h3>Business Intelligence<\/h3>\r\n          <p>Get the most of your Loyalty Program with our reporting and advanced analytics module<\/p>\r\n          <img decoding=\"async\" alt=\"Slide1\" src=\"\/wp-content\/uploads\/2021\/12\/slide1.svg\">\r\n        <\/div>\r\n      <\/div>\r\n      <div class=\"col-sm-3\">\r\n        <div class=\"modules\">\r\n          <h3>Machine <br>Learning<\/h3>\r\n          <p>The most advanced product that increase Retail Sales by 4% Without Increasing Marketing Team Labor<\/p>\r\n          <img decoding=\"async\" alt=\"Slide1\" src=\"\/wp-content\/uploads\/2021\/12\/slide1.svg\">\r\n        <\/div>\r\n      <\/div>\r\n    <\/div>--><\/div>\r\n<\/div>\r\n","protected":false},"excerpt":{"rendered":"<p>Communications intelligentes Solution d&rsquo;automatisation des communications marketing pour les d\u00e9taillants multicanaux, HORECA et e-commerce. Contactez-nous Utilisez les donn\u00e9es massives pour augmenter vos ventes r\u00e9p\u00e9t\u00e9es et g\u00e9rer vos taux de d\u00e9sabonnement. Profil client Collectez et analysez tout type de donn\u00e9es client sur tous les canaux afin de proposer des promotions personnalis\u00e9es \u00e0 chaque client. Analyse et&hellip;&nbsp;<a href=\"https:\/\/loymax.io\/fr\/smart-communications\/\" class=\"\" rel=\"bookmark\">Lire la suite &raquo;<span class=\"screen-reader-text\">Communications intelligentes<\/span><\/a><\/p>\n","protected":false},"author":1,"featured_media":0,"parent":0,"menu_order":4,"comment_status":"closed","ping_status":"closed","template":"solutions.php","meta":{"_acf_changed":false,"content-type":"","footnotes":""},"class_list":["post-11757","page","type-page","status-publish","hentry"],"acf":[],"yoast_head":"<!-- This site is optimized with the Yoast SEO plugin v27.4 - https:\/\/yoast.com\/product\/yoast-seo-wordpress\/ -->\n<title>Communications intelligentes - Loymax<\/title>\n<meta name=\"description\" content=\"Plateforme professionnelle d&#039;automatisation des communications marketing pour les d\u00e9taillants multicanaux, HORECA, magasins en ligne.\" \/>\n<meta name=\"robots\" content=\"index, follow, max-snippet:-1, max-image-preview:large, max-video-preview:-1\" \/>\n<link rel=\"canonical\" href=\"https:\/\/loymax.io\/fr\/smart-communications\/\" \/>\n<meta property=\"og:locale\" content=\"fr_FR\" \/>\n<meta property=\"og:type\" content=\"article\" \/>\n<meta property=\"og:title\" content=\"Communications intelligentes - Loymax\" \/>\n<meta property=\"og:description\" content=\"Plateforme professionnelle d&#039;automatisation des communications marketing pour les d\u00e9taillants multicanaux, HORECA, magasins en ligne.\" \/>\n<meta property=\"og:url\" content=\"https:\/\/loymax.io\/fr\/smart-communications\/\" \/>\n<meta property=\"og:site_name\" content=\"Loymax\" \/>\n<meta property=\"article:modified_time\" content=\"2024-09-06T09:46:13+00:00\" \/>\n<meta property=\"og:image\" content=\"https:\/\/loymax.io\/wp-content\/uploads\/2022\/09\/002-1.png\" \/>\n<meta name=\"twitter:card\" content=\"summary_large_image\" \/>\n<meta name=\"twitter:label1\" content=\"Dur\u00e9e de lecture estim\u00e9e\" \/>\n\t<meta name=\"twitter:data1\" content=\"6 minutes\" \/>\n<script type=\"application\/ld+json\" class=\"yoast-schema-graph\">{\"@context\":\"https:\\\/\\\/schema.org\",\"@graph\":[{\"@type\":\"WebPage\",\"@id\":\"https:\\\/\\\/loymax.io\\\/fr\\\/smart-communications\\\/\",\"url\":\"https:\\\/\\\/loymax.io\\\/fr\\\/smart-communications\\\/\",\"name\":\"Communications intelligentes - Loymax\",\"isPartOf\":{\"@id\":\"https:\\\/\\\/loymax.io\\\/fr\\\/#website\"},\"primaryImageOfPage\":{\"@id\":\"https:\\\/\\\/loymax.io\\\/fr\\\/smart-communications\\\/#primaryimage\"},\"image\":{\"@id\":\"https:\\\/\\\/loymax.io\\\/fr\\\/smart-communications\\\/#primaryimage\"},\"thumbnailUrl\":\"https:\\\/\\\/loymax.io\\\/wp-content\\\/uploads\\\/2022\\\/09\\\/002-1.png\",\"datePublished\":\"2022-02-01T20:07:24+00:00\",\"dateModified\":\"2024-09-06T09:46:13+00:00\",\"description\":\"Plateforme professionnelle d'automatisation des communications marketing pour les d\u00e9taillants multicanaux, HORECA, magasins en ligne.\",\"breadcrumb\":{\"@id\":\"https:\\\/\\\/loymax.io\\\/fr\\\/smart-communications\\\/#breadcrumb\"},\"inLanguage\":\"fr-FR\",\"potentialAction\":[{\"@type\":\"ReadAction\",\"target\":[\"https:\\\/\\\/loymax.io\\\/fr\\\/smart-communications\\\/\"]}]},{\"@type\":\"ImageObject\",\"inLanguage\":\"fr-FR\",\"@id\":\"https:\\\/\\\/loymax.io\\\/fr\\\/smart-communications\\\/#primaryimage\",\"url\":\"https:\\\/\\\/loymax.io\\\/wp-content\\\/uploads\\\/2022\\\/09\\\/002-1.png\",\"contentUrl\":\"https:\\\/\\\/loymax.io\\\/wp-content\\\/uploads\\\/2022\\\/09\\\/002-1.png\"},{\"@type\":\"BreadcrumbList\",\"@id\":\"https:\\\/\\\/loymax.io\\\/fr\\\/smart-communications\\\/#breadcrumb\",\"itemListElement\":[{\"@type\":\"ListItem\",\"position\":1,\"name\":\"\u0413\u043b\u0430\u0432\u043d\u0430\u044f \u0441\u0442\u0440\u0430\u043d\u0438\u0446\u0430\",\"item\":\"https:\\\/\\\/loymax.io\\\/fr\\\/\"},{\"@type\":\"ListItem\",\"position\":2,\"name\":\"Communications intelligentes\"}]},{\"@type\":\"WebSite\",\"@id\":\"https:\\\/\\\/loymax.io\\\/fr\\\/#website\",\"url\":\"https:\\\/\\\/loymax.io\\\/fr\\\/\",\"name\":\"Loymax\",\"description\":\"Loyalty Management and Marketing Automation Platform\",\"publisher\":{\"@id\":\"https:\\\/\\\/loymax.io\\\/fr\\\/#organization\"},\"potentialAction\":[{\"@type\":\"SearchAction\",\"target\":{\"@type\":\"EntryPoint\",\"urlTemplate\":\"https:\\\/\\\/loymax.io\\\/fr\\\/?s={search_term_string}\"},\"query-input\":{\"@type\":\"PropertyValueSpecification\",\"valueRequired\":true,\"valueName\":\"search_term_string\"}}],\"inLanguage\":\"fr-FR\"},{\"@type\":\"Organization\",\"@id\":\"https:\\\/\\\/loymax.io\\\/fr\\\/#organization\",\"name\":\"Loymax\",\"url\":\"https:\\\/\\\/loymax.io\\\/fr\\\/\",\"logo\":{\"@type\":\"ImageObject\",\"inLanguage\":\"fr-FR\",\"@id\":\"https:\\\/\\\/loymax.io\\\/fr\\\/#\\\/schema\\\/logo\\\/image\\\/\",\"url\":\"https:\\\/\\\/loymax.io\\\/wp-content\\\/uploads\\\/2024\\\/09\\\/cropped-cropped-loymax-mt-logo.jpg\",\"contentUrl\":\"https:\\\/\\\/loymax.io\\\/wp-content\\\/uploads\\\/2024\\\/09\\\/cropped-cropped-loymax-mt-logo.jpg\",\"width\":1359,\"height\":417,\"caption\":\"Loymax\"},\"image\":{\"@id\":\"https:\\\/\\\/loymax.io\\\/fr\\\/#\\\/schema\\\/logo\\\/image\\\/\"}}]}<\/script>\n<!-- \/ Yoast SEO plugin. -->","yoast_head_json":{"title":"Communications intelligentes - Loymax","description":"Plateforme professionnelle d'automatisation des communications marketing pour les d\u00e9taillants multicanaux, HORECA, magasins en ligne.","robots":{"index":"index","follow":"follow","max-snippet":"max-snippet:-1","max-image-preview":"max-image-preview:large","max-video-preview":"max-video-preview:-1"},"canonical":"https:\/\/loymax.io\/fr\/smart-communications\/","og_locale":"fr_FR","og_type":"article","og_title":"Communications intelligentes - Loymax","og_description":"Plateforme professionnelle d'automatisation des communications marketing pour les d\u00e9taillants multicanaux, HORECA, magasins en ligne.","og_url":"https:\/\/loymax.io\/fr\/smart-communications\/","og_site_name":"Loymax","article_modified_time":"2024-09-06T09:46:13+00:00","og_image":[{"url":"https:\/\/loymax.io\/wp-content\/uploads\/2022\/09\/002-1.png","type":"","width":"","height":""}],"twitter_card":"summary_large_image","twitter_misc":{"Dur\u00e9e de lecture estim\u00e9e":"6 minutes"},"schema":{"@context":"https:\/\/schema.org","@graph":[{"@type":"WebPage","@id":"https:\/\/loymax.io\/fr\/smart-communications\/","url":"https:\/\/loymax.io\/fr\/smart-communications\/","name":"Communications intelligentes - Loymax","isPartOf":{"@id":"https:\/\/loymax.io\/fr\/#website"},"primaryImageOfPage":{"@id":"https:\/\/loymax.io\/fr\/smart-communications\/#primaryimage"},"image":{"@id":"https:\/\/loymax.io\/fr\/smart-communications\/#primaryimage"},"thumbnailUrl":"https:\/\/loymax.io\/wp-content\/uploads\/2022\/09\/002-1.png","datePublished":"2022-02-01T20:07:24+00:00","dateModified":"2024-09-06T09:46:13+00:00","description":"Plateforme professionnelle d'automatisation des communications marketing pour les d\u00e9taillants multicanaux, HORECA, magasins en ligne.","breadcrumb":{"@id":"https:\/\/loymax.io\/fr\/smart-communications\/#breadcrumb"},"inLanguage":"fr-FR","potentialAction":[{"@type":"ReadAction","target":["https:\/\/loymax.io\/fr\/smart-communications\/"]}]},{"@type":"ImageObject","inLanguage":"fr-FR","@id":"https:\/\/loymax.io\/fr\/smart-communications\/#primaryimage","url":"https:\/\/loymax.io\/wp-content\/uploads\/2022\/09\/002-1.png","contentUrl":"https:\/\/loymax.io\/wp-content\/uploads\/2022\/09\/002-1.png"},{"@type":"BreadcrumbList","@id":"https:\/\/loymax.io\/fr\/smart-communications\/#breadcrumb","itemListElement":[{"@type":"ListItem","position":1,"name":"\u0413\u043b\u0430\u0432\u043d\u0430\u044f \u0441\u0442\u0440\u0430\u043d\u0438\u0446\u0430","item":"https:\/\/loymax.io\/fr\/"},{"@type":"ListItem","position":2,"name":"Communications intelligentes"}]},{"@type":"WebSite","@id":"https:\/\/loymax.io\/fr\/#website","url":"https:\/\/loymax.io\/fr\/","name":"Loymax","description":"Loyalty Management and Marketing Automation Platform","publisher":{"@id":"https:\/\/loymax.io\/fr\/#organization"},"potentialAction":[{"@type":"SearchAction","target":{"@type":"EntryPoint","urlTemplate":"https:\/\/loymax.io\/fr\/?s={search_term_string}"},"query-input":{"@type":"PropertyValueSpecification","valueRequired":true,"valueName":"search_term_string"}}],"inLanguage":"fr-FR"},{"@type":"Organization","@id":"https:\/\/loymax.io\/fr\/#organization","name":"Loymax","url":"https:\/\/loymax.io\/fr\/","logo":{"@type":"ImageObject","inLanguage":"fr-FR","@id":"https:\/\/loymax.io\/fr\/#\/schema\/logo\/image\/","url":"https:\/\/loymax.io\/wp-content\/uploads\/2024\/09\/cropped-cropped-loymax-mt-logo.jpg","contentUrl":"https:\/\/loymax.io\/wp-content\/uploads\/2024\/09\/cropped-cropped-loymax-mt-logo.jpg","width":1359,"height":417,"caption":"Loymax"},"image":{"@id":"https:\/\/loymax.io\/fr\/#\/schema\/logo\/image\/"}}]}},"_links":{"self":[{"href":"https:\/\/loymax.io\/fr\/wp-json\/wp\/v2\/pages\/11757","targetHints":{"allow":["GET"]}}],"collection":[{"href":"https:\/\/loymax.io\/fr\/wp-json\/wp\/v2\/pages"}],"about":[{"href":"https:\/\/loymax.io\/fr\/wp-json\/wp\/v2\/types\/page"}],"author":[{"embeddable":true,"href":"https:\/\/loymax.io\/fr\/wp-json\/wp\/v2\/users\/1"}],"replies":[{"embeddable":true,"href":"https:\/\/loymax.io\/fr\/wp-json\/wp\/v2\/comments?post=11757"}],"version-history":[{"count":20,"href":"https:\/\/loymax.io\/fr\/wp-json\/wp\/v2\/pages\/11757\/revisions"}],"predecessor-version":[{"id":13474,"href":"https:\/\/loymax.io\/fr\/wp-json\/wp\/v2\/pages\/11757\/revisions\/13474"}],"wp:attachment":[{"href":"https:\/\/loymax.io\/fr\/wp-json\/wp\/v2\/media?parent=11757"}],"curies":[{"name":"wp","href":"https:\/\/api.w.org\/{rel}","templated":true}]}}