{"id":11212,"date":"2022-04-28T19:26:50","date_gmt":"2022-04-28T17:26:50","guid":{"rendered":"https:\/\/loymax.io\/loymax-bi\/"},"modified":"2024-09-06T11:46:13","modified_gmt":"2024-09-06T09:46:13","slug":"loymax-bi","status":"publish","type":"page","link":"https:\/\/loymax.io\/tr\/loymax-bi\/","title":{"rendered":"\u0130\u015f Zekas\u0131 (BI)"},"content":{"rendered":"\r\n<section class=\"block-main block-solutions\">\r\n<div class=\"container\">\r\n<div class=\"row\">\r\n<div class=\"col-sm-5 paragraph1\">\r\n<h1 class=\"badge\">\u0130\u015f Zekas\u0131 (BI)<\/h1>\r\n<div>Daha iyi kararlar almak ve sat\u0131\u015flar\u0131 art\u0131rmak i\u00e7in verilerinizi anlaman\u0131za yard\u0131mc\u0131 olur.<\/div>\r\n<div class=\"buttons\"><a class=\"btn-block3 js-scroll-trigger\" href=\"#site-footer\">Bize Ula\u015f\u0131n<\/a><\/div>\r\n<\/div>\r\n<div class=\"col-sm-7\"><img decoding=\"async\" alt=\"Bi Main\" src=\"\/wp-content\/uploads\/2022\/04\/bi_main.svg\"\/><\/div>\r\n<\/div>\r\n<\/div>\r\n<\/section>\r\n<div class=\"container\">\r\n<section class=\"faq-block\">\r\n<div class=\"row\">\r\n<div class=\"col-sm-5\">\r\n<p class=\"solution-text-header\">Mod\u00fcl, tipik sat\u0131n alma modellerini ve m\u00fc\u015fteri davran\u0131\u015flar\u0131n\u0131 belirlemenize, \u00e7e\u015fitli segmentler i\u00e7in ilgili teklifler olu\u015fturman\u0131za, bir sat\u0131\u015f hunisi olu\u015fturman\u0131za, d\u00f6n\u00fc\u015f\u00fcm\u00fc art\u0131rman\u0131za ve \u00e7ok daha fazlas\u0131n\u0131 yapman\u0131za olanak tan\u0131r.<\/p>\r\n<!-- <h2>\u0412\u0438\u0434\u0435\u043e\u043e\u0431\u0437\u043e\u0440<\/h2> -->\r\n<div class=\"video-block\"><!--  <div><iframe src=\"https:\/\/player.vimeo.com\/video\/656065746?h=e12a1500ed&color=2A78EC&title=0&byline=0&portrait=0\" frameborder=\"0\" allowfullscreen=\"allowfullscreen\"><\/iframe><\/div>\r\n<script src=\"https:\/\/player.vimeo.com\/api\/player.js\"><\/script> --><\/div>\r\n<p class=\"after-video\" style=\"opacity: 0;\">\u0130ndirim sa\u011flamak<\/p>\r\n<\/div>\r\n<div class=\"col-sm-7 right-faq\">\r\n<div class=\"faq faq2\">\r\n<h3>\u00d6nemli verilere an\u0131nda eri\u015fim. Ad-hoc talepler.<\/h3>\r\n<hr\/><\/div>\r\n<div class=\"faq faq2\">\r\n<h3>Kullan\u0131c\u0131 dostu ve sezgisel bir aray\u00fczde veri i\u015fleme ve hipotezleri test etme yetene\u011fi.<\/h3>\r\n<hr\/><\/div>\r\n<div class=\"faq faq2\">\r\n<h3>Excel, PowerBI g\u00f6sterge tablolar\u0131na dayal\u0131 bloklar \u00fczerinde \u00f6nceden yap\u0131land\u0131r\u0131lm\u0131\u015f analitik raporlar.<\/h3>\r\n<hr\/><\/div>\r\n<div class=\"faq faq2\">\r\n<h3>Herhangi bir parametreye g\u00f6re m\u00fc\u015fteri segmentasyonu ve segment y\u00f6netimi.<\/h3>\r\n<hr\/><\/div>\r\n<!-- <div class=\"faq faq2\">\r\n <h3>Preconfigured analytics<\/h3>\r\n<hr \/><\/div>-->\r\n<div class=\"faq faq2\">\r\n<h3>Otomatik \u00e7oklu m\u00fc\u015fteri segmentasyonu.<\/h3>\r\n<hr\/><\/div>\r\n<div class=\"faq faq2\">\r\n<h3>Farkl\u0131 b\u00f6l\u00fcmlerde otomatik rapor olu\u015fturma.<\/h3>\r\n<hr\/><\/div>\r\n<div class=\"faq faq2\">\r\n<h3>Sadakat program\u0131n\u0131n kalitesini de\u011ferlendirmek i\u00e7in olu\u015fturulmu\u015f metrik sistemi.<\/h3>\r\n<hr\/><\/div>\r\n<div class=\"faq faq2\">\r\n<h3>Kohort analizi.<\/h3>\r\n<hr\/><\/div>\r\n<!-- <div class=\"faq faq2\">\r\n<h3>\u0421\u043e\u0432\u043c\u0435\u0441\u0442\u043d\u044b\u0435 \u043f\u043e\u043a\u0443\u043f\u043a\u0438.<\/h3>\r\n<hr \/><\/div>-->\r\n<div class=\"faq faq2\">\r\n<h3>ABC XYZ<\/h3>\r\n<\/div>\r\n<\/div>\r\n<\/div>\r\n<\/section>\r\n<section class=\"faq-block faq-block3\">\r\n<div class=\"container\">\r\n<div class=\"row\">\r\n<div class=\"col-sm-6\">\r\n<div class=\"modules2 modules3\">\r\n<h3>Segmentasyon T\u00fcrleri<\/h3>\r\n<ul>\r\n<li>Kazan\u00e7 tutar\u0131, sat\u0131n alma s\u0131kl\u0131\u011f\u0131 ve kazan\u00e7 s\u00fcresine g\u00f6re segmentasyon.<\/li>\r\n<li>\u0130kili segmentation.<\/li>\r\n<li>RFM ve BCG segmentasyonu.<\/li>\r\n<li>Ya\u015fam bi\u00e7imi.<\/li>\r\n<li>Promosyonlara duyarl\u0131l\u0131\u011fa g\u00f6re segmentasyon.<\/li>\r\n<\/ul>\r\n<\/div>\r\n<\/div>\r\n<div class=\"col-sm-6\">\r\n<div class=\"modules2 modules3\">\r\n<h3>Esnek veri g\u00f6rselle\u015ftirme<\/h3>\r\n<ul>\r\n<li>\u0130nteraktif Rapor Olu\u015fturucu.<\/li>\r\n<li>Etkile\u015fimli paneller \/ G\u00f6sterge Panolar\u0131.<\/li>\r\n<li>40&#8217;tan fazla \u00f6nceden yap\u0131land\u0131r\u0131lm\u0131\u015f rapor: sadakat program\u0131 (11 rapor), segmentasyon (4 rapor), pazarlama kampanyalar\u0131 (8 rapor), sat\u0131\u015f (4 rapor), ileti\u015fim (2 rapor), limitler (2 rapor), Doland\u0131r\u0131c\u0131l\u0131k (2 rapor), holding \/ koalisyon i\u00e7in takas bonuslar\u0131 (2 rapor).<\/li>\r\n<\/ul>\r\n<\/div>\r\n<\/div>\r\n<\/div>\r\n<\/div>\r\n<\/section>\r\n<\/div>\r\n<div class=\"solutions-background\" style=\"padding-bottom: 100px;\">\r\n<div class=\"container\">\r\n<section class=\"full-width\">\r\n<div class=\"row\">\r\n<div class=\"col-sm-12\">\r\n<div class=\"arrow-class\">\u00a0<\/div>\r\n<div class=\"about-slider2\">\r\n<div><img loading=\"lazy\" decoding=\"async\" class=\"alignnone size-full wp-image-5566\" src=\"https:\/\/loymax.io\/wp-content\/uploads\/2022\/09\/bi001.png\" alt=\"\" width=\"620\" height=\"372\" srcset=\"https:\/\/loymax.io\/wp-content\/uploads\/2022\/09\/bi001.png 620w, https:\/\/loymax.io\/wp-content\/uploads\/2022\/09\/bi001-300x180.png 300w\" sizes=\"auto, (max-width: 620px) 100vw, 620px\" \/><\/div>\r\n<div><img loading=\"lazy\" decoding=\"async\" class=\"alignnone size-full wp-image-5567\" src=\"https:\/\/loymax.io\/wp-content\/uploads\/2022\/09\/bi002.png\" alt=\"\" width=\"620\" height=\"372\" srcset=\"https:\/\/loymax.io\/wp-content\/uploads\/2022\/09\/bi002.png 620w, https:\/\/loymax.io\/wp-content\/uploads\/2022\/09\/bi002-300x180.png 300w\" sizes=\"auto, (max-width: 620px) 100vw, 620px\" \/><\/div>\r\n<div><img loading=\"lazy\" decoding=\"async\" class=\"alignnone size-full wp-image-5568\" src=\"https:\/\/loymax.io\/wp-content\/uploads\/2022\/09\/bi003.png\" alt=\"\" width=\"620\" height=\"372\" srcset=\"https:\/\/loymax.io\/wp-content\/uploads\/2022\/09\/bi003.png 620w, https:\/\/loymax.io\/wp-content\/uploads\/2022\/09\/bi003-300x180.png 300w\" sizes=\"auto, (max-width: 620px) 100vw, 620px\" \/><\/div>\r\n<div><img loading=\"lazy\" decoding=\"async\" class=\"alignnone size-full wp-image-5569\" src=\"https:\/\/loymax.io\/wp-content\/uploads\/2022\/09\/bi004.png\" alt=\"\" width=\"620\" height=\"372\" srcset=\"https:\/\/loymax.io\/wp-content\/uploads\/2022\/09\/bi004.png 620w, https:\/\/loymax.io\/wp-content\/uploads\/2022\/09\/bi004-300x180.png 300w\" sizes=\"auto, (max-width: 620px) 100vw, 620px\" \/><\/div>\r\n<div class=\"hidden-xs\">\u00a0<\/div>\r\n<\/div>\r\n<\/div>\r\n<\/div>\r\n<\/section>\r\n<\/div>\r\n<\/div>\r\n","protected":false},"excerpt":{"rendered":"<p>\u0130\u015f Zekas\u0131 (BI) Daha iyi kararlar almak ve sat\u0131\u015flar\u0131 art\u0131rmak i\u00e7in verilerinizi anlaman\u0131za yard\u0131mc\u0131 olur. Bize Ula\u015f\u0131n Mod\u00fcl, tipik sat\u0131n alma modellerini ve m\u00fc\u015fteri davran\u0131\u015flar\u0131n\u0131 belirlemenize, \u00e7e\u015fitli segmentler i\u00e7in ilgili teklifler olu\u015fturman\u0131za, bir sat\u0131\u015f hunisi olu\u015fturman\u0131za, d\u00f6n\u00fc\u015f\u00fcm\u00fc art\u0131rman\u0131za ve \u00e7ok daha fazlas\u0131n\u0131 yapman\u0131za olanak tan\u0131r. \u0130ndirim sa\u011flamak \u00d6nemli verilere an\u0131nda eri\u015fim. Ad-hoc talepler. Kullan\u0131c\u0131 dostu&hellip;&nbsp;<a href=\"https:\/\/loymax.io\/tr\/loymax-bi\/\" class=\"\" rel=\"bookmark\">Daha fazlas\u0131n\u0131 oku &raquo;<span class=\"screen-reader-text\">\u0130\u015f Zekas\u0131 (BI)<\/span><\/a><\/p>\n","protected":false},"author":1,"featured_media":0,"parent":0,"menu_order":8,"comment_status":"closed","ping_status":"closed","template":"solutions.php","meta":{"_acf_changed":false,"content-type":"","footnotes":""},"class_list":["post-11212","page","type-page","status-publish","hentry"],"acf":[],"yoast_head":"<!-- This site is optimized with the Yoast SEO plugin v27.4 - https:\/\/yoast.com\/product\/yoast-seo-wordpress\/ -->\n<title>\u0130\u015f Zekas\u0131 (BI) - Loymax<\/title>\n<meta name=\"robots\" content=\"index, follow, max-snippet:-1, max-image-preview:large, max-video-preview:-1\" \/>\n<link rel=\"canonical\" href=\"https:\/\/loymax.io\/tr\/loymax-bi\/\" \/>\n<meta property=\"og:locale\" content=\"tr_TR\" \/>\n<meta property=\"og:type\" content=\"article\" \/>\n<meta property=\"og:title\" content=\"\u0130\u015f Zekas\u0131 (BI) - Loymax\" \/>\n<meta property=\"og:description\" content=\"\u0130\u015f Zekas\u0131 (BI) Daha iyi kararlar almak ve sat\u0131\u015flar\u0131 art\u0131rmak i\u00e7in verilerinizi anlaman\u0131za yard\u0131mc\u0131 olur. Bize Ula\u015f\u0131n Mod\u00fcl, tipik sat\u0131n alma modellerini ve m\u00fc\u015fteri davran\u0131\u015flar\u0131n\u0131 belirlemenize, \u00e7e\u015fitli segmentler i\u00e7in ilgili teklifler olu\u015fturman\u0131za, bir sat\u0131\u015f hunisi olu\u015fturman\u0131za, d\u00f6n\u00fc\u015f\u00fcm\u00fc art\u0131rman\u0131za ve \u00e7ok daha fazlas\u0131n\u0131 yapman\u0131za olanak tan\u0131r. \u0130ndirim sa\u011flamak \u00d6nemli verilere an\u0131nda eri\u015fim. Ad-hoc talepler. Kullan\u0131c\u0131 dostu&hellip;&nbsp;Daha fazlas\u0131n\u0131 oku &raquo;\u0130\u015f Zekas\u0131 (BI)\" \/>\n<meta property=\"og:url\" content=\"https:\/\/loymax.io\/tr\/loymax-bi\/\" \/>\n<meta property=\"og:site_name\" content=\"Loymax\" \/>\n<meta property=\"article:modified_time\" content=\"2024-09-06T09:46:13+00:00\" \/>\n<meta property=\"og:image\" content=\"https:\/\/loymax.io\/wp-content\/uploads\/2022\/09\/bi001.png\" \/>\n<meta name=\"twitter:card\" content=\"summary_large_image\" \/>\n<meta name=\"twitter:label1\" content=\"Tahmini okuma s\u00fcresi\" \/>\n\t<meta name=\"twitter:data1\" content=\"4 dakika\" \/>\n<script type=\"application\/ld+json\" class=\"yoast-schema-graph\">{\"@context\":\"https:\\\/\\\/schema.org\",\"@graph\":[{\"@type\":\"WebPage\",\"@id\":\"https:\\\/\\\/loymax.io\\\/tr\\\/loymax-bi\\\/\",\"url\":\"https:\\\/\\\/loymax.io\\\/tr\\\/loymax-bi\\\/\",\"name\":\"\u0130\u015f Zekas\u0131 (BI) - Loymax\",\"isPartOf\":{\"@id\":\"https:\\\/\\\/loymax.io\\\/tr\\\/#website\"},\"primaryImageOfPage\":{\"@id\":\"https:\\\/\\\/loymax.io\\\/tr\\\/loymax-bi\\\/#primaryimage\"},\"image\":{\"@id\":\"https:\\\/\\\/loymax.io\\\/tr\\\/loymax-bi\\\/#primaryimage\"},\"thumbnailUrl\":\"https:\\\/\\\/loymax.io\\\/wp-content\\\/uploads\\\/2022\\\/09\\\/bi001.png\",\"datePublished\":\"2022-04-28T17:26:50+00:00\",\"dateModified\":\"2024-09-06T09:46:13+00:00\",\"breadcrumb\":{\"@id\":\"https:\\\/\\\/loymax.io\\\/tr\\\/loymax-bi\\\/#breadcrumb\"},\"inLanguage\":\"tr\",\"potentialAction\":[{\"@type\":\"ReadAction\",\"target\":[\"https:\\\/\\\/loymax.io\\\/tr\\\/loymax-bi\\\/\"]}]},{\"@type\":\"ImageObject\",\"inLanguage\":\"tr\",\"@id\":\"https:\\\/\\\/loymax.io\\\/tr\\\/loymax-bi\\\/#primaryimage\",\"url\":\"https:\\\/\\\/loymax.io\\\/wp-content\\\/uploads\\\/2022\\\/09\\\/bi001.png\",\"contentUrl\":\"https:\\\/\\\/loymax.io\\\/wp-content\\\/uploads\\\/2022\\\/09\\\/bi001.png\"},{\"@type\":\"BreadcrumbList\",\"@id\":\"https:\\\/\\\/loymax.io\\\/tr\\\/loymax-bi\\\/#breadcrumb\",\"itemListElement\":[{\"@type\":\"ListItem\",\"position\":1,\"name\":\"\u0413\u043b\u0430\u0432\u043d\u0430\u044f \u0441\u0442\u0440\u0430\u043d\u0438\u0446\u0430\",\"item\":\"https:\\\/\\\/loymax.io\\\/tr\\\/\"},{\"@type\":\"ListItem\",\"position\":2,\"name\":\"\u0130\u015f Zekas\u0131 (BI)\"}]},{\"@type\":\"WebSite\",\"@id\":\"https:\\\/\\\/loymax.io\\\/tr\\\/#website\",\"url\":\"https:\\\/\\\/loymax.io\\\/tr\\\/\",\"name\":\"Loymax\",\"description\":\"Loyalty Management and Marketing Automation Platform\",\"publisher\":{\"@id\":\"https:\\\/\\\/loymax.io\\\/tr\\\/#organization\"},\"potentialAction\":[{\"@type\":\"SearchAction\",\"target\":{\"@type\":\"EntryPoint\",\"urlTemplate\":\"https:\\\/\\\/loymax.io\\\/tr\\\/?s={search_term_string}\"},\"query-input\":{\"@type\":\"PropertyValueSpecification\",\"valueRequired\":true,\"valueName\":\"search_term_string\"}}],\"inLanguage\":\"tr\"},{\"@type\":\"Organization\",\"@id\":\"https:\\\/\\\/loymax.io\\\/tr\\\/#organization\",\"name\":\"Loymax\",\"url\":\"https:\\\/\\\/loymax.io\\\/tr\\\/\",\"logo\":{\"@type\":\"ImageObject\",\"inLanguage\":\"tr\",\"@id\":\"https:\\\/\\\/loymax.io\\\/tr\\\/#\\\/schema\\\/logo\\\/image\\\/\",\"url\":\"https:\\\/\\\/loymax.io\\\/wp-content\\\/uploads\\\/2024\\\/09\\\/cropped-cropped-loymax-mt-logo.jpg\",\"contentUrl\":\"https:\\\/\\\/loymax.io\\\/wp-content\\\/uploads\\\/2024\\\/09\\\/cropped-cropped-loymax-mt-logo.jpg\",\"width\":1359,\"height\":417,\"caption\":\"Loymax\"},\"image\":{\"@id\":\"https:\\\/\\\/loymax.io\\\/tr\\\/#\\\/schema\\\/logo\\\/image\\\/\"}}]}<\/script>\n<!-- \/ Yoast SEO plugin. -->","yoast_head_json":{"title":"\u0130\u015f Zekas\u0131 (BI) - Loymax","robots":{"index":"index","follow":"follow","max-snippet":"max-snippet:-1","max-image-preview":"max-image-preview:large","max-video-preview":"max-video-preview:-1"},"canonical":"https:\/\/loymax.io\/tr\/loymax-bi\/","og_locale":"tr_TR","og_type":"article","og_title":"\u0130\u015f Zekas\u0131 (BI) - Loymax","og_description":"\u0130\u015f Zekas\u0131 (BI) Daha iyi kararlar almak ve sat\u0131\u015flar\u0131 art\u0131rmak i\u00e7in verilerinizi anlaman\u0131za yard\u0131mc\u0131 olur. Bize Ula\u015f\u0131n Mod\u00fcl, tipik sat\u0131n alma modellerini ve m\u00fc\u015fteri davran\u0131\u015flar\u0131n\u0131 belirlemenize, \u00e7e\u015fitli segmentler i\u00e7in ilgili teklifler olu\u015fturman\u0131za, bir sat\u0131\u015f hunisi olu\u015fturman\u0131za, d\u00f6n\u00fc\u015f\u00fcm\u00fc art\u0131rman\u0131za ve \u00e7ok daha fazlas\u0131n\u0131 yapman\u0131za olanak tan\u0131r. \u0130ndirim sa\u011flamak \u00d6nemli verilere an\u0131nda eri\u015fim. Ad-hoc talepler. Kullan\u0131c\u0131 dostu&hellip;&nbsp;Daha fazlas\u0131n\u0131 oku &raquo;\u0130\u015f Zekas\u0131 (BI)","og_url":"https:\/\/loymax.io\/tr\/loymax-bi\/","og_site_name":"Loymax","article_modified_time":"2024-09-06T09:46:13+00:00","og_image":[{"url":"https:\/\/loymax.io\/wp-content\/uploads\/2022\/09\/bi001.png","type":"","width":"","height":""}],"twitter_card":"summary_large_image","twitter_misc":{"Tahmini okuma s\u00fcresi":"4 dakika"},"schema":{"@context":"https:\/\/schema.org","@graph":[{"@type":"WebPage","@id":"https:\/\/loymax.io\/tr\/loymax-bi\/","url":"https:\/\/loymax.io\/tr\/loymax-bi\/","name":"\u0130\u015f Zekas\u0131 (BI) - Loymax","isPartOf":{"@id":"https:\/\/loymax.io\/tr\/#website"},"primaryImageOfPage":{"@id":"https:\/\/loymax.io\/tr\/loymax-bi\/#primaryimage"},"image":{"@id":"https:\/\/loymax.io\/tr\/loymax-bi\/#primaryimage"},"thumbnailUrl":"https:\/\/loymax.io\/wp-content\/uploads\/2022\/09\/bi001.png","datePublished":"2022-04-28T17:26:50+00:00","dateModified":"2024-09-06T09:46:13+00:00","breadcrumb":{"@id":"https:\/\/loymax.io\/tr\/loymax-bi\/#breadcrumb"},"inLanguage":"tr","potentialAction":[{"@type":"ReadAction","target":["https:\/\/loymax.io\/tr\/loymax-bi\/"]}]},{"@type":"ImageObject","inLanguage":"tr","@id":"https:\/\/loymax.io\/tr\/loymax-bi\/#primaryimage","url":"https:\/\/loymax.io\/wp-content\/uploads\/2022\/09\/bi001.png","contentUrl":"https:\/\/loymax.io\/wp-content\/uploads\/2022\/09\/bi001.png"},{"@type":"BreadcrumbList","@id":"https:\/\/loymax.io\/tr\/loymax-bi\/#breadcrumb","itemListElement":[{"@type":"ListItem","position":1,"name":"\u0413\u043b\u0430\u0432\u043d\u0430\u044f \u0441\u0442\u0440\u0430\u043d\u0438\u0446\u0430","item":"https:\/\/loymax.io\/tr\/"},{"@type":"ListItem","position":2,"name":"\u0130\u015f Zekas\u0131 (BI)"}]},{"@type":"WebSite","@id":"https:\/\/loymax.io\/tr\/#website","url":"https:\/\/loymax.io\/tr\/","name":"Loymax","description":"Loyalty Management and Marketing Automation Platform","publisher":{"@id":"https:\/\/loymax.io\/tr\/#organization"},"potentialAction":[{"@type":"SearchAction","target":{"@type":"EntryPoint","urlTemplate":"https:\/\/loymax.io\/tr\/?s={search_term_string}"},"query-input":{"@type":"PropertyValueSpecification","valueRequired":true,"valueName":"search_term_string"}}],"inLanguage":"tr"},{"@type":"Organization","@id":"https:\/\/loymax.io\/tr\/#organization","name":"Loymax","url":"https:\/\/loymax.io\/tr\/","logo":{"@type":"ImageObject","inLanguage":"tr","@id":"https:\/\/loymax.io\/tr\/#\/schema\/logo\/image\/","url":"https:\/\/loymax.io\/wp-content\/uploads\/2024\/09\/cropped-cropped-loymax-mt-logo.jpg","contentUrl":"https:\/\/loymax.io\/wp-content\/uploads\/2024\/09\/cropped-cropped-loymax-mt-logo.jpg","width":1359,"height":417,"caption":"Loymax"},"image":{"@id":"https:\/\/loymax.io\/tr\/#\/schema\/logo\/image\/"}}]}},"_links":{"self":[{"href":"https:\/\/loymax.io\/tr\/wp-json\/wp\/v2\/pages\/11212","targetHints":{"allow":["GET"]}}],"collection":[{"href":"https:\/\/loymax.io\/tr\/wp-json\/wp\/v2\/pages"}],"about":[{"href":"https:\/\/loymax.io\/tr\/wp-json\/wp\/v2\/types\/page"}],"author":[{"embeddable":true,"href":"https:\/\/loymax.io\/tr\/wp-json\/wp\/v2\/users\/1"}],"replies":[{"embeddable":true,"href":"https:\/\/loymax.io\/tr\/wp-json\/wp\/v2\/comments?post=11212"}],"version-history":[{"count":29,"href":"https:\/\/loymax.io\/tr\/wp-json\/wp\/v2\/pages\/11212\/revisions"}],"predecessor-version":[{"id":13374,"href":"https:\/\/loymax.io\/tr\/wp-json\/wp\/v2\/pages\/11212\/revisions\/13374"}],"wp:attachment":[{"href":"https:\/\/loymax.io\/tr\/wp-json\/wp\/v2\/media?parent=11212"}],"curies":[{"name":"wp","href":"https:\/\/api.w.org\/{rel}","templated":true}]}}