{"id":11224,"date":"2022-02-01T22:30:29","date_gmt":"2022-02-01T20:30:29","guid":{"rendered":"https:\/\/loymax.io\/loymax-loyalty\/"},"modified":"2025-10-15T14:53:57","modified_gmt":"2025-10-15T12:53:57","slug":"loymax-loyalty","status":"publish","type":"page","link":"https:\/\/loymax.io\/tr\/loymax-loyalty\/","title":{"rendered":"Loymax Loyalty"},"content":{"rendered":"\r\n<section class=\"block-main block-solutions\">\r\n<div class=\"container\">\r\n<div class=\"row\">\r\n<div class=\"col-sm-5 paragraph1\">\r\n<h1 class=\"badge\">Loymax Loyalty<\/h1>\r\n<div>Sadakat Program\u0131n\u0131z\u0131 kodsuz ve kullan\u0131m\u0131 kolay temel mod\u00fcl\u00fcm\u00fczde herhangi bir karma\u015f\u0131kl\u0131kta olu\u015fturun ve y\u00f6netin.<\/div>\r\n<div class=\"buttons\"><a class=\"btn-block3 js-scroll-trigger\" href=\"#site-footer\">Bize Ula\u015f\u0131n<\/a><\/div>\r\n<\/div>\r\n<div class=\"col-sm-7\"><img decoding=\"async\" alt=\"Loyalty Header\" src=\"\/wp-content\/uploads\/2022\/02\/loyalty_header.svg\" \/><\/div>\r\n<\/div>\r\n<\/div>\r\n<\/section>\r\n<div class=\"container\">\r\n<section class=\"faq-block\">\r\n<div class=\"row\">\r\n<div class=\"col-sm-5\"><!--<h3 class=\"solution-text-header-2\">Loyalty Program Core<\/h3>-->\r\n<p class=\"solution-text-header\">M\u00fc\u015fterileriniz i\u00e7in ki\u015fisel senaryolar ve ilgili tan\u0131t\u0131mlarla sat\u0131\u015flar\u0131 art\u0131r\u0131n. <br \/><br \/>Loymax, her m\u00fc\u015fteri i\u00e7in ki\u015fisel tercihler ve motivasyonlar dahil olmak \u00fczere <strong>1000&#8217;den fazla promosyon ve promosyon mekani\u011fi varyasyonu<\/strong> olu\u015fturma yetene\u011fine sahiptir. <br \/><br \/>Kodsuz ve kullan\u0131c\u0131 dostu web aray\u00fcz\u00fcm\u00fcz \u00fczerinden tek t\u0131kla kampanya kurallar\u0131n\u0131 y\u00f6netebilir, kar\u015f\u0131l\u0131kl\u0131 uyumluluklar\u0131n\u0131 belirleyebilir, tetikleme \u00f6nceliklerini belirleyebilir ve tercih hesaplama matemati\u011fini se\u00e7ebilirsiniz.<\/p>\r\n<!-- <h2>\u041a\u0430\u043a \u044d\u0442\u043e \u0440\u0430\u0431\u043e\u0442\u0430\u0435\u0442?<\/h2>-->\r\n<div class=\"video-block\">\r\n<div><!--<iframe src=\"https:\/\/player.vimeo.com\/video\/656065746?h=e12a1500ed&color=2A78EC&title=0&byline=0&portrait=0\" frameborder=\"0\" allowfullscreen=\"allowfullscreen\"><\/iframe>--><\/div>\r\n<script src=\"https:\/\/player.vimeo.com\/api\/player.js\"><\/script><\/div>\r\n<p class=\"after-video\" style=\"opacity: 0;\">\u00a0<\/p>\r\n<\/div>\r\n<div class=\"col-sm-7 right-faq\">\r\n<div class=\"faq\">\r\n<h3>\u0130ndirimler<\/h3>\r\n<p>Kazan\u00e7 y\u00fczdesi \u015feklinde indirimler veya \u00f6zel bir fiyat veya sabit bir tutar \u015feklinde bir \u00fcr\u00fcnde indirim kullanarak trafi\u011finizi ve ortalama gelirinizi art\u0131r\u0131n.<\/p>\r\n<hr \/><\/div>\r\n<div class=\"faq\">\r\n<h3>\u0130kramiyeler<\/h3>\r\n<p>Belirli sat\u0131n al\u0131mlar i\u00e7in bonuslarla kay\u0131p oran\u0131n\u0131 azalt\u0131n. Bonus verme ko\u015fullar\u0131n\u0131, oranlar\u0131n\u0131, silme kurallar\u0131n\u0131, \u00f6m\u00fcrlerini ve otomatik sona erme ko\u015fullar\u0131n\u0131 \u00f6zelle\u015ftirin.<\/p>\r\n<hr \/><\/div>\r\n<div class=\"faq\">\r\n<h3>Katmanlar<\/h3>\r\n<p>M\u00fc\u015fterileriniz i\u00e7in katman yap\u0131lar\u0131 olu\u015fturun ve y\u00f6netin ve bunlar\u0131 farkl\u0131 katmanlar i\u00e7in farkl\u0131 \u00f6d\u00fcllerle geni\u015fletin.<\/p>\r\n<hr \/><\/div>\r\n<div class=\"faq\">\r\n<h3>Kuponlar<\/h3>\r\n<p>Kuponlarla daha fazla m\u00fc\u015fteri \u00e7ekin. Mod\u00fcl, bir sonraki sat\u0131n alma i\u00e7in kuponlar\u0131, g\u00fcvenlik \u015feritli ve gizli \u00f6d\u00fcll\u00fc kuponlar\u0131, elektronik kuponlar\u0131 vb. destekler.<\/p>\r\n<hr \/><\/div>\r\n<div class=\"faq\">\r\n<h3>Saya\u00e7lar<\/h3>\r\n<p>\u0130\u015flemleri saymak veya tercihleri k\u0131s\u0131tlamak i\u00e7in saya\u00e7lar\u0131 kullan\u0131n. M\u00fc\u015fterilerin istenen davran\u0131\u015f ve faaliyetlerini te\u015fvik edin.<\/p>\r\n<hr \/><\/div>\r\n<div class=\"faq\">\r\n<h3>Sanal Para Birimleri<\/h3>\r\n<p>\u00d6d\u00fcl olarak herhangi bir say\u0131da sanal para birimi kullan\u0131n: y\u0131ld\u0131zlar, fi\u015fler, madeni paralar ve di\u011ferleri. Her biri i\u00e7in bor\u00e7 ve tahakkuk parametrelerinizi ayarlay\u0131n.<\/p>\r\n<hr \/><\/div>\r\n<div class=\"faq\">\r\n<h3>\u00dcr\u00fcn Paketleri<\/h3>\r\n<p>\u00dcr\u00fcnleri paketler halinde birle\u015ftirin ve sat\u0131\u015flar\u0131 art\u0131r\u0131n.<\/p>\r\n<hr \/><\/div>\r\n<div class=\"faq\">\r\n<h3>Favori \u00dcr\u00fcnler<\/h3>\r\n<p>En sevdikleri \u00fcr\u00fcnler i\u00e7in ekstra \u00f6d\u00fcller vererek m\u00fc\u015fterilerinizi sadakat program\u0131na kat\u0131lmaya motive edin.<\/p>\r\n<hr \/><\/div>\r\n<div class=\"faq\">\r\n<h3>Y\u00f6nlendirmeler<\/h3>\r\n<p>M\u00fc\u015fterileri yaln\u0131zca y\u00f6nlendirmeler i\u00e7in de\u011fil, ayn\u0131 zamanda faaliyetleri i\u00e7in de \u00f6d\u00fcllendirin.<\/p>\r\n<hr \/><\/div>\r\n<\/div>\r\n<\/div>\r\n<\/section>\r\n<section class=\"letter-block\">\r\n<div class=\"row\">\r\n<div class=\"col-sm-5\">\r\n<div class=\"request\">\r\n<div class=\"letter\"><img decoding=\"async\" alt=\"Letter\" src=\"\/wp-content\/uploads\/2021\/12\/letter.svg\" \/><\/div>\r\n<p>Sadakat programlar\u0131yla ilgili sorular\u0131n\u0131z\u0131 yan\u0131tlamaktan ve Loymax platformunun i\u015f performans\u0131n\u0131z\u0131 nas\u0131l iyile\u015ftirece\u011fini anlaman\u0131za yard\u0131mc\u0131 olmaktan mutluluk duyar\u0131z. Ki\u015fiselle\u015ftirilmi\u015f \u00f6neriler ve Loymax yaz\u0131l\u0131m\u0131yla \u00e7al\u0131\u015fmaya ili\u015fkin bir sunum i\u00e7in sat\u0131\u015f temsilcileriyle ileti\u015fime ge\u00e7in.<\/p>\r\n<p>L\u00fctfen formu doldurun ve bir i\u015f g\u00fcn\u00fc i\u00e7inde sizinle ileti\u015fime ge\u00e7ece\u011fiz<\/p>\r\n<div class=\"buttons\"><a class=\"btn-block3 js-scroll-trigger\" href=\"#\">Bize Ula\u015f\u0131n<\/a><\/div>\r\n<\/div>\r\n<\/div>\r\n<div class=\"col-sm-7 right-faq\">\r\n<div class=\"faq\">\r\n<h3>Oyunla\u015ft\u0131rma ve Olas\u0131l\u0131k Promosyonlar\u0131<\/h3>\r\n<p>Herhangi bir s\u0131rada y\u00fcr\u00fct\u00fclen tetiklenmi\u015f zincirlerdeki her t\u00fcrl\u00fc teklifi ba\u011flay\u0131n. Bir g\u00f6revi tamamlad\u0131\u011f\u0131 i\u00e7in kazanan\u0131 s\u00fcper bir \u00f6d\u00fclle \u00f6d\u00fcllendirin.<\/p>\r\n<hr \/><\/div>\r\n<div class=\"faq\">\r\n<h3>Puanlar<\/h3>\r\n<p>Toplanan puanlar, se\u00e7ilen tercihler i\u00e7in otomatik olarak uygun miktarda otomatik olarak de\u011fi\u015ftirilebilir. \u00d6rne\u011fin, belirli bir \u00fcr\u00fcn i\u00e7in indirim, kupon veya sadakat program\u0131nda yeni bir katman.<\/p>\r\n<\/div>\r\n<!-- <hr \/>\r\n<div class=\"faq\">\r\n<h3>\u0418\u043d\u0442\u0435\u0433\u0440\u0430\u0446\u0438\u044f<\/h3>\r\n<p>Integration with most of Point of Sales software, communication service providers and your current infrastructure.<\/p>\r\n<\/div> --><\/div>\r\n<\/div>\r\n<\/section>\r\n<\/div>\r\n<div class=\"solutions-background\">\r\n<div class=\"container\">\r\n<section class=\"full-width\">\r\n<div class=\"row\">\r\n<div class=\"col-sm-12\">\r\n<div class=\"arrow-class\">\u00a0<\/div>\r\n<div class=\"about-slider2\">\r\n<div><img loading=\"lazy\" decoding=\"async\" class=\"alignnone size-full wp-image-5551\" src=\"https:\/\/loymax.io\/wp-content\/uploads\/2022\/09\/001-2.png\" alt=\"\" width=\"620\" height=\"372\" srcset=\"https:\/\/loymax.io\/wp-content\/uploads\/2022\/09\/001-2.png 620w, https:\/\/loymax.io\/wp-content\/uploads\/2022\/09\/001-2-300x180.png 300w\" sizes=\"auto, (max-width: 620px) 100vw, 620px\" \/><\/div>\r\n<div><img loading=\"lazy\" decoding=\"async\" class=\"alignnone size-full wp-image-5552\" src=\"https:\/\/loymax.io\/wp-content\/uploads\/2022\/09\/002-2.png\" alt=\"\" width=\"620\" height=\"372\" srcset=\"https:\/\/loymax.io\/wp-content\/uploads\/2022\/09\/002-2.png 620w, https:\/\/loymax.io\/wp-content\/uploads\/2022\/09\/002-2-300x180.png 300w\" sizes=\"auto, (max-width: 620px) 100vw, 620px\" \/><\/div>\r\n<div><img loading=\"lazy\" decoding=\"async\" class=\"alignnone size-full wp-image-5553\" src=\"https:\/\/loymax.io\/wp-content\/uploads\/2022\/09\/003-1.png\" alt=\"\" width=\"620\" height=\"372\" srcset=\"https:\/\/loymax.io\/wp-content\/uploads\/2022\/09\/003-1.png 620w, https:\/\/loymax.io\/wp-content\/uploads\/2022\/09\/003-1-300x180.png 300w\" sizes=\"auto, (max-width: 620px) 100vw, 620px\" \/><\/div>\r\n<div><img loading=\"lazy\" decoding=\"async\" class=\"alignnone size-full wp-image-5554\" src=\"https:\/\/loymax.io\/wp-content\/uploads\/2022\/09\/005-1.png\" alt=\"\" width=\"620\" height=\"372\" srcset=\"https:\/\/loymax.io\/wp-content\/uploads\/2022\/09\/005-1.png 620w, https:\/\/loymax.io\/wp-content\/uploads\/2022\/09\/005-1-300x180.png 300w\" sizes=\"auto, (max-width: 620px) 100vw, 620px\" \/>\u00a0<\/div>\r\n<div><img loading=\"lazy\" decoding=\"async\" class=\"alignnone size-full wp-image-5556\" src=\"https:\/\/loymax.io\/wp-content\/uploads\/2022\/09\/004-1.png\" alt=\"\" width=\"620\" height=\"372\" srcset=\"https:\/\/loymax.io\/wp-content\/uploads\/2022\/09\/004-1.png 620w, https:\/\/loymax.io\/wp-content\/uploads\/2022\/09\/004-1-300x180.png 300w\" sizes=\"auto, (max-width: 620px) 100vw, 620px\" \/><\/div>\r\n<div class=\"hidden-xs\">\u00a0<\/div>\r\n<\/div>\r\n<\/div>\r\n<\/div>\r\n<\/section>\r\n<section class=\"bottom-solutions\">\r\n<div class=\"row\">\r\n<div class=\"col-sm-5\"><img decoding=\"async\" alt=\"Loyalty Bottom\" src=\"\/wp-content\/uploads\/2022\/02\/loyalty-bottom.svg\" \/><\/div>\r\n<div class=\"col-sm-7\">\r\n<h2>Esnek ara\u00e7 setimiz, kolayca benzersiz tan\u0131t\u0131m senaryolar\u0131 olu\u015fturman\u0131za olanak tan\u0131r:<\/h2>\r\n<ul>\r\n<li>Bir m\u00fc\u015fteri kupon kullanmad\u0131 \u2192 belirli bir \u00fcr\u00fcn\u00fc sat\u0131n almak i\u00e7in bir hediye teklif etmedi<\/li>\r\n<li>M\u00fc\u015fteri hediyeyi g\u00f6rmezden geldi \u2192 belirli bir \u00fcr\u00fcn i\u00e7in fazladan bir bonus y\u00fczdesi teklif etti<\/li>\r\n<li>M\u00fc\u015fteri, kazanc\u0131n belirli bir miktar\u0131 \u00fczerinden ekstra bir indirim ile motive olmad\u0131 \u2192 sabit indirimli bir kupon sunuyoruz<\/li>\r\n<\/ul>\r\n<\/div>\r\n<\/div>\r\n<!--<div class=\"row\">\r\n    <div class=\"col-sm-12\">\r\n        <h2>Extension modules<\/h2>\r\n    <\/div>\r\n    <\/div>\r\n    <div class=\"row\">\r\n      <div class=\"col-sm-3\">\r\n        <div class=\"modules\">\r\n          <h3>Omnichannel Engagement<\/h3>\r\n          <p>Mobile App, Digital Wallet, Personal Account for Loyalty Program Members, Chat Bot \u2014 we help to integrate...<\/p>\r\n          <img decoding=\"async\" alt=\"Slide1\" src=\"\/wp-content\/uploads\/2021\/12\/slide1.svg\">\r\n        <\/div>\r\n      <\/div>\r\n      <div class=\"col-sm-3\"><span data-mce-type=\"bookmark\" style=\"display: inline-block; width: 0px; overflow: hidden; line-height: 0;\" class=\"mce_SELRES_start\"><\/span>\r\n        <div class=\"modules\">\r\n          <h3>Smart Communications<\/h3>\r\n          <p>Expand communications with your customers using Big Data and 360 profile<\/p>\r\n          <img decoding=\"async\" alt=\"Slide1\" src=\"\/wp-content\/uploads\/2021\/12\/slide1.svg\">\r\n        <\/div>\r\n      <\/div>\r\n      <div class=\"col-sm-3\">\r\n        <div class=\"modules\">\r\n          <h3>Business Intelligence<\/h3>\r\n          <p>Get the most of your Loyalty Program with our reporting and advanced analytics module<\/p>\r\n          <img decoding=\"async\" alt=\"Slide1\" src=\"\/wp-content\/uploads\/2021\/12\/slide1.svg\">\r\n        <\/div>\r\n      <\/div>\r\n      <div class=\"col-sm-3\">\r\n        <div class=\"modules\">\r\n          <h3>Machine <br>Learning<\/h3>\r\n          <p>The most advanced product that increase Retail Sales by 4% Without Increasing Marketing Team Labor<\/p>\r\n          <img decoding=\"async\" alt=\"Slide1\" src=\"\/wp-content\/uploads\/2021\/12\/slide1.svg\">\r\n        <\/div>\r\n      <\/div>\r\n    <\/div>--><\/section>\r\n<\/div>\r\n<\/div>\r\n","protected":false},"excerpt":{"rendered":"<p>Loymax Loyalty Sadakat Program\u0131n\u0131z\u0131 kodsuz ve kullan\u0131m\u0131 kolay temel mod\u00fcl\u00fcm\u00fczde herhangi bir karma\u015f\u0131kl\u0131kta olu\u015fturun ve y\u00f6netin. Bize Ula\u015f\u0131n M\u00fc\u015fterileriniz i\u00e7in ki\u015fisel senaryolar ve ilgili tan\u0131t\u0131mlarla sat\u0131\u015flar\u0131 art\u0131r\u0131n. Loymax, her m\u00fc\u015fteri i\u00e7in ki\u015fisel tercihler ve motivasyonlar dahil olmak \u00fczere 1000&#8217;den fazla promosyon ve promosyon mekani\u011fi varyasyonu olu\u015fturma yetene\u011fine sahiptir. Kodsuz ve kullan\u0131c\u0131 dostu web aray\u00fcz\u00fcm\u00fcz \u00fczerinden&hellip;&nbsp;<a href=\"https:\/\/loymax.io\/tr\/loymax-loyalty\/\" class=\"\" rel=\"bookmark\">Daha fazlas\u0131n\u0131 oku &raquo;<span class=\"screen-reader-text\">Loymax Loyalty<\/span><\/a><\/p>\n","protected":false},"author":1,"featured_media":0,"parent":0,"menu_order":15,"comment_status":"closed","ping_status":"closed","template":"solutions.php","meta":{"_acf_changed":false,"content-type":"","footnotes":""},"class_list":["post-11224","page","type-page","status-publish","hentry"],"acf":[],"yoast_head":"<!-- This site is optimized with the Yoast SEO plugin v27.3 - https:\/\/yoast.com\/product\/yoast-seo-wordpress\/ -->\n<title>Sadakat programlar\u0131 olu\u015fturun - Loymax Loyalty<\/title>\n<meta name=\"description\" content=\"Her t\u00fcrl\u00fc karma\u015f\u0131kl\u0131ktaki sadakat programlar\u0131n\u0131 tek bir aray\u00fczde ve programlama yapmadan olu\u015fturun ve y\u00f6netin.\" \/>\n<meta name=\"robots\" content=\"index, follow, max-snippet:-1, max-image-preview:large, max-video-preview:-1\" \/>\n<link rel=\"canonical\" href=\"https:\/\/loymax.io\/tr\/loymax-loyalty\/\" \/>\n<meta property=\"og:locale\" content=\"tr_TR\" \/>\n<meta property=\"og:type\" content=\"article\" \/>\n<meta property=\"og:title\" content=\"Sadakat programlar\u0131 olu\u015fturun - Loymax Loyalty\" \/>\n<meta property=\"og:description\" content=\"Her t\u00fcrl\u00fc karma\u015f\u0131kl\u0131ktaki sadakat programlar\u0131n\u0131 tek bir aray\u00fczde ve programlama yapmadan olu\u015fturun ve y\u00f6netin.\" \/>\n<meta property=\"og:url\" content=\"https:\/\/loymax.io\/tr\/loymax-loyalty\/\" \/>\n<meta property=\"og:site_name\" content=\"Loymax\" \/>\n<meta property=\"article:modified_time\" content=\"2025-10-15T12:53:57+00:00\" \/>\n<meta property=\"og:image\" content=\"https:\/\/loymax.io\/wp-content\/uploads\/2022\/09\/001-2.png\" \/>\n<meta name=\"twitter:card\" content=\"summary_large_image\" \/>\n<meta name=\"twitter:label1\" content=\"Tahmini okuma s\u00fcresi\" \/>\n\t<meta name=\"twitter:data1\" content=\"4 dakika\" \/>\n<script type=\"application\/ld+json\" class=\"yoast-schema-graph\">{\"@context\":\"https:\\\/\\\/schema.org\",\"@graph\":[{\"@type\":\"WebPage\",\"@id\":\"https:\\\/\\\/loymax.io\\\/tr\\\/loymax-loyalty\\\/\",\"url\":\"https:\\\/\\\/loymax.io\\\/tr\\\/loymax-loyalty\\\/\",\"name\":\"Sadakat programlar\u0131 olu\u015fturun - Loymax Loyalty\",\"isPartOf\":{\"@id\":\"https:\\\/\\\/loymax.io\\\/tr\\\/#website\"},\"primaryImageOfPage\":{\"@id\":\"https:\\\/\\\/loymax.io\\\/tr\\\/loymax-loyalty\\\/#primaryimage\"},\"image\":{\"@id\":\"https:\\\/\\\/loymax.io\\\/tr\\\/loymax-loyalty\\\/#primaryimage\"},\"thumbnailUrl\":\"https:\\\/\\\/loymax.io\\\/wp-content\\\/uploads\\\/2022\\\/09\\\/001-2.png\",\"datePublished\":\"2022-02-01T20:30:29+00:00\",\"dateModified\":\"2025-10-15T12:53:57+00:00\",\"description\":\"Her t\u00fcrl\u00fc karma\u015f\u0131kl\u0131ktaki sadakat programlar\u0131n\u0131 tek bir aray\u00fczde ve programlama yapmadan olu\u015fturun ve y\u00f6netin.\",\"breadcrumb\":{\"@id\":\"https:\\\/\\\/loymax.io\\\/tr\\\/loymax-loyalty\\\/#breadcrumb\"},\"inLanguage\":\"tr\",\"potentialAction\":[{\"@type\":\"ReadAction\",\"target\":[\"https:\\\/\\\/loymax.io\\\/tr\\\/loymax-loyalty\\\/\"]}]},{\"@type\":\"ImageObject\",\"inLanguage\":\"tr\",\"@id\":\"https:\\\/\\\/loymax.io\\\/tr\\\/loymax-loyalty\\\/#primaryimage\",\"url\":\"https:\\\/\\\/loymax.io\\\/wp-content\\\/uploads\\\/2022\\\/09\\\/001-2.png\",\"contentUrl\":\"https:\\\/\\\/loymax.io\\\/wp-content\\\/uploads\\\/2022\\\/09\\\/001-2.png\"},{\"@type\":\"BreadcrumbList\",\"@id\":\"https:\\\/\\\/loymax.io\\\/tr\\\/loymax-loyalty\\\/#breadcrumb\",\"itemListElement\":[{\"@type\":\"ListItem\",\"position\":1,\"name\":\"\u0413\u043b\u0430\u0432\u043d\u0430\u044f \u0441\u0442\u0440\u0430\u043d\u0438\u0446\u0430\",\"item\":\"https:\\\/\\\/loymax.io\\\/tr\\\/\"},{\"@type\":\"ListItem\",\"position\":2,\"name\":\"Loymax Loyalty\"}]},{\"@type\":\"WebSite\",\"@id\":\"https:\\\/\\\/loymax.io\\\/tr\\\/#website\",\"url\":\"https:\\\/\\\/loymax.io\\\/tr\\\/\",\"name\":\"Loymax\",\"description\":\"Loyalty Management and Marketing Automation Platform\",\"publisher\":{\"@id\":\"https:\\\/\\\/loymax.io\\\/tr\\\/#organization\"},\"potentialAction\":[{\"@type\":\"SearchAction\",\"target\":{\"@type\":\"EntryPoint\",\"urlTemplate\":\"https:\\\/\\\/loymax.io\\\/tr\\\/?s={search_term_string}\"},\"query-input\":{\"@type\":\"PropertyValueSpecification\",\"valueRequired\":true,\"valueName\":\"search_term_string\"}}],\"inLanguage\":\"tr\"},{\"@type\":\"Organization\",\"@id\":\"https:\\\/\\\/loymax.io\\\/tr\\\/#organization\",\"name\":\"Loymax\",\"url\":\"https:\\\/\\\/loymax.io\\\/tr\\\/\",\"logo\":{\"@type\":\"ImageObject\",\"inLanguage\":\"tr\",\"@id\":\"https:\\\/\\\/loymax.io\\\/tr\\\/#\\\/schema\\\/logo\\\/image\\\/\",\"url\":\"https:\\\/\\\/loymax.io\\\/wp-content\\\/uploads\\\/2024\\\/09\\\/cropped-cropped-loymax-mt-logo.jpg\",\"contentUrl\":\"https:\\\/\\\/loymax.io\\\/wp-content\\\/uploads\\\/2024\\\/09\\\/cropped-cropped-loymax-mt-logo.jpg\",\"width\":1359,\"height\":417,\"caption\":\"Loymax\"},\"image\":{\"@id\":\"https:\\\/\\\/loymax.io\\\/tr\\\/#\\\/schema\\\/logo\\\/image\\\/\"}}]}<\/script>\n<!-- \/ Yoast SEO plugin. -->","yoast_head_json":{"title":"Sadakat programlar\u0131 olu\u015fturun - Loymax Loyalty","description":"Her t\u00fcrl\u00fc karma\u015f\u0131kl\u0131ktaki sadakat programlar\u0131n\u0131 tek bir aray\u00fczde ve programlama yapmadan olu\u015fturun ve y\u00f6netin.","robots":{"index":"index","follow":"follow","max-snippet":"max-snippet:-1","max-image-preview":"max-image-preview:large","max-video-preview":"max-video-preview:-1"},"canonical":"https:\/\/loymax.io\/tr\/loymax-loyalty\/","og_locale":"tr_TR","og_type":"article","og_title":"Sadakat programlar\u0131 olu\u015fturun - Loymax Loyalty","og_description":"Her t\u00fcrl\u00fc karma\u015f\u0131kl\u0131ktaki sadakat programlar\u0131n\u0131 tek bir aray\u00fczde ve programlama yapmadan olu\u015fturun ve y\u00f6netin.","og_url":"https:\/\/loymax.io\/tr\/loymax-loyalty\/","og_site_name":"Loymax","article_modified_time":"2025-10-15T12:53:57+00:00","og_image":[{"url":"https:\/\/loymax.io\/wp-content\/uploads\/2022\/09\/001-2.png","type":"","width":"","height":""}],"twitter_card":"summary_large_image","twitter_misc":{"Tahmini okuma s\u00fcresi":"4 dakika"},"schema":{"@context":"https:\/\/schema.org","@graph":[{"@type":"WebPage","@id":"https:\/\/loymax.io\/tr\/loymax-loyalty\/","url":"https:\/\/loymax.io\/tr\/loymax-loyalty\/","name":"Sadakat programlar\u0131 olu\u015fturun - Loymax Loyalty","isPartOf":{"@id":"https:\/\/loymax.io\/tr\/#website"},"primaryImageOfPage":{"@id":"https:\/\/loymax.io\/tr\/loymax-loyalty\/#primaryimage"},"image":{"@id":"https:\/\/loymax.io\/tr\/loymax-loyalty\/#primaryimage"},"thumbnailUrl":"https:\/\/loymax.io\/wp-content\/uploads\/2022\/09\/001-2.png","datePublished":"2022-02-01T20:30:29+00:00","dateModified":"2025-10-15T12:53:57+00:00","description":"Her t\u00fcrl\u00fc karma\u015f\u0131kl\u0131ktaki sadakat programlar\u0131n\u0131 tek bir aray\u00fczde ve programlama yapmadan olu\u015fturun ve y\u00f6netin.","breadcrumb":{"@id":"https:\/\/loymax.io\/tr\/loymax-loyalty\/#breadcrumb"},"inLanguage":"tr","potentialAction":[{"@type":"ReadAction","target":["https:\/\/loymax.io\/tr\/loymax-loyalty\/"]}]},{"@type":"ImageObject","inLanguage":"tr","@id":"https:\/\/loymax.io\/tr\/loymax-loyalty\/#primaryimage","url":"https:\/\/loymax.io\/wp-content\/uploads\/2022\/09\/001-2.png","contentUrl":"https:\/\/loymax.io\/wp-content\/uploads\/2022\/09\/001-2.png"},{"@type":"BreadcrumbList","@id":"https:\/\/loymax.io\/tr\/loymax-loyalty\/#breadcrumb","itemListElement":[{"@type":"ListItem","position":1,"name":"\u0413\u043b\u0430\u0432\u043d\u0430\u044f \u0441\u0442\u0440\u0430\u043d\u0438\u0446\u0430","item":"https:\/\/loymax.io\/tr\/"},{"@type":"ListItem","position":2,"name":"Loymax Loyalty"}]},{"@type":"WebSite","@id":"https:\/\/loymax.io\/tr\/#website","url":"https:\/\/loymax.io\/tr\/","name":"Loymax","description":"Loyalty Management and Marketing Automation Platform","publisher":{"@id":"https:\/\/loymax.io\/tr\/#organization"},"potentialAction":[{"@type":"SearchAction","target":{"@type":"EntryPoint","urlTemplate":"https:\/\/loymax.io\/tr\/?s={search_term_string}"},"query-input":{"@type":"PropertyValueSpecification","valueRequired":true,"valueName":"search_term_string"}}],"inLanguage":"tr"},{"@type":"Organization","@id":"https:\/\/loymax.io\/tr\/#organization","name":"Loymax","url":"https:\/\/loymax.io\/tr\/","logo":{"@type":"ImageObject","inLanguage":"tr","@id":"https:\/\/loymax.io\/tr\/#\/schema\/logo\/image\/","url":"https:\/\/loymax.io\/wp-content\/uploads\/2024\/09\/cropped-cropped-loymax-mt-logo.jpg","contentUrl":"https:\/\/loymax.io\/wp-content\/uploads\/2024\/09\/cropped-cropped-loymax-mt-logo.jpg","width":1359,"height":417,"caption":"Loymax"},"image":{"@id":"https:\/\/loymax.io\/tr\/#\/schema\/logo\/image\/"}}]}},"_links":{"self":[{"href":"https:\/\/loymax.io\/tr\/wp-json\/wp\/v2\/pages\/11224","targetHints":{"allow":["GET"]}}],"collection":[{"href":"https:\/\/loymax.io\/tr\/wp-json\/wp\/v2\/pages"}],"about":[{"href":"https:\/\/loymax.io\/tr\/wp-json\/wp\/v2\/types\/page"}],"author":[{"embeddable":true,"href":"https:\/\/loymax.io\/tr\/wp-json\/wp\/v2\/users\/1"}],"replies":[{"embeddable":true,"href":"https:\/\/loymax.io\/tr\/wp-json\/wp\/v2\/comments?post=11224"}],"version-history":[{"count":27,"href":"https:\/\/loymax.io\/tr\/wp-json\/wp\/v2\/pages\/11224\/revisions"}],"predecessor-version":[{"id":24720,"href":"https:\/\/loymax.io\/tr\/wp-json\/wp\/v2\/pages\/11224\/revisions\/24720"}],"wp:attachment":[{"href":"https:\/\/loymax.io\/tr\/wp-json\/wp\/v2\/media?parent=11224"}],"curies":[{"name":"wp","href":"https:\/\/api.w.org\/{rel}","templated":true}]}}