{"id":11242,"date":"2022-02-06T22:31:09","date_gmt":"2022-02-06T20:31:09","guid":{"rendered":"https:\/\/loymax.io\/machine-learning\/"},"modified":"2024-09-06T11:46:17","modified_gmt":"2024-09-06T09:46:17","slug":"machine-learning","status":"publish","type":"page","link":"https:\/\/loymax.io\/tr\/machine-learning\/","title":{"rendered":"Machine Learning"},"content":{"rendered":"\r\n<section class=\"block-main block-solutions\">\r\n<div class=\"container\">\r\n<div class=\"row\">\r\n<div class=\"col-sm-5 paragraph1\">\r\n<h1 class=\"badge\">Machine Learning<\/h1>\r\n<div>Bu mod\u00fcl, m\u00fc\u015fterilerinizle uzun vadeli bir ili\u015fki kurman\u0131za ve insan fakt\u00f6r\u00fcn\u00fcn yanl\u0131\u015f karar verme riskini azaltman\u0131za yard\u0131mc\u0131 olur.<\/div>\r\n<div class=\"buttons\"><a class=\"btn-block3 js-scroll-trigger\" href=\"#site-footer\">Bize Ula\u015f\u0131n<\/a><\/div>\r\n<\/div>\r\n<div class=\"col-sm-7 ml\"><img decoding=\"async\" alt=\"Ml Header\" src=\"\/wp-content\/uploads\/2022\/02\/ml_header.svg\"\/><\/div>\r\n<\/div>\r\n<\/div>\r\n<\/section>\r\n<div class=\"container\">\r\n<section class=\"faq-block\">\r\n<div class=\"row\">\r\n<div class=\"col-sm-7\">\r\n<h3 class=\"solution-text-header-2\">Makine \u00f6\u011frenimine dayal\u0131 olarak m\u00fc\u015fterileriniz i\u00e7in ki\u015fisel promosyonlar<\/h3>\r\n<\/div>\r\n<\/div>\r\n<div class=\"row\">\r\n<div class=\"col-sm-5 offset-sm-1 center-faq\">\r\n<div class=\"faq faq-sm\">\r\n<h3><strong>Her<\/strong> m\u00fc\u015fteri i\u00e7in tekliflerin ki\u015fiselle\u015ftirilmesi<\/h3>\r\n<p>Sadakat program\u0131n\u0131n d\u00f6n\u00fc\u015f\u00fcm\u00fc ve ger\u00e7ekten ki\u015fisel hale getirilmesi.<\/p>\r\n<\/div>\r\n<div class=\"faq faq-sm\">\r\n<h3>Kombine stratejiler<\/h3>\r\n<p>T\u00fcm stratejileri ayn\u0131 anda etkileyin, m\u00fc\u015fteri \u00e7alkant\u0131s\u0131, elde tutulmas\u0131 ve kayb\u0131 ile ilgilenme. Her g\u00fcn milyonlarca m\u00fc\u015fteri i\u00e7in  <strong>milyonlarca ki\u015fiselle\u015ftirilmi\u015f promosyon<\/strong> olu\u015fturarak rekabette \u00f6ne \u00e7\u0131k\u0131n.<\/p>\r\n<\/div>\r\n<\/div>\r\n<div class=\"col-sm-5 offset-sm-1 center-faq\">\r\n<div class=\"faq faq-sm\">\r\n<h3>\u00c7alkant\u0131larla ilgilenme<\/h3>\r\n<p>\u00c7alkant\u0131 maliyetlerinin azalmas\u0131 (ileti\u015fim ve \u00f6d\u00fcller)<\/p>\r\n<\/div>\r\n<div class=\"faq faq-sm\">\r\n<h3>Ortalama kazan\u00e7<\/h3>\r\n<p>Mod\u00fcl, her m\u00fc\u015fterinin davran\u0131\u015f\u0131n\u0131 analiz eder ve al\u0131\u015fveri\u015f sepetine uygun \u00fcr\u00fcnler \u00f6nerir. Bu, ortalama kazanc\u0131n artmas\u0131na yard\u0131mc\u0131 olur.<\/p>\r\n<\/div>\r\n<div class=\"faq faq-sm\">\r\n<h3>Sat\u0131n alma s\u0131kl\u0131\u011f\u0131<\/h3>\r\n<p>M\u00fc\u015fteri ki\u015fisel promosyonlarla ilgileniyor ve daha s\u0131k al\u0131\u015fveri\u015f yapmaya haz\u0131rd\u0131r.<\/p>\r\n<\/div>\r\n<\/div>\r\n<\/div>\r\n<\/section>\r\n<\/div>\r\n<section class=\"faq-block faq-block2\">\r\n<div class=\"container\">\r\n<div class=\"row\">\r\n<div class=\"col-sm-7\">\r\n<h3 class=\"solution-text-header-2\">Makine \u00f6\u011frenimine dayal\u0131 bir tavsiye sisteminin avantajlar\u0131<\/h3>\r\n<\/div>\r\n<div class=\"col-sm-5\">\r\n<p class=\"solution-text-header-2\">Yaln\u0131zca otomatik bir sistem <strong>her<\/strong> m\u00fc\u015fteri i\u00e7in bir promosyon y\u00fcr\u00fctebilir<\/p>\r\n<\/div>\r\n<\/div>\r\n<div class=\"row\">\r\n<div class=\"col-sm-6\">\r\n<div class=\"modules2\">\r\n<h3>Pazarlama Ekibi Yetenekleri<\/h3>\r\n<ul>\r\n<li>Ayda <strong>500<\/strong>&#8216;e kadar tan\u0131t\u0131m yap\u0131n.<\/li>\r\n<li><strong>100<\/strong>&#8216;e kadar hedef kitle analizi edin.<\/li>\r\n<li><strong>200<\/strong>&#8216;e kadar farkl\u0131 \u00fcr\u00fcn teklifi (\u00fcr\u00fcn veya \u00fcr\u00fcn grubu) olu\u015fturun.<\/li>\r\n<\/ul>\r\n<\/div>\r\n<\/div>\r\n<div class=\"col-sm-6\">\r\n<div class=\"modules2\">\r\n<h3>Makine \u00d6\u011frenimi mod\u00fcl\u00fcn\u00fcn yetenekleri<\/h3>\r\n<ul>\r\n<li>G\u00fcnde <strong>10,000,000<\/strong>&#8216;e kadar tan\u0131t\u0131m yap\u0131n.<\/li>\r\n<li><strong>100,000,000<\/strong>&#8216;e kadar m\u00fc\u015fteri analiz edin.<\/li>\r\n<li><strong>1,000,000<\/strong>&#8216;e kadar farkl\u0131 \u00fcr\u00fcn teklifini olu\u015fturun.<\/li>\r\n<\/ul>\r\n<\/div>\r\n<\/div>\r\n<\/div>\r\n<div class=\"row\">\r\n<div class=\"col-sm-7\">\r\n<h3 class=\"solution-text-header-2\">Makine \u00d6\u011frenimi Mod\u00fcl\u00fc<\/h3>\r\n<\/div>\r\n<\/div>\r\n<div class=\"row\">\r\n<div class=\"col-sm-4\">\r\n<h3>Mod\u00fcl\u00fcn kullan\u0131m\u0131<\/h3>\r\n<ul>\r\n<li>M\u00fc\u015fteri taban\u0131 300.000 veya daha fazla olan i\u015flere uygundur (sadakat kartlar\u0131).<\/li>\r\n<li>Tamamen otonomdur ve herhangi bir BT altyap\u0131s\u0131na entegre edilebilir.<\/li>\r\n<\/ul>\r\n<\/div>\r\n<div class=\"col-sm-4\">\r\n<h3>\u0130\u015f De\u011feri<\/h3>\r\n<ul>\r\n<li>Teklifleri \u00e7e\u015fitlendirerek indirimlerden tasarruf edin.<\/li>\r\n<li>Ortalama \u00e7ekin, sat\u0131n alma s\u0131kl\u0131\u011f\u0131n\u0131n ve y\u00fcksek marjl\u0131 \u00fcr\u00fcnlerin gelirdeki pay\u0131n\u0131n art\u0131r\u0131lmas\u0131 sayesinde sadakat programlar\u0131 verimlili\u011finin art\u0131r\u0131lmas\u0131.<\/li>\r\n<li>B\u00fcy\u00fck promosyonlara odaklanabilen ve yeni m\u00fc\u015fteriler \u00e7ekebilen pazarlama ekibi \u00fczerindeki y\u00fck\u00fcn azalt\u0131lmas\u0131.<\/li>\r\n<\/ul>\r\n<\/div>\r\n<div class=\"col-sm-4\"><img decoding=\"async\" alt=\"Module2img\" class=\"faq-block2-img\" src=\"\/wp-content\/uploads\/2022\/02\/module2img.svg\"\/><\/div>\r\n<\/div>\r\n<\/div>\r\n<\/section>\r\n<section class=\"scheme\">\r\n<div class=\"container\">\r\n<div class=\"row\">\r\n<div class=\"col-sm-7\">\r\n<h3 class=\"solution-text-header-2\">M\u00fc\u015fteri Yolculu\u011fu<br\/>M\u00fc\u015fterinin bilgilendirilmesi<\/h3>\r\n<\/div>\r\n<\/div>\r\n<div class=\"row\">\r\n<div class=\"col-sm-12\">\r\n<div class=\"cover-image\"><img decoding=\"async\" alt=\"Ml Scheme\" src=\"\/wp-content\/uploads\/2022\/03\/ml-scheme.svg\"\/><\/div>\r\n<\/div>\r\n<\/div>\r\n<\/div>\r\n<\/section>\r\n<!--<section><img decoding=\"async\" alt=\"Ml Scheme\" src=\"\/wp-content\/uploads\/2022\/02\/ml-scheme.svg\"><\/section>-->\r\n<section class=\"system-module\">\r\n<div class=\"container\">\r\n<div class=\"row\">\r\n<div class=\"col-sm-12\">\r\n<h3 class=\"solution-text-header-2\">Bu Nas\u0131l \u00c7al\u0131\u015f\u0131r<\/h3>\r\n<\/div>\r\n<\/div>\r\n<div class=\"row\">\r\n<div class=\"col-sm-3\">\r\n<div class=\"modules\"><img decoding=\"async\" src=\"\/wp-content\/uploads\/2022\/05\/ml_sys1_1.png\"\/>\r\n<h3>Tarihsel Veri Analizi<\/h3>\r\n<p>1000&#8217;den fazla parametre i\u00e7in HER m\u00fc\u015fteri<\/p>\r\n<\/div>\r\n<\/div>\r\n<div class=\"col-sm-3\">\r\n<div class=\"modules\"><img decoding=\"async\" alt=\"Ml Sys2\" src=\"\/wp-content\/uploads\/2022\/02\/ml_sys2.svg\"\/>\r\n<h3>\u00dcr\u00fcn teklif se\u00e7imi<\/h3>\r\n<p>T\u00fcm \u00fcr\u00fcn yelpazesinden 10 ilgili \u00fcr\u00fcn<\/p>\r\n<\/div>\r\n<\/div>\r\n<div class=\"col-sm-3\">\r\n<div class=\"modules\"><img decoding=\"async\" alt=\"Ml Sys3\" src=\"\/wp-content\/uploads\/2022\/02\/ml_sys3.svg\"\/>\r\n<h3>\u0130ndirim boyutunun se\u00e7ilmesi<\/h3>\r\n<p>Sat\u0131n almaya yetecek kadar<\/p>\r\n<\/div>\r\n<\/div>\r\n<div class=\"col-sm-3\">\r\n<div class=\"modules\"><img decoding=\"async\" alt=\"Ml Sys4\" src=\"\/wp-content\/uploads\/2022\/02\/ml_sys4.svg\"\/>\r\n<h3>Verimlilik de\u011ferlendirmesi (sistem \u00f6\u011frenimi)<\/h3>\r\n<p>Yeni bir teklif se\u00e7mek i\u00e7in<\/p>\r\n<\/div>\r\n<\/div>\r\n<\/div>\r\n<\/div>\r\n<\/section>\r\n<section class=\"scheme2\">\r\n<div class=\"container\">\r\n<div class=\"row\">\r\n<div class=\"col-sm-7\">\r\n<h3 class=\"solution-text-header-2\">Kendi kendine yeterlilik<\/h3>\r\n<\/div>\r\n<\/div>\r\n<div class=\"row\">\r\n<div class=\"col-sm-12\"><img loading=\"lazy\" decoding=\"async\" class=\"alignnone size-full wp-image-583\" src=\"https:\/\/loymax.io\/wp-content\/uploads\/2022\/02\/scheme2.svg\" alt=\"\" width=\"1001\" height=\"389\"\/><\/div>\r\n<div>\u00a0<\/div>\r\n<\/div>\r\n<\/div>\r\n<\/section>\r\n<section class=\"system-result\">\r\n<div class=\"container\">\r\n<div class=\"row\">\r\n<div class=\"col-sm-7\">\r\n<h3 class=\"solution-text-header-2\">Sonu\u00e7, her m\u00fc\u015fteri i\u00e7in uygun bir ki\u015fisel tan\u0131t\u0131md\u0131r<\/h3>\r\n<\/div>\r\n<\/div>\r\n<div class=\"row\">\r\n<div class=\"col-sm-12\">\r\n<table class=\"table table-striped table-responsive\">\r\n<thead>\r\n<tr>\r\n<th scope=\"col\">M\u00fc\u015fteri<\/th>\r\n<th scope=\"col\">Teklif<\/th>\r\n<th scope=\"col\">Hedef<\/th>\r\n<\/tr>\r\n<\/thead>\r\n<tbody>\r\n<tr>\r\n<th scope=\"row\"><img decoding=\"async\" alt=\"Sys Res\" src=\"\/wp-content\/uploads\/2022\/02\/sys-res.svg\"\/><\/th>\r\n<td>\u00dcr\u00fcn \u0130ndirimi<\/td>\r\n<td>Y\u00fcksek marjl\u0131 \u00fcr\u00fcnlerin tan\u0131t\u0131m\u0131, kategorideki \u00e7alkant\u0131lar\u0131n azalt\u0131lmas\u0131<\/td>\r\n<\/tr>\r\n<tr>\r\n<th scope=\"row\"><img decoding=\"async\" alt=\"Sys Res\" src=\"\/wp-content\/uploads\/2022\/02\/sys-res.svg\"\/><\/th>\r\n<td>S\u0131n\u0131rl\u0131 say\u0131da \u00fcr\u00fcnde indirim<\/td>\r\n<td>Ortalama kazanc\u0131n b\u00fcy\u00fcmesi<\/td>\r\n<\/tr>\r\n<tr>\r\n<th scope=\"row\"><img decoding=\"async\" alt=\"Sys Res\" src=\"\/wp-content\/uploads\/2022\/02\/sys-res.svg\"\/><\/th>\r\n<td>Artan \u00fcr\u00fcn indirimi<\/td>\r\n<td>Ortalama kazanc\u0131n b\u00fcy\u00fcmesi<\/td>\r\n<\/tr>\r\n<tr>\r\n<th scope=\"row\"><img decoding=\"async\" alt=\"Sys Res\" src=\"\/wp-content\/uploads\/2022\/02\/sys-res.svg\"\/><\/th>\r\n<td>Bir \u00fcr\u00fcn veya kategoride indirim (her biri kendi g\u00fcn\u00fcnde)<\/td>\r\n<td>Sat\u0131n alma s\u0131kl\u0131\u011f\u0131n\u0131n artmas\u0131<\/td>\r\n<\/tr>\r\n<tr>\r\n<th scope=\"row\"><img decoding=\"async\" alt=\"Sys Res\" src=\"\/wp-content\/uploads\/2022\/02\/sys-res.svg\"\/><\/th>\r\n<td>Belirli bir tutardan itibaren t\u00fcm sat\u0131n alma i\u015flemlerinde artan indirim<\/td>\r\n<td>\u00c7alkant\u0131lar\u0131n azalt\u0131lmas\u0131<\/td>\r\n<\/tr>\r\n<\/tbody>\r\n<\/table>\r\n<\/div>\r\n<\/div>\r\n<\/div>\r\n<\/section>\r\n<section class=\"faq-block faq-block3\">\r\n<div class=\"container\">\r\n<div class=\"row\">\r\n<div class=\"col-sm-7\">\r\n<h3 class=\"solution-text-header-2\">BT Altyap\u0131 Entegrasyonu<\/h3>\r\n<\/div>\r\n<\/div>\r\n<div class=\"row\">\r\n<div class=\"col-sm-6\">\r\n<div class=\"modules2\">\r\n<h3>Tavsiye sistemi<\/h3>\r\n<img loading=\"lazy\" decoding=\"async\" class=\"alignnone wp-image-5532\" src=\"https:\/\/loymax.io\/wp-content\/uploads\/2022\/09\/001.png\" alt=\"\" width=\"610\" height=\"216\" srcset=\"https:\/\/loymax.io\/wp-content\/uploads\/2022\/09\/001.png 610w, https:\/\/loymax.io\/wp-content\/uploads\/2022\/09\/001-300x106.png 300w\" sizes=\"auto, (max-width: 610px) 100vw, 610px\" \/><\/div>\r\n<\/div>\r\n<div class=\"col-sm-6\">\r\n<div class=\"modules2\">\r\n<div class=\"row\">\r\n<div class=\"col-sm-6\">\r\n<h3>Uygulama \u015femas\u0131<\/h3>\r\n<\/div>\r\n<div class=\"col-sm-6\">\r\n<p>\u00c7ekirdek + Tavsiye sistemi<\/p>\r\n<\/div>\r\n<\/div>\r\n<img loading=\"lazy\" decoding=\"async\" class=\"alignnone wp-image-5531\" src=\"https:\/\/loymax.io\/wp-content\/uploads\/2022\/09\/002.png\" alt=\"\" width=\"595\" height=\"167\" srcset=\"https:\/\/loymax.io\/wp-content\/uploads\/2022\/09\/002.png 595w, https:\/\/loymax.io\/wp-content\/uploads\/2022\/09\/002-300x84.png 300w\" sizes=\"auto, (max-width: 595px) 100vw, 595px\" \/><\/div>\r\n<\/div>\r\n<\/div>\r\n<\/div>\r\n<\/section>\r\n<p>\u00a0<\/p>\r\n<p>\u00a0<\/p>\r\n<p>\u00a0<\/p>\r\n<p>\u00a0<\/p>\r\n<p>\u00a0<\/p>\r\n<div class=\"solutions-background-2\">\r\n<div class=\"container\"><!--\r\n<section class=\"full-width\">\r\n<div class=\"row\">\r\n<div class=\"col-sm-12\">\r\n<div class=\"arrow-class\">\u00a0<\/div>\r\n<div class=\"about-slider2\">\r\n<div><img decoding=\"async\" src=\"\/wp-content\/uploads\/2021\/12\/scr1.png\" \/><\/div>\r\n<div><img decoding=\"async\" src=\"\/wp-content\/uploads\/2021\/12\/scr2.png\" \/><\/div>\r\n<div><img decoding=\"async\" src=\"\/wp-content\/uploads\/2021\/12\/scr1.png\" \/><\/div>\r\n<div><img decoding=\"async\" src=\"\/wp-content\/uploads\/2021\/12\/scr2.png\" \/><\/div>\r\n<div><img decoding=\"async\" src=\"\/wp-content\/uploads\/2021\/12\/scr1.png\" \/><\/div>\r\n<\/div>\r\n<\/div>\r\n<\/div>\r\n<\/section>\r\n--><\/div>\r\n<\/div>\r\n","protected":false},"excerpt":{"rendered":"<p>Machine Learning Bu mod\u00fcl, m\u00fc\u015fterilerinizle uzun vadeli bir ili\u015fki kurman\u0131za ve insan fakt\u00f6r\u00fcn\u00fcn yanl\u0131\u015f karar verme riskini azaltman\u0131za yard\u0131mc\u0131 olur. Bize Ula\u015f\u0131n Makine \u00f6\u011frenimine dayal\u0131 olarak m\u00fc\u015fterileriniz i\u00e7in ki\u015fisel promosyonlar Her m\u00fc\u015fteri i\u00e7in tekliflerin ki\u015fiselle\u015ftirilmesi Sadakat program\u0131n\u0131n d\u00f6n\u00fc\u015f\u00fcm\u00fc ve ger\u00e7ekten ki\u015fisel hale getirilmesi. Kombine stratejiler T\u00fcm stratejileri ayn\u0131 anda etkileyin, m\u00fc\u015fteri \u00e7alkant\u0131s\u0131, elde tutulmas\u0131 ve&hellip;&nbsp;<a href=\"https:\/\/loymax.io\/tr\/machine-learning\/\" class=\"\" rel=\"bookmark\">Daha fazlas\u0131n\u0131 oku &raquo;<span class=\"screen-reader-text\">Machine Learning<\/span><\/a><\/p>\n","protected":false},"author":1,"featured_media":0,"parent":0,"menu_order":19,"comment_status":"closed","ping_status":"closed","template":"solutions.php","meta":{"_acf_changed":false,"content-type":"","footnotes":""},"class_list":["post-11242","page","type-page","status-publish","hentry"],"acf":[],"yoast_head":"<!-- This site is optimized with the Yoast SEO plugin v27.4 - https:\/\/yoast.com\/product\/yoast-seo-wordpress\/ -->\n<title>Machine Learning - Loymax<\/title>\n<meta name=\"description\" content=\"M\u00fc\u015fterilerinize ki\u015fiselle\u015ftirilmi\u015f promosyonlar sunmak i\u00e7in makine \u00f6\u011frenimine dayal\u0131 otomatik sistem\" \/>\n<meta name=\"robots\" content=\"index, follow, max-snippet:-1, max-image-preview:large, max-video-preview:-1\" \/>\n<link rel=\"canonical\" href=\"https:\/\/loymax.io\/tr\/machine-learning\/\" \/>\n<meta property=\"og:locale\" content=\"tr_TR\" \/>\n<meta property=\"og:type\" content=\"article\" \/>\n<meta property=\"og:title\" content=\"Machine Learning - Loymax\" \/>\n<meta property=\"og:description\" content=\"M\u00fc\u015fterilerinize ki\u015fiselle\u015ftirilmi\u015f promosyonlar sunmak i\u00e7in makine \u00f6\u011frenimine dayal\u0131 otomatik sistem\" \/>\n<meta property=\"og:url\" content=\"https:\/\/loymax.io\/tr\/machine-learning\/\" \/>\n<meta property=\"og:site_name\" content=\"Loymax\" \/>\n<meta property=\"article:modified_time\" content=\"2024-09-06T09:46:17+00:00\" \/>\n<meta property=\"og:image\" content=\"https:\/\/loymax.io\/wp-content\/uploads\/2022\/02\/scheme2.svg\" \/>\n<meta name=\"twitter:card\" content=\"summary_large_image\" \/>\n<meta name=\"twitter:label1\" content=\"Tahmini okuma s\u00fcresi\" \/>\n\t<meta name=\"twitter:data1\" content=\"7 dakika\" \/>\n<script type=\"application\/ld+json\" class=\"yoast-schema-graph\">{\"@context\":\"https:\\\/\\\/schema.org\",\"@graph\":[{\"@type\":\"WebPage\",\"@id\":\"https:\\\/\\\/loymax.io\\\/tr\\\/machine-learning\\\/\",\"url\":\"https:\\\/\\\/loymax.io\\\/tr\\\/machine-learning\\\/\",\"name\":\"Machine Learning - Loymax\",\"isPartOf\":{\"@id\":\"https:\\\/\\\/loymax.io\\\/tr\\\/#website\"},\"primaryImageOfPage\":{\"@id\":\"https:\\\/\\\/loymax.io\\\/tr\\\/machine-learning\\\/#primaryimage\"},\"image\":{\"@id\":\"https:\\\/\\\/loymax.io\\\/tr\\\/machine-learning\\\/#primaryimage\"},\"thumbnailUrl\":\"https:\\\/\\\/loymax.io\\\/wp-content\\\/uploads\\\/2022\\\/02\\\/scheme2.svg\",\"datePublished\":\"2022-02-06T20:31:09+00:00\",\"dateModified\":\"2024-09-06T09:46:17+00:00\",\"description\":\"M\u00fc\u015fterilerinize ki\u015fiselle\u015ftirilmi\u015f promosyonlar sunmak i\u00e7in makine \u00f6\u011frenimine dayal\u0131 otomatik sistem\",\"breadcrumb\":{\"@id\":\"https:\\\/\\\/loymax.io\\\/tr\\\/machine-learning\\\/#breadcrumb\"},\"inLanguage\":\"tr\",\"potentialAction\":[{\"@type\":\"ReadAction\",\"target\":[\"https:\\\/\\\/loymax.io\\\/tr\\\/machine-learning\\\/\"]}]},{\"@type\":\"ImageObject\",\"inLanguage\":\"tr\",\"@id\":\"https:\\\/\\\/loymax.io\\\/tr\\\/machine-learning\\\/#primaryimage\",\"url\":\"https:\\\/\\\/loymax.io\\\/wp-content\\\/uploads\\\/2022\\\/02\\\/scheme2.svg\",\"contentUrl\":\"https:\\\/\\\/loymax.io\\\/wp-content\\\/uploads\\\/2022\\\/02\\\/scheme2.svg\"},{\"@type\":\"BreadcrumbList\",\"@id\":\"https:\\\/\\\/loymax.io\\\/tr\\\/machine-learning\\\/#breadcrumb\",\"itemListElement\":[{\"@type\":\"ListItem\",\"position\":1,\"name\":\"\u0413\u043b\u0430\u0432\u043d\u0430\u044f \u0441\u0442\u0440\u0430\u043d\u0438\u0446\u0430\",\"item\":\"https:\\\/\\\/loymax.io\\\/tr\\\/\"},{\"@type\":\"ListItem\",\"position\":2,\"name\":\"Machine Learning\"}]},{\"@type\":\"WebSite\",\"@id\":\"https:\\\/\\\/loymax.io\\\/tr\\\/#website\",\"url\":\"https:\\\/\\\/loymax.io\\\/tr\\\/\",\"name\":\"Loymax\",\"description\":\"Loyalty Management and Marketing Automation Platform\",\"publisher\":{\"@id\":\"https:\\\/\\\/loymax.io\\\/tr\\\/#organization\"},\"potentialAction\":[{\"@type\":\"SearchAction\",\"target\":{\"@type\":\"EntryPoint\",\"urlTemplate\":\"https:\\\/\\\/loymax.io\\\/tr\\\/?s={search_term_string}\"},\"query-input\":{\"@type\":\"PropertyValueSpecification\",\"valueRequired\":true,\"valueName\":\"search_term_string\"}}],\"inLanguage\":\"tr\"},{\"@type\":\"Organization\",\"@id\":\"https:\\\/\\\/loymax.io\\\/tr\\\/#organization\",\"name\":\"Loymax\",\"url\":\"https:\\\/\\\/loymax.io\\\/tr\\\/\",\"logo\":{\"@type\":\"ImageObject\",\"inLanguage\":\"tr\",\"@id\":\"https:\\\/\\\/loymax.io\\\/tr\\\/#\\\/schema\\\/logo\\\/image\\\/\",\"url\":\"https:\\\/\\\/loymax.io\\\/wp-content\\\/uploads\\\/2024\\\/09\\\/cropped-cropped-loymax-mt-logo.jpg\",\"contentUrl\":\"https:\\\/\\\/loymax.io\\\/wp-content\\\/uploads\\\/2024\\\/09\\\/cropped-cropped-loymax-mt-logo.jpg\",\"width\":1359,\"height\":417,\"caption\":\"Loymax\"},\"image\":{\"@id\":\"https:\\\/\\\/loymax.io\\\/tr\\\/#\\\/schema\\\/logo\\\/image\\\/\"}}]}<\/script>\n<!-- \/ Yoast SEO plugin. -->","yoast_head_json":{"title":"Machine Learning - Loymax","description":"M\u00fc\u015fterilerinize ki\u015fiselle\u015ftirilmi\u015f promosyonlar sunmak i\u00e7in makine \u00f6\u011frenimine dayal\u0131 otomatik sistem","robots":{"index":"index","follow":"follow","max-snippet":"max-snippet:-1","max-image-preview":"max-image-preview:large","max-video-preview":"max-video-preview:-1"},"canonical":"https:\/\/loymax.io\/tr\/machine-learning\/","og_locale":"tr_TR","og_type":"article","og_title":"Machine Learning - Loymax","og_description":"M\u00fc\u015fterilerinize ki\u015fiselle\u015ftirilmi\u015f promosyonlar sunmak i\u00e7in makine \u00f6\u011frenimine dayal\u0131 otomatik sistem","og_url":"https:\/\/loymax.io\/tr\/machine-learning\/","og_site_name":"Loymax","article_modified_time":"2024-09-06T09:46:17+00:00","og_image":[{"url":"https:\/\/loymax.io\/wp-content\/uploads\/2022\/02\/scheme2.svg","type":"","width":"","height":""}],"twitter_card":"summary_large_image","twitter_misc":{"Tahmini okuma s\u00fcresi":"7 dakika"},"schema":{"@context":"https:\/\/schema.org","@graph":[{"@type":"WebPage","@id":"https:\/\/loymax.io\/tr\/machine-learning\/","url":"https:\/\/loymax.io\/tr\/machine-learning\/","name":"Machine Learning - Loymax","isPartOf":{"@id":"https:\/\/loymax.io\/tr\/#website"},"primaryImageOfPage":{"@id":"https:\/\/loymax.io\/tr\/machine-learning\/#primaryimage"},"image":{"@id":"https:\/\/loymax.io\/tr\/machine-learning\/#primaryimage"},"thumbnailUrl":"https:\/\/loymax.io\/wp-content\/uploads\/2022\/02\/scheme2.svg","datePublished":"2022-02-06T20:31:09+00:00","dateModified":"2024-09-06T09:46:17+00:00","description":"M\u00fc\u015fterilerinize ki\u015fiselle\u015ftirilmi\u015f promosyonlar sunmak i\u00e7in makine \u00f6\u011frenimine dayal\u0131 otomatik sistem","breadcrumb":{"@id":"https:\/\/loymax.io\/tr\/machine-learning\/#breadcrumb"},"inLanguage":"tr","potentialAction":[{"@type":"ReadAction","target":["https:\/\/loymax.io\/tr\/machine-learning\/"]}]},{"@type":"ImageObject","inLanguage":"tr","@id":"https:\/\/loymax.io\/tr\/machine-learning\/#primaryimage","url":"https:\/\/loymax.io\/wp-content\/uploads\/2022\/02\/scheme2.svg","contentUrl":"https:\/\/loymax.io\/wp-content\/uploads\/2022\/02\/scheme2.svg"},{"@type":"BreadcrumbList","@id":"https:\/\/loymax.io\/tr\/machine-learning\/#breadcrumb","itemListElement":[{"@type":"ListItem","position":1,"name":"\u0413\u043b\u0430\u0432\u043d\u0430\u044f \u0441\u0442\u0440\u0430\u043d\u0438\u0446\u0430","item":"https:\/\/loymax.io\/tr\/"},{"@type":"ListItem","position":2,"name":"Machine Learning"}]},{"@type":"WebSite","@id":"https:\/\/loymax.io\/tr\/#website","url":"https:\/\/loymax.io\/tr\/","name":"Loymax","description":"Loyalty Management and Marketing Automation Platform","publisher":{"@id":"https:\/\/loymax.io\/tr\/#organization"},"potentialAction":[{"@type":"SearchAction","target":{"@type":"EntryPoint","urlTemplate":"https:\/\/loymax.io\/tr\/?s={search_term_string}"},"query-input":{"@type":"PropertyValueSpecification","valueRequired":true,"valueName":"search_term_string"}}],"inLanguage":"tr"},{"@type":"Organization","@id":"https:\/\/loymax.io\/tr\/#organization","name":"Loymax","url":"https:\/\/loymax.io\/tr\/","logo":{"@type":"ImageObject","inLanguage":"tr","@id":"https:\/\/loymax.io\/tr\/#\/schema\/logo\/image\/","url":"https:\/\/loymax.io\/wp-content\/uploads\/2024\/09\/cropped-cropped-loymax-mt-logo.jpg","contentUrl":"https:\/\/loymax.io\/wp-content\/uploads\/2024\/09\/cropped-cropped-loymax-mt-logo.jpg","width":1359,"height":417,"caption":"Loymax"},"image":{"@id":"https:\/\/loymax.io\/tr\/#\/schema\/logo\/image\/"}}]}},"_links":{"self":[{"href":"https:\/\/loymax.io\/tr\/wp-json\/wp\/v2\/pages\/11242","targetHints":{"allow":["GET"]}}],"collection":[{"href":"https:\/\/loymax.io\/tr\/wp-json\/wp\/v2\/pages"}],"about":[{"href":"https:\/\/loymax.io\/tr\/wp-json\/wp\/v2\/types\/page"}],"author":[{"embeddable":true,"href":"https:\/\/loymax.io\/tr\/wp-json\/wp\/v2\/users\/1"}],"replies":[{"embeddable":true,"href":"https:\/\/loymax.io\/tr\/wp-json\/wp\/v2\/comments?post=11242"}],"version-history":[{"count":20,"href":"https:\/\/loymax.io\/tr\/wp-json\/wp\/v2\/pages\/11242\/revisions"}],"predecessor-version":[{"id":13430,"href":"https:\/\/loymax.io\/tr\/wp-json\/wp\/v2\/pages\/11242\/revisions\/13430"}],"wp:attachment":[{"href":"https:\/\/loymax.io\/tr\/wp-json\/wp\/v2\/media?parent=11242"}],"curies":[{"name":"wp","href":"https:\/\/api.w.org\/{rel}","templated":true}]}}