{"id":11245,"date":"2022-02-01T22:07:24","date_gmt":"2022-02-01T20:07:24","guid":{"rendered":"https:\/\/loymax.io\/smart-communications\/"},"modified":"2024-09-06T11:46:17","modified_gmt":"2024-09-06T09:46:17","slug":"smart-communications","status":"publish","type":"page","link":"https:\/\/loymax.io\/tr\/smart-communications\/","title":{"rendered":"Smart Communications"},"content":{"rendered":"\r\n<section class=\"block-main block-solutions\">\r\n<div class=\"container\">\r\n<div class=\"row\">\r\n<div class=\"col-sm-5 paragraph1\">\r\n<h1 class=\"badge\">Smart Communications<\/h1>\r\n<div>\u00c7ok kanall\u0131 perakendeciler, HORECA ve e-ticaret i\u00e7in pazarlama ileti\u015fimi otomasyon \u00e7\u00f6z\u00fcm\u00fc.<\/div>\r\n<div class=\"buttons\"><a class=\"btn-block3 js-scroll-trigger\" href=\"#site-footer\">Bize Ula\u015f\u0131n<\/a><\/div>\r\n<\/div>\r\n<div class=\"col-sm-7\"><img decoding=\"async\" alt=\"Smart Communication Header\" style=\"margin-top: -50px;\" src=\"\/wp-content\/uploads\/2022\/02\/smart-communication-header.svg\"\/><\/div>\r\n<\/div>\r\n<\/div>\r\n<\/section>\r\n<div class=\"container\">\r\n<section class=\"faq-block\">\r\n<div class=\"row\">\r\n<div class=\"col-sm-5 left-faq\"><img decoding=\"async\" class=\"solution-header-img\" src=\"\/wp-content\/uploads\/2022\/02\/smart-communication-header-2.png\"\/>\r\n<h3 class=\"solution-text-header-2\">Tekrarlanan sat\u0131\u015flar\u0131 art\u0131rmak ve \u00e7alkant\u0131 oranlar\u0131n\u0131 y\u00f6netmek i\u00e7in B\u00fcy\u00fck Veri&#8217;yi kullan\u0131n.<\/h3>\r\n<div class=\"faq faq-sm\">\r\n<h3>M\u00fc\u015fteri Profili<\/h3>\r\n<p>Her m\u00fc\u015fteriye ki\u015fisel promosyonlar sa\u011flamak i\u00e7in t\u00fcm kanallarda her t\u00fcrl\u00fc m\u00fc\u015fteri verisini toplay\u0131n ve analiz edin.<\/p>\r\n<\/div>\r\n<div class=\"faq faq-sm\">\r\n<h3>Analiz ve Segmentasyon<\/h3>\r\n<p>M\u00fc\u015fteri taban\u0131n\u0131n kalitesini g\u00f6steren metriklerin otomatik olarak hesaplanmas\u0131 ve birlikte \u00e7al\u0131\u015f\u0131lacak m\u00fc\u015fteri segmentlerinin olu\u015fturulmas\u0131.<\/p>\r\n<\/div>\r\n<div class=\"faq faq-sm\">\r\n<h3>Kullan\u0131c\u0131 Dostu \u0130nce Ayar<\/h3>\r\n<p>Net bir g\u00f6rsel edit\u00f6r, s\u0131n\u0131rs\u0131z uzunluk ve ko\u015fullara sahip ileti\u015fim zincirleri olu\u015fturmaya olanak tan\u0131r.<\/p>\r\n<\/div>\r\n<\/div>\r\n<div class=\"col-sm-7 right-faq\">\r\n<div class=\"faq faq-sm\">\r\n<h3>Veri Entegrasyonu<\/h3>\r\n<p>Veri sistemlerinizdeki verileri bir araya getiriyor ve birle\u015ftiriyoruz. Sitenize bir JavaScript izleyici y\u00fcklenir, ziyaret ge\u00e7mi\u015fini ve kullan\u0131c\u0131 davran\u0131\u015f\u0131n\u0131 bir m\u00fc\u015fteri profilinde toplar<\/p>\r\n<hr\/><\/div>\r\n<div class=\"faq faq-sm\">\r\n<h3>Davran\u0131\u015fsal Analiz<\/h3>\r\n<p>M\u00fc\u015fteriler ve segmentler i\u00e7in metrikleri analiz ediyor, dinamikleri ve e\u011filimleri g\u00f6steriyoruz. CLTV, AOV, i\u015flemler aras\u0131 s\u00fcre, RFM puanlamas\u0131 ve 7 t\u00fcr daha metrik belirliyoruz.<\/p>\r\n<hr\/><\/div>\r\n<div class=\"faq faq-sm\">\r\n<h3>Ak\u0131ll\u0131 Pazarlama<\/h3>\r\n<p>M\u00fc\u015fteriyle her etkile\u015fimin etkinli\u011fini de\u011ferlendirin: geri d\u00f6n\u00fc\u015f i\u00e7in motive etti mi, etkile\u015fim ne kadar para getirdi, hangi d\u00fczeyde yat\u0131r\u0131m getirisi elde edildi.<\/p>\r\n<hr\/><\/div>\r\n<div class=\"faq faq-sm\">\r\n<h3>360\u00b0 Profil<\/h3>\r\n<p>Tek bir profil, m\u00fc\u015fteri hakk\u0131nda t\u00fcm kurumsal sistemlerden gelen bilgileri birle\u015ftirir: sat\u0131\u015f, pazarlama, \u00e7a\u011fr\u0131 merkezi, saha ziyaretleri, \u00f6neriler. M\u00fc\u015fteri etkile\u015fimlerinin t\u00fcm ge\u00e7mi\u015fi tek bir ak\u0131\u015fta.<\/p>\r\n<hr\/><\/div>\r\n<div class=\"faq faq-sm\">\r\n<h3>Ki\u015fiselle\u015ftirme<\/h3>\r\n<p>Maksimum ki\u015fiselle\u015ftirmeye izin veriyoruz. M\u00fc\u015fterilere y\u00f6nelik mesajlar\u0131 olu\u015ftururken, onlar hakk\u0131nda bildi\u011fimiz her \u015feyi dikkate al\u0131yoruz: sosyo-demografik fakt\u00f6rler, davran\u0131\u015f, ya\u015fam d\u00f6ng\u00fcs\u00fc a\u015famas\u0131, bulunduklar\u0131 yerde g\u00fcn\u00fcn saati.<\/p>\r\n<hr\/><\/div>\r\n<div class=\"faq faq-sm\">\r\n<h3>\u0130leti\u015fim<\/h3>\r\n<p>Mod\u00fcl, en uygun teklifi olu\u015fturmak ve uygun kanal arac\u0131l\u0131\u011f\u0131yla sunmak i\u00e7in m\u00fc\u015fteri profilini kullan\u0131r: e-posta, SMS\/Viber, anl\u0131k bildirimler, mobil uygulamalar.<\/p>\r\n<hr\/><\/div>\r\n<div class=\"faq faq-sm\">\r\n<h3>Veri Kalitesinin \u0130yile\u015ftirilmesi<\/h3>\r\n<p>En do\u011fru segmentasyonu nas\u0131l elde ediyoruz:<\/p>\r\n<ul>\r\n<li><span style=\"font-size: 12pt;\">Mevcut olmayan, terk edilmi\u015f, kara listeye al\u0131nm\u0131\u015f e-postalar\u0131 ve telefonlar\u0131 otomatik olarak filtreliyoruz.<\/span><\/li>\r\n<li><span style=\"font-size: 12pt;\">Telefon numaralar\u0131n\u0131 ve adresleri tek bir formata getiriyor, m\u00fc\u015fterinin saat dilimini ve \u015fehrini belirliyoruz.<\/span><\/li>\r\n<li><span style=\"font-size: 12pt;\">Teslimat hatalar\u0131n\u0131, sunucu yan\u0131tlar\u0131n\u0131 ve spam filtrelerini analiz ediyoruz. Postalar\u0131n spam&#8217;e d\u00fc\u015fmemesi i\u00e7in hatal\u0131 e-posta ve telefon numaralar\u0131n\u0131 i\u015faretliyoruz.<\/span><\/li>\r\n<\/ul>\r\n<hr\/><\/div>\r\n<\/div>\r\n<\/div>\r\n<\/section>\r\n<section class=\"letter-block\">\r\n<div class=\"row\">\r\n<div class=\"col-sm-5\">\r\n<div class=\"request\">\r\n<div class=\"letter\"><img decoding=\"async\" alt=\"Letter\" src=\"\/wp-content\/uploads\/2021\/12\/letter.svg\"\/><\/div>\r\n<p>Pazarlama otomasyonu hakk\u0131ndaki sorular\u0131n\u0131z\u0131 yan\u0131tlamaktan ve Loymax platformunun i\u015f performans\u0131n\u0131z\u0131 nas\u0131l art\u0131rabilece\u011fini anlaman\u0131za yard\u0131mc\u0131 olmaktan mutluluk duyar\u0131z. Ki\u015fiselle\u015ftirilmi\u015f \u00f6neriler ve Loymax yaz\u0131l\u0131m\u0131 ile \u00e7al\u0131\u015fma hakk\u0131nda bir sunum i\u00e7in sat\u0131\u015f temsilcileriyle ileti\u015fime ge\u00e7in.<\/p>\r\n<p>L\u00fctfen formu doldurun ve bir i\u015f g\u00fcn\u00fc i\u00e7inde sizinle ileti\u015fime ge\u00e7ece\u011fiz<\/p>\r\n<div class=\"buttons\"><a class=\"btn-block3 js-scroll-trigger\" href=\"#\">Bize Ula\u015f\u0131n<\/a><\/div>\r\n<\/div>\r\n<\/div>\r\n<div class=\"col-sm-7 right-faq\">\r\n<div class=\"faq faq-sm\">\r\n<h3>Segmentasyon<\/h3>\r\n<p>M\u00fc\u015fterileri niteliklere (cinsiyet, ya\u015f, \u015fehir), davran\u0131\u015flara (Y kategorisinden X \u00fcr\u00fcn sat\u0131n ald\u0131), metriklere ve puanlamaya (CLTV, ortalama makbuz, RFM puan\u0131), ileti\u015fime (postay\u0131 a\u00e7t\u0131) g\u00f6re otomatik olarak segmentlere ay\u0131r\u0131n.<\/p>\r\n<hr\/><\/div>\r\n<div class=\"faq faq-sm\">\r\n<h3>Etkile\u015fimlerin Otomasyonu<\/h3>\r\n<p>M\u00fc\u015fteri davran\u0131\u015f\u0131 (bir sipari\u015f, farkl\u0131 bir segmente transfer vb.) bir eylemi tetikler. Bir analist veya pazarlamac\u0131 bu t\u00fcr senaryolar\u0131 kendi ba\u015f\u0131na kurabilir.<\/p>\r\n<\/div>\r\n<\/div>\r\n<\/div>\r\n<\/section>\r\n<\/div>\r\n<div class=\"solutions-background\">\r\n<div class=\"container\">\r\n<section class=\"full-width\">\r\n<div class=\"row\">\r\n<div class=\"col-sm-12\">\r\n<div class=\"arrow-class\">\u00a0<\/div>\r\n<div class=\"about-slider2\">\r\n<div><img loading=\"lazy\" decoding=\"async\" class=\"alignnone size-full wp-image-5545\" src=\"https:\/\/loymax.io\/wp-content\/uploads\/2022\/09\/002-1.png\" alt=\"\" width=\"620\" height=\"372\" srcset=\"https:\/\/loymax.io\/wp-content\/uploads\/2022\/09\/002-1.png 620w, https:\/\/loymax.io\/wp-content\/uploads\/2022\/09\/002-1-300x180.png 300w\" sizes=\"auto, (max-width: 620px) 100vw, 620px\" \/><\/div>\r\n<div><img loading=\"lazy\" decoding=\"async\" class=\"alignnone size-full wp-image-5546\" src=\"https:\/\/loymax.io\/wp-content\/uploads\/2022\/09\/003.png\" alt=\"\" width=\"620\" height=\"372\" srcset=\"https:\/\/loymax.io\/wp-content\/uploads\/2022\/09\/003.png 620w, https:\/\/loymax.io\/wp-content\/uploads\/2022\/09\/003-300x180.png 300w\" sizes=\"auto, (max-width: 620px) 100vw, 620px\" \/><\/div>\r\n<div><img loading=\"lazy\" decoding=\"async\" class=\"alignnone size-full wp-image-5547\" src=\"https:\/\/loymax.io\/wp-content\/uploads\/2022\/09\/004.png\" alt=\"\" width=\"620\" height=\"372\" srcset=\"https:\/\/loymax.io\/wp-content\/uploads\/2022\/09\/004.png 620w, https:\/\/loymax.io\/wp-content\/uploads\/2022\/09\/004-300x180.png 300w\" sizes=\"auto, (max-width: 620px) 100vw, 620px\" \/><\/div>\r\n<div><img loading=\"lazy\" decoding=\"async\" class=\"alignnone size-full wp-image-5544\" src=\"https:\/\/loymax.io\/wp-content\/uploads\/2022\/09\/001-1.png\" alt=\"\" width=\"620\" height=\"372\" srcset=\"https:\/\/loymax.io\/wp-content\/uploads\/2022\/09\/001-1.png 620w, https:\/\/loymax.io\/wp-content\/uploads\/2022\/09\/001-1-300x180.png 300w\" sizes=\"auto, (max-width: 620px) 100vw, 620px\" \/><\/div>\r\n<div><img loading=\"lazy\" decoding=\"async\" class=\"alignnone size-full wp-image-5548\" src=\"https:\/\/loymax.io\/wp-content\/uploads\/2022\/09\/005.png\" alt=\"\" width=\"620\" height=\"372\" srcset=\"https:\/\/loymax.io\/wp-content\/uploads\/2022\/09\/005.png 620w, https:\/\/loymax.io\/wp-content\/uploads\/2022\/09\/005-300x180.png 300w\" sizes=\"auto, (max-width: 620px) 100vw, 620px\" \/><\/div>\r\n<div>\u00a0<\/div>\r\n<div class=\"hidden-xs\">\u00a0<\/div>\r\n<\/div>\r\n<\/div>\r\n<\/div>\r\n<\/section>\r\n<!--<section class=\"bottom-solutions\">\r\n<div class=\"row\">\r\n<div class=\"col-sm-5\"><img decoding=\"async\" alt=\"Smart Communication Bottom\" src=\"\/wp-content\/uploads\/2022\/02\/smart-communication-bottom.svg\" \/><\/div>\r\n<div class=\"col-sm-7\">\r\n<h2>Can you write some advantages for this page of smart communications<\/h2>\r\n<ul>\r\n<li>The customer did not respond to the coupon \u2192 we offer a gift for the purchase of a certain product<\/li>\r\n<li>The customer did not react to the gift \u2192 we offer an increased % of bonus points for the purchase of a certain product<\/li>\r\n<li>The customer did not respond to the discount in the form of % of the purchase amount \u2192 we offer a discount coupon with a fixed amount<\/li>\r\n<\/ul>\r\n<\/div>\r\n<\/div>\r\n<div class=\"row\">\r\n    <div class=\"col-sm-12\">\r\n        <h2>Extension modules<\/h2>\r\n    <\/div>\r\n    <\/div>\r\n    <div class=\"row\">\r\n      <div class=\"col-sm-3\">\r\n        <div class=\"modules\">\r\n          <h3>Omnichannel Engagement<\/h3>\r\n          <p>Mobile App, Digital Wallet, Personal Account for Loyalty Program Members, Chat Bot \u2014 we help to integrate...<\/p>\r\n          <img decoding=\"async\" alt=\"Slide1\" src=\"\/wp-content\/uploads\/2021\/12\/slide1.svg\">\r\n        <\/div>\r\n      <\/div>\r\n      <div class=\"col-sm-3\">\r\n        <div class=\"modules\">\r\n          <h3>Smart Communications<\/h3>\r\n          <p>Expand communications with your customers using Big Data and 360 profile<\/p>\r\n          <img decoding=\"async\" alt=\"Slide1\" src=\"\/wp-content\/uploads\/2021\/12\/slide1.svg\">\r\n        <\/div>\r\n      <\/div>\r\n      <div class=\"col-sm-3\">\r\n        <div class=\"modules\">\r\n          <h3>Business Intelligence<\/h3>\r\n          <p>Get the most of your Loyalty Program with our reporting and advanced analytics module<\/p>\r\n          <img decoding=\"async\" alt=\"Slide1\" src=\"\/wp-content\/uploads\/2021\/12\/slide1.svg\">\r\n        <\/div>\r\n      <\/div>\r\n      <div class=\"col-sm-3\">\r\n        <div class=\"modules\">\r\n          <h3>Machine <br>Learning<\/h3>\r\n          <p>The most advanced product that increase Retail Sales by 4% Without Increasing Marketing Team Labor<\/p>\r\n          <img decoding=\"async\" alt=\"Slide1\" src=\"\/wp-content\/uploads\/2021\/12\/slide1.svg\">\r\n        <\/div>\r\n      <\/div>\r\n    <\/div>--><\/div>\r\n<\/div>\r\n","protected":false},"excerpt":{"rendered":"<p>Smart Communications \u00c7ok kanall\u0131 perakendeciler, HORECA ve e-ticaret i\u00e7in pazarlama ileti\u015fimi otomasyon \u00e7\u00f6z\u00fcm\u00fc. Bize Ula\u015f\u0131n Tekrarlanan sat\u0131\u015flar\u0131 art\u0131rmak ve \u00e7alkant\u0131 oranlar\u0131n\u0131 y\u00f6netmek i\u00e7in B\u00fcy\u00fck Veri&#8217;yi kullan\u0131n. M\u00fc\u015fteri Profili Her m\u00fc\u015fteriye ki\u015fisel promosyonlar sa\u011flamak i\u00e7in t\u00fcm kanallarda her t\u00fcrl\u00fc m\u00fc\u015fteri verisini toplay\u0131n ve analiz edin. Analiz ve Segmentasyon M\u00fc\u015fteri taban\u0131n\u0131n kalitesini g\u00f6steren metriklerin otomatik olarak hesaplanmas\u0131&hellip;&nbsp;<a href=\"https:\/\/loymax.io\/tr\/smart-communications\/\" class=\"\" rel=\"bookmark\">Daha fazlas\u0131n\u0131 oku &raquo;<span class=\"screen-reader-text\">Smart Communications<\/span><\/a><\/p>\n","protected":false},"author":1,"featured_media":0,"parent":0,"menu_order":23,"comment_status":"closed","ping_status":"closed","template":"solutions.php","meta":{"_acf_changed":false,"content-type":"","footnotes":""},"class_list":["post-11245","page","type-page","status-publish","hentry"],"acf":[],"yoast_head":"<!-- This site is optimized with the Yoast SEO plugin v27.4 - https:\/\/yoast.com\/product\/yoast-seo-wordpress\/ -->\n<title>Smart Communications - Loymax<\/title>\n<meta name=\"description\" content=\"\u00c7ok kanall\u0131 perakendeciler, HORECA, \u00e7evrimi\u00e7i ma\u011fazalar i\u00e7in profesyonel pazarlama ileti\u015fimi otomasyon platformu.\" \/>\n<meta name=\"robots\" content=\"index, follow, max-snippet:-1, max-image-preview:large, max-video-preview:-1\" \/>\n<link rel=\"canonical\" href=\"https:\/\/loymax.io\/tr\/smart-communications\/\" \/>\n<meta property=\"og:locale\" content=\"tr_TR\" \/>\n<meta property=\"og:type\" content=\"article\" \/>\n<meta property=\"og:title\" content=\"Smart Communications - Loymax\" \/>\n<meta property=\"og:description\" content=\"\u00c7ok kanall\u0131 perakendeciler, HORECA, \u00e7evrimi\u00e7i ma\u011fazalar i\u00e7in profesyonel pazarlama ileti\u015fimi otomasyon platformu.\" \/>\n<meta property=\"og:url\" content=\"https:\/\/loymax.io\/tr\/smart-communications\/\" \/>\n<meta property=\"og:site_name\" content=\"Loymax\" \/>\n<meta property=\"article:modified_time\" content=\"2024-09-06T09:46:17+00:00\" \/>\n<meta property=\"og:image\" content=\"https:\/\/loymax.io\/wp-content\/uploads\/2022\/09\/002-1.png\" \/>\n<meta name=\"twitter:card\" content=\"summary_large_image\" \/>\n<meta name=\"twitter:label1\" content=\"Tahmini okuma s\u00fcresi\" \/>\n\t<meta name=\"twitter:data1\" content=\"6 dakika\" \/>\n<script type=\"application\/ld+json\" class=\"yoast-schema-graph\">{\"@context\":\"https:\\\/\\\/schema.org\",\"@graph\":[{\"@type\":\"WebPage\",\"@id\":\"https:\\\/\\\/loymax.io\\\/tr\\\/smart-communications\\\/\",\"url\":\"https:\\\/\\\/loymax.io\\\/tr\\\/smart-communications\\\/\",\"name\":\"Smart Communications - Loymax\",\"isPartOf\":{\"@id\":\"https:\\\/\\\/loymax.io\\\/tr\\\/#website\"},\"primaryImageOfPage\":{\"@id\":\"https:\\\/\\\/loymax.io\\\/tr\\\/smart-communications\\\/#primaryimage\"},\"image\":{\"@id\":\"https:\\\/\\\/loymax.io\\\/tr\\\/smart-communications\\\/#primaryimage\"},\"thumbnailUrl\":\"https:\\\/\\\/loymax.io\\\/wp-content\\\/uploads\\\/2022\\\/09\\\/002-1.png\",\"datePublished\":\"2022-02-01T20:07:24+00:00\",\"dateModified\":\"2024-09-06T09:46:17+00:00\",\"description\":\"\u00c7ok kanall\u0131 perakendeciler, HORECA, \u00e7evrimi\u00e7i ma\u011fazalar i\u00e7in profesyonel pazarlama ileti\u015fimi otomasyon platformu.\",\"breadcrumb\":{\"@id\":\"https:\\\/\\\/loymax.io\\\/tr\\\/smart-communications\\\/#breadcrumb\"},\"inLanguage\":\"tr\",\"potentialAction\":[{\"@type\":\"ReadAction\",\"target\":[\"https:\\\/\\\/loymax.io\\\/tr\\\/smart-communications\\\/\"]}]},{\"@type\":\"ImageObject\",\"inLanguage\":\"tr\",\"@id\":\"https:\\\/\\\/loymax.io\\\/tr\\\/smart-communications\\\/#primaryimage\",\"url\":\"https:\\\/\\\/loymax.io\\\/wp-content\\\/uploads\\\/2022\\\/09\\\/002-1.png\",\"contentUrl\":\"https:\\\/\\\/loymax.io\\\/wp-content\\\/uploads\\\/2022\\\/09\\\/002-1.png\"},{\"@type\":\"BreadcrumbList\",\"@id\":\"https:\\\/\\\/loymax.io\\\/tr\\\/smart-communications\\\/#breadcrumb\",\"itemListElement\":[{\"@type\":\"ListItem\",\"position\":1,\"name\":\"\u0413\u043b\u0430\u0432\u043d\u0430\u044f \u0441\u0442\u0440\u0430\u043d\u0438\u0446\u0430\",\"item\":\"https:\\\/\\\/loymax.io\\\/tr\\\/\"},{\"@type\":\"ListItem\",\"position\":2,\"name\":\"Smart Communications\"}]},{\"@type\":\"WebSite\",\"@id\":\"https:\\\/\\\/loymax.io\\\/tr\\\/#website\",\"url\":\"https:\\\/\\\/loymax.io\\\/tr\\\/\",\"name\":\"Loymax\",\"description\":\"Loyalty Management and Marketing Automation Platform\",\"publisher\":{\"@id\":\"https:\\\/\\\/loymax.io\\\/tr\\\/#organization\"},\"potentialAction\":[{\"@type\":\"SearchAction\",\"target\":{\"@type\":\"EntryPoint\",\"urlTemplate\":\"https:\\\/\\\/loymax.io\\\/tr\\\/?s={search_term_string}\"},\"query-input\":{\"@type\":\"PropertyValueSpecification\",\"valueRequired\":true,\"valueName\":\"search_term_string\"}}],\"inLanguage\":\"tr\"},{\"@type\":\"Organization\",\"@id\":\"https:\\\/\\\/loymax.io\\\/tr\\\/#organization\",\"name\":\"Loymax\",\"url\":\"https:\\\/\\\/loymax.io\\\/tr\\\/\",\"logo\":{\"@type\":\"ImageObject\",\"inLanguage\":\"tr\",\"@id\":\"https:\\\/\\\/loymax.io\\\/tr\\\/#\\\/schema\\\/logo\\\/image\\\/\",\"url\":\"https:\\\/\\\/loymax.io\\\/wp-content\\\/uploads\\\/2024\\\/09\\\/cropped-cropped-loymax-mt-logo.jpg\",\"contentUrl\":\"https:\\\/\\\/loymax.io\\\/wp-content\\\/uploads\\\/2024\\\/09\\\/cropped-cropped-loymax-mt-logo.jpg\",\"width\":1359,\"height\":417,\"caption\":\"Loymax\"},\"image\":{\"@id\":\"https:\\\/\\\/loymax.io\\\/tr\\\/#\\\/schema\\\/logo\\\/image\\\/\"}}]}<\/script>\n<!-- \/ Yoast SEO plugin. -->","yoast_head_json":{"title":"Smart Communications - Loymax","description":"\u00c7ok kanall\u0131 perakendeciler, HORECA, \u00e7evrimi\u00e7i ma\u011fazalar i\u00e7in profesyonel pazarlama ileti\u015fimi otomasyon platformu.","robots":{"index":"index","follow":"follow","max-snippet":"max-snippet:-1","max-image-preview":"max-image-preview:large","max-video-preview":"max-video-preview:-1"},"canonical":"https:\/\/loymax.io\/tr\/smart-communications\/","og_locale":"tr_TR","og_type":"article","og_title":"Smart Communications - Loymax","og_description":"\u00c7ok kanall\u0131 perakendeciler, HORECA, \u00e7evrimi\u00e7i ma\u011fazalar i\u00e7in profesyonel pazarlama ileti\u015fimi otomasyon platformu.","og_url":"https:\/\/loymax.io\/tr\/smart-communications\/","og_site_name":"Loymax","article_modified_time":"2024-09-06T09:46:17+00:00","og_image":[{"url":"https:\/\/loymax.io\/wp-content\/uploads\/2022\/09\/002-1.png","type":"","width":"","height":""}],"twitter_card":"summary_large_image","twitter_misc":{"Tahmini okuma s\u00fcresi":"6 dakika"},"schema":{"@context":"https:\/\/schema.org","@graph":[{"@type":"WebPage","@id":"https:\/\/loymax.io\/tr\/smart-communications\/","url":"https:\/\/loymax.io\/tr\/smart-communications\/","name":"Smart Communications - Loymax","isPartOf":{"@id":"https:\/\/loymax.io\/tr\/#website"},"primaryImageOfPage":{"@id":"https:\/\/loymax.io\/tr\/smart-communications\/#primaryimage"},"image":{"@id":"https:\/\/loymax.io\/tr\/smart-communications\/#primaryimage"},"thumbnailUrl":"https:\/\/loymax.io\/wp-content\/uploads\/2022\/09\/002-1.png","datePublished":"2022-02-01T20:07:24+00:00","dateModified":"2024-09-06T09:46:17+00:00","description":"\u00c7ok kanall\u0131 perakendeciler, HORECA, \u00e7evrimi\u00e7i ma\u011fazalar i\u00e7in profesyonel pazarlama ileti\u015fimi otomasyon platformu.","breadcrumb":{"@id":"https:\/\/loymax.io\/tr\/smart-communications\/#breadcrumb"},"inLanguage":"tr","potentialAction":[{"@type":"ReadAction","target":["https:\/\/loymax.io\/tr\/smart-communications\/"]}]},{"@type":"ImageObject","inLanguage":"tr","@id":"https:\/\/loymax.io\/tr\/smart-communications\/#primaryimage","url":"https:\/\/loymax.io\/wp-content\/uploads\/2022\/09\/002-1.png","contentUrl":"https:\/\/loymax.io\/wp-content\/uploads\/2022\/09\/002-1.png"},{"@type":"BreadcrumbList","@id":"https:\/\/loymax.io\/tr\/smart-communications\/#breadcrumb","itemListElement":[{"@type":"ListItem","position":1,"name":"\u0413\u043b\u0430\u0432\u043d\u0430\u044f \u0441\u0442\u0440\u0430\u043d\u0438\u0446\u0430","item":"https:\/\/loymax.io\/tr\/"},{"@type":"ListItem","position":2,"name":"Smart Communications"}]},{"@type":"WebSite","@id":"https:\/\/loymax.io\/tr\/#website","url":"https:\/\/loymax.io\/tr\/","name":"Loymax","description":"Loyalty Management and Marketing Automation Platform","publisher":{"@id":"https:\/\/loymax.io\/tr\/#organization"},"potentialAction":[{"@type":"SearchAction","target":{"@type":"EntryPoint","urlTemplate":"https:\/\/loymax.io\/tr\/?s={search_term_string}"},"query-input":{"@type":"PropertyValueSpecification","valueRequired":true,"valueName":"search_term_string"}}],"inLanguage":"tr"},{"@type":"Organization","@id":"https:\/\/loymax.io\/tr\/#organization","name":"Loymax","url":"https:\/\/loymax.io\/tr\/","logo":{"@type":"ImageObject","inLanguage":"tr","@id":"https:\/\/loymax.io\/tr\/#\/schema\/logo\/image\/","url":"https:\/\/loymax.io\/wp-content\/uploads\/2024\/09\/cropped-cropped-loymax-mt-logo.jpg","contentUrl":"https:\/\/loymax.io\/wp-content\/uploads\/2024\/09\/cropped-cropped-loymax-mt-logo.jpg","width":1359,"height":417,"caption":"Loymax"},"image":{"@id":"https:\/\/loymax.io\/tr\/#\/schema\/logo\/image\/"}}]}},"_links":{"self":[{"href":"https:\/\/loymax.io\/tr\/wp-json\/wp\/v2\/pages\/11245","targetHints":{"allow":["GET"]}}],"collection":[{"href":"https:\/\/loymax.io\/tr\/wp-json\/wp\/v2\/pages"}],"about":[{"href":"https:\/\/loymax.io\/tr\/wp-json\/wp\/v2\/types\/page"}],"author":[{"embeddable":true,"href":"https:\/\/loymax.io\/tr\/wp-json\/wp\/v2\/users\/1"}],"replies":[{"embeddable":true,"href":"https:\/\/loymax.io\/tr\/wp-json\/wp\/v2\/comments?post=11245"}],"version-history":[{"count":25,"href":"https:\/\/loymax.io\/tr\/wp-json\/wp\/v2\/pages\/11245\/revisions"}],"predecessor-version":[{"id":13477,"href":"https:\/\/loymax.io\/tr\/wp-json\/wp\/v2\/pages\/11245\/revisions\/13477"}],"wp:attachment":[{"href":"https:\/\/loymax.io\/tr\/wp-json\/wp\/v2\/media?parent=11245"}],"curies":[{"name":"wp","href":"https:\/\/api.w.org\/{rel}","templated":true}]}}