{"id":11252,"date":"2020-06-17T10:41:45","date_gmt":"2020-06-17T08:41:45","guid":{"rendered":"https:\/\/loymax.io\/?page_id=11252"},"modified":"2025-10-27T16:11:51","modified_gmt":"2025-10-27T14:11:51","slug":"sample-page","status":"publish","type":"page","link":"https:\/\/loymax.io\/tr\/","title":{"rendered":"Loymax Solutions"},"content":{"rendered":"\r\n<section class=\"block-main\">\r\n<div class=\"container\">\r\n<div class=\"row\">\r\n<div class=\"col-sm-5 paragraph1\">\r\n<h1>Sadakat Y\u00f6netimi ve Pazarlama Otomasyon Platformu<\/h1>\r\n<p>Yapay Zeka ve Makine \u00d6\u011frenimi kullanarak pazarlama ileti\u015fimlerini otomatikle\u015ftirme ve ger\u00e7ek ki\u015fisel promosyonlar olu\u015fturma<\/p>\r\n<div class=\"buttons\"><!--<a class=\"btn-block3\" href=\"#\">\u0420\u0435\u0448\u0435\u043d\u0438\u044f<\/a>--><a class=\"btn-block3 js-scroll-trigger\" href=\"#site-footer\">Bize Ula\u015f\u0131n<\/a><\/div>\r\n<\/div>\r\n<div class=\"col-sm-7\">\r\n<div class=\"main-video\"><video poster=\"\/wp-content\/uploads\/2022\/05\/video_new.jpg\" autoplay=\"autoplay\" loop=\"loop\" muted=\"\" width=\"100%\" height=\"100%\">\r\n   <source src=\"\/wp-content\/uploads\/2022\/04\/video.mp4\" type=\"video\/mp4; codecs=\" avc1=\"\" 42e01e=\"\" mp4a=\"\" 40=\"\" 2=\"\" \/>Bu, HTML5&#8217;te video g\u00f6ndermeyi engelliyor. <\/video><\/div>\r\n<!--<img decoding=\"async\" alt=\"Main Image 3\" src=\"\/wp-content\/uploads\/2022\/02\/main_image_3.svg\" \/>--><\/div>\r\n<\/div>\r\n<\/div>\r\n<\/section>\r\n<section class=\"main-slider\">\r\n<div class=\"container\">\r\n<div class=\"row\">\r\n<div class=\"col-sm-9\">\r\n<div class=\"home-slider-wrapper\">\r\n<div class=\"home-slider\">\r\n<div class=\"slide1\">\r\n<div>\r\n<div class=\"col-sm-4\">\r\n<h3>\u00c7\u00f6z\u00fcmlerimiz<\/h3>\r\n<h4>Loymax Loyalty<\/h4>\r\n<a class=\"btn-block3\" href=\"loymax-loyalty\/\">Devam\u0131n\u0131 oku<\/a><\/div>\r\n<div class=\"col-sm-4\"><img decoding=\"async\" alt=\"Slide2\" src=\"\/wp-content\/uploads\/2022\/02\/slide2.svg\" \/><\/div>\r\n<div class=\"col-sm-4\">\r\n<p>Sadakat Platformumuz Hepsi Bir Arada ve herhangi bir karma\u015f\u0131kl\u0131kta Sadakat Program\u0131n\u0131z\u0131 olu\u015fturman\u0131za olanak tan\u0131yan kodsuz platform \u00e7ekirde\u011fimiz<\/p>\r\n<\/div>\r\n<\/div>\r\n<\/div>\r\n<div class=\"slide1\">\r\n<div>\r\n<div class=\"col-sm-4\">\r\n<h3>\u00c7\u00f6z\u00fcmlerimiz<\/h3>\r\n<h4>Smart Communications<\/h4>\r\n<a class=\"btn-block3\" href=\"https:\/\/loymax.io\/tr\/smart-communications\/\">Devam\u0131n\u0131 oku<\/a><\/div>\r\n<div class=\"col-sm-4\"><img decoding=\"async\" alt=\"Slide1\" src=\"\/wp-content\/uploads\/2021\/12\/slide1.svg\" \/><\/div>\r\n<div class=\"col-sm-4\">\r\n<p>CDP ve Kampanya Y\u00f6neticimiz, kolay segmentasyon ve tetikleyici ileti\u015fim (SMS, e-posta, Push, vb.) sunar.<\/p>\r\n<\/div>\r\n<\/div>\r\n<\/div>\r\n<div class=\"slide1\">\r\n<div>\r\n<div class=\"col-sm-4\">\r\n<h3>\u00c7\u00f6z\u00fcmlerimiz<\/h3>\r\n<h4>\u0130\u015f <br \/>Zekas\u0131 (BI)<\/h4>\r\n<a class=\"btn-block3\" href=\"#\">Devam\u0131n\u0131 oku<\/a><\/div>\r\n<div class=\"col-sm-4\"><img decoding=\"async\" alt=\"Slide4\" src=\"\/wp-content\/uploads\/2022\/02\/slide4.svg\" \/><\/div>\r\n<div class=\"col-sm-4\">\r\n<p>Analitik mod\u00fcl\u00fcm\u00fcz, sadakat program\u0131n\u0131z\u0131n etkinli\u011fini de\u011ferlendirmenize yard\u0131mc\u0131 olur.<\/p>\r\n<\/div>\r\n<\/div>\r\n<\/div>\r\n<div class=\"slide1\">\r\n<div>\r\n<div class=\"col-sm-4\">\r\n<h3>\u00c7\u00f6z\u00fcmlerimiz<\/h3>\r\n<h4>Machine Learning<\/h4>\r\n<a class=\"btn-block3\" href=\"https:\/\/loymax.io\/tr\/machine-learning\/\">Devam\u0131n\u0131 oku<\/a><\/div>\r\n<div class=\"col-sm-4\"><img decoding=\"async\" alt=\"Slide3\" src=\"\/wp-content\/uploads\/2022\/02\/slide3.svg\" \/><\/div>\r\n<div class=\"col-sm-4\">\r\n<p>Her bir m\u00fc\u015fteri i\u00e7in ki\u015fisel promosyonlar sunar ve sonu\u00e7 olarak br\u00fct sat\u0131\u015flar\u0131 %4 art\u0131r\u0131r<\/p>\r\n<\/div>\r\n<\/div>\r\n<\/div>\r\n<\/div>\r\n<\/div>\r\n<\/div>\r\n<\/div>\r\n<\/div>\r\n<\/section>\r\n<section class=\"block-main\">\r\n<div class=\"container\">\r\n<div class=\"row\">\r\n<div class=\"col-sm-12\">\r\n<h3>Loymax hakk\u0131nda ger\u00e7ekler<\/h3>\r\n<\/div>\r\n<\/div>\r\n<div class=\"row\">\r\n<div class=\"col-sm-4\">\r\n<div class=\"who-block\"><img decoding=\"async\" alt=\"Why1 1\" src=\"\/wp-content\/uploads\/2021\/12\/why1-1.svg\" \/>\r\n<h4>Zengin deneyim<\/h4>\r\n<p>2010&#8217;dan beri platformumuzu geli\u015ftiriyoruz ve m\u00fc\u015fterilerimizin \u00fcst d\u00fczey sadakat programlar\u0131 olu\u015fturmalar\u0131na yard\u0131mc\u0131 oluyoruz<\/p>\r\n<\/div>\r\n<\/div>\r\n<div class=\"col-sm-4\">\r\n<div class=\"who-block\"><img decoding=\"async\" alt=\"Why2\" src=\"\/wp-content\/uploads\/2021\/12\/why2.svg\" \/>\r\n<h4>Kolay Ge\u00e7i\u015f<\/h4>\r\n<p>Yaz\u0131l\u0131m m\u00fchendislerimiz sorunsuz ge\u00e7i\u015f konusunda engin bir deneyime sahiptir<\/p>\r\n<\/div>\r\n<\/div>\r\n<div class=\"col-sm-4\">\r\n<div class=\"who-block\"><img decoding=\"async\" alt=\"Why3\" src=\"\/wp-content\/uploads\/2021\/12\/why3.svg\" \/>\r\n<h4>Belgeler<\/h4>\r\n<p>8000&#8217;den fazla sayfan\u0131n entegre dok\u00fcmantasyonu<\/p>\r\n<\/div>\r\n<\/div>\r\n<div class=\"col-sm-4\">\r\n<div class=\"who-block\"><img decoding=\"async\" alt=\"Why4\" src=\"\/wp-content\/uploads\/2021\/12\/why4.svg\" \/>\r\n<h4>12 hafta i\u00e7inde devreye alma<\/h4>\r\n<p>Uzmanlar\u0131m\u0131z, gerekli t\u00fcm entegrasyonlarla platformu yaln\u0131zca 12 haftada devreye al\u0131yor<\/p>\r\n<\/div>\r\n<\/div>\r\n<div class=\"col-sm-4\">\r\n<div class=\"who-block\"><img decoding=\"async\" alt=\"Why5\" src=\"\/wp-content\/uploads\/2021\/12\/why5.svg\" \/>\r\n<h4>7\/24 Destek<\/h4>\r\n<p>Destek i\u00e7in 7\/24 hizmetinizdeyiz<\/p>\r\n<\/div>\r\n<\/div>\r\n<div class=\"col-sm-4\">\r\n<div class=\"who-block\"><img decoding=\"async\" alt=\"Why6\" src=\"\/wp-content\/uploads\/2021\/12\/why6.svg\" \/>\r\n<h4>G\u00fcvenilirlik<\/h4>\r\n<p>Yaz\u0131l\u0131m mimarisi ve en geli\u015fmi\u015f donan\u0131ma yap\u0131lan s\u00fcrekli yat\u0131r\u0131m, %99,9 hata tolerans\u0131 sa\u011flar.<\/p>\r\n<\/div>\r\n<\/div>\r\n<\/div>\r\n<\/div>\r\n<\/section>\r\n<!--\r\n<section class=\"block2\">\r\n<div class=\"container\">\r\n<div class=\"row\">\r\n<div class=\"col-sm-8 offset-sm-2 col-12\">\r\n<div class=\"video-block\">\r\n<div><iframe src=\"https:\/\/player.vimeo.com\/video\/656065746?h=e12a1500ed&color=2A78EC&title=0&byline=0&portrait=0\" frameborder=\"0\" allowfullscreen=\"allowfullscreen\"><\/iframe><\/div>\r\n<script src=\"https:\/\/player.vimeo.com\/api\/player.js\"><\/script>\r\n<\/div>\r\n<\/div>\r\n<\/div>\r\n<\/div>\r\n<\/section>\r\n\r\n-->\r\n<section class=\"integration-block\" style=\"margin-top: 30px; margin-bottom: 70px;\">\r\n<div class=\"container\">\r\n<div class=\"row\">\r\n<div class=\"col-sm-12\">\r\n<div class=\"row\">\r\n<div class=\"col-sm-12\">\r\n<h2>M\u00fc\u015fterilerimiz<\/h2>\r\n<\/div>\r\n<\/div>\r\n<div class=\"row\">\r\n<div class=\"col-lg-2 col-md-2 col-sm-6 col-xs-6\">\r\n<div class=\"material\"><img loading=\"lazy\" decoding=\"async\" class=\"alignnone size-full wp-image-2610\" src=\"https:\/\/loymax.ru\/wp-content\/uploads\/2022\/06\/001-spar.svg\" alt=\"\" width=\"448\" height=\"71\" \/><\/div>\r\n<\/div>\r\n<div class=\"col-lg-2 col-md-2 col-sm-6 col-xs-6\">\r\n<div class=\"material\"><img loading=\"lazy\" decoding=\"async\" class=\"alignnone size-medium wp-image-5560\" src=\"https:\/\/loymax.io\/wp-content\/uploads\/2022\/09\/kfc-logo-300x169.png\" alt=\"\" width=\"300\" height=\"169\" srcset=\"https:\/\/loymax.io\/wp-content\/uploads\/2022\/09\/kfc-logo-300x169.png 300w, https:\/\/loymax.io\/wp-content\/uploads\/2022\/09\/kfc-logo-1024x576.png 1024w, https:\/\/loymax.io\/wp-content\/uploads\/2022\/09\/kfc-logo-768x432.png 768w, https:\/\/loymax.io\/wp-content\/uploads\/2022\/09\/kfc-logo-1536x864.png 1536w, https:\/\/loymax.io\/wp-content\/uploads\/2022\/09\/kfc-logo-2048x1152.png 2048w\" sizes=\"auto, (max-width: 300px) 100vw, 300px\" \/><\/div>\r\n<\/div>\r\n<div class=\"col-lg-2 col-md-2 col-sm-6 col-xs-6\">\r\n<div class=\"material\"><img loading=\"lazy\" decoding=\"async\" class=\"alignnone size-medium wp-image-5559\" src=\"https:\/\/loymax.io\/wp-content\/uploads\/2022\/09\/prisma-logo-300x169.png\" alt=\"\" width=\"300\" height=\"169\" srcset=\"https:\/\/loymax.io\/wp-content\/uploads\/2022\/09\/prisma-logo-300x169.png 300w, https:\/\/loymax.io\/wp-content\/uploads\/2022\/09\/prisma-logo-1024x576.png 1024w, https:\/\/loymax.io\/wp-content\/uploads\/2022\/09\/prisma-logo-768x432.png 768w, https:\/\/loymax.io\/wp-content\/uploads\/2022\/09\/prisma-logo-1536x864.png 1536w, https:\/\/loymax.io\/wp-content\/uploads\/2022\/09\/prisma-logo-2048x1152.png 2048w\" sizes=\"auto, (max-width: 300px) 100vw, 300px\" \/>\u00a0<\/div>\r\n<\/div>\r\n<div class=\"col-lg-2 col-md-2 col-sm-6 col-xs-6\">\r\n<div class=\"material\"><img loading=\"lazy\" decoding=\"async\" class=\"alignnone size-full wp-image-2618\" src=\"https:\/\/loymax.ru\/wp-content\/uploads\/2022\/06\/bns-1.svg\" alt=\"\" width=\"353\" height=\"85\" \/><\/div>\r\n<\/div>\r\n<\/div>\r\n<\/div>\r\n<\/div>\r\n<\/div>\r\n<\/section>\r\n<section class=\"block3\">\r\n<div class=\"container\">\r\n<div class=\"row\">\r\n<div class=\"col-sm-4\">\r\n<div class=\"who-block\">\r\n<div class=\"who-block-img\"><img decoding=\"async\" alt=\"Icon1\" src=\"\/wp-content\/uploads\/2021\/12\/icon1.svg\" \/><\/div>\r\n<h4>5 y\u0131l<\/h4>\r\n<p>2019 y\u0131l\u0131nda kuruldu<\/p>\r\n<\/div>\r\n<\/div>\r\n<div class=\"col-sm-4\">\r\n<div class=\"who-block\">\r\n<div class=\"who-block-img\"><img decoding=\"async\" alt=\"Icon2\" src=\"\/wp-content\/uploads\/2021\/12\/icon2.svg\" \/><\/div>\r\n<h4>25 000+<\/h4>\r\n<p>25 000&#8217;den fazla ma\u011faza<\/p>\r\n<\/div>\r\n<\/div>\r\n<div class=\"col-sm-4\">\r\n<div class=\"who-block\">\r\n<div class=\"who-block-img\"><img decoding=\"async\" alt=\"Icon3\" src=\"\/wp-content\/uploads\/2021\/12\/icon3.svg\" \/><\/div>\r\n<h4>100 000+<\/h4>\r\n<p>100 000&#8217;den fazla PoS<\/p>\r\n<\/div>\r\n<\/div>\r\n<\/div>\r\n<\/div>\r\n<\/section>\r\n<section class=\"block4\">\r\n<div class=\"container\">\r\n<div class=\"row\">\r\n<div class=\"col-sm-12 hfg-item-center\"><img loading=\"lazy\" decoding=\"async\" class=\"alignnone size-full wp-image-5526\" src=\"https:\/\/loymax.io\/wp-content\/uploads\/2022\/08\/bottom-image-main-002.png\" alt=\"\" width=\"994\" height=\"342\" srcset=\"https:\/\/loymax.io\/wp-content\/uploads\/2022\/08\/bottom-image-main-002.png 994w, https:\/\/loymax.io\/wp-content\/uploads\/2022\/08\/bottom-image-main-002-300x103.png 300w, https:\/\/loymax.io\/wp-content\/uploads\/2022\/08\/bottom-image-main-002-768x264.png 768w\" sizes=\"auto, (max-width: 994px) 100vw, 994px\" \/><\/div>\r\n<\/div>\r\n<\/div>\r\n<div class=\"container\">\r\n<div class=\"row\">\r\n<div class=\"col-sm-12\">\r\n<h2>Hakk\u0131m\u0131zda<\/h2>\r\n<\/div>\r\n<\/div>\r\n<div class=\"row\">\r\n<div class=\"col-sm-6\">\r\n<p>\u015eirketlerin sadakat programlar\u0131 ba\u015flatmas\u0131na ve pazarlamay\u0131 otomatikle\u015ftirmesine yard\u0131mc\u0131 oluyoruz. Sadakat programlar\u0131 ve bunlar\u0131n gelirinizi nas\u0131l \u00f6nemli \u00f6l\u00e7\u00fcde art\u0131rabilece\u011fi hakk\u0131ndaki sorular\u0131n\u0131z\u0131 yan\u0131tlamaktan her zaman mutluluk duyar\u0131z. 2010&#8217;dan bu yana m\u00fc\u015fterilerimize bir sadakat y\u00f6netimi platformu entegre etmeleri ve pazarlama ileti\u015fimlerini otomatikle\u015ftirmeleri i\u00e7in yard\u0131mc\u0131 oluyor ve sonu\u00e7 olarak <strong>k\u00e2rlar\u0131n\u0131 \u00f6nemli \u00f6l\u00e7\u00fcde art\u0131r\u0131yoruz<\/strong>.<\/p>\r\n<div class=\"button-bottom\"><a class=\"btn-block3\" href=\"https:\/\/loymax.io\/tr\/about-us\/\">Devam\u0131n\u0131 oku<\/a><\/div>\r\n<\/div>\r\n<div class=\"col-sm-6\">\r\n<h2 class=\"footer-h2\">M\u00fc\u015fterilerimizin bizimle daha fazla kazanmas\u0131ndan gurur duyuyoruz!<\/h2>\r\n<\/div>\r\n<\/div>\r\n<div class=\"row\">\r\n<div class=\"col-sm-12\"><hr \/><\/div>\r\n<\/div>\r\n<div class=\"row\">\r\n<div class=\"col-sm-12\"><\/div>\r\n<\/div>\r\n<\/div>\r\n<\/section>\r\n\r\n\r\n\r\n<p>&nbsp;<\/p>\r\n","protected":false},"excerpt":{"rendered":"<p>Sadakat Y\u00f6netimi ve Pazarlama Otomasyon Platformu Yapay Zeka ve Makine \u00d6\u011frenimi kullanarak pazarlama ileti\u015fimlerini otomatikle\u015ftirme ve ger\u00e7ek ki\u015fisel promosyonlar olu\u015fturma Bize Ula\u015f\u0131n Bu, HTML5&#8217;te video g\u00f6ndermeyi engelliyor. \u00c7\u00f6z\u00fcmlerimiz Loymax Loyalty Devam\u0131n\u0131 oku Sadakat Platformumuz Hepsi Bir Arada ve herhangi bir karma\u015f\u0131kl\u0131kta Sadakat Program\u0131n\u0131z\u0131 olu\u015fturman\u0131za olanak tan\u0131yan kodsuz platform \u00e7ekirde\u011fimiz \u00c7\u00f6z\u00fcmlerimiz Smart Communications Devam\u0131n\u0131 oku CDP&hellip;&nbsp;<a href=\"https:\/\/loymax.io\/tr\/\" class=\"\" rel=\"bookmark\">Daha fazlas\u0131n\u0131 oku &raquo;<span class=\"screen-reader-text\">Loymax Solutions<\/span><\/a><\/p>\n","protected":false},"author":1,"featured_media":10431,"parent":0,"menu_order":31,"comment_status":"closed","ping_status":"open","template":"","meta":{"_acf_changed":false,"content-type":"","footnotes":""},"class_list":["post-11252","page","type-page","status-publish","has-post-thumbnail","hentry"],"acf":[],"yoast_head":"<!-- This site is optimized with the Yoast SEO plugin v27.4 - https:\/\/yoast.com\/product\/yoast-seo-wordpress\/ -->\n<title>Loymax Solutions<\/title>\n<meta name=\"description\" content=\"Yapay Zeka ve Makine \u00d6\u011frenimi kullanarak pazarlama ileti\u015fimlerini otomatikle\u015ftirme ve ger\u00e7ek ki\u015fisel promosyonlar olu\u015fturma\u00a0\" \/>\n<meta name=\"robots\" content=\"index, follow, max-snippet:-1, max-image-preview:large, max-video-preview:-1\" \/>\n<link rel=\"canonical\" href=\"https:\/\/loymax.io\/tr\/\" \/>\n<meta property=\"og:locale\" content=\"tr_TR\" \/>\n<meta property=\"og:type\" content=\"article\" \/>\n<meta property=\"og:title\" content=\"Loymax Solutions\" \/>\n<meta property=\"og:description\" content=\"Yapay Zeka ve Makine \u00d6\u011frenimi kullanarak pazarlama ileti\u015fimlerini otomatikle\u015ftirme ve ger\u00e7ek ki\u015fisel promosyonlar olu\u015fturma\u00a0\" \/>\n<meta property=\"og:url\" content=\"https:\/\/loymax.io\/tr\/\" \/>\n<meta property=\"og:site_name\" content=\"Loymax\" \/>\n<meta property=\"article:modified_time\" content=\"2025-10-27T14:11:51+00:00\" \/>\n<meta property=\"og:image\" content=\"https:\/\/loymax.io\/wp-content\/uploads\/2022\/06\/icon.png\" \/>\n\t<meta property=\"og:image:width\" content=\"427\" \/>\n\t<meta property=\"og:image:height\" content=\"453\" \/>\n\t<meta property=\"og:image:type\" content=\"image\/png\" \/>\n<meta name=\"twitter:card\" content=\"summary_large_image\" \/>\n<meta name=\"twitter:label1\" content=\"Tahmini okuma s\u00fcresi\" \/>\n\t<meta name=\"twitter:data1\" content=\"5 dakika\" \/>\n<script type=\"application\/ld+json\" class=\"yoast-schema-graph\">{\"@context\":\"https:\\\/\\\/schema.org\",\"@graph\":[{\"@type\":\"WebPage\",\"@id\":\"https:\\\/\\\/loymax.io\\\/tr\\\/\",\"url\":\"https:\\\/\\\/loymax.io\\\/tr\\\/\",\"name\":\"Loymax Solutions\",\"isPartOf\":{\"@id\":\"https:\\\/\\\/loymax.io\\\/tr\\\/#website\"},\"primaryImageOfPage\":{\"@id\":\"https:\\\/\\\/loymax.io\\\/tr\\\/#primaryimage\"},\"image\":{\"@id\":\"https:\\\/\\\/loymax.io\\\/tr\\\/#primaryimage\"},\"thumbnailUrl\":\"https:\\\/\\\/loymax.io\\\/wp-content\\\/uploads\\\/2022\\\/06\\\/icon.png\",\"datePublished\":\"2020-06-17T08:41:45+00:00\",\"dateModified\":\"2025-10-27T14:11:51+00:00\",\"description\":\"Yapay Zeka ve Makine \u00d6\u011frenimi kullanarak pazarlama ileti\u015fimlerini otomatikle\u015ftirme ve ger\u00e7ek ki\u015fisel promosyonlar olu\u015fturma\u00a0\",\"breadcrumb\":{\"@id\":\"https:\\\/\\\/loymax.io\\\/tr\\\/#breadcrumb\"},\"inLanguage\":\"tr\",\"potentialAction\":[{\"@type\":\"ReadAction\",\"target\":[\"https:\\\/\\\/loymax.io\\\/tr\\\/\"]}]},{\"@type\":\"ImageObject\",\"inLanguage\":\"tr\",\"@id\":\"https:\\\/\\\/loymax.io\\\/tr\\\/#primaryimage\",\"url\":\"https:\\\/\\\/loymax.io\\\/wp-content\\\/uploads\\\/2022\\\/06\\\/icon.png\",\"contentUrl\":\"https:\\\/\\\/loymax.io\\\/wp-content\\\/uploads\\\/2022\\\/06\\\/icon.png\",\"width\":427,\"height\":453,\"caption\":\"loymax ,oyalty\"},{\"@type\":\"BreadcrumbList\",\"@id\":\"https:\\\/\\\/loymax.io\\\/tr\\\/#breadcrumb\",\"itemListElement\":[{\"@type\":\"ListItem\",\"position\":1,\"name\":\"\u0413\u043b\u0430\u0432\u043d\u0430\u044f \u0441\u0442\u0440\u0430\u043d\u0438\u0446\u0430\",\"item\":\"https:\\\/\\\/loymax.io\\\/tr\\\/\"},{\"@type\":\"ListItem\",\"position\":2,\"name\":\"Loymax Solutions\"}]},{\"@type\":\"WebSite\",\"@id\":\"https:\\\/\\\/loymax.io\\\/tr\\\/#website\",\"url\":\"https:\\\/\\\/loymax.io\\\/tr\\\/\",\"name\":\"Loymax\",\"description\":\"Loyalty Management and Marketing Automation Platform\",\"publisher\":{\"@id\":\"https:\\\/\\\/loymax.io\\\/tr\\\/#organization\"},\"potentialAction\":[{\"@type\":\"SearchAction\",\"target\":{\"@type\":\"EntryPoint\",\"urlTemplate\":\"https:\\\/\\\/loymax.io\\\/tr\\\/?s={search_term_string}\"},\"query-input\":{\"@type\":\"PropertyValueSpecification\",\"valueRequired\":true,\"valueName\":\"search_term_string\"}}],\"inLanguage\":\"tr\"},{\"@type\":\"Organization\",\"@id\":\"https:\\\/\\\/loymax.io\\\/tr\\\/#organization\",\"name\":\"Loymax\",\"url\":\"https:\\\/\\\/loymax.io\\\/tr\\\/\",\"logo\":{\"@type\":\"ImageObject\",\"inLanguage\":\"tr\",\"@id\":\"https:\\\/\\\/loymax.io\\\/tr\\\/#\\\/schema\\\/logo\\\/image\\\/\",\"url\":\"https:\\\/\\\/loymax.io\\\/wp-content\\\/uploads\\\/2024\\\/09\\\/cropped-cropped-loymax-mt-logo.jpg\",\"contentUrl\":\"https:\\\/\\\/loymax.io\\\/wp-content\\\/uploads\\\/2024\\\/09\\\/cropped-cropped-loymax-mt-logo.jpg\",\"width\":1359,\"height\":417,\"caption\":\"Loymax\"},\"image\":{\"@id\":\"https:\\\/\\\/loymax.io\\\/tr\\\/#\\\/schema\\\/logo\\\/image\\\/\"}}]}<\/script>\n<!-- \/ Yoast SEO plugin. -->","yoast_head_json":{"title":"Loymax Solutions","description":"Yapay Zeka ve Makine \u00d6\u011frenimi kullanarak pazarlama ileti\u015fimlerini otomatikle\u015ftirme ve ger\u00e7ek ki\u015fisel promosyonlar olu\u015fturma\u00a0","robots":{"index":"index","follow":"follow","max-snippet":"max-snippet:-1","max-image-preview":"max-image-preview:large","max-video-preview":"max-video-preview:-1"},"canonical":"https:\/\/loymax.io\/tr\/","og_locale":"tr_TR","og_type":"article","og_title":"Loymax Solutions","og_description":"Yapay Zeka ve Makine \u00d6\u011frenimi kullanarak pazarlama ileti\u015fimlerini otomatikle\u015ftirme ve ger\u00e7ek ki\u015fisel promosyonlar olu\u015fturma\u00a0","og_url":"https:\/\/loymax.io\/tr\/","og_site_name":"Loymax","article_modified_time":"2025-10-27T14:11:51+00:00","og_image":[{"width":427,"height":453,"url":"https:\/\/loymax.io\/wp-content\/uploads\/2022\/06\/icon.png","type":"image\/png"}],"twitter_card":"summary_large_image","twitter_misc":{"Tahmini okuma s\u00fcresi":"5 dakika"},"schema":{"@context":"https:\/\/schema.org","@graph":[{"@type":"WebPage","@id":"https:\/\/loymax.io\/tr\/","url":"https:\/\/loymax.io\/tr\/","name":"Loymax Solutions","isPartOf":{"@id":"https:\/\/loymax.io\/tr\/#website"},"primaryImageOfPage":{"@id":"https:\/\/loymax.io\/tr\/#primaryimage"},"image":{"@id":"https:\/\/loymax.io\/tr\/#primaryimage"},"thumbnailUrl":"https:\/\/loymax.io\/wp-content\/uploads\/2022\/06\/icon.png","datePublished":"2020-06-17T08:41:45+00:00","dateModified":"2025-10-27T14:11:51+00:00","description":"Yapay Zeka ve Makine \u00d6\u011frenimi kullanarak pazarlama ileti\u015fimlerini otomatikle\u015ftirme ve ger\u00e7ek ki\u015fisel promosyonlar olu\u015fturma\u00a0","breadcrumb":{"@id":"https:\/\/loymax.io\/tr\/#breadcrumb"},"inLanguage":"tr","potentialAction":[{"@type":"ReadAction","target":["https:\/\/loymax.io\/tr\/"]}]},{"@type":"ImageObject","inLanguage":"tr","@id":"https:\/\/loymax.io\/tr\/#primaryimage","url":"https:\/\/loymax.io\/wp-content\/uploads\/2022\/06\/icon.png","contentUrl":"https:\/\/loymax.io\/wp-content\/uploads\/2022\/06\/icon.png","width":427,"height":453,"caption":"loymax ,oyalty"},{"@type":"BreadcrumbList","@id":"https:\/\/loymax.io\/tr\/#breadcrumb","itemListElement":[{"@type":"ListItem","position":1,"name":"\u0413\u043b\u0430\u0432\u043d\u0430\u044f \u0441\u0442\u0440\u0430\u043d\u0438\u0446\u0430","item":"https:\/\/loymax.io\/tr\/"},{"@type":"ListItem","position":2,"name":"Loymax Solutions"}]},{"@type":"WebSite","@id":"https:\/\/loymax.io\/tr\/#website","url":"https:\/\/loymax.io\/tr\/","name":"Loymax","description":"Loyalty Management and Marketing Automation Platform","publisher":{"@id":"https:\/\/loymax.io\/tr\/#organization"},"potentialAction":[{"@type":"SearchAction","target":{"@type":"EntryPoint","urlTemplate":"https:\/\/loymax.io\/tr\/?s={search_term_string}"},"query-input":{"@type":"PropertyValueSpecification","valueRequired":true,"valueName":"search_term_string"}}],"inLanguage":"tr"},{"@type":"Organization","@id":"https:\/\/loymax.io\/tr\/#organization","name":"Loymax","url":"https:\/\/loymax.io\/tr\/","logo":{"@type":"ImageObject","inLanguage":"tr","@id":"https:\/\/loymax.io\/tr\/#\/schema\/logo\/image\/","url":"https:\/\/loymax.io\/wp-content\/uploads\/2024\/09\/cropped-cropped-loymax-mt-logo.jpg","contentUrl":"https:\/\/loymax.io\/wp-content\/uploads\/2024\/09\/cropped-cropped-loymax-mt-logo.jpg","width":1359,"height":417,"caption":"Loymax"},"image":{"@id":"https:\/\/loymax.io\/tr\/#\/schema\/logo\/image\/"}}]}},"_links":{"self":[{"href":"https:\/\/loymax.io\/tr\/wp-json\/wp\/v2\/pages\/11252","targetHints":{"allow":["GET"]}}],"collection":[{"href":"https:\/\/loymax.io\/tr\/wp-json\/wp\/v2\/pages"}],"about":[{"href":"https:\/\/loymax.io\/tr\/wp-json\/wp\/v2\/types\/page"}],"author":[{"embeddable":true,"href":"https:\/\/loymax.io\/tr\/wp-json\/wp\/v2\/users\/1"}],"replies":[{"embeddable":true,"href":"https:\/\/loymax.io\/tr\/wp-json\/wp\/v2\/comments?post=11252"}],"version-history":[{"count":112,"href":"https:\/\/loymax.io\/tr\/wp-json\/wp\/v2\/pages\/11252\/revisions"}],"predecessor-version":[{"id":27198,"href":"https:\/\/loymax.io\/tr\/wp-json\/wp\/v2\/pages\/11252\/revisions\/27198"}],"wp:featuredmedia":[{"embeddable":true,"href":"https:\/\/loymax.io\/tr\/wp-json\/wp\/v2\/media\/10431"}],"wp:attachment":[{"href":"https:\/\/loymax.io\/tr\/wp-json\/wp\/v2\/media?parent=11252"}],"curies":[{"name":"wp","href":"https:\/\/api.w.org\/{rel}","templated":true}]}}