{"id":13181,"date":"2020-06-17T10:41:45","date_gmt":"2020-06-17T08:41:45","guid":{"rendered":"https:\/\/loymax.io\/?page_id=13181"},"modified":"2025-10-27T16:12:43","modified_gmt":"2025-10-27T14:12:43","slug":"sample-page","status":"publish","type":"page","link":"https:\/\/loymax.io\/vi\/","title":{"rendered":"Trang ch\u1ee7"},"content":{"rendered":"\r\n<section class=\"block-main\">\r\n<div class=\"container\">\r\n<div class=\"row\">\r\n<div class=\"col-sm-5 paragraph1\">\r\n<h1>N\u1ec1n t\u1ea3ng t\u1ef1 \u0111\u1ed9ng h\u00f3a ti\u1ebfp th\u1ecb v\u00e0 qu\u1ea3n l\u00fd kh\u00e1ch h\u00e0ng th\u00e2n thi\u1ebft<\/h1>\r\n<p>T\u1ef1 \u0111\u1ed9ng h\u00f3a truy\u1ec1n th\u00f4ng ti\u1ebfp th\u1ecb v\u00e0 t\u1ea1o qu\u1ea3ng c\u00e1o c\u00e1 nh\u00e2n th\u1ef1c s\u1ef1 b\u1eb1ng c\u00f4ng ngh\u1ec7 Tr\u00ed tu\u1ec7 nh\u00e2n t\u1ea1o (AI) v\u00e0 H\u1ecdc m\u00e1y (Machine Learning)<\/p>\r\n<div class=\"buttons\"><!--<a class=\"btn-block3\" href=\"#\">\u0420\u0435\u0448\u0435\u043d\u0438\u044f<\/a>--><a class=\"btn-block3 js-scroll-trigger\" href=\"#site-footer\">Li\u00ean h\u1ec7 v\u1edbi ch\u00fang t\u00f4i<\/a><\/div>\r\n<\/div>\r\n<div class=\"col-sm-7\">\r\n<div class=\"main-video\"><video poster=\"\/wp-content\/uploads\/2022\/05\/video_new.jpg\" autoplay=\"autoplay\" loop=\"loop\" muted=\"\" width=\"100%\" height=\"100%\">\r\n   <source src=\"\/wp-content\/uploads\/2022\/04\/video.mp4\" type=\"video\/mp4; codecs=\" avc1=\"\" 42e01e=\"\" mp4a=\"\" 40=\"\" 2=\"\" \/>Tr\u00ecnh\u00a0duy\u1ec7t c\u1ee7a b\u1ea1n kh\u00f4ng h\u1ed7 tr\u1ee3 video HTML5. <\/video><\/div>\r\n<!--<img decoding=\"async\" alt=\"Main Image 3\" src=\"\/wp-content\/uploads\/2022\/02\/main_image_3.svg\" \/>--><\/div>\r\n<\/div>\r\n<\/div>\r\n<\/section>\r\n<section class=\"main-slider\">\r\n<div class=\"container\">\r\n<div class=\"row\">\r\n<div class=\"col-sm-9\">\r\n<div class=\"home-slider-wrapper\">\r\n<div class=\"home-slider\">\r\n<div class=\"slide1\">\r\n<div>\r\n<div class=\"col-sm-4\">\r\n<h3>Gi\u1ea3i ph\u00e1p c\u1ee7a ch\u00fang t\u00f4i<\/h3>\r\n<h4>N\u1ec1n t\u1ea3ng kh\u00e1ch h\u00e0ng th\u00e2n thi\u1ebft c\u1ee7a Loyalty<\/h4>\r\n<a class=\"btn-block3\" href=\"loymax-loyalty\/\">T\u00ecm hi\u1ec3u th\u00eam<\/a><\/div>\r\n<div class=\"col-sm-4\"><img decoding=\"async\" alt=\"Slide2\" src=\"\/wp-content\/uploads\/2022\/02\/slide2.svg\" \/><\/div>\r\n<div class=\"col-sm-4\">\r\n<p>N\u1ec1n t\u1ea3ng v\u1ec1 kh\u00e1ch h\u00e0ng th\u00e2n thi\u1ebft to\u00e0n di\u1ec7n v\u00e0 kh\u00f4ng c\u1ea7n c\u00e1c chu\u1ed7i m\u00e3 h\u00f3a c\u1ee7a ch\u00fang t\u00f4i cho ph\u00e9p b\u1ea1n t\u1ea1o Ch\u01b0\u01a1ng tr\u00ecnh Kh\u00e1ch h\u00e0ng Th\u00e2n Thi\u1ebft c\u1ee7a m\u00ecnh \u1edf m\u1ecdi m\u1ee9c \u0111\u1ed9 ph\u1ee9c t\u1ea1p<\/p>\r\n<\/div>\r\n<\/div>\r\n<\/div>\r\n<div class=\"slide1\">\r\n<div>\r\n<div class=\"col-sm-4\">\r\n<h3>Gi\u1ea3i ph\u00e1p c\u1ee7a ch\u00fang t\u00f4i<\/h3>\r\n<h4>Truy\u1ec1n th\u00f4ng th\u00f4ng minh<\/h4>\r\n<a class=\"btn-block3\" href=\"https:\/\/loymax.io\/solutions\/smart-communications\/\">T\u00ecm hi\u1ec3u th\u00eam<\/a><\/div>\r\n<div class=\"col-sm-4\"><img decoding=\"async\" alt=\"Slide1\" src=\"\/wp-content\/uploads\/2021\/12\/slide1.svg\" \/><\/div>\r\n<div class=\"col-sm-4\">\r\n<p>CDP v\u00e0 Tr\u00ecnh qu\u1ea3n l\u00fd chi\u1ebfn d\u1ecbch c\u1ee7a ch\u00fang t\u00f4i cung c\u1ea5p kh\u1ea3 n\u0103ng ph\u00e2n kh\u00fac v\u00e0 cho ph\u00e9p truy\u1ec1n th\u00f4ng d\u1ec5 d\u00e0ng (Tin nh\u1eafn SMS, e-mail, th\u00f4ng b\u00e1o \u0111\u1ea9y, v.v.).<\/p>\r\n<\/div>\r\n<\/div>\r\n<\/div>\r\n<div class=\"slide1\">\r\n<div>\r\n<div class=\"col-sm-4\">\r\n<h3>Gi\u1ea3i ph\u00e1p c\u1ee7a ch\u00fang t\u00f4i<\/h3>\r\n<h4>Kinh doanh <br \/>Th\u00f4ng minh (BI)<\/h4>\r\n<a class=\"btn-block3\" href=\"#\">T\u00ecm hi\u1ec3u th\u00eam<\/a><\/div>\r\n<div class=\"col-sm-4\"><img decoding=\"async\" alt=\"Slide4\" src=\"\/wp-content\/uploads\/2022\/02\/slide4.svg\" \/><\/div>\r\n<div class=\"col-sm-4\">\r\n<p>M\u00f4-\u0111un ph\u00e2n t\u00edch c\u1ee7a ch\u00fang t\u00f4i gi\u00fap \u0111\u00e1nh gi\u00e1 t\u00ednh hi\u1ec7u qu\u1ea3 \u0111\u1ed1i v\u1edbi ch\u01b0\u01a1ng tr\u00ecnh kh\u00e1ch h\u00e0ng th\u00e2n thi\u1ebft c\u1ee7a b\u1ea1n.<\/p>\r\n<\/div>\r\n<\/div>\r\n<\/div>\r\n<div class=\"slide1\">\r\n<div>\r\n<div class=\"col-sm-4\">\r\n<h3>Gi\u1ea3i ph\u00e1p c\u1ee7a ch\u00fang t\u00f4i<\/h3>\r\n<h4>H\u1ecdc m\u00e1y<\/h4>\r\n<a class=\"btn-block3\" href=\"https:\/\/loymax.io\/solutions\/machine-learning\/\">T\u00ecm hi\u1ec3u th\u00eam<\/a><\/div>\r\n<div class=\"col-sm-4\"><img decoding=\"async\" alt=\"Slide3\" src=\"\/wp-content\/uploads\/2022\/02\/slide3.svg\" \/><\/div>\r\n<div class=\"col-sm-4\">\r\n<p>Cung c\u1ea5p khuy\u1ebfn m\u00e3i ri\u00eang cho t\u1eebng kh\u00e1ch h\u00e0ng c\u00e1 nh\u00e2n, t\u1eeb \u0111\u00f3 t\u0103ng t\u1ed5ng doanh thu l\u00ean 4%<\/p>\r\n<\/div>\r\n<\/div>\r\n<\/div>\r\n<\/div>\r\n<\/div>\r\n<\/div>\r\n<\/div>\r\n<\/div>\r\n<\/section>\r\n<section class=\"block-main\">\r\n<div class=\"container\">\r\n<div class=\"row\">\r\n<div class=\"col-sm-12\">\r\n<h3>Th\u00f4ng tin v\u1ec1 Loymax<\/h3>\r\n<\/div>\r\n<\/div>\r\n<div class=\"row\">\r\n<div class=\"col-sm-4\">\r\n<div class=\"who-block\"><img decoding=\"async\" alt=\"Why1 1\" src=\"\/wp-content\/uploads\/2021\/12\/why1-1.svg\" \/>\r\n<h4>Kinh nghi\u1ec7m phong ph\u00fa<\/h4>\r\n<p>Ph\u00e1t tri\u1ec3n n\u1ec1n t\u1ea3ng c\u1ee7a ch\u00fang t\u00f4i v\u00e0 gi\u00fap kh\u00e1ch h\u00e0ng t\u1ea1o ra c\u00e1c ch\u01b0\u01a1ng tr\u00ecnh kh\u00e1ch h\u00e0ng th\u00e2n thi\u1ebft c\u1ea5p cao nh\u1ea5t k\u1ec3 t\u1eeb n\u0103m 2010<\/p>\r\n<\/div>\r\n<\/div>\r\n<div class=\"col-sm-4\">\r\n<div class=\"who-block\"><img decoding=\"async\" alt=\"Why2\" src=\"\/wp-content\/uploads\/2021\/12\/why2.svg\" \/>\r\n<h4>Di chuy\u1ec3n d\u1ec5 d\u00e0ng<\/h4>\r\n<p>C\u00e1c k\u1ef9 s\u01b0 ph\u1ea7n m\u1ec1m c\u1ee7a ch\u00fang t\u00f4i c\u00f3 nhi\u1ec1u kinh nghi\u1ec7m \u0111\u1ec3 gi\u00fap di chuy\u1ec3n li\u1ec1n m\u1ea1ch<\/p>\r\n<\/div>\r\n<\/div>\r\n<div class=\"col-sm-4\">\r\n<div class=\"who-block\"><img decoding=\"async\" alt=\"Why3\" src=\"\/wp-content\/uploads\/2021\/12\/why3.svg\" \/>\r\n<h4>T\u00e0i li\u1ec7u<\/h4>\r\n<p>T\u00e0i li\u1ec7u t\u00edch h\u1ee3p h\u01a1n 8000 trang<\/p>\r\n<\/div>\r\n<\/div>\r\n<div class=\"col-sm-4\">\r\n<div class=\"who-block\"><img decoding=\"async\" alt=\"Why4\" src=\"\/wp-content\/uploads\/2021\/12\/why4.svg\" \/>\r\n<h4>Tri\u1ec3n khai trong 12 tu\u1ea7n<\/h4>\r\n<p>C\u00e1c chuy\u00ean gia c\u1ee7a ch\u00fang t\u00f4i tri\u1ec3n khai n\u1ec1n t\u1ea3ng v\u1edbi t\u1ea5t c\u1ea3 c\u00e1c t\u00edch h\u1ee3p c\u1ea7n thi\u1ebft ch\u1ec9 trong 12 tu\u1ea7n<\/p>\r\n<\/div>\r\n<\/div>\r\n<div class=\"col-sm-4\">\r\n<div class=\"who-block\"><img decoding=\"async\" alt=\"Why5\" src=\"\/wp-content\/uploads\/2021\/12\/why5.svg\" \/>\r\n<h4>H\u1ed7 tr\u1ee3 24\/7<\/h4>\r\n<p>Ch\u00fang t\u00f4i lu\u00f4n s\u1eb5n s\u00e0ng h\u1ed7 tr\u1ee3 24\/7<\/p>\r\n<\/div>\r\n<\/div>\r\n<div class=\"col-sm-4\">\r\n<div class=\"who-block\"><img decoding=\"async\" alt=\"Why6\" src=\"\/wp-content\/uploads\/2021\/12\/why6.svg\" \/>\r\n<h4>M\u1ee9c \u0111\u1ed9 \u0111\u00e1ng tin c\u1eady<\/h4>\r\n<p>Ki\u1ebfn tr\u00fac ph\u1ea7n m\u1ec1m v\u00e0 s\u1ef1 \u0111\u1ea7u t\u01b0 li\u00ean t\u1ee5c v\u00e0o ph\u1ea7n c\u1ee9ng ti\u00ean ti\u1ebfn nh\u1ea5t \u0111\u1ea3m b\u1ea3o kh\u1ea3 n\u0103ng ch\u1ecbu l\u1ed7i t\u1edbi 99,9%.<\/p>\r\n<\/div>\r\n<\/div>\r\n<\/div>\r\n<\/div>\r\n<\/section>\r\n<!--\r\n<section class=\"block2\">\r\n<div class=\"container\">\r\n<div class=\"row\">\r\n<div class=\"col-sm-8 offset-sm-2 col-12\">\r\n<div class=\"video-block\">\r\n<div><iframe src=\"https:\/\/player.vimeo.com\/video\/656065746?h=e12a1500ed&color=2A78EC&title=0&byline=0&portrait=0\" frameborder=\"0\" allowfullscreen=\"allowfullscreen\"><\/iframe><\/div>\r\n<script src=\"https:\/\/player.vimeo.com\/api\/player.js\"><\/script>\r\n<\/div>\r\n<\/div>\r\n<\/div>\r\n<\/div>\r\n<\/section>\r\n\r\n-->\r\n<section class=\"integration-block\" style=\"margin-top: 30px; margin-bottom: 70px;\">\r\n<div class=\"container\">\r\n<div class=\"row\">\r\n<div class=\"col-sm-12\">\r\n<div class=\"row\">\r\n<div class=\"col-sm-12\">\r\n<h2>Kh\u00e1ch h\u00e0ng c\u1ee7a ch\u00fang t\u00f4i<\/h2>\r\n<\/div>\r\n<\/div>\r\n<div class=\"row\">\r\n<div class=\"col-lg-2 col-md-2 col-sm-6 col-xs-6\">\r\n<div class=\"material\"><img loading=\"lazy\" decoding=\"async\" class=\"alignnone size-full wp-image-2610\" src=\"https:\/\/loymax.ru\/wp-content\/uploads\/2022\/06\/001-spar.svg\" alt=\"\" width=\"448\" height=\"71\" \/><\/div>\r\n<\/div>\r\n<div class=\"col-lg-2 col-md-2 col-sm-6 col-xs-6\">\r\n<div class=\"material\"><img loading=\"lazy\" decoding=\"async\" class=\"alignnone size-medium wp-image-5560\" src=\"https:\/\/loymax.io\/wp-content\/uploads\/2022\/09\/kfc-logo-300x169.png\" alt=\"\" width=\"300\" height=\"169\" srcset=\"https:\/\/loymax.io\/wp-content\/uploads\/2022\/09\/kfc-logo-300x169.png 300w, https:\/\/loymax.io\/wp-content\/uploads\/2022\/09\/kfc-logo-1024x576.png 1024w, https:\/\/loymax.io\/wp-content\/uploads\/2022\/09\/kfc-logo-768x432.png 768w, https:\/\/loymax.io\/wp-content\/uploads\/2022\/09\/kfc-logo-1536x864.png 1536w, https:\/\/loymax.io\/wp-content\/uploads\/2022\/09\/kfc-logo-2048x1152.png 2048w\" sizes=\"auto, (max-width: 300px) 100vw, 300px\" \/><\/div>\r\n<\/div>\r\n<div class=\"col-lg-2 col-md-2 col-sm-6 col-xs-6\">\r\n<div class=\"material\"><img loading=\"lazy\" decoding=\"async\" class=\"alignnone size-medium wp-image-5559\" src=\"https:\/\/loymax.io\/wp-content\/uploads\/2022\/09\/prisma-logo-300x169.png\" alt=\"\" width=\"300\" height=\"169\" srcset=\"https:\/\/loymax.io\/wp-content\/uploads\/2022\/09\/prisma-logo-300x169.png 300w, https:\/\/loymax.io\/wp-content\/uploads\/2022\/09\/prisma-logo-1024x576.png 1024w, https:\/\/loymax.io\/wp-content\/uploads\/2022\/09\/prisma-logo-768x432.png 768w, https:\/\/loymax.io\/wp-content\/uploads\/2022\/09\/prisma-logo-1536x864.png 1536w, https:\/\/loymax.io\/wp-content\/uploads\/2022\/09\/prisma-logo-2048x1152.png 2048w\" sizes=\"auto, (max-width: 300px) 100vw, 300px\" \/>\u00a0<\/div>\r\n<\/div>\r\n<div class=\"col-lg-2 col-md-2 col-sm-6 col-xs-6\">\r\n<div class=\"material\"><img loading=\"lazy\" decoding=\"async\" class=\"alignnone size-full wp-image-2618\" src=\"https:\/\/loymax.ru\/wp-content\/uploads\/2022\/06\/bns-1.svg\" alt=\"\" width=\"353\" height=\"85\" \/><\/div>\r\n<\/div>\r\n<\/div>\r\n<\/div>\r\n<\/div>\r\n<\/div>\r\n<\/section>\r\n<section class=\"block3\">\r\n<div class=\"container\">\r\n<div class=\"row\">\r\n<div class=\"col-sm-4\">\r\n<div class=\"who-block\">\r\n<div class=\"who-block-img\"><img decoding=\"async\" alt=\"Icon1\" src=\"\/wp-content\/uploads\/2021\/12\/icon1.svg\" \/><\/div>\r\n<h4>5 n\u0103m<\/h4>\r\n<p>Th\u00e0nh l\u1eadp v\u00e0o n\u0103m 2019<\/p>\r\n<\/div>\r\n<\/div>\r\n<div class=\"col-sm-4\">\r\n<div class=\"who-block\">\r\n<div class=\"who-block-img\"><img decoding=\"async\" alt=\"Icon2\" src=\"\/wp-content\/uploads\/2021\/12\/icon2.svg\" \/><\/div>\r\n<h4>25.000+<\/h4>\r\n<p>H\u01a1n 25.000 c\u1eeda h\u00e0ng<\/p>\r\n<\/div>\r\n<\/div>\r\n<div class=\"col-sm-4\">\r\n<div class=\"who-block\">\r\n<div class=\"who-block-img\"><img decoding=\"async\" alt=\"Icon3\" src=\"\/wp-content\/uploads\/2021\/12\/icon3.svg\" \/><\/div>\r\n<h4>100.000+<\/h4>\r\n<p>H\u01a1n 100.000 \u0111i\u1ec3m b\u00e1n h\u00e0ng (PoS)<\/p>\r\n<\/div>\r\n<\/div>\r\n<\/div>\r\n<\/div>\r\n<\/section>\r\n<section class=\"block4\">\r\n<div class=\"container\">\r\n<div class=\"row\">\r\n<div class=\"col-sm-12 hfg-item-center\"><img loading=\"lazy\" decoding=\"async\" class=\"alignnone size-full wp-image-5526\" src=\"https:\/\/loymax.io\/wp-content\/uploads\/2022\/08\/bottom-image-main-002.png\" alt=\"\" width=\"994\" height=\"342\" srcset=\"https:\/\/loymax.io\/wp-content\/uploads\/2022\/08\/bottom-image-main-002.png 994w, https:\/\/loymax.io\/wp-content\/uploads\/2022\/08\/bottom-image-main-002-300x103.png 300w, https:\/\/loymax.io\/wp-content\/uploads\/2022\/08\/bottom-image-main-002-768x264.png 768w\" sizes=\"auto, (max-width: 994px) 100vw, 994px\" \/><\/div>\r\n<\/div>\r\n<\/div>\r\n<div class=\"container\">\r\n<div class=\"row\">\r\n<div class=\"col-sm-12\">\r\n<h2>Gi\u1edbi thi\u1ec7u v\u1ec1 ch\u00fang t\u00f4i<\/h2>\r\n<\/div>\r\n<\/div>\r\n<div class=\"row\">\r\n<div class=\"col-sm-6\">\r\n<p>Ch\u00fang t\u00f4i gi\u00fap c\u00e1c c\u00f4ng ty tri\u1ec3n khai c\u00e1c ch\u01b0\u01a1ng tr\u00ecnh kh\u00e1ch h\u00e0ng th\u00e2n thi\u1ebft v\u00e0 t\u1ef1 \u0111\u1ed9ng h\u00f3a ho\u1ea1t \u0111\u1ed9ng ti\u1ebfp th\u1ecb. Ch\u00fang t\u00f4i lu\u00f4n s\u1eb5n l\u00f2ng tr\u1ea3 l\u1eddi c\u00e2u h\u1ecfi c\u1ee7a b\u1ea1n v\u1ec1 c\u00e1c ch\u01b0\u01a1ng tr\u00ecnh kh\u00e1ch h\u00e0ng th\u00e2n thi\u1ebft v\u00e0 c\u00e1ch ch\u00fang c\u00f3 th\u1ec3 b\u1ea1n t\u0103ng \u0111\u00e1ng k\u1ec3 doanh thu c\u1ee7a m\u00ecnh. K\u1ec3 t\u1eeb n\u0103m 2010, ch\u00fang t\u00f4i gi\u00fap kh\u00e1ch h\u00e0ng t\u00edch h\u1ee3p n\u1ec1n t\u1ea3ng qu\u1ea3n l\u00fd kh\u00e1ch h\u00e0ng th\u00e2n thi\u1ebft v\u00e0 t\u1ef1 \u0111\u1ed9ng h\u00f3a ho\u1ea1t \u0111\u1ed9ng truy\u1ec1n th\u00f4ng ti\u1ebfp th\u1ecb, nh\u1edd \u0111\u00f3<strong> l\u1ee3i nhu\u1eadn c\u1ee7a h\u1ecd \u0111\u00e3 t\u0103ng l\u00ean \u0111\u00e1ng k\u1ec3<\/strong>.<\/p>\r\n<div class=\"button-bottom\"><a class=\"btn-block3\" href=\"https:\/\/loymax.io\/ar\/about-us\/\">T\u00ecm hi\u1ec3u th\u00eam<\/a><\/div>\r\n<\/div>\r\n<div class=\"col-sm-6\">\r\n<h2 class=\"footer-h2\">Ch\u00fang t\u00f4i t\u1ef1 h\u00e0o v\u1ec1 vi\u1ec7c kh\u00e1ch h\u00e0ng c\u00f3 th\u1ec3 t\u0103ng l\u1ee3i nhu\u1eadn khi s\u1eed d\u1ee5ng d\u1ecbch v\u1ee5 c\u1ee7a ch\u00fang t\u00f4i!<\/h2>\r\n<\/div>\r\n<\/div>\r\n<div class=\"row\">\r\n<div class=\"col-sm-12\"><hr \/><\/div>\r\n<\/div>\r\n<div class=\"row\">\r\n<div class=\"col-sm-12\"><\/div>\r\n<\/div>\r\n<\/div>\r\n<\/section>\r\n\r\n\r\n\r\n<p>&nbsp;<\/p>\r\n","protected":false},"excerpt":{"rendered":"<p>N\u1ec1n t\u1ea3ng t\u1ef1 \u0111\u1ed9ng h\u00f3a ti\u1ebfp th\u1ecb v\u00e0 qu\u1ea3n l\u00fd kh\u00e1ch h\u00e0ng th\u00e2n thi\u1ebft T\u1ef1 \u0111\u1ed9ng h\u00f3a truy\u1ec1n th\u00f4ng ti\u1ebfp th\u1ecb v\u00e0 t\u1ea1o qu\u1ea3ng c\u00e1o c\u00e1 nh\u00e2n th\u1ef1c s\u1ef1 b\u1eb1ng c\u00f4ng ngh\u1ec7 Tr\u00ed tu\u1ec7 nh\u00e2n t\u1ea1o (AI) v\u00e0 H\u1ecdc m\u00e1y (Machine Learning) Li\u00ean h\u1ec7 v\u1edbi ch\u00fang t\u00f4i Tr\u00ecnh\u00a0duy\u1ec7t c\u1ee7a b\u1ea1n kh\u00f4ng h\u1ed7 tr\u1ee3 video HTML5.&hellip;&nbsp;<a href=\"https:\/\/loymax.io\/vi\/\" class=\"\" rel=\"bookmark\">Read More &raquo;<span class=\"screen-reader-text\">Trang ch\u1ee7<\/span><\/a><\/p>\n","protected":false},"author":1,"featured_media":13186,"parent":0,"menu_order":31,"comment_status":"closed","ping_status":"open","template":"","meta":{"_acf_changed":false,"content-type":"","footnotes":""},"class_list":["post-13181","page","type-page","status-publish","has-post-thumbnail","hentry"],"acf":[],"yoast_head":"<!-- This site is optimized with the Yoast SEO plugin v27.3 - https:\/\/yoast.com\/product\/yoast-seo-wordpress\/ -->\n<title>Loymax Solutions<\/title>\n<meta name=\"description\" content=\"T\u1ef1 \u0111\u1ed9ng h\u00f3a truy\u1ec1n th\u00f4ng ti\u1ebfp th\u1ecb v\u00e0 t\u1ea1o qu\u1ea3ng c\u00e1o c\u00e1 nh\u00e2n th\u1ef1c s\u1ef1 b\u1eb1ng c\u00f4ng ngh\u1ec7 Tr\u00ed tu\u1ec7 nh\u00e2n t\u1ea1o (AI) v\u00e0 H\u1ecdc m\u00e1y (Machine Learning)\u00a0\" \/>\n<meta name=\"robots\" content=\"index, follow, max-snippet:-1, max-image-preview:large, max-video-preview:-1\" \/>\n<link rel=\"canonical\" href=\"https:\/\/loymax.io\/vi\/\" \/>\n<meta property=\"og:locale\" content=\"vi_VN\" \/>\n<meta property=\"og:type\" content=\"article\" \/>\n<meta property=\"og:title\" content=\"Loymax Solutions\" \/>\n<meta property=\"og:description\" content=\"T\u1ef1 \u0111\u1ed9ng h\u00f3a truy\u1ec1n th\u00f4ng ti\u1ebfp th\u1ecb v\u00e0 t\u1ea1o qu\u1ea3ng c\u00e1o c\u00e1 nh\u00e2n th\u1ef1c s\u1ef1 b\u1eb1ng c\u00f4ng ngh\u1ec7 Tr\u00ed tu\u1ec7 nh\u00e2n t\u1ea1o (AI) v\u00e0 H\u1ecdc m\u00e1y (Machine Learning)\u00a0\" \/>\n<meta property=\"og:url\" content=\"https:\/\/loymax.io\/vi\/\" \/>\n<meta property=\"og:site_name\" content=\"Loymax\" \/>\n<meta property=\"article:modified_time\" content=\"2025-10-27T14:12:43+00:00\" \/>\n<meta property=\"og:image\" content=\"https:\/\/loymax.io\/wp-content\/uploads\/2022\/06\/icon.png\" \/>\n\t<meta property=\"og:image:width\" content=\"427\" \/>\n\t<meta property=\"og:image:height\" content=\"453\" \/>\n\t<meta property=\"og:image:type\" content=\"image\/png\" \/>\n<meta name=\"twitter:card\" content=\"summary_large_image\" \/>\n<meta name=\"twitter:label1\" content=\"Est. reading time\" \/>\n\t<meta name=\"twitter:data1\" content=\"6 minutes\" \/>\n<script type=\"application\/ld+json\" class=\"yoast-schema-graph\">{\"@context\":\"https:\\\/\\\/schema.org\",\"@graph\":[{\"@type\":\"WebPage\",\"@id\":\"https:\\\/\\\/loymax.io\\\/vi\\\/\",\"url\":\"https:\\\/\\\/loymax.io\\\/vi\\\/\",\"name\":\"Loymax Solutions\",\"isPartOf\":{\"@id\":\"https:\\\/\\\/loymax.io\\\/vi\\\/#website\"},\"primaryImageOfPage\":{\"@id\":\"https:\\\/\\\/loymax.io\\\/vi\\\/#primaryimage\"},\"image\":{\"@id\":\"https:\\\/\\\/loymax.io\\\/vi\\\/#primaryimage\"},\"thumbnailUrl\":\"https:\\\/\\\/loymax.io\\\/wp-content\\\/uploads\\\/2022\\\/06\\\/icon.png\",\"datePublished\":\"2020-06-17T08:41:45+00:00\",\"dateModified\":\"2025-10-27T14:12:43+00:00\",\"description\":\"T\u1ef1 \u0111\u1ed9ng h\u00f3a truy\u1ec1n th\u00f4ng ti\u1ebfp th\u1ecb v\u00e0 t\u1ea1o qu\u1ea3ng c\u00e1o c\u00e1 nh\u00e2n th\u1ef1c s\u1ef1 b\u1eb1ng c\u00f4ng ngh\u1ec7 Tr\u00ed tu\u1ec7 nh\u00e2n t\u1ea1o (AI) v\u00e0 H\u1ecdc m\u00e1y (Machine Learning)\u00a0\",\"breadcrumb\":{\"@id\":\"https:\\\/\\\/loymax.io\\\/vi\\\/#breadcrumb\"},\"inLanguage\":\"vi-VN\",\"potentialAction\":[{\"@type\":\"ReadAction\",\"target\":[\"https:\\\/\\\/loymax.io\\\/vi\\\/\"]}]},{\"@type\":\"ImageObject\",\"inLanguage\":\"vi-VN\",\"@id\":\"https:\\\/\\\/loymax.io\\\/vi\\\/#primaryimage\",\"url\":\"https:\\\/\\\/loymax.io\\\/wp-content\\\/uploads\\\/2022\\\/06\\\/icon.png\",\"contentUrl\":\"https:\\\/\\\/loymax.io\\\/wp-content\\\/uploads\\\/2022\\\/06\\\/icon.png\",\"width\":427,\"height\":453,\"caption\":\"loymax ,oyalty\"},{\"@type\":\"BreadcrumbList\",\"@id\":\"https:\\\/\\\/loymax.io\\\/vi\\\/#breadcrumb\",\"itemListElement\":[{\"@type\":\"ListItem\",\"position\":1,\"name\":\"\u0413\u043b\u0430\u0432\u043d\u0430\u044f \u0441\u0442\u0440\u0430\u043d\u0438\u0446\u0430\",\"item\":\"https:\\\/\\\/loymax.io\\\/vi\\\/\"},{\"@type\":\"ListItem\",\"position\":2,\"name\":\"Trang ch\u1ee7\"}]},{\"@type\":\"WebSite\",\"@id\":\"https:\\\/\\\/loymax.io\\\/vi\\\/#website\",\"url\":\"https:\\\/\\\/loymax.io\\\/vi\\\/\",\"name\":\"Loymax\",\"description\":\"Loyalty Management and Marketing Automation Platform\",\"publisher\":{\"@id\":\"https:\\\/\\\/loymax.io\\\/vi\\\/#organization\"},\"potentialAction\":[{\"@type\":\"SearchAction\",\"target\":{\"@type\":\"EntryPoint\",\"urlTemplate\":\"https:\\\/\\\/loymax.io\\\/vi\\\/?s={search_term_string}\"},\"query-input\":{\"@type\":\"PropertyValueSpecification\",\"valueRequired\":true,\"valueName\":\"search_term_string\"}}],\"inLanguage\":\"vi-VN\"},{\"@type\":\"Organization\",\"@id\":\"https:\\\/\\\/loymax.io\\\/vi\\\/#organization\",\"name\":\"Loymax\",\"url\":\"https:\\\/\\\/loymax.io\\\/vi\\\/\",\"logo\":{\"@type\":\"ImageObject\",\"inLanguage\":\"vi-VN\",\"@id\":\"https:\\\/\\\/loymax.io\\\/vi\\\/#\\\/schema\\\/logo\\\/image\\\/\",\"url\":\"https:\\\/\\\/loymax.io\\\/wp-content\\\/uploads\\\/2024\\\/09\\\/cropped-cropped-loymax-mt-logo.jpg\",\"contentUrl\":\"https:\\\/\\\/loymax.io\\\/wp-content\\\/uploads\\\/2024\\\/09\\\/cropped-cropped-loymax-mt-logo.jpg\",\"width\":1359,\"height\":417,\"caption\":\"Loymax\"},\"image\":{\"@id\":\"https:\\\/\\\/loymax.io\\\/vi\\\/#\\\/schema\\\/logo\\\/image\\\/\"}}]}<\/script>\n<!-- \/ Yoast SEO plugin. -->","yoast_head_json":{"title":"Loymax Solutions","description":"T\u1ef1 \u0111\u1ed9ng h\u00f3a truy\u1ec1n th\u00f4ng ti\u1ebfp th\u1ecb v\u00e0 t\u1ea1o qu\u1ea3ng c\u00e1o c\u00e1 nh\u00e2n th\u1ef1c s\u1ef1 b\u1eb1ng c\u00f4ng ngh\u1ec7 Tr\u00ed tu\u1ec7 nh\u00e2n t\u1ea1o (AI) v\u00e0 H\u1ecdc m\u00e1y (Machine Learning)\u00a0","robots":{"index":"index","follow":"follow","max-snippet":"max-snippet:-1","max-image-preview":"max-image-preview:large","max-video-preview":"max-video-preview:-1"},"canonical":"https:\/\/loymax.io\/vi\/","og_locale":"vi_VN","og_type":"article","og_title":"Loymax Solutions","og_description":"T\u1ef1 \u0111\u1ed9ng h\u00f3a truy\u1ec1n th\u00f4ng ti\u1ebfp th\u1ecb v\u00e0 t\u1ea1o qu\u1ea3ng c\u00e1o c\u00e1 nh\u00e2n th\u1ef1c s\u1ef1 b\u1eb1ng c\u00f4ng ngh\u1ec7 Tr\u00ed tu\u1ec7 nh\u00e2n t\u1ea1o (AI) v\u00e0 H\u1ecdc m\u00e1y (Machine Learning)\u00a0","og_url":"https:\/\/loymax.io\/vi\/","og_site_name":"Loymax","article_modified_time":"2025-10-27T14:12:43+00:00","og_image":[{"width":427,"height":453,"url":"https:\/\/loymax.io\/wp-content\/uploads\/2022\/06\/icon.png","type":"image\/png"}],"twitter_card":"summary_large_image","twitter_misc":{"Est. reading time":"6 minutes"},"schema":{"@context":"https:\/\/schema.org","@graph":[{"@type":"WebPage","@id":"https:\/\/loymax.io\/vi\/","url":"https:\/\/loymax.io\/vi\/","name":"Loymax Solutions","isPartOf":{"@id":"https:\/\/loymax.io\/vi\/#website"},"primaryImageOfPage":{"@id":"https:\/\/loymax.io\/vi\/#primaryimage"},"image":{"@id":"https:\/\/loymax.io\/vi\/#primaryimage"},"thumbnailUrl":"https:\/\/loymax.io\/wp-content\/uploads\/2022\/06\/icon.png","datePublished":"2020-06-17T08:41:45+00:00","dateModified":"2025-10-27T14:12:43+00:00","description":"T\u1ef1 \u0111\u1ed9ng h\u00f3a truy\u1ec1n th\u00f4ng ti\u1ebfp th\u1ecb v\u00e0 t\u1ea1o qu\u1ea3ng c\u00e1o c\u00e1 nh\u00e2n th\u1ef1c s\u1ef1 b\u1eb1ng c\u00f4ng ngh\u1ec7 Tr\u00ed tu\u1ec7 nh\u00e2n t\u1ea1o (AI) v\u00e0 H\u1ecdc m\u00e1y (Machine Learning)\u00a0","breadcrumb":{"@id":"https:\/\/loymax.io\/vi\/#breadcrumb"},"inLanguage":"vi-VN","potentialAction":[{"@type":"ReadAction","target":["https:\/\/loymax.io\/vi\/"]}]},{"@type":"ImageObject","inLanguage":"vi-VN","@id":"https:\/\/loymax.io\/vi\/#primaryimage","url":"https:\/\/loymax.io\/wp-content\/uploads\/2022\/06\/icon.png","contentUrl":"https:\/\/loymax.io\/wp-content\/uploads\/2022\/06\/icon.png","width":427,"height":453,"caption":"loymax ,oyalty"},{"@type":"BreadcrumbList","@id":"https:\/\/loymax.io\/vi\/#breadcrumb","itemListElement":[{"@type":"ListItem","position":1,"name":"\u0413\u043b\u0430\u0432\u043d\u0430\u044f \u0441\u0442\u0440\u0430\u043d\u0438\u0446\u0430","item":"https:\/\/loymax.io\/vi\/"},{"@type":"ListItem","position":2,"name":"Trang ch\u1ee7"}]},{"@type":"WebSite","@id":"https:\/\/loymax.io\/vi\/#website","url":"https:\/\/loymax.io\/vi\/","name":"Loymax","description":"Loyalty Management and Marketing Automation Platform","publisher":{"@id":"https:\/\/loymax.io\/vi\/#organization"},"potentialAction":[{"@type":"SearchAction","target":{"@type":"EntryPoint","urlTemplate":"https:\/\/loymax.io\/vi\/?s={search_term_string}"},"query-input":{"@type":"PropertyValueSpecification","valueRequired":true,"valueName":"search_term_string"}}],"inLanguage":"vi-VN"},{"@type":"Organization","@id":"https:\/\/loymax.io\/vi\/#organization","name":"Loymax","url":"https:\/\/loymax.io\/vi\/","logo":{"@type":"ImageObject","inLanguage":"vi-VN","@id":"https:\/\/loymax.io\/vi\/#\/schema\/logo\/image\/","url":"https:\/\/loymax.io\/wp-content\/uploads\/2024\/09\/cropped-cropped-loymax-mt-logo.jpg","contentUrl":"https:\/\/loymax.io\/wp-content\/uploads\/2024\/09\/cropped-cropped-loymax-mt-logo.jpg","width":1359,"height":417,"caption":"Loymax"},"image":{"@id":"https:\/\/loymax.io\/vi\/#\/schema\/logo\/image\/"}}]}},"_links":{"self":[{"href":"https:\/\/loymax.io\/vi\/wp-json\/wp\/v2\/pages\/13181","targetHints":{"allow":["GET"]}}],"collection":[{"href":"https:\/\/loymax.io\/vi\/wp-json\/wp\/v2\/pages"}],"about":[{"href":"https:\/\/loymax.io\/vi\/wp-json\/wp\/v2\/types\/page"}],"author":[{"embeddable":true,"href":"https:\/\/loymax.io\/vi\/wp-json\/wp\/v2\/users\/1"}],"replies":[{"embeddable":true,"href":"https:\/\/loymax.io\/vi\/wp-json\/wp\/v2\/comments?post=13181"}],"version-history":[{"count":20,"href":"https:\/\/loymax.io\/vi\/wp-json\/wp\/v2\/pages\/13181\/revisions"}],"predecessor-version":[{"id":27199,"href":"https:\/\/loymax.io\/vi\/wp-json\/wp\/v2\/pages\/13181\/revisions\/27199"}],"wp:featuredmedia":[{"embeddable":true,"href":"https:\/\/loymax.io\/vi\/wp-json\/wp\/v2\/media\/13186"}],"wp:attachment":[{"href":"https:\/\/loymax.io\/vi\/wp-json\/wp\/v2\/media?parent=13181"}],"curies":[{"name":"wp","href":"https:\/\/api.w.org\/{rel}","templated":true}]}}