{"id":13312,"date":"2022-04-28T19:26:50","date_gmt":"2022-04-28T17:26:50","guid":{"rendered":"https:\/\/loymax.io\/?page_id=13312"},"modified":"2024-09-06T11:46:14","modified_gmt":"2024-09-06T09:46:14","slug":"loymax-bi","status":"publish","type":"page","link":"https:\/\/loymax.io\/vi\/loymax-bi\/","title":{"rendered":"Kinh doanh th\u00f4ng minh (BI)"},"content":{"rendered":"\r\n<section class=\"block-main block-solutions\">\r\n<div class=\"container\">\r\n<div class=\"row\">\r\n<div class=\"col-sm-5 paragraph1\">\r\n<h1 class=\"badge\">Kinh doanh th\u00f4ng minh (BI)<\/h1>\r\n<div>Gi\u00fap hi\u1ec3u d\u1eef li\u1ec7u c\u1ee7a b\u1ea1n \u0111\u1ec3 \u0111\u01b0a ra quy\u1ebft \u0111\u1ecbnh t\u1ed1t h\u01a1n v\u00e0 t\u0103ng doanh s\u1ed1 b\u00e1n h\u00e0ng.<\/div>\r\n<div class=\"buttons\"><a class=\"btn-block3 js-scroll-trigger\" href=\"#site-footer\">Li\u00ean h\u1ec7 v\u1edbi ch\u00fang t\u00f4i<\/a><\/div>\r\n<\/div>\r\n<div class=\"col-sm-7\"><img decoding=\"async\" alt=\"Bi Main\" src=\"\/wp-content\/uploads\/2022\/04\/bi_main.svg\"\/><\/div>\r\n<\/div>\r\n<\/div>\r\n<\/section>\r\n<div class=\"container\">\r\n<section class=\"faq-block\">\r\n<div class=\"row\">\r\n<div class=\"col-sm-5\">\r\n<p class=\"solution-text-header\">M\u00f4-\u0111un n\u00e0y cho ph\u00e9p b\u1ea1n x\u00e1c \u0111\u1ecbnh c\u00e1c m\u00f4 h\u00ecnh mua h\u00e0ng v\u00e0 h\u00e0nh vi kh\u00e1ch h\u00e0ng \u0111i\u1ec3n h\u00ecnh, t\u1ea1o c\u00e1c \u01b0u \u0111\u00e3i ph\u00f9 h\u1ee3p cho c\u00e1c ph\u00e2n kh\u00fac kh\u00e1c nhau, x\u00e2y d\u1ef1ng k\u00eanh b\u00e1n h\u00e0ng, t\u0103ng chuy\u1ec3n \u0111\u1ed5i, v.v.<\/p>\r\n<!-- <h2>\u0412\u0438\u0434\u0435\u043e\u043e\u0431\u0437\u043e\u0440<\/h2> -->\r\n<div class=\"video-block\"><!--  <div><iframe src=\"https:\/\/player.vimeo.com\/video\/656065746?h=e12a1500ed&color=2A78EC&title=0&byline=0&portrait=0\" frameborder=\"0\" allowfullscreen=\"allowfullscreen\"><\/iframe><\/div>\r\n<script src=\"https:\/\/player.vimeo.com\/api\/player.js\"><\/script> --><\/div>\r\n<p class=\"after-video\" style=\"opacity: 0;\">Cung c\u1ea5p ch\u01b0\u01a1ng tr\u00ecnh gi\u1ea3m gi\u00e1<\/p>\r\n<\/div>\r\n<div class=\"col-sm-7 right-faq\">\r\n<div class=\"faq faq2\">\r\n<h3>Truy c\u1eadp t\u1ee9c th\u00ec v\u00e0o d\u1eef li\u1ec7u quan tr\u1ecdng. Y\u00eau c\u1ea7u \u0111\u1eb7c bi\u1ec7t.<\/h3>\r\n<hr\/><\/div>\r\n<div class=\"faq faq2\">\r\n<h3>Kh\u1ea3 n\u0103ng x\u1eed l\u00fd d\u1eef li\u1ec7u v\u00e0 ki\u1ec3m tra c\u00e1c gi\u1ea3 thuy\u1ebft trong giao di\u1ec7n tr\u1ef1c quan v\u00e0 th\u00e2n thi\u1ec7n v\u1edbi ng\u01b0\u1eddi d\u00f9ng.<\/h3>\r\n<hr\/><\/div>\r\n<div class=\"faq faq2\">\r\n<h3>B\u00e1o c\u00e1o ph\u00e2n t\u00edch \u0111\u01b0\u1ee3c c\u1ea5u h\u00ecnh s\u1eb5n tr\u00ean c\u00e1c kh\u1ed1i d\u1ef1a tr\u00ean b\u1ea3ng \u0111i\u1ec1u khi\u1ec3n Excel, PowerBI.<\/h3>\r\n<hr\/><\/div>\r\n<div class=\"faq faq2\">\r\n<h3>Ph\u00e2n kh\u00fac kh\u00e1ch h\u00e0ng theo th\u00f4ng s\u1ed1 b\u1ea5t k\u1ef3 v\u00e0 qu\u1ea3n l\u00fd ph\u00e2n kh\u00fac.<\/h3>\r\n<hr\/><\/div>\r\n<!-- <div class=\"faq faq2\">\r\n <h3>Preconfigured analytics<\/h3>\r\n<hr \/><\/div>-->\r\n<div class=\"faq faq2\">\r\n<h3>T\u1ef1 \u0111\u1ed9ng ph\u00e2n kh\u00fac nhi\u1ec1u kh\u00e1ch h\u00e0ng.<\/h3>\r\n<hr\/><\/div>\r\n<div class=\"faq faq2\">\r\n<h3>T\u1ef1 \u0111\u1ed9ng t\u1ea1o b\u00e1o c\u00e1o \u1edf c\u00e1c ph\u1ea7n kh\u00e1c nhau.<\/h3>\r\n<hr\/><\/div>\r\n<div class=\"faq faq2\">\r\n<h3>H\u00ecnh th\u00e0nh h\u1ec7 th\u1ed1ng th\u01b0\u1edbc \u0111o \u0111\u1ec3 \u0111\u00e1nh gi\u00e1 ch\u1ea5t l\u01b0\u1ee3ng c\u1ee7a ch\u01b0\u01a1ng tr\u00ecnh kh\u00e1ch h\u00e0ng th\u00e2n thi\u1ebft.<\/h3>\r\n<hr\/><\/div>\r\n<div class=\"faq faq2\">\r\n<h3>Ph\u00e2n t\u00edch t\u1ed5 h\u1ee3p<\/h3>\r\n<hr\/><\/div>\r\n<!-- <div class=\"faq faq2\">\r\n<h3>\u0421\u043e\u0432\u043c\u0435\u0441\u0442\u043d\u044b\u0435 \u043f\u043e\u043a\u0443\u043f\u043a\u0438.<\/h3>\r\n<hr \/><\/div>-->\r\n<div class=\"faq faq2\">\r\n<h3>ABC XYZ<\/h3>\r\n<\/div>\r\n<\/div>\r\n<\/div>\r\n<\/section>\r\n<section class=\"faq-block faq-block3\">\r\n<div class=\"container\">\r\n<div class=\"row\">\r\n<div class=\"col-sm-6\">\r\n<div class=\"modules2 modules3\">\r\n<h3>Lo\u1ea1i ph\u00e2n kh\u00fac<\/h3>\r\n<ul>\r\n<li>Ph\u00e2n kh\u00fac theo s\u1ed1 ti\u1ec1n c\u1ee7a h\u00f3a \u0111\u01a1n, t\u1ea7n su\u1ea5t mua h\u00e0ng, th\u1eddi l\u01b0\u1ee3ng h\u00f3a \u0111\u01a1n.<\/li>\r\n<li>Ph\u00e2n kh\u00fac nh\u1ecb ph\u00e2n.<\/li>\r\n<li>Ph\u00e2n kh\u00fac theo RFM &#038; BCG.<\/li>\r\n<li>Phong c\u00e1ch s\u1ed1ng.<\/li>\r\n<li>Ph\u00e2n kh\u00fac d\u1ef1a tr\u00ean \u0111\u1ed9 nh\u1ea1y v\u1edbi c\u00e1c ch\u01b0\u01a1ng tr\u00ecnh khuy\u1ebfn m\u00e3i.<\/li>\r\n<\/ul>\r\n<\/div>\r\n<\/div>\r\n<div class=\"col-sm-6\">\r\n<div class=\"modules2 modules3\">\r\n<h3>Tr\u1ef1c quan h\u00f3a d\u1eef li\u1ec7u linh ho\u1ea1t<\/h3>\r\n<ul>\r\n<li>Tr\u00ecnh t\u1ea1o b\u00e1o c\u00e1o t\u01b0\u01a1ng t\u00e1c.<\/li>\r\n<li>B\u1ea3ng t\u01b0\u01a1ng t\u00e1c\/B\u1ea3ng \u0111i\u1ec1u khi\u1ec3n.<\/li>\r\n<li>H\u01a1n 40 b\u00e1o c\u00e1o \u0111\u01b0\u1ee3c c\u1ea5u h\u00ecnh s\u1eb5n: ch\u01b0\u01a1ng tr\u00ecnh kh\u00e1ch h\u00e0ng th\u00e2n thi\u1ebft (11 b\u00e1o c\u00e1o), ph\u00e2n kh\u00fac (4 b\u00e1o c\u00e1o), chi\u1ebfn d\u1ecbch ti\u1ebfp th\u1ecb (8 b\u00e1o c\u00e1o), b\u00e1n h\u00e0ng (4 b\u00e1o c\u00e1o), truy\u1ec1n th\u00f4ng (2 b\u00e1o c\u00e1o), gi\u1edbi h\u1ea1n (2 b\u00e1o c\u00e1o), L\u1eeba \u0111\u1ea3o (2 b\u00e1o c\u00e1o) ), thanh to\u00e1n ti\u1ec1n th\u01b0\u1edfng cho t\u1ed5 ch\u1ee9c\/li\u00ean minh (2 b\u00e1o c\u00e1o).<\/li>\r\n<\/ul>\r\n<\/div>\r\n<\/div>\r\n<\/div>\r\n<\/div>\r\n<\/section>\r\n<\/div>\r\n<div class=\"solutions-background\" style=\"padding-bottom: 100px;\">\r\n<div class=\"container\">\r\n<section class=\"full-width\">\r\n<div class=\"row\">\r\n<div class=\"col-sm-12\">\r\n<div class=\"arrow-class\">\u00a0<\/div>\r\n<div class=\"about-slider2\">\r\n<div><img loading=\"lazy\" decoding=\"async\" class=\"alignnone size-full wp-image-5566\" src=\"https:\/\/loymax.io\/wp-content\/uploads\/2022\/09\/bi001.png\" alt=\"\" width=\"620\" height=\"372\" srcset=\"https:\/\/loymax.io\/wp-content\/uploads\/2022\/09\/bi001.png 620w, https:\/\/loymax.io\/wp-content\/uploads\/2022\/09\/bi001-300x180.png 300w\" sizes=\"auto, (max-width: 620px) 100vw, 620px\" \/><\/div>\r\n<div><img loading=\"lazy\" decoding=\"async\" class=\"alignnone size-full wp-image-5567\" src=\"https:\/\/loymax.io\/wp-content\/uploads\/2022\/09\/bi002.png\" alt=\"\" width=\"620\" height=\"372\" srcset=\"https:\/\/loymax.io\/wp-content\/uploads\/2022\/09\/bi002.png 620w, https:\/\/loymax.io\/wp-content\/uploads\/2022\/09\/bi002-300x180.png 300w\" sizes=\"auto, (max-width: 620px) 100vw, 620px\" \/><\/div>\r\n<div><img loading=\"lazy\" decoding=\"async\" class=\"alignnone size-full wp-image-5568\" src=\"https:\/\/loymax.io\/wp-content\/uploads\/2022\/09\/bi003.png\" alt=\"\" width=\"620\" height=\"372\" srcset=\"https:\/\/loymax.io\/wp-content\/uploads\/2022\/09\/bi003.png 620w, https:\/\/loymax.io\/wp-content\/uploads\/2022\/09\/bi003-300x180.png 300w\" sizes=\"auto, (max-width: 620px) 100vw, 620px\" \/><\/div>\r\n<div><img loading=\"lazy\" decoding=\"async\" class=\"alignnone size-full wp-image-5569\" src=\"https:\/\/loymax.io\/wp-content\/uploads\/2022\/09\/bi004.png\" alt=\"\" width=\"620\" height=\"372\" srcset=\"https:\/\/loymax.io\/wp-content\/uploads\/2022\/09\/bi004.png 620w, https:\/\/loymax.io\/wp-content\/uploads\/2022\/09\/bi004-300x180.png 300w\" sizes=\"auto, (max-width: 620px) 100vw, 620px\" \/><\/div>\r\n<div class=\"hidden-xs\">\u00a0<\/div>\r\n<\/div>\r\n<\/div>\r\n<\/div>\r\n<\/section>\r\n<\/div>\r\n<\/div>\r\n","protected":false},"excerpt":{"rendered":"<p>Kinh doanh th\u00f4ng minh (BI) Gi\u00fap hi\u1ec3u d\u1eef li\u1ec7u c\u1ee7a b\u1ea1n \u0111\u1ec3 \u0111\u01b0a ra quy\u1ebft \u0111\u1ecbnh t\u1ed1t h\u01a1n v\u00e0 t\u0103ng doanh s\u1ed1 b\u00e1n h\u00e0ng. Li\u00ean h\u1ec7 v\u1edbi ch\u00fang t\u00f4i M\u00f4-\u0111un n\u00e0y cho ph\u00e9p b\u1ea1n x\u00e1c \u0111\u1ecbnh c\u00e1c m\u00f4 h\u00ecnh mua h\u00e0ng v\u00e0 h\u00e0nh vi kh\u00e1ch h\u00e0ng \u0111i\u1ec3n h\u00ecnh, t\u1ea1o c\u00e1c \u01b0u \u0111\u00e3i ph\u00f9 h\u1ee3p cho&hellip;&nbsp;<a href=\"https:\/\/loymax.io\/vi\/loymax-bi\/\" class=\"\" rel=\"bookmark\">Read More &raquo;<span class=\"screen-reader-text\">Kinh doanh th\u00f4ng minh (BI)<\/span><\/a><\/p>\n","protected":false},"author":1,"featured_media":0,"parent":0,"menu_order":9,"comment_status":"closed","ping_status":"closed","template":"solutions.php","meta":{"_acf_changed":false,"content-type":"","footnotes":""},"class_list":["post-13312","page","type-page","status-publish","hentry"],"acf":[],"yoast_head":"<!-- This site is optimized with the Yoast SEO plugin v27.3 - https:\/\/yoast.com\/product\/yoast-seo-wordpress\/ -->\n<title>Kinh doanh th\u00f4ng minh (BI) - Loymax<\/title>\n<meta name=\"robots\" content=\"index, follow, max-snippet:-1, max-image-preview:large, max-video-preview:-1\" \/>\n<link rel=\"canonical\" href=\"https:\/\/loymax.io\/vi\/loymax-bi\/\" \/>\n<meta property=\"og:locale\" content=\"vi_VN\" \/>\n<meta property=\"og:type\" content=\"article\" \/>\n<meta property=\"og:title\" content=\"Kinh doanh th\u00f4ng minh (BI) - Loymax\" \/>\n<meta property=\"og:description\" content=\"Kinh doanh th\u00f4ng minh (BI) Gi\u00fap hi\u1ec3u d\u1eef li\u1ec7u c\u1ee7a b\u1ea1n \u0111\u1ec3 \u0111\u01b0a ra quy\u1ebft \u0111\u1ecbnh t\u1ed1t h\u01a1n v\u00e0 t\u0103ng doanh s\u1ed1 b\u00e1n h\u00e0ng. Li\u00ean h\u1ec7 v\u1edbi ch\u00fang t\u00f4i M\u00f4-\u0111un n\u00e0y cho ph\u00e9p b\u1ea1n x\u00e1c \u0111\u1ecbnh c\u00e1c m\u00f4 h\u00ecnh mua h\u00e0ng v\u00e0 h\u00e0nh vi kh\u00e1ch h\u00e0ng \u0111i\u1ec3n h\u00ecnh, t\u1ea1o c\u00e1c \u01b0u \u0111\u00e3i ph\u00f9 h\u1ee3p cho&hellip;&nbsp;Read More &raquo;Kinh doanh th\u00f4ng minh (BI)\" \/>\n<meta property=\"og:url\" content=\"https:\/\/loymax.io\/vi\/loymax-bi\/\" \/>\n<meta property=\"og:site_name\" content=\"Loymax\" \/>\n<meta property=\"article:modified_time\" content=\"2024-09-06T09:46:14+00:00\" \/>\n<meta property=\"og:image\" content=\"https:\/\/loymax.io\/wp-content\/uploads\/2022\/09\/bi001.png\" \/>\n<meta name=\"twitter:card\" content=\"summary_large_image\" \/>\n<meta name=\"twitter:label1\" content=\"Est. reading time\" \/>\n\t<meta name=\"twitter:data1\" content=\"4 minutes\" \/>\n<script type=\"application\/ld+json\" class=\"yoast-schema-graph\">{\"@context\":\"https:\\\/\\\/schema.org\",\"@graph\":[{\"@type\":\"WebPage\",\"@id\":\"https:\\\/\\\/loymax.io\\\/vi\\\/loymax-bi\\\/\",\"url\":\"https:\\\/\\\/loymax.io\\\/vi\\\/loymax-bi\\\/\",\"name\":\"Kinh doanh th\u00f4ng minh (BI) - Loymax\",\"isPartOf\":{\"@id\":\"https:\\\/\\\/loymax.io\\\/vi\\\/#website\"},\"primaryImageOfPage\":{\"@id\":\"https:\\\/\\\/loymax.io\\\/vi\\\/loymax-bi\\\/#primaryimage\"},\"image\":{\"@id\":\"https:\\\/\\\/loymax.io\\\/vi\\\/loymax-bi\\\/#primaryimage\"},\"thumbnailUrl\":\"https:\\\/\\\/loymax.io\\\/wp-content\\\/uploads\\\/2022\\\/09\\\/bi001.png\",\"datePublished\":\"2022-04-28T17:26:50+00:00\",\"dateModified\":\"2024-09-06T09:46:14+00:00\",\"breadcrumb\":{\"@id\":\"https:\\\/\\\/loymax.io\\\/vi\\\/loymax-bi\\\/#breadcrumb\"},\"inLanguage\":\"vi-VN\",\"potentialAction\":[{\"@type\":\"ReadAction\",\"target\":[\"https:\\\/\\\/loymax.io\\\/vi\\\/loymax-bi\\\/\"]}]},{\"@type\":\"ImageObject\",\"inLanguage\":\"vi-VN\",\"@id\":\"https:\\\/\\\/loymax.io\\\/vi\\\/loymax-bi\\\/#primaryimage\",\"url\":\"https:\\\/\\\/loymax.io\\\/wp-content\\\/uploads\\\/2022\\\/09\\\/bi001.png\",\"contentUrl\":\"https:\\\/\\\/loymax.io\\\/wp-content\\\/uploads\\\/2022\\\/09\\\/bi001.png\"},{\"@type\":\"BreadcrumbList\",\"@id\":\"https:\\\/\\\/loymax.io\\\/vi\\\/loymax-bi\\\/#breadcrumb\",\"itemListElement\":[{\"@type\":\"ListItem\",\"position\":1,\"name\":\"\u0413\u043b\u0430\u0432\u043d\u0430\u044f \u0441\u0442\u0440\u0430\u043d\u0438\u0446\u0430\",\"item\":\"https:\\\/\\\/loymax.io\\\/vi\\\/\"},{\"@type\":\"ListItem\",\"position\":2,\"name\":\"Kinh doanh th\u00f4ng minh (BI)\"}]},{\"@type\":\"WebSite\",\"@id\":\"https:\\\/\\\/loymax.io\\\/vi\\\/#website\",\"url\":\"https:\\\/\\\/loymax.io\\\/vi\\\/\",\"name\":\"Loymax\",\"description\":\"Loyalty Management and Marketing Automation Platform\",\"publisher\":{\"@id\":\"https:\\\/\\\/loymax.io\\\/vi\\\/#organization\"},\"potentialAction\":[{\"@type\":\"SearchAction\",\"target\":{\"@type\":\"EntryPoint\",\"urlTemplate\":\"https:\\\/\\\/loymax.io\\\/vi\\\/?s={search_term_string}\"},\"query-input\":{\"@type\":\"PropertyValueSpecification\",\"valueRequired\":true,\"valueName\":\"search_term_string\"}}],\"inLanguage\":\"vi-VN\"},{\"@type\":\"Organization\",\"@id\":\"https:\\\/\\\/loymax.io\\\/vi\\\/#organization\",\"name\":\"Loymax\",\"url\":\"https:\\\/\\\/loymax.io\\\/vi\\\/\",\"logo\":{\"@type\":\"ImageObject\",\"inLanguage\":\"vi-VN\",\"@id\":\"https:\\\/\\\/loymax.io\\\/vi\\\/#\\\/schema\\\/logo\\\/image\\\/\",\"url\":\"https:\\\/\\\/loymax.io\\\/wp-content\\\/uploads\\\/2024\\\/09\\\/cropped-cropped-loymax-mt-logo.jpg\",\"contentUrl\":\"https:\\\/\\\/loymax.io\\\/wp-content\\\/uploads\\\/2024\\\/09\\\/cropped-cropped-loymax-mt-logo.jpg\",\"width\":1359,\"height\":417,\"caption\":\"Loymax\"},\"image\":{\"@id\":\"https:\\\/\\\/loymax.io\\\/vi\\\/#\\\/schema\\\/logo\\\/image\\\/\"}}]}<\/script>\n<!-- \/ Yoast SEO plugin. -->","yoast_head_json":{"title":"Kinh doanh th\u00f4ng minh (BI) - Loymax","robots":{"index":"index","follow":"follow","max-snippet":"max-snippet:-1","max-image-preview":"max-image-preview:large","max-video-preview":"max-video-preview:-1"},"canonical":"https:\/\/loymax.io\/vi\/loymax-bi\/","og_locale":"vi_VN","og_type":"article","og_title":"Kinh doanh th\u00f4ng minh (BI) - Loymax","og_description":"Kinh doanh th\u00f4ng minh (BI) Gi\u00fap hi\u1ec3u d\u1eef li\u1ec7u c\u1ee7a b\u1ea1n \u0111\u1ec3 \u0111\u01b0a ra quy\u1ebft \u0111\u1ecbnh t\u1ed1t h\u01a1n v\u00e0 t\u0103ng doanh s\u1ed1 b\u00e1n h\u00e0ng. Li\u00ean h\u1ec7 v\u1edbi ch\u00fang t\u00f4i M\u00f4-\u0111un n\u00e0y cho ph\u00e9p b\u1ea1n x\u00e1c \u0111\u1ecbnh c\u00e1c m\u00f4 h\u00ecnh mua h\u00e0ng v\u00e0 h\u00e0nh vi kh\u00e1ch h\u00e0ng \u0111i\u1ec3n h\u00ecnh, t\u1ea1o c\u00e1c \u01b0u \u0111\u00e3i ph\u00f9 h\u1ee3p cho&hellip;&nbsp;Read More &raquo;Kinh doanh th\u00f4ng minh (BI)","og_url":"https:\/\/loymax.io\/vi\/loymax-bi\/","og_site_name":"Loymax","article_modified_time":"2024-09-06T09:46:14+00:00","og_image":[{"url":"https:\/\/loymax.io\/wp-content\/uploads\/2022\/09\/bi001.png","type":"","width":"","height":""}],"twitter_card":"summary_large_image","twitter_misc":{"Est. reading time":"4 minutes"},"schema":{"@context":"https:\/\/schema.org","@graph":[{"@type":"WebPage","@id":"https:\/\/loymax.io\/vi\/loymax-bi\/","url":"https:\/\/loymax.io\/vi\/loymax-bi\/","name":"Kinh doanh th\u00f4ng minh (BI) - Loymax","isPartOf":{"@id":"https:\/\/loymax.io\/vi\/#website"},"primaryImageOfPage":{"@id":"https:\/\/loymax.io\/vi\/loymax-bi\/#primaryimage"},"image":{"@id":"https:\/\/loymax.io\/vi\/loymax-bi\/#primaryimage"},"thumbnailUrl":"https:\/\/loymax.io\/wp-content\/uploads\/2022\/09\/bi001.png","datePublished":"2022-04-28T17:26:50+00:00","dateModified":"2024-09-06T09:46:14+00:00","breadcrumb":{"@id":"https:\/\/loymax.io\/vi\/loymax-bi\/#breadcrumb"},"inLanguage":"vi-VN","potentialAction":[{"@type":"ReadAction","target":["https:\/\/loymax.io\/vi\/loymax-bi\/"]}]},{"@type":"ImageObject","inLanguage":"vi-VN","@id":"https:\/\/loymax.io\/vi\/loymax-bi\/#primaryimage","url":"https:\/\/loymax.io\/wp-content\/uploads\/2022\/09\/bi001.png","contentUrl":"https:\/\/loymax.io\/wp-content\/uploads\/2022\/09\/bi001.png"},{"@type":"BreadcrumbList","@id":"https:\/\/loymax.io\/vi\/loymax-bi\/#breadcrumb","itemListElement":[{"@type":"ListItem","position":1,"name":"\u0413\u043b\u0430\u0432\u043d\u0430\u044f \u0441\u0442\u0440\u0430\u043d\u0438\u0446\u0430","item":"https:\/\/loymax.io\/vi\/"},{"@type":"ListItem","position":2,"name":"Kinh doanh th\u00f4ng minh (BI)"}]},{"@type":"WebSite","@id":"https:\/\/loymax.io\/vi\/#website","url":"https:\/\/loymax.io\/vi\/","name":"Loymax","description":"Loyalty Management and Marketing Automation Platform","publisher":{"@id":"https:\/\/loymax.io\/vi\/#organization"},"potentialAction":[{"@type":"SearchAction","target":{"@type":"EntryPoint","urlTemplate":"https:\/\/loymax.io\/vi\/?s={search_term_string}"},"query-input":{"@type":"PropertyValueSpecification","valueRequired":true,"valueName":"search_term_string"}}],"inLanguage":"vi-VN"},{"@type":"Organization","@id":"https:\/\/loymax.io\/vi\/#organization","name":"Loymax","url":"https:\/\/loymax.io\/vi\/","logo":{"@type":"ImageObject","inLanguage":"vi-VN","@id":"https:\/\/loymax.io\/vi\/#\/schema\/logo\/image\/","url":"https:\/\/loymax.io\/wp-content\/uploads\/2024\/09\/cropped-cropped-loymax-mt-logo.jpg","contentUrl":"https:\/\/loymax.io\/wp-content\/uploads\/2024\/09\/cropped-cropped-loymax-mt-logo.jpg","width":1359,"height":417,"caption":"Loymax"},"image":{"@id":"https:\/\/loymax.io\/vi\/#\/schema\/logo\/image\/"}}]}},"_links":{"self":[{"href":"https:\/\/loymax.io\/vi\/wp-json\/wp\/v2\/pages\/13312","targetHints":{"allow":["GET"]}}],"collection":[{"href":"https:\/\/loymax.io\/vi\/wp-json\/wp\/v2\/pages"}],"about":[{"href":"https:\/\/loymax.io\/vi\/wp-json\/wp\/v2\/types\/page"}],"author":[{"embeddable":true,"href":"https:\/\/loymax.io\/vi\/wp-json\/wp\/v2\/users\/1"}],"replies":[{"embeddable":true,"href":"https:\/\/loymax.io\/vi\/wp-json\/wp\/v2\/comments?post=13312"}],"version-history":[{"count":10,"href":"https:\/\/loymax.io\/vi\/wp-json\/wp\/v2\/pages\/13312\/revisions"}],"predecessor-version":[{"id":13377,"href":"https:\/\/loymax.io\/vi\/wp-json\/wp\/v2\/pages\/13312\/revisions\/13377"}],"wp:attachment":[{"href":"https:\/\/loymax.io\/vi\/wp-json\/wp\/v2\/media?parent=13312"}],"curies":[{"name":"wp","href":"https:\/\/api.w.org\/{rel}","templated":true}]}}