{"id":13379,"date":"2022-02-01T22:30:29","date_gmt":"2022-02-01T20:30:29","guid":{"rendered":"https:\/\/loymax.io\/?page_id=13379"},"modified":"2025-10-15T14:55:55","modified_gmt":"2025-10-15T12:55:55","slug":"loymax-loyalty","status":"publish","type":"page","link":"https:\/\/loymax.io\/vi\/loymax-loyalty\/","title":{"rendered":"N\u1ec1n t\u1ea3ng kh\u00e1ch h\u00e0ng th\u00e2n thi\u1ebft c\u1ee7a Loyalty"},"content":{"rendered":"\r\n<section class=\"block-main block-solutions\">\r\n<div class=\"container\">\r\n<div class=\"row\">\r\n<div class=\"col-sm-5 paragraph1\">\r\n<h1 class=\"badge\">N\u1ec1n t\u1ea3ng kh\u00e1ch h\u00e0ng th\u00e2n thi\u1ebft c\u1ee7a Loyalty<\/h1>\r\n<div>T\u1ea1o v\u00e0 qu\u1ea3n l\u00fd Ch\u01b0\u01a1ng tr\u00ecnh Kh\u00e1ch h\u00e0ng Th\u00e2n thi\u1ebft c\u1ee7a b\u1ea1n \u1edf m\u1ecdi m\u1ee9c \u0111\u1ed9 ph\u1ee9c t\u1ea1p trong m\u00f4-\u0111un c\u1ed1t l\u00f5i d\u1ec5 s\u1eed d\u1ee5ng v\u00e0 kh\u00f4ng c\u1ea7n c\u00e1c chu\u1ed7i m\u00e3 h\u00f3a c\u1ee7a ch\u00fang t\u00f4i.<\/div>\r\n<div class=\"buttons\"><a class=\"btn-block3 js-scroll-trigger\" href=\"#site-footer\">Li\u00ean h\u1ec7 v\u1edbi ch\u00fang t\u00f4i<\/a><\/div>\r\n<\/div>\r\n<div class=\"col-sm-7\"><img decoding=\"async\" alt=\"Loyalty Header\" src=\"\/wp-content\/uploads\/2022\/02\/loyalty_header.svg\" \/><\/div>\r\n<\/div>\r\n<\/div>\r\n<\/section>\r\n<div class=\"container\">\r\n<section class=\"faq-block\">\r\n<div class=\"row\">\r\n<div class=\"col-sm-5\"><!--<h3 class=\"solution-text-header-2\">Loyalty Program Core<\/h3>-->\r\n<p class=\"solution-text-header\">T\u0103ng doanh s\u1ed1 b\u00e1n h\u00e0ng b\u1eb1ng c\u00e1c k\u1ecbch b\u1ea3n c\u00e1 nh\u00e2n v\u00e0 khuy\u1ebfn m\u00e3i ph\u00f9 h\u1ee3p cho kh\u00e1ch h\u00e0ng c\u1ee7a b\u1ea1n. <br \/><br \/>Loymax c\u00f3 kh\u1ea3 n\u0103ng t\u1ea1o ra <strong>h\u01a1n 1000 bi\u1ebfn th\u1ec3 khuy\u1ebfn m\u00e3i v\u00e0 c\u01a1 ch\u1ebf khuy\u1ebfn m\u00e3i<\/strong> bao g\u1ed3m t\u00f9y ch\u1ecdn c\u00e1 nh\u00e2n v\u00e0 \u0111\u1ed9ng l\u1ef1c cho t\u1eebng kh\u00e1ch h\u00e0ng. <br \/><br \/>B\u1ea1n c\u00f3 th\u1ec3 qu\u1ea3n l\u00fd c\u00e1c quy \u0111\u1ecbnh c\u1ee7a ch\u01b0\u01a1ng tr\u00ecnh khuy\u1ebfn m\u00e3i ch\u1ec9 b\u1eb1ng m\u1ed9t c\u00fa nh\u1ea5p chu\u1ed9t, \u0111\u1eb7t kh\u1ea3 n\u0103ng t\u01b0\u01a1ng th\u00edch l\u1eabn nhau c\u1ee7a ch\u00fang, \u0111\u1eb7t m\u1ee9c \u0111\u1ed9 \u01b0u ti\u00ean k\u00edch ho\u1ea1t v\u00e0 ch\u1ecdn ph\u00e9p to\u00e1n \u0111\u1ec3 t\u00ednh to\u00e1n c\u00e1c t\u00f9y ch\u1ecdn trong giao di\u1ec7n web th\u00e2n thi\u1ec7n v\u1edbi ng\u01b0\u1eddi d\u00f9ng v\u00e0 kh\u00f4ng c\u1ea7n c\u00e1c chu\u1ed7i m\u00e3 h\u00f3a c\u1ee7a ch\u00fang t\u00f4i.<\/p>\r\n<!-- <h2>\u041a\u0430\u043a \u044d\u0442\u043e \u0440\u0430\u0431\u043e\u0442\u0430\u0435\u0442?<\/h2>-->\r\n<div class=\"video-block\">\r\n<div><!--<iframe src=\"https:\/\/player.vimeo.com\/video\/656065746?h=e12a1500ed&color=2A78EC&title=0&byline=0&portrait=0\" frameborder=\"0\" allowfullscreen=\"allowfullscreen\"><\/iframe>--><\/div>\r\n<script src=\"https:\/\/player.vimeo.com\/api\/player.js\"><\/script><\/div>\r\n<p class=\"after-video\" style=\"opacity: 0;\">\u00a0<\/p>\r\n<\/div>\r\n<div class=\"col-sm-7 right-faq\">\r\n<div class=\"faq\">\r\n<h3>Ch\u01b0\u01a1ng tr\u00ecnh gi\u1ea3m gi\u00e1<\/h3>\r\n<p>T\u0103ng l\u01b0u l\u01b0\u1ee3ng truy c\u1eadp v\u00e0 b\u00ecnh quan bi\u00ean lai c\u1ee7a b\u1ea1n b\u1eb1ng c\u00e1ch s\u1eed d\u1ee5ng chi\u1ebft kh\u1ea5u d\u01b0\u1edbi d\u1ea1ng ph\u1ea7n tr\u0103m bi\u00ean lai ho\u1eb7c chi\u1ebft kh\u1ea5u cho m\u1ed9t s\u1ea3n ph\u1ea9m, d\u01b0\u1edbi d\u1ea1ng gi\u00e1 \u0111\u1eb7c bi\u1ec7t ho\u1eb7c s\u1ed1 ti\u1ec1n c\u1ed1 \u0111\u1ecbnh.<\/p>\r\n<hr \/><\/div>\r\n<div class=\"faq\">\r\n<h3>Ti\u1ec1n th\u01b0\u1edfng<\/h3>\r\n<p>Gi\u1ea3m t\u1ef7 l\u1ec7 kh\u00e1ch h\u00e0ng ng\u1eebng s\u1eed d\u1ee5ng d\u1ecbch v\u1ee5 b\u1eb1ng ti\u1ec1n th\u01b0\u1edfng cho c\u00e1c giao d\u1ecbch mua c\u1ee5 th\u1ec3. T\u00f9y ch\u1ec9nh c\u00e1c \u0111i\u1ec1u ki\u1ec7n trao th\u01b0\u1edfng, t\u1ef7 l\u1ec7, quy t\u1eafc lo\u1ea1i b\u1ecf ti\u1ec1n th\u01b0\u1edfng, th\u1eddi gian t\u1ed3n t\u1ea1i v\u00e0 t\u1ef1 \u0111\u1ed9ng h\u1ebft h\u1ea1n.<\/p>\r\n<hr \/><\/div>\r\n<div class=\"faq\">\r\n<h3>C\u1ea5p \u0111\u1ed9<\/h3>\r\n<p>T\u1ea1o v\u00e0 qu\u1ea3n l\u00fd c\u1ea5u tr\u00fac c\u1ea5p \u0111\u1ed9 cho kh\u00e1ch h\u00e0ng c\u1ee7a b\u1ea1n v\u00e0 m\u1edf r\u1ed9ng ch\u00fang v\u1edbi c\u00e1c ph\u1ea7n th\u01b0\u1edfng kh\u00e1c nhau cho c\u00e1c c\u1ea5p \u0111\u1ed9 kh\u00e1c nhau.<\/p>\r\n<hr \/><\/div>\r\n<div class=\"faq\">\r\n<h3>Phi\u1ebfu gi\u1ea3m gi\u00e1<\/h3>\r\n<p>Thu h\u00fat nhi\u1ec1u kh\u00e1ch h\u00e0ng h\u01a1n b\u1eb1ng phi\u1ebfu gi\u1ea3m gi\u00e1. M\u00f4-\u0111un n\u00e0y h\u1ed7 tr\u1ee3 phi\u1ebfu gi\u1ea3m gi\u00e1 cho l\u1ea7n mua ti\u1ebfp theo, phi\u1ebfu gi\u1ea3m gi\u00e1 c\u00f3 m\u00e3 b\u1ea3o m\u1eadt v\u00e0 ph\u1ea7n th\u01b0\u1edfng \u1ea9n, phi\u1ebfu gi\u1ea3m gi\u00e1 \u0111i\u1ec7n t\u1eed, v.v.<\/p>\r\n<hr \/><\/div>\r\n<div class=\"faq\">\r\n<h3>B\u1ed9 \u0111\u1ebfm<\/h3>\r\n<p>S\u1eed d\u1ee5ng b\u1ed9 \u0111\u1ebfm \u0111\u1ec3 \u0111\u1ebfm thao t\u00e1c ho\u1eb7c h\u1ea1n ch\u1ebf c\u00e1c t\u00f9y ch\u1ecdn. K\u00edch th\u00edch h\u00e0nh vi v\u00e0 ho\u1ea1t \u0111\u1ed9ng mong mu\u1ed1n c\u1ee7a kh\u00e1ch h\u00e0ng.<\/p>\r\n<hr \/><\/div>\r\n<div class=\"faq\">\r\n<h3>Ti\u1ec1n \u1ea3o<\/h3>\r\n<p>S\u1eed d\u1ee5ng l\u00e0m ph\u1ea7n th\u01b0\u1edfng m\u1ecdi s\u1ed1 l\u01b0\u1ee3ng ti\u1ec1n \u1ea3o: sao, ti\u1ec1n \u0111\u1ed3ng, xu v\u00e0 c\u00e1c lo\u1ea1i kh\u00e1c. \u0110\u1eb7t th\u00f4ng s\u1ed1 ghi n\u1ee3 v\u00e0 t\u00edch l\u0169y c\u1ee7a b\u1ea1n cho t\u1eebng th\u00f4ng s\u1ed1.<\/p>\r\n<hr \/><\/div>\r\n<div class=\"faq\">\r\n<h3>G\u00f3i s\u1ea3n ph\u1ea9m<\/h3>\r\n<p>K\u1ebft h\u1ee3p c\u00e1c s\u1ea3n ph\u1ea9m th\u00e0nh g\u00f3i v\u00e0 t\u0103ng doanh s\u1ed1 b\u00e1n h\u00e0ng.<\/p>\r\n<hr \/><\/div>\r\n<div class=\"faq\">\r\n<h3>S\u1ea3n ph\u1ea9m y\u00eau th\u00edch<\/h3>\r\n<p>Khuy\u1ebfn kh\u00edch kh\u00e1ch h\u00e0ng c\u1ee7a b\u1ea1n tham gia ch\u01b0\u01a1ng tr\u00ecnh kh\u00e1ch h\u00e0ng th\u00e2n thi\u1ebft b\u1eb1ng ph\u1ea7n th\u01b0\u1edfng b\u1ed5 sung cho s\u1ea3n ph\u1ea9m h\u1ecd y\u00eau th\u00edch.<\/p>\r\n<hr \/><\/div>\r\n<div class=\"faq\">\r\n<h3>Ch\u01b0\u01a1ng tr\u00ecnh gi\u1edbi thi\u1ec7u<\/h3>\r\n<p>Th\u01b0\u1edfng cho kh\u00e1ch h\u00e0ng kh\u00f4ng ch\u1ec9 v\u00ec h\u1ecd \u0111\u00e3 gi\u1edbi thi\u1ec7u m\u00e0 c\u00f2n v\u00ec nh\u1eefng ho\u1ea1t \u0111\u1ed9ng c\u1ee7a h\u1ecd.<\/p>\r\n<hr \/><\/div>\r\n<\/div>\r\n<\/div>\r\n<\/section>\r\n<section class=\"letter-block\">\r\n<div class=\"row\">\r\n<div class=\"col-sm-5\">\r\n<div class=\"request\">\r\n<div class=\"letter\"><img decoding=\"async\" alt=\"Letter\" src=\"\/wp-content\/uploads\/2021\/12\/letter.svg\" \/><\/div>\r\n<p>Ch\u00fang t\u00f4i s\u1eb5n l\u00f2ng tr\u1ea3 l\u1eddi c\u00e1c c\u00e2u h\u1ecfi v\u1ec1 c\u00e1c ch\u01b0\u01a1ng tr\u00ecnh kh\u00e1ch h\u00e0ng th\u00e2n thi\u1ebft v\u00e0 gi\u00fap b\u1ea1n t\u00ecm ra c\u00e1ch n\u1ec1n t\u1ea3ng Loymax s\u1ebd c\u1ea3i thi\u1ec7n hi\u1ec7u qu\u1ea3 kinh doanh c\u1ee7a m\u00ecnh. Li\u00ean h\u1ec7 v\u1edbi \u0111\u1ea1i di\u1ec7n b\u00e1n h\u00e0ng \u0111\u1ec3 nh\u1eadn \u0111\u01b0\u1ee3c c\u00e1c \u0111\u1ec1 xu\u1ea5t \u0111\u01b0\u1ee3c c\u00e1 nh\u00e2n h\u00f3a v\u00e0 b\u1ea3n tr\u00ecnh b\u00e0y v\u1ec1 c\u00e1ch l\u00e0m vi\u1ec7c v\u1edbi ph\u1ea7n m\u1ec1m Loymax.<\/p>\r\n<p>Vui l\u00f2ng \u0111i\u1ec1n v\u00e0o bi\u1ec3u m\u1eabu v\u00e0 ch\u00fang t\u00f4i s\u1ebd li\u00ean h\u1ec7 v\u1edbi b\u1ea1n trong v\u00f2ng m\u1ed9t ng\u00e0y l\u00e0m vi\u1ec7c<\/p>\r\n<div class=\"buttons\"><a class=\"btn-block3 js-scroll-trigger\" href=\"#\">Li\u00ean h\u1ec7 v\u1edbi ch\u00fang t\u00f4i<\/a><\/div>\r\n<\/div>\r\n<\/div>\r\n<div class=\"col-sm-7 right-faq\">\r\n<div class=\"faq\">\r\n<h3>Khuy\u1ebfn m\u00e3i d\u01b0\u1edbi d\u1ea1ng tr\u00f2 ch\u01a1i v\u00e0 x\u00e1c su\u1ea5t<\/h3>\r\n<p>K\u1ebft n\u1ed1i b\u1ea5t k\u1ef3 lo\u1ea1i \u01b0u \u0111\u00e3i n\u00e0o trong chu\u1ed7i k\u00edch ho\u1ea1t \u0111\u01b0\u1ee3c th\u1ef1c hi\u1ec7n theo \u0111\u01a1n \u0111\u1eb7t h\u00e0ng b\u1ea5t k\u1ef3. Trao th\u01b0\u1edfng cho ng\u01b0\u1eddi chi\u1ebfn th\u1eafng m\u1ed9t gi\u1ea3i th\u01b0\u1edfng si\u00eau l\u1edbn khi ho\u00e0n th\u00e0nh nhi\u1ec7m v\u1ee5.<\/p>\r\n<hr \/><\/div>\r\n<div class=\"faq\">\r\n<h3>\u0110i\u1ec3m<\/h3>\r\n<p>\u0110i\u1ec3m thu th\u1eadp c\u00f3 th\u1ec3 \u0111\u01b0\u1ee3c t\u1ef1 \u0111\u1ed9ng trao \u0111\u1ed5i v\u1edbi s\u1ed1 ti\u1ec1n t\u01b0\u01a1ng \u1ee9ng theo t\u00f9y ch\u1ecdn \u0111\u00e3 ch\u1ecdn. V\u00ed d\u1ee5: gi\u1ea3m gi\u00e1 cho m\u1ed9t s\u1ea3n ph\u1ea9m c\u1ee5 th\u1ec3, phi\u1ebfu gi\u1ea3m gi\u00e1 ho\u1eb7c c\u1ea5p \u0111\u1ed9 m\u1edbi trong ch\u01b0\u01a1ng tr\u00ecnh kh\u00e1ch h\u00e0ng th\u00e2n thi\u1ebft.<\/p>\r\n<\/div>\r\n<!-- <hr \/>\r\n<div class=\"faq\">\r\n<h3>\u0418\u043d\u0442\u0435\u0433\u0440\u0430\u0446\u0438\u044f<\/h3>\r\n<p>Integration with most of Point of Sales software, communication service providers and your current infrastructure.<\/p>\r\n<\/div> --><\/div>\r\n<\/div>\r\n<\/section>\r\n<\/div>\r\n<div class=\"solutions-background\">\r\n<div class=\"container\">\r\n<section class=\"full-width\">\r\n<div class=\"row\">\r\n<div class=\"col-sm-12\">\r\n<div class=\"arrow-class\">\u00a0<\/div>\r\n<div class=\"about-slider2\">\r\n<div><img loading=\"lazy\" decoding=\"async\" class=\"alignnone size-full wp-image-5551\" src=\"https:\/\/loymax.io\/wp-content\/uploads\/2022\/09\/001-2.png\" alt=\"\" width=\"620\" height=\"372\" srcset=\"https:\/\/loymax.io\/wp-content\/uploads\/2022\/09\/001-2.png 620w, https:\/\/loymax.io\/wp-content\/uploads\/2022\/09\/001-2-300x180.png 300w\" sizes=\"auto, (max-width: 620px) 100vw, 620px\" \/><\/div>\r\n<div><img loading=\"lazy\" decoding=\"async\" class=\"alignnone size-full wp-image-5552\" src=\"https:\/\/loymax.io\/wp-content\/uploads\/2022\/09\/002-2.png\" alt=\"\" width=\"620\" height=\"372\" srcset=\"https:\/\/loymax.io\/wp-content\/uploads\/2022\/09\/002-2.png 620w, https:\/\/loymax.io\/wp-content\/uploads\/2022\/09\/002-2-300x180.png 300w\" sizes=\"auto, (max-width: 620px) 100vw, 620px\" \/><\/div>\r\n<div><img loading=\"lazy\" decoding=\"async\" class=\"alignnone size-full wp-image-5553\" src=\"https:\/\/loymax.io\/wp-content\/uploads\/2022\/09\/003-1.png\" alt=\"\" width=\"620\" height=\"372\" srcset=\"https:\/\/loymax.io\/wp-content\/uploads\/2022\/09\/003-1.png 620w, https:\/\/loymax.io\/wp-content\/uploads\/2022\/09\/003-1-300x180.png 300w\" sizes=\"auto, (max-width: 620px) 100vw, 620px\" \/><\/div>\r\n<div><img loading=\"lazy\" decoding=\"async\" class=\"alignnone size-full wp-image-5554\" src=\"https:\/\/loymax.io\/wp-content\/uploads\/2022\/09\/005-1.png\" alt=\"\" width=\"620\" height=\"372\" srcset=\"https:\/\/loymax.io\/wp-content\/uploads\/2022\/09\/005-1.png 620w, https:\/\/loymax.io\/wp-content\/uploads\/2022\/09\/005-1-300x180.png 300w\" sizes=\"auto, (max-width: 620px) 100vw, 620px\" \/>\u00a0<\/div>\r\n<div><img loading=\"lazy\" decoding=\"async\" class=\"alignnone size-full wp-image-5556\" src=\"https:\/\/loymax.io\/wp-content\/uploads\/2022\/09\/004-1.png\" alt=\"\" width=\"620\" height=\"372\" srcset=\"https:\/\/loymax.io\/wp-content\/uploads\/2022\/09\/004-1.png 620w, https:\/\/loymax.io\/wp-content\/uploads\/2022\/09\/004-1-300x180.png 300w\" sizes=\"auto, (max-width: 620px) 100vw, 620px\" \/><\/div>\r\n<div class=\"hidden-xs\">\u00a0<\/div>\r\n<\/div>\r\n<\/div>\r\n<\/div>\r\n<\/section>\r\n<section class=\"bottom-solutions\">\r\n<div class=\"row\">\r\n<div class=\"col-sm-5\"><img decoding=\"async\" alt=\"Loyalty Bottom\" src=\"\/wp-content\/uploads\/2022\/02\/loyalty-bottom.svg\" \/><\/div>\r\n<div class=\"col-sm-7\">\r\n<h2>B\u1ed9 c\u00f4ng c\u1ee5 linh ho\u1ea1t c\u1ee7a ch\u00fang t\u00f4i cho ph\u00e9p b\u1ea1n d\u1ec5 d\u00e0ng t\u1ea1o c\u00e1c k\u1ecbch b\u1ea3n qu\u1ea3ng c\u00e1o \u0111\u1ed9c \u0111\u00e1o:<\/h2>\r\n<ul>\r\n<li>Kh\u00e1ch h\u00e0ng kh\u00f4ng s\u1eed d\u1ee5ng phi\u1ebfu gi\u1ea3m gi\u00e1 \u2192 t\u1eb7ng qu\u00e0 khi mua m\u1ed9t s\u1ea3n ph\u1ea9m c\u1ee5 th\u1ec3<\/li>\r\n<li>Kh\u00e1ch h\u00e0ng b\u1ecf qua c\u00e1c ch\u01b0\u01a1ng tr\u00ecnh hi\u1ec7n t\u1ea1i \u2192 \u0111\u01b0a ra th\u00eam % ti\u1ec1n th\u01b0\u1edfng cho m\u1ed9t s\u1ea3n ph\u1ea9m c\u1ee5 th\u1ec3<\/li>\r\n<li>Kh\u00e1ch h\u00e0ng kh\u00f4ng b\u1ecb th\u00fac \u0111\u1ea9y b\u1edfi vi\u1ec7c gi\u1ea3m gi\u00e1 th\u00eam cho s\u1ed1 ti\u1ec1n c\u1ee5 th\u1ec3 c\u1ee7a bi\u00ean lai \u2192 cung c\u1ea5p phi\u1ebfu gi\u1ea3m gi\u00e1 v\u1edbi m\u1ee9c chi\u1ebft kh\u1ea5u c\u1ed1 \u0111\u1ecbnh<\/li>\r\n<\/ul>\r\n<\/div>\r\n<\/div>\r\n<!--<div class=\"row\">\r\n    <div class=\"col-sm-12\">\r\n        <h2>Extension modules<\/h2>\r\n    <\/div>\r\n    <\/div>\r\n    <div class=\"row\">\r\n      <div class=\"col-sm-3\">\r\n        <div class=\"modules\">\r\n          <h3>Omnichannel Engagement<\/h3>\r\n          <p>Mobile App, Digital Wallet, Personal Account for Loyalty Program Members, Chat Bot \u2014 we help to integrate...<\/p>\r\n          <img decoding=\"async\" alt=\"Slide1\" src=\"\/wp-content\/uploads\/2021\/12\/slide1.svg\">\r\n        <\/div>\r\n      <\/div>\r\n      <div class=\"col-sm-3\"><span data-mce-type=\"bookmark\" style=\"display: inline-block; width: 0px; overflow: hidden; line-height: 0;\" class=\"mce_SELRES_start\"><\/span>\r\n        <div class=\"modules\">\r\n          <h3>Smart Communications<\/h3>\r\n          <p>Expand communications with your customers using Big Data and 360 profile<\/p>\r\n          <img decoding=\"async\" alt=\"Slide1\" src=\"\/wp-content\/uploads\/2021\/12\/slide1.svg\">\r\n        <\/div>\r\n      <\/div>\r\n      <div class=\"col-sm-3\">\r\n        <div class=\"modules\">\r\n          <h3>Business Intelligence<\/h3>\r\n          <p>Get the most of your Loyalty Program with our reporting and advanced analytics module<\/p>\r\n          <img decoding=\"async\" alt=\"Slide1\" src=\"\/wp-content\/uploads\/2021\/12\/slide1.svg\">\r\n        <\/div>\r\n      <\/div>\r\n      <div class=\"col-sm-3\">\r\n        <div class=\"modules\">\r\n          <h3>Machine <br>Learning<\/h3>\r\n          <p>The most advanced product that increase Retail Sales by 4% Without Increasing Marketing Team Labor<\/p>\r\n          <img decoding=\"async\" alt=\"Slide1\" src=\"\/wp-content\/uploads\/2021\/12\/slide1.svg\">\r\n        <\/div>\r\n      <\/div>\r\n    <\/div>--><\/section>\r\n<\/div>\r\n<\/div>\r\n","protected":false},"excerpt":{"rendered":"<p>N\u1ec1n t\u1ea3ng kh\u00e1ch h\u00e0ng th\u00e2n thi\u1ebft c\u1ee7a Loyalty T\u1ea1o v\u00e0 qu\u1ea3n l\u00fd Ch\u01b0\u01a1ng tr\u00ecnh Kh\u00e1ch h\u00e0ng Th\u00e2n thi\u1ebft c\u1ee7a b\u1ea1n \u1edf m\u1ecdi m\u1ee9c \u0111\u1ed9 ph\u1ee9c t\u1ea1p trong m\u00f4-\u0111un c\u1ed1t l\u00f5i d\u1ec5 s\u1eed d\u1ee5ng v\u00e0 kh\u00f4ng c\u1ea7n c\u00e1c chu\u1ed7i m\u00e3 h\u00f3a c\u1ee7a ch\u00fang t\u00f4i. Li\u00ean h\u1ec7 v\u1edbi ch\u00fang t\u00f4i T\u0103ng doanh s\u1ed1 b\u00e1n h\u00e0ng b\u1eb1ng c\u00e1c&hellip;&nbsp;<a href=\"https:\/\/loymax.io\/vi\/loymax-loyalty\/\" class=\"\" rel=\"bookmark\">Read More &raquo;<span class=\"screen-reader-text\">N\u1ec1n t\u1ea3ng kh\u00e1ch h\u00e0ng th\u00e2n thi\u1ebft c\u1ee7a Loyalty<\/span><\/a><\/p>\n","protected":false},"author":1,"featured_media":0,"parent":0,"menu_order":20,"comment_status":"closed","ping_status":"closed","template":"solutions.php","meta":{"_acf_changed":false,"content-type":"","footnotes":""},"class_list":["post-13379","page","type-page","status-publish","hentry"],"acf":[],"yoast_head":"<!-- This site is optimized with the Yoast SEO plugin v27.3 - https:\/\/yoast.com\/product\/yoast-seo-wordpress\/ -->\n<title>T\u1ea1o ch\u01b0\u01a1ng tr\u00ecnh kh\u00e1ch h\u00e0ng th\u00e2n thi\u1ebft v\u1edbi Loymax Loyalty<\/title>\n<meta name=\"description\" content=\"T\u1ea1o v\u00e0 qu\u1ea3n l\u00fd c\u00e1c ch\u01b0\u01a1ng tr\u00ecnh kh\u00e1ch h\u00e0ng th\u00e2n thi\u1ebft \u1edf m\u1ecdi m\u1ee9c \u0111\u1ed9 ph\u1ee9c t\u1ea1p trong m\u1ed9t giao di\u1ec7n th\u1ed1ng nh\u1ea5t v\u00e0 kh\u00f4ng c\u1ea7n s\u1eed d\u1ee5ng l\u1eadp tr\u00ecnh.\" \/>\n<meta name=\"robots\" content=\"index, follow, max-snippet:-1, max-image-preview:large, max-video-preview:-1\" \/>\n<link rel=\"canonical\" href=\"https:\/\/loymax.io\/vi\/loymax-loyalty\/\" \/>\n<meta property=\"og:locale\" content=\"vi_VN\" \/>\n<meta property=\"og:type\" content=\"article\" \/>\n<meta property=\"og:title\" content=\"T\u1ea1o ch\u01b0\u01a1ng tr\u00ecnh kh\u00e1ch h\u00e0ng th\u00e2n thi\u1ebft v\u1edbi Loymax Loyalty\" \/>\n<meta property=\"og:description\" content=\"T\u1ea1o v\u00e0 qu\u1ea3n l\u00fd c\u00e1c ch\u01b0\u01a1ng tr\u00ecnh kh\u00e1ch h\u00e0ng th\u00e2n thi\u1ebft \u1edf m\u1ecdi m\u1ee9c \u0111\u1ed9 ph\u1ee9c t\u1ea1p trong m\u1ed9t giao di\u1ec7n th\u1ed1ng nh\u1ea5t v\u00e0 kh\u00f4ng c\u1ea7n s\u1eed d\u1ee5ng l\u1eadp tr\u00ecnh.\" \/>\n<meta property=\"og:url\" content=\"https:\/\/loymax.io\/vi\/loymax-loyalty\/\" \/>\n<meta property=\"og:site_name\" content=\"Loymax\" \/>\n<meta property=\"article:modified_time\" content=\"2025-10-15T12:55:55+00:00\" \/>\n<meta property=\"og:image\" content=\"https:\/\/loymax.io\/wp-content\/uploads\/2022\/09\/001-2.png\" \/>\n<meta name=\"twitter:card\" content=\"summary_large_image\" \/>\n<meta name=\"twitter:label1\" content=\"Est. reading time\" \/>\n\t<meta name=\"twitter:data1\" content=\"5 minutes\" \/>\n<script type=\"application\/ld+json\" class=\"yoast-schema-graph\">{\"@context\":\"https:\\\/\\\/schema.org\",\"@graph\":[{\"@type\":\"WebPage\",\"@id\":\"https:\\\/\\\/loymax.io\\\/vi\\\/loymax-loyalty\\\/\",\"url\":\"https:\\\/\\\/loymax.io\\\/vi\\\/loymax-loyalty\\\/\",\"name\":\"T\u1ea1o ch\u01b0\u01a1ng tr\u00ecnh kh\u00e1ch h\u00e0ng th\u00e2n thi\u1ebft v\u1edbi Loymax Loyalty\",\"isPartOf\":{\"@id\":\"https:\\\/\\\/loymax.io\\\/vi\\\/#website\"},\"primaryImageOfPage\":{\"@id\":\"https:\\\/\\\/loymax.io\\\/vi\\\/loymax-loyalty\\\/#primaryimage\"},\"image\":{\"@id\":\"https:\\\/\\\/loymax.io\\\/vi\\\/loymax-loyalty\\\/#primaryimage\"},\"thumbnailUrl\":\"https:\\\/\\\/loymax.io\\\/wp-content\\\/uploads\\\/2022\\\/09\\\/001-2.png\",\"datePublished\":\"2022-02-01T20:30:29+00:00\",\"dateModified\":\"2025-10-15T12:55:55+00:00\",\"description\":\"T\u1ea1o v\u00e0 qu\u1ea3n l\u00fd c\u00e1c ch\u01b0\u01a1ng tr\u00ecnh kh\u00e1ch h\u00e0ng th\u00e2n thi\u1ebft \u1edf m\u1ecdi m\u1ee9c \u0111\u1ed9 ph\u1ee9c t\u1ea1p trong m\u1ed9t giao di\u1ec7n th\u1ed1ng nh\u1ea5t v\u00e0 kh\u00f4ng c\u1ea7n s\u1eed d\u1ee5ng l\u1eadp tr\u00ecnh.\",\"breadcrumb\":{\"@id\":\"https:\\\/\\\/loymax.io\\\/vi\\\/loymax-loyalty\\\/#breadcrumb\"},\"inLanguage\":\"vi-VN\",\"potentialAction\":[{\"@type\":\"ReadAction\",\"target\":[\"https:\\\/\\\/loymax.io\\\/vi\\\/loymax-loyalty\\\/\"]}]},{\"@type\":\"ImageObject\",\"inLanguage\":\"vi-VN\",\"@id\":\"https:\\\/\\\/loymax.io\\\/vi\\\/loymax-loyalty\\\/#primaryimage\",\"url\":\"https:\\\/\\\/loymax.io\\\/wp-content\\\/uploads\\\/2022\\\/09\\\/001-2.png\",\"contentUrl\":\"https:\\\/\\\/loymax.io\\\/wp-content\\\/uploads\\\/2022\\\/09\\\/001-2.png\"},{\"@type\":\"BreadcrumbList\",\"@id\":\"https:\\\/\\\/loymax.io\\\/vi\\\/loymax-loyalty\\\/#breadcrumb\",\"itemListElement\":[{\"@type\":\"ListItem\",\"position\":1,\"name\":\"\u0413\u043b\u0430\u0432\u043d\u0430\u044f \u0441\u0442\u0440\u0430\u043d\u0438\u0446\u0430\",\"item\":\"https:\\\/\\\/loymax.io\\\/vi\\\/\"},{\"@type\":\"ListItem\",\"position\":2,\"name\":\"N\u1ec1n t\u1ea3ng kh\u00e1ch h\u00e0ng th\u00e2n thi\u1ebft c\u1ee7a Loyalty\"}]},{\"@type\":\"WebSite\",\"@id\":\"https:\\\/\\\/loymax.io\\\/vi\\\/#website\",\"url\":\"https:\\\/\\\/loymax.io\\\/vi\\\/\",\"name\":\"Loymax\",\"description\":\"Loyalty Management and Marketing Automation Platform\",\"publisher\":{\"@id\":\"https:\\\/\\\/loymax.io\\\/vi\\\/#organization\"},\"potentialAction\":[{\"@type\":\"SearchAction\",\"target\":{\"@type\":\"EntryPoint\",\"urlTemplate\":\"https:\\\/\\\/loymax.io\\\/vi\\\/?s={search_term_string}\"},\"query-input\":{\"@type\":\"PropertyValueSpecification\",\"valueRequired\":true,\"valueName\":\"search_term_string\"}}],\"inLanguage\":\"vi-VN\"},{\"@type\":\"Organization\",\"@id\":\"https:\\\/\\\/loymax.io\\\/vi\\\/#organization\",\"name\":\"Loymax\",\"url\":\"https:\\\/\\\/loymax.io\\\/vi\\\/\",\"logo\":{\"@type\":\"ImageObject\",\"inLanguage\":\"vi-VN\",\"@id\":\"https:\\\/\\\/loymax.io\\\/vi\\\/#\\\/schema\\\/logo\\\/image\\\/\",\"url\":\"https:\\\/\\\/loymax.io\\\/wp-content\\\/uploads\\\/2024\\\/09\\\/cropped-cropped-loymax-mt-logo.jpg\",\"contentUrl\":\"https:\\\/\\\/loymax.io\\\/wp-content\\\/uploads\\\/2024\\\/09\\\/cropped-cropped-loymax-mt-logo.jpg\",\"width\":1359,\"height\":417,\"caption\":\"Loymax\"},\"image\":{\"@id\":\"https:\\\/\\\/loymax.io\\\/vi\\\/#\\\/schema\\\/logo\\\/image\\\/\"}}]}<\/script>\n<!-- \/ Yoast SEO plugin. -->","yoast_head_json":{"title":"T\u1ea1o ch\u01b0\u01a1ng tr\u00ecnh kh\u00e1ch h\u00e0ng th\u00e2n thi\u1ebft v\u1edbi Loymax Loyalty","description":"T\u1ea1o v\u00e0 qu\u1ea3n l\u00fd c\u00e1c ch\u01b0\u01a1ng tr\u00ecnh kh\u00e1ch h\u00e0ng th\u00e2n thi\u1ebft \u1edf m\u1ecdi m\u1ee9c \u0111\u1ed9 ph\u1ee9c t\u1ea1p trong m\u1ed9t giao di\u1ec7n th\u1ed1ng nh\u1ea5t v\u00e0 kh\u00f4ng c\u1ea7n s\u1eed d\u1ee5ng l\u1eadp tr\u00ecnh.","robots":{"index":"index","follow":"follow","max-snippet":"max-snippet:-1","max-image-preview":"max-image-preview:large","max-video-preview":"max-video-preview:-1"},"canonical":"https:\/\/loymax.io\/vi\/loymax-loyalty\/","og_locale":"vi_VN","og_type":"article","og_title":"T\u1ea1o ch\u01b0\u01a1ng tr\u00ecnh kh\u00e1ch h\u00e0ng th\u00e2n thi\u1ebft v\u1edbi Loymax Loyalty","og_description":"T\u1ea1o v\u00e0 qu\u1ea3n l\u00fd c\u00e1c ch\u01b0\u01a1ng tr\u00ecnh kh\u00e1ch h\u00e0ng th\u00e2n thi\u1ebft \u1edf m\u1ecdi m\u1ee9c \u0111\u1ed9 ph\u1ee9c t\u1ea1p trong m\u1ed9t giao di\u1ec7n th\u1ed1ng nh\u1ea5t v\u00e0 kh\u00f4ng c\u1ea7n s\u1eed d\u1ee5ng l\u1eadp tr\u00ecnh.","og_url":"https:\/\/loymax.io\/vi\/loymax-loyalty\/","og_site_name":"Loymax","article_modified_time":"2025-10-15T12:55:55+00:00","og_image":[{"url":"https:\/\/loymax.io\/wp-content\/uploads\/2022\/09\/001-2.png","type":"","width":"","height":""}],"twitter_card":"summary_large_image","twitter_misc":{"Est. reading time":"5 minutes"},"schema":{"@context":"https:\/\/schema.org","@graph":[{"@type":"WebPage","@id":"https:\/\/loymax.io\/vi\/loymax-loyalty\/","url":"https:\/\/loymax.io\/vi\/loymax-loyalty\/","name":"T\u1ea1o ch\u01b0\u01a1ng tr\u00ecnh kh\u00e1ch h\u00e0ng th\u00e2n thi\u1ebft v\u1edbi Loymax Loyalty","isPartOf":{"@id":"https:\/\/loymax.io\/vi\/#website"},"primaryImageOfPage":{"@id":"https:\/\/loymax.io\/vi\/loymax-loyalty\/#primaryimage"},"image":{"@id":"https:\/\/loymax.io\/vi\/loymax-loyalty\/#primaryimage"},"thumbnailUrl":"https:\/\/loymax.io\/wp-content\/uploads\/2022\/09\/001-2.png","datePublished":"2022-02-01T20:30:29+00:00","dateModified":"2025-10-15T12:55:55+00:00","description":"T\u1ea1o v\u00e0 qu\u1ea3n l\u00fd c\u00e1c ch\u01b0\u01a1ng tr\u00ecnh kh\u00e1ch h\u00e0ng th\u00e2n thi\u1ebft \u1edf m\u1ecdi m\u1ee9c \u0111\u1ed9 ph\u1ee9c t\u1ea1p trong m\u1ed9t giao di\u1ec7n th\u1ed1ng nh\u1ea5t v\u00e0 kh\u00f4ng c\u1ea7n s\u1eed d\u1ee5ng l\u1eadp tr\u00ecnh.","breadcrumb":{"@id":"https:\/\/loymax.io\/vi\/loymax-loyalty\/#breadcrumb"},"inLanguage":"vi-VN","potentialAction":[{"@type":"ReadAction","target":["https:\/\/loymax.io\/vi\/loymax-loyalty\/"]}]},{"@type":"ImageObject","inLanguage":"vi-VN","@id":"https:\/\/loymax.io\/vi\/loymax-loyalty\/#primaryimage","url":"https:\/\/loymax.io\/wp-content\/uploads\/2022\/09\/001-2.png","contentUrl":"https:\/\/loymax.io\/wp-content\/uploads\/2022\/09\/001-2.png"},{"@type":"BreadcrumbList","@id":"https:\/\/loymax.io\/vi\/loymax-loyalty\/#breadcrumb","itemListElement":[{"@type":"ListItem","position":1,"name":"\u0413\u043b\u0430\u0432\u043d\u0430\u044f \u0441\u0442\u0440\u0430\u043d\u0438\u0446\u0430","item":"https:\/\/loymax.io\/vi\/"},{"@type":"ListItem","position":2,"name":"N\u1ec1n t\u1ea3ng kh\u00e1ch h\u00e0ng th\u00e2n thi\u1ebft c\u1ee7a Loyalty"}]},{"@type":"WebSite","@id":"https:\/\/loymax.io\/vi\/#website","url":"https:\/\/loymax.io\/vi\/","name":"Loymax","description":"Loyalty Management and Marketing Automation Platform","publisher":{"@id":"https:\/\/loymax.io\/vi\/#organization"},"potentialAction":[{"@type":"SearchAction","target":{"@type":"EntryPoint","urlTemplate":"https:\/\/loymax.io\/vi\/?s={search_term_string}"},"query-input":{"@type":"PropertyValueSpecification","valueRequired":true,"valueName":"search_term_string"}}],"inLanguage":"vi-VN"},{"@type":"Organization","@id":"https:\/\/loymax.io\/vi\/#organization","name":"Loymax","url":"https:\/\/loymax.io\/vi\/","logo":{"@type":"ImageObject","inLanguage":"vi-VN","@id":"https:\/\/loymax.io\/vi\/#\/schema\/logo\/image\/","url":"https:\/\/loymax.io\/wp-content\/uploads\/2024\/09\/cropped-cropped-loymax-mt-logo.jpg","contentUrl":"https:\/\/loymax.io\/wp-content\/uploads\/2024\/09\/cropped-cropped-loymax-mt-logo.jpg","width":1359,"height":417,"caption":"Loymax"},"image":{"@id":"https:\/\/loymax.io\/vi\/#\/schema\/logo\/image\/"}}]}},"_links":{"self":[{"href":"https:\/\/loymax.io\/vi\/wp-json\/wp\/v2\/pages\/13379","targetHints":{"allow":["GET"]}}],"collection":[{"href":"https:\/\/loymax.io\/vi\/wp-json\/wp\/v2\/pages"}],"about":[{"href":"https:\/\/loymax.io\/vi\/wp-json\/wp\/v2\/types\/page"}],"author":[{"embeddable":true,"href":"https:\/\/loymax.io\/vi\/wp-json\/wp\/v2\/users\/1"}],"replies":[{"embeddable":true,"href":"https:\/\/loymax.io\/vi\/wp-json\/wp\/v2\/comments?post=13379"}],"version-history":[{"count":9,"href":"https:\/\/loymax.io\/vi\/wp-json\/wp\/v2\/pages\/13379\/revisions"}],"predecessor-version":[{"id":24721,"href":"https:\/\/loymax.io\/vi\/wp-json\/wp\/v2\/pages\/13379\/revisions\/24721"}],"wp:attachment":[{"href":"https:\/\/loymax.io\/vi\/wp-json\/wp\/v2\/media?parent=13379"}],"curies":[{"name":"wp","href":"https:\/\/api.w.org\/{rel}","templated":true}]}}