{"id":13409,"date":"2022-02-06T22:31:09","date_gmt":"2022-02-06T20:31:09","guid":{"rendered":"https:\/\/loymax.io\/?page_id=13409"},"modified":"2024-09-06T11:46:13","modified_gmt":"2024-09-06T09:46:13","slug":"machine-learning","status":"publish","type":"page","link":"https:\/\/loymax.io\/vi\/machine-learning\/","title":{"rendered":"H\u1ecdc m\u00e1y"},"content":{"rendered":"\r\n<section class=\"block-main block-solutions\">\r\n<div class=\"container\">\r\n<div class=\"row\">\r\n<div class=\"col-sm-5 paragraph1\">\r\n<h1 class=\"badge\">H\u1ecdc m\u00e1y<\/h1>\r\n<div>M\u00f4-\u0111un n\u00e0y gi\u00fap thi\u1ebft l\u1eadp m\u1ed1i quan h\u1ec7 l\u00e2u d\u00e0i v\u1edbi kh\u00e1ch h\u00e0ng c\u1ee7a b\u1ea1n v\u00e0 gi\u1ea3m thi\u1ec3u r\u1ee7i ro li\u00ean quan \u0111\u1ebfn y\u1ebfu t\u1ed1 con ng\u01b0\u1eddi khi \u0111\u01b0a ra quy\u1ebft \u0111\u1ecbnh sai l\u1ea7m.<\/div>\r\n<div class=\"buttons\"><a class=\"btn-block3 js-scroll-trigger\" href=\"#site-footer\">Li\u00ean h\u1ec7 v\u1edbi ch\u00fang t\u00f4i<\/a><\/div>\r\n<\/div>\r\n<div class=\"col-sm-7 ml\"><img decoding=\"async\" alt=\"Ml Header\" src=\"\/wp-content\/uploads\/2022\/02\/ml_header.svg\"\/><\/div>\r\n<\/div>\r\n<\/div>\r\n<\/section>\r\n<div class=\"container\">\r\n<section class=\"faq-block\">\r\n<div class=\"row\">\r\n<div class=\"col-sm-7\">\r\n<h3 class=\"solution-text-header-2\">\u01afu \u0111\u00e3i c\u00e1 nh\u00e2n h\u00f3a cho kh\u00e1ch h\u00e0ng c\u1ee7a b\u1ea1n d\u1ef1a tr\u00ean h\u1ecdc m\u00e1y<\/h3>\r\n<\/div>\r\n<\/div>\r\n<div class=\"row\">\r\n<div class=\"col-sm-5 offset-sm-1 center-faq\">\r\n<div class=\"faq faq-sm\">\r\n<h3>C\u00e1 nh\u00e2n h\u00f3a \u01b0u \u0111\u00e3i cho <strong>m\u1ed7i<\/strong> kh\u00e1ch h\u00e0ng<\/h3>\r\n<p>Chuy\u1ec3n \u0111\u1ed5i ch\u01b0\u01a1ng tr\u00ecnh kh\u00e1ch h\u00e0ng th\u00e2n thi\u1ebft v\u00e0 khi\u1ebfn ch\u01b0\u01a1ng tr\u00ecnh th\u1ef1c s\u1ef1 \u0111\u01b0\u1ee3c c\u00e1 nh\u00e2n h\u00f3a.<\/p>\r\n<\/div>\r\n<div class=\"faq faq-sm\">\r\n<h3>Chi\u1ebfn l\u01b0\u1ee3c k\u1ebft h\u1ee3p<\/h3>\r\n<p>T\u00e1c \u0111\u1ed9ng \u0111\u1ebfn t\u1ea5t c\u1ea3 c\u00e1c chi\u1ebfn l\u01b0\u1ee3c c\u00f9ng l\u00fac, t\u1eadp trung v\u00e0o l\u1ee3i nhu\u1eadn, ch\u1ec9 s\u1ed1 gi\u1eef ch\u00e2n kh\u00e1ch h\u00e0ng v\u00e0 ch\u1ec9 s\u1ed1 kh\u00e1ch h\u00e0ng r\u1eddi \u0111i. N\u1ed5i b\u1eadt so v\u1edbi \u0111\u1ed1i th\u1ee7 c\u1ea1nh tranh b\u1eb1ng c\u00e1ch t\u1ea1o ra <strong>h\u00e0ng tri\u1ec7u \u01b0u \u0111\u00e3i \u0111\u01b0\u1ee3c c\u00e1 nh\u00e2n h\u00f3a<\/strong> cho h\u00e0ng tri\u1ec7u kh\u00e1ch h\u00e0ng m\u1ed7i ng\u00e0y.<\/p>\r\n<\/div>\r\n<\/div>\r\n<div class=\"col-sm-5 offset-sm-1 center-faq\">\r\n<div class=\"faq faq-sm\">\r\n<h3>Qu\u1ea3n l\u00fd t\u1ef7 l\u1ec7 m\u1ea5t kh\u00e1ch h\u00e0ng<\/h3>\r\n<p>Gi\u1ea3m chi ph\u00ed thu h\u00fat l\u1ea1i kh\u00e1ch h\u00e0ng \u0111\u00e3 r\u1eddi b\u1ecf (qua giao ti\u1ebfp v\u00e0 c\u00e1c ph\u1ea7n th\u01b0\u1edfng)<\/p>\r\n<\/div>\r\n<div class=\"faq faq-sm\">\r\n<h3>Gi\u00e1 tr\u1ecb \u0111\u01a1n h\u00e0ng trung b\u00ecnh<\/h3>\r\n<p>M\u00f4-\u0111un ph\u00e2n t\u00edch h\u00e0nh vi c\u1ee7a t\u1eebng kh\u00e1ch h\u00e0ng v\u00e0 \u0111\u1ec1 xu\u1ea5t c\u00e1c s\u1ea3n ph\u1ea9m ph\u00f9 h\u1ee3p v\u1edbi gi\u1ecf h\u00e0ng c\u1ee7a h\u1ecd. \u0110i\u1ec1u n\u00e0y gi\u00fap t\u0103ng gi\u00e1 tr\u1ecb \u0111\u01a1n h\u00e0ng trung b\u00ecnh.<\/p>\r\n<\/div>\r\n<div class=\"faq faq-sm\">\r\n<h3>T\u1ea7n su\u1ea5t mua h\u00e0ng<\/h3>\r\n<p>Kh\u00e1ch h\u00e0ng quan t\u00e2m \u0111\u1ebfn c\u00e1c ch\u01b0\u01a1ng tr\u00ecnh khuy\u1ebfn m\u00e3i c\u00e1 nh\u00e2n v\u00e0 s\u1eb5n s\u00e0ng mua h\u00e0ng th\u01b0\u1eddng xuy\u00ean h\u01a1n.<\/p>\r\n<\/div>\r\n<\/div>\r\n<\/div>\r\n<\/section>\r\n<\/div>\r\n<section class=\"faq-block faq-block2\">\r\n<div class=\"container\">\r\n<div class=\"row\">\r\n<div class=\"col-sm-7\">\r\n<h3 class=\"solution-text-header-2\">Nh\u1eefng \u01b0u \u0111i\u1ec3m c\u1ee7a h\u1ec7 th\u1ed1ng \u0111\u1ec1 xu\u1ea5t d\u1ef1a tr\u00ean h\u1ecdc m\u00e1y<\/h3>\r\n<\/div>\r\n<div class=\"col-sm-5\">\r\n<p class=\"solution-text-header-2\">Ch\u1ec9 h\u1ec7 th\u1ed1ng t\u1ef1 \u0111\u1ed9ng m\u1edbi c\u00f3 th\u1ec3 ch\u1ea1y t\u1eebng khuy\u1ebfn m\u00e3i cho <strong>m\u1ed7i<\/strong> kh\u00e1ch h\u00e0ng<\/p>\r\n<\/div>\r\n<\/div>\r\n<div class=\"row\">\r\n<div class=\"col-sm-6\">\r\n<div class=\"modules2\">\r\n<h3>N\u0103ng l\u1ef1c c\u1ee7a nh\u00f3m ti\u1ebfp th\u1ecb<\/h3>\r\n<ul>\r\n<li>V\u1eadn h\u00e0nh t\u1ed1i \u0111a <strong>500<\/strong> khuy\u1ebfn m\u00e3i m\u1ed7i th\u00e1ng.<\/li>\r\n<li>Ph\u00e2n t\u00edch t\u1ed1i \u0111a <strong>100<\/strong> ph\u00e2n kh\u00fac m\u1ee5c ti\u00eau.<\/li>\r\n<li>T\u1ea1o ra t\u1ed1i \u0111a <strong>200<\/strong> \u01b0u \u0111\u00e3i s\u1ea3n ph\u1ea9m kh\u00e1c nhau (s\u1ea3n ph\u1ea9m ho\u1eb7c nh\u00f3m s\u1ea3n ph\u1ea9m).<\/li>\r\n<\/ul>\r\n<\/div>\r\n<\/div>\r\n<div class=\"col-sm-6\">\r\n<div class=\"modules2\">\r\n<h3>N\u0103ng l\u1ef1c c\u1ee7a m\u00f4-\u0111un h\u1ecdc m\u00e1y<\/h3>\r\n<ul>\r\n<li>Ch\u1ea1y t\u1ed1i \u0111a <strong>10.000.000<\/strong> khuy\u1ebfn m\u00e3i m\u1ed7i ng\u00e0y.<\/li>\r\n<li>Ph\u00e2n t\u00edch t\u1ed1i \u0111a <strong>100.000.000<\/strong> kh\u00e1ch h\u00e0ng.<\/li>\r\n<li>T\u1ea1o ra t\u1ed1i \u0111a <strong>1.000.000<\/strong> \u01b0u \u0111\u00e3i s\u1ea3n ph\u1ea9m kh\u00e1c nhau.<\/li>\r\n<\/ul>\r\n<\/div>\r\n<\/div>\r\n<\/div>\r\n<div class=\"row\">\r\n<div class=\"col-sm-7\">\r\n<h3 class=\"solution-text-header-2\">M\u00f4-\u0111un h\u1ecdc m\u00e1y<\/h3>\r\n<\/div>\r\n<\/div>\r\n<div class=\"row\">\r\n<div class=\"col-sm-4\">\r\n<h3>S\u1eed d\u1ee5ng m\u00f4-\u0111un<\/h3>\r\n<ul>\r\n<li>Ph\u00f9 h\u1ee3p v\u1edbi doanh nghi\u1ec7p c\u00f3 l\u01b0\u1ee3ng kh\u00e1ch h\u00e0ng t\u1eeb 300.000 tr\u1edf l\u00ean (th\u1ebb kh\u00e1ch h\u00e0ng th\u00e2n thi\u1ebft).<\/li>\r\n<li>Ho\u00e0n to\u00e0n t\u1ef1 ch\u1ee7 v\u00e0 c\u00f3 th\u1ec3 \u0111\u01b0\u1ee3c t\u00edch h\u1ee3p v\u00e0o b\u1ea5t k\u1ef3 c\u01a1 s\u1edf h\u1ea1 t\u1ea7ng c\u00f4ng ngh\u1ec7 th\u00f4ng tin n\u00e0o.<\/li>\r\n<\/ul>\r\n<\/div>\r\n<div class=\"col-sm-4\">\r\n<h3>Gi\u00e1 tr\u1ecb v\u1edbi ho\u1ea1t \u0111\u1ed9ng kinh doanh<\/h3>\r\n<ul>\r\n<li>Ti\u1ebft ki\u1ec7m gi\u1ea3m gi\u00e1 b\u1eb1ng c\u00e1ch \u0111a d\u1ea1ng h\u00f3a \u01b0u \u0111\u00e3i.<\/li>\r\n<li>N\u00e2ng cao hi\u1ec7u qu\u1ea3 c\u1ee7a c\u00e1c ch\u01b0\u01a1ng tr\u00ecnh kh\u00e1ch h\u00e0ng th\u00e2n thi\u1ebft b\u1eb1ng c\u00e1ch n\u00e2ng gi\u00e1 tr\u1ecb \u0111\u01a1n h\u00e0ng trung b\u00ecnh, t\u1ea7n su\u1ea5t mua h\u00e0ng v\u00e0 t\u1ef7 l\u1ec7 h\u00e0ng h\u00f3a c\u00f3 t\u1ef7 su\u1ea5t l\u1ee3i nhu\u1eadn cao trong m\u1ed7i h\u00f3a \u0111\u01a1n.<\/li>\r\n<li>Gi\u1ea3m t\u1ea3i cho \u0111\u1ed9i ng\u0169 ti\u1ebfp th\u1ecb, \u0111\u1ec3 h\u1ecd c\u00f3 th\u1ec3 t\u1eadp trung v\u00e0o c\u00e1c ch\u01b0\u01a1ng tr\u00ecnh khuy\u1ebfn m\u00e3i l\u1edbn v\u00e0 thu h\u00fat kh\u00e1ch h\u00e0ng m\u1edbi.<\/li>\r\n<\/ul>\r\n<\/div>\r\n<div class=\"col-sm-4\"><img decoding=\"async\" alt=\"Module2img\" class=\"faq-block2-img\" src=\"\/wp-content\/uploads\/2022\/02\/module2img.svg\"\/><\/div>\r\n<\/div>\r\n<\/div>\r\n<\/section>\r\n<section class=\"scheme\">\r\n<div class=\"container\">\r\n<div class=\"row\">\r\n<div class=\"col-sm-7\">\r\n<h3 class=\"solution-text-header-2\">H\u00e0nh tr\u00ecnh kh\u00e1ch h\u00e0ng<br\/>Th\u00f4ng b\u00e1o t\u1edbi kh\u00e1ch h\u00e0ng<\/h3>\r\n<\/div>\r\n<\/div>\r\n<div class=\"row\">\r\n<div class=\"col-sm-12\">\r\n<div class=\"cover-image\"><img decoding=\"async\" alt=\"Ml Scheme\" src=\"\/wp-content\/uploads\/2022\/03\/ml-scheme.svg\"\/><\/div>\r\n<\/div>\r\n<\/div>\r\n<\/div>\r\n<\/section>\r\n<!--<section><img decoding=\"async\" alt=\"Ml Scheme\" src=\"\/wp-content\/uploads\/2022\/02\/ml-scheme.svg\"><\/section>-->\r\n<section class=\"system-module\">\r\n<div class=\"container\">\r\n<div class=\"row\">\r\n<div class=\"col-sm-12\">\r\n<h3 class=\"solution-text-header-2\">C\u00e1ch th\u1ee9c ho\u1ea1t \u0111\u1ed9ng<\/h3>\r\n<\/div>\r\n<\/div>\r\n<div class=\"row\">\r\n<div class=\"col-sm-3\">\r\n<div class=\"modules\"><img decoding=\"async\" src=\"\/wp-content\/uploads\/2022\/05\/ml_sys1_1.png\"\/>\r\n<h3>Ph\u00e2n t\u00edch d\u1eef li\u1ec7u l\u1ecbch s\u1eed<\/h3>\r\n<p>T\u1eeaNG kh\u00e1ch h\u00e0ng \u0111\u01b0\u1ee3c ph\u00e2n t\u00edch v\u1edbi h\u01a1n 1000 th\u00f4ng s\u1ed1<\/p>\r\n<\/div>\r\n<\/div>\r\n<div class=\"col-sm-3\">\r\n<div class=\"modules\"><img decoding=\"async\" alt=\"Ml Sys2\" src=\"\/wp-content\/uploads\/2022\/02\/ml_sys2.svg\"\/>\r\n<h3>L\u1ef1a ch\u1ecdn \u01b0u \u0111\u00e3i s\u1ea3n ph\u1ea9m<\/h3>\r\n<p>10 s\u1ea3n ph\u1ea9m li\u00ean quan trong to\u00e0n b\u1ed9 d\u00f2ng s\u1ea3n ph\u1ea9m<\/p>\r\n<\/div>\r\n<\/div>\r\n<div class=\"col-sm-3\">\r\n<div class=\"modules\"><img decoding=\"async\" alt=\"Ml Sys3\" src=\"\/wp-content\/uploads\/2022\/02\/ml_sys3.svg\"\/>\r\n<h3>L\u1ef1a ch\u1ecdn quy m\u00f4 gi\u1ea3m gi\u00e1<\/h3>\r\n<p>\u0110\u1ee7 \u0111\u1ec3 ra quy\u1ebft \u0111\u1ecbnh mua h\u00e0ng<\/p>\r\n<\/div>\r\n<\/div>\r\n<div class=\"col-sm-3\">\r\n<div class=\"modules\"><img decoding=\"async\" alt=\"Ml Sys4\" src=\"\/wp-content\/uploads\/2022\/02\/ml_sys4.svg\"\/>\r\n<h3>\u0110\u00e1nh gi\u00e1 hi\u1ec7u qu\u1ea3 (h\u1ecdc h\u1ec7 th\u1ed1ng)<\/h3>\r\n<p>\u0110\u1ec3 ch\u1ecdn m\u1ed9t \u01b0u \u0111\u00e3i m\u1edbi<\/p>\r\n<\/div>\r\n<\/div>\r\n<\/div>\r\n<\/div>\r\n<\/section>\r\n<section class=\"scheme2\">\r\n<div class=\"container\">\r\n<div class=\"row\">\r\n<div class=\"col-sm-7\">\r\n<h3 class=\"solution-text-header-2\">T\u1ef1 ho\u1ea1t \u0111\u1ed9ng<\/h3>\r\n<\/div>\r\n<\/div>\r\n<div class=\"row\">\r\n<div class=\"col-sm-12\"><img loading=\"lazy\" decoding=\"async\" class=\"alignnone size-full wp-image-583\" src=\"https:\/\/loymax.io\/wp-content\/uploads\/2022\/02\/scheme2.svg\" alt=\"\" width=\"1001\" height=\"389\"\/><\/div>\r\n<div>\u00a0<\/div>\r\n<\/div>\r\n<\/div>\r\n<\/section>\r\n<section class=\"system-result\">\r\n<div class=\"container\">\r\n<div class=\"row\">\r\n<div class=\"col-sm-7\">\r\n<h3 class=\"solution-text-header-2\">K\u1ebft qu\u1ea3 l\u00e0 m\u1ed9t khuy\u1ebfn m\u00e3i c\u00e1 nh\u00e2n t\u01b0\u01a1ng \u1ee9ng cho m\u1ed7i kh\u00e1ch h\u00e0ng<\/h3>\r\n<\/div>\r\n<\/div>\r\n<div class=\"row\">\r\n<div class=\"col-sm-12\">\r\n<table class=\"table table-striped table-responsive\">\r\n<thead>\r\n<tr>\r\n<th scope=\"col\">Kh\u00e1ch h\u00e0ng<\/th>\r\n<th scope=\"col\">\u01afu \u0111\u00e3i<\/th>\r\n<th scope=\"col\">M\u1ee5c ti\u00eau<\/th>\r\n<\/tr>\r\n<\/thead>\r\n<tbody>\r\n<tr>\r\n<th scope=\"row\"><img decoding=\"async\" alt=\"Sys Res\" src=\"\/wp-content\/uploads\/2022\/02\/sys-res.svg\"\/><\/th>\r\n<td>Gi\u1ea3m gi\u00e1 s\u1ea3n ph\u1ea9m<\/td>\r\n<td>Khuy\u1ebfn m\u00e3i cho c\u00e1c s\u1ea3n ph\u1ea9m c\u00f3 bi\u00ean l\u1ee3i nhu\u1eadn cao, gi\u1ea3m t\u1ef7 l\u1ec7 kh\u00e1ch h\u00e0ng r\u1eddi b\u1ecf trong danh m\u1ee5c<\/td>\r\n<\/tr>\r\n<tr>\r\n<th scope=\"row\"><img decoding=\"async\" alt=\"Sys Res\" src=\"\/wp-content\/uploads\/2022\/02\/sys-res.svg\"\/><\/th>\r\n<td>Gi\u1ea3m gi\u00e1 v\u1edbi c\u00e1c s\u1ea3n ph\u1ea9m gi\u1edbi h\u1ea1n \u0111\u01b0\u1ee3c ch\u1ecdn<\/td>\r\n<td>T\u0103ng gi\u00e1 tr\u1ecb \u0111\u01a1n h\u00e0ng trung b\u00ecnh<\/td>\r\n<\/tr>\r\n<tr>\r\n<th scope=\"row\"><img decoding=\"async\" alt=\"Sys Res\" src=\"\/wp-content\/uploads\/2022\/02\/sys-res.svg\"\/><\/th>\r\n<td>T\u0103ng gi\u1ea3m gi\u00e1 s\u1ea3n ph\u1ea9m<\/td>\r\n<td>T\u0103ng gi\u00e1 tr\u1ecb \u0111\u01a1n h\u00e0ng trung b\u00ecnh<\/td>\r\n<\/tr>\r\n<tr>\r\n<th scope=\"row\"><img decoding=\"async\" alt=\"Sys Res\" src=\"\/wp-content\/uploads\/2022\/02\/sys-res.svg\"\/><\/th>\r\n<td>Gi\u1ea3m gi\u00e1 cho m\u1ed9t s\u1ea3n ph\u1ea9m ho\u1eb7c danh m\u1ee5c (m\u1ed7i s\u1ea3n ph\u1ea9m v\u00e0o m\u1ed9t ng\u00e0y ri\u00eang)<\/td>\r\n<td>T\u0103ng t\u1ea7n su\u1ea5t mua h\u00e0ng\/td><\/td>\r\n<\/tr>\r\n<tr>\r\n<th scope=\"row\"><img decoding=\"async\" alt=\"Sys Res\" src=\"\/wp-content\/uploads\/2022\/02\/sys-res.svg\"\/><\/th>\r\n<td>T\u0103ng chi\u1ebft kh\u1ea5u cho t\u1ea5t c\u1ea3 c\u00e1c \u0111\u01a1n h\u00e0ng c\u00f3 gi\u00e1 tr\u1ecb t\u1eeb m\u1ed9t s\u1ed1 ti\u1ec1n nh\u1ea5t \u0111\u1ecbnh tr\u1edf l\u00ean<\/td>\r\n<td>Gi\u1ea3m t\u1ef7 l\u1ec7 kh\u00e1ch h\u00e0ng r\u1eddi b\u1ecf<\/td>\r\n<\/tr>\r\n<\/tbody>\r\n<\/table>\r\n<\/div>\r\n<\/div>\r\n<\/div>\r\n<\/section>\r\n<section class=\"faq-block faq-block3\">\r\n<div class=\"container\">\r\n<div class=\"row\">\r\n<div class=\"col-sm-7\">\r\n<h3 class=\"solution-text-header-2\">T\u00edch h\u1ee3p c\u01a1 s\u1edf h\u1ea1 t\u1ea7ng c\u00f4ng ngh\u1ec7 th\u00f4ng tin<\/h3>\r\n<\/div>\r\n<\/div>\r\n<div class=\"row\">\r\n<div class=\"col-sm-6\">\r\n<div class=\"modules2\">\r\n<h3>H\u1ec7 th\u1ed1ng \u0111\u1ec1 xu\u1ea5t<\/h3>\r\n<img loading=\"lazy\" decoding=\"async\" class=\"alignnone wp-image-5532\" src=\"https:\/\/loymax.io\/wp-content\/uploads\/2022\/09\/001.png\" alt=\"\" width=\"610\" height=\"216\" srcset=\"https:\/\/loymax.io\/wp-content\/uploads\/2022\/09\/001.png 610w, https:\/\/loymax.io\/wp-content\/uploads\/2022\/09\/001-300x106.png 300w\" sizes=\"auto, (max-width: 610px) 100vw, 610px\" \/><\/div>\r\n<\/div>\r\n<div class=\"col-sm-6\">\r\n<div class=\"modules2\">\r\n<div class=\"row\">\r\n<div class=\"col-sm-6\">\r\n<h3>K\u1ebf ho\u1ea1ch tri\u1ec3n khai<\/h3>\r\n<\/div>\r\n<div class=\"col-sm-6\">\r\n<p>H\u1ec7 th\u1ed1ng l\u00f5i + H\u1ec7 th\u1ed1ng \u0111\u1ec1 xu\u1ea5t<\/p>\r\n<\/div>\r\n<\/div>\r\n<img loading=\"lazy\" decoding=\"async\" class=\"alignnone wp-image-5531\" src=\"https:\/\/loymax.io\/wp-content\/uploads\/2022\/09\/002.png\" alt=\"\" width=\"595\" height=\"167\" srcset=\"https:\/\/loymax.io\/wp-content\/uploads\/2022\/09\/002.png 595w, https:\/\/loymax.io\/wp-content\/uploads\/2022\/09\/002-300x84.png 300w\" sizes=\"auto, (max-width: 595px) 100vw, 595px\" \/><\/div>\r\n<\/div>\r\n<\/div>\r\n<\/div>\r\n<\/section>\r\n<p>\u00a0<\/p>\r\n<p>\u00a0<\/p>\r\n<p>\u00a0<\/p>\r\n<p>\u00a0<\/p>\r\n<p>\u00a0<\/p>\r\n<div class=\"solutions-background-2\">\r\n<div class=\"container\"><!--\r\n<section class=\"full-width\">\r\n<div class=\"row\">\r\n<div class=\"col-sm-12\">\r\n<div class=\"arrow-class\">\u00a0<\/div>\r\n<div class=\"about-slider2\">\r\n<div><img decoding=\"async\" src=\"\/wp-content\/uploads\/2021\/12\/scr1.png\" \/><\/div>\r\n<div><img decoding=\"async\" src=\"\/wp-content\/uploads\/2021\/12\/scr2.png\" \/><\/div>\r\n<div><img decoding=\"async\" src=\"\/wp-content\/uploads\/2021\/12\/scr1.png\" \/><\/div>\r\n<div><img decoding=\"async\" src=\"\/wp-content\/uploads\/2021\/12\/scr2.png\" \/><\/div>\r\n<div><img decoding=\"async\" src=\"\/wp-content\/uploads\/2021\/12\/scr1.png\" \/><\/div>\r\n<\/div>\r\n<\/div>\r\n<\/div>\r\n<\/section>\r\n--><\/div>\r\n<\/div>\r\n","protected":false},"excerpt":{"rendered":"<p>H\u1ecdc m\u00e1y M\u00f4-\u0111un n\u00e0y gi\u00fap thi\u1ebft l\u1eadp m\u1ed1i quan h\u1ec7 l\u00e2u d\u00e0i v\u1edbi kh\u00e1ch h\u00e0ng c\u1ee7a b\u1ea1n v\u00e0 gi\u1ea3m thi\u1ec3u r\u1ee7i ro li\u00ean quan \u0111\u1ebfn y\u1ebfu t\u1ed1 con ng\u01b0\u1eddi khi \u0111\u01b0a ra quy\u1ebft \u0111\u1ecbnh sai l\u1ea7m. Li\u00ean h\u1ec7 v\u1edbi ch\u00fang t\u00f4i \u01afu \u0111\u00e3i c\u00e1 nh\u00e2n h\u00f3a cho kh\u00e1ch h\u00e0ng c\u1ee7a b\u1ea1n d\u1ef1a tr\u00ean h\u1ecdc m\u00e1y&hellip;&nbsp;<a href=\"https:\/\/loymax.io\/vi\/machine-learning\/\" class=\"\" rel=\"bookmark\">Read More &raquo;<span class=\"screen-reader-text\">H\u1ecdc m\u00e1y<\/span><\/a><\/p>\n","protected":false},"author":1,"featured_media":0,"parent":0,"menu_order":5,"comment_status":"closed","ping_status":"closed","template":"solutions.php","meta":{"_acf_changed":false,"content-type":"","footnotes":""},"class_list":["post-13409","page","type-page","status-publish","hentry"],"acf":[],"yoast_head":"<!-- This site is optimized with the Yoast SEO plugin v27.3 - https:\/\/yoast.com\/product\/yoast-seo-wordpress\/ -->\n<title>H\u1ecdc m\u00e1y - Loymax<\/title>\n<meta name=\"description\" content=\"H\u1ec7 th\u1ed1ng t\u1ef1 \u0111\u1ed9ng d\u1ef1a tr\u00ean vi\u1ec7c t\u1eadp hu\u1ea5n tr\u00ean m\u00e1y \u0111\u1ec3 cung c\u1ea5p c\u00e1c ch\u01b0\u01a1ng tr\u00ecnh khuy\u1ebfn m\u1ea1i c\u00e1 nh\u00e2n cho c\u00e1c kh\u00e1ch h\u00e0ng c\u1ee7a b\u1ea1n.\" \/>\n<meta name=\"robots\" content=\"index, follow, max-snippet:-1, max-image-preview:large, max-video-preview:-1\" \/>\n<link rel=\"canonical\" href=\"https:\/\/loymax.io\/vi\/machine-learning\/\" \/>\n<meta property=\"og:locale\" content=\"vi_VN\" \/>\n<meta property=\"og:type\" content=\"article\" \/>\n<meta property=\"og:title\" content=\"H\u1ecdc m\u00e1y - Loymax\" \/>\n<meta property=\"og:description\" content=\"H\u1ec7 th\u1ed1ng t\u1ef1 \u0111\u1ed9ng d\u1ef1a tr\u00ean vi\u1ec7c t\u1eadp hu\u1ea5n tr\u00ean m\u00e1y \u0111\u1ec3 cung c\u1ea5p c\u00e1c ch\u01b0\u01a1ng tr\u00ecnh khuy\u1ebfn m\u1ea1i c\u00e1 nh\u00e2n cho c\u00e1c kh\u00e1ch h\u00e0ng c\u1ee7a b\u1ea1n.\" \/>\n<meta property=\"og:url\" content=\"https:\/\/loymax.io\/vi\/machine-learning\/\" \/>\n<meta property=\"og:site_name\" content=\"Loymax\" \/>\n<meta property=\"article:modified_time\" content=\"2024-09-06T09:46:13+00:00\" \/>\n<meta property=\"og:image\" content=\"https:\/\/loymax.io\/wp-content\/uploads\/2022\/02\/scheme2.svg\" \/>\n<meta name=\"twitter:card\" content=\"summary_large_image\" \/>\n<meta name=\"twitter:label1\" content=\"Est. reading time\" \/>\n\t<meta name=\"twitter:data1\" content=\"7 minutes\" \/>\n<script type=\"application\/ld+json\" class=\"yoast-schema-graph\">{\"@context\":\"https:\\\/\\\/schema.org\",\"@graph\":[{\"@type\":\"WebPage\",\"@id\":\"https:\\\/\\\/loymax.io\\\/vi\\\/machine-learning\\\/\",\"url\":\"https:\\\/\\\/loymax.io\\\/vi\\\/machine-learning\\\/\",\"name\":\"H\u1ecdc m\u00e1y - Loymax\",\"isPartOf\":{\"@id\":\"https:\\\/\\\/loymax.io\\\/vi\\\/#website\"},\"primaryImageOfPage\":{\"@id\":\"https:\\\/\\\/loymax.io\\\/vi\\\/machine-learning\\\/#primaryimage\"},\"image\":{\"@id\":\"https:\\\/\\\/loymax.io\\\/vi\\\/machine-learning\\\/#primaryimage\"},\"thumbnailUrl\":\"https:\\\/\\\/loymax.io\\\/wp-content\\\/uploads\\\/2022\\\/02\\\/scheme2.svg\",\"datePublished\":\"2022-02-06T20:31:09+00:00\",\"dateModified\":\"2024-09-06T09:46:13+00:00\",\"description\":\"H\u1ec7 th\u1ed1ng t\u1ef1 \u0111\u1ed9ng d\u1ef1a tr\u00ean vi\u1ec7c t\u1eadp hu\u1ea5n tr\u00ean m\u00e1y \u0111\u1ec3 cung c\u1ea5p c\u00e1c ch\u01b0\u01a1ng tr\u00ecnh khuy\u1ebfn m\u1ea1i c\u00e1 nh\u00e2n cho c\u00e1c kh\u00e1ch h\u00e0ng c\u1ee7a b\u1ea1n.\",\"breadcrumb\":{\"@id\":\"https:\\\/\\\/loymax.io\\\/vi\\\/machine-learning\\\/#breadcrumb\"},\"inLanguage\":\"vi-VN\",\"potentialAction\":[{\"@type\":\"ReadAction\",\"target\":[\"https:\\\/\\\/loymax.io\\\/vi\\\/machine-learning\\\/\"]}]},{\"@type\":\"ImageObject\",\"inLanguage\":\"vi-VN\",\"@id\":\"https:\\\/\\\/loymax.io\\\/vi\\\/machine-learning\\\/#primaryimage\",\"url\":\"https:\\\/\\\/loymax.io\\\/wp-content\\\/uploads\\\/2022\\\/02\\\/scheme2.svg\",\"contentUrl\":\"https:\\\/\\\/loymax.io\\\/wp-content\\\/uploads\\\/2022\\\/02\\\/scheme2.svg\"},{\"@type\":\"BreadcrumbList\",\"@id\":\"https:\\\/\\\/loymax.io\\\/vi\\\/machine-learning\\\/#breadcrumb\",\"itemListElement\":[{\"@type\":\"ListItem\",\"position\":1,\"name\":\"\u0413\u043b\u0430\u0432\u043d\u0430\u044f \u0441\u0442\u0440\u0430\u043d\u0438\u0446\u0430\",\"item\":\"https:\\\/\\\/loymax.io\\\/vi\\\/\"},{\"@type\":\"ListItem\",\"position\":2,\"name\":\"H\u1ecdc m\u00e1y\"}]},{\"@type\":\"WebSite\",\"@id\":\"https:\\\/\\\/loymax.io\\\/vi\\\/#website\",\"url\":\"https:\\\/\\\/loymax.io\\\/vi\\\/\",\"name\":\"Loymax\",\"description\":\"Loyalty Management and Marketing Automation Platform\",\"publisher\":{\"@id\":\"https:\\\/\\\/loymax.io\\\/vi\\\/#organization\"},\"potentialAction\":[{\"@type\":\"SearchAction\",\"target\":{\"@type\":\"EntryPoint\",\"urlTemplate\":\"https:\\\/\\\/loymax.io\\\/vi\\\/?s={search_term_string}\"},\"query-input\":{\"@type\":\"PropertyValueSpecification\",\"valueRequired\":true,\"valueName\":\"search_term_string\"}}],\"inLanguage\":\"vi-VN\"},{\"@type\":\"Organization\",\"@id\":\"https:\\\/\\\/loymax.io\\\/vi\\\/#organization\",\"name\":\"Loymax\",\"url\":\"https:\\\/\\\/loymax.io\\\/vi\\\/\",\"logo\":{\"@type\":\"ImageObject\",\"inLanguage\":\"vi-VN\",\"@id\":\"https:\\\/\\\/loymax.io\\\/vi\\\/#\\\/schema\\\/logo\\\/image\\\/\",\"url\":\"https:\\\/\\\/loymax.io\\\/wp-content\\\/uploads\\\/2024\\\/09\\\/cropped-cropped-loymax-mt-logo.jpg\",\"contentUrl\":\"https:\\\/\\\/loymax.io\\\/wp-content\\\/uploads\\\/2024\\\/09\\\/cropped-cropped-loymax-mt-logo.jpg\",\"width\":1359,\"height\":417,\"caption\":\"Loymax\"},\"image\":{\"@id\":\"https:\\\/\\\/loymax.io\\\/vi\\\/#\\\/schema\\\/logo\\\/image\\\/\"}}]}<\/script>\n<!-- \/ Yoast SEO plugin. -->","yoast_head_json":{"title":"H\u1ecdc m\u00e1y - Loymax","description":"H\u1ec7 th\u1ed1ng t\u1ef1 \u0111\u1ed9ng d\u1ef1a tr\u00ean vi\u1ec7c t\u1eadp hu\u1ea5n tr\u00ean m\u00e1y \u0111\u1ec3 cung c\u1ea5p c\u00e1c ch\u01b0\u01a1ng tr\u00ecnh khuy\u1ebfn m\u1ea1i c\u00e1 nh\u00e2n cho c\u00e1c kh\u00e1ch h\u00e0ng c\u1ee7a b\u1ea1n.","robots":{"index":"index","follow":"follow","max-snippet":"max-snippet:-1","max-image-preview":"max-image-preview:large","max-video-preview":"max-video-preview:-1"},"canonical":"https:\/\/loymax.io\/vi\/machine-learning\/","og_locale":"vi_VN","og_type":"article","og_title":"H\u1ecdc m\u00e1y - Loymax","og_description":"H\u1ec7 th\u1ed1ng t\u1ef1 \u0111\u1ed9ng d\u1ef1a tr\u00ean vi\u1ec7c t\u1eadp hu\u1ea5n tr\u00ean m\u00e1y \u0111\u1ec3 cung c\u1ea5p c\u00e1c ch\u01b0\u01a1ng tr\u00ecnh khuy\u1ebfn m\u1ea1i c\u00e1 nh\u00e2n cho c\u00e1c kh\u00e1ch h\u00e0ng c\u1ee7a b\u1ea1n.","og_url":"https:\/\/loymax.io\/vi\/machine-learning\/","og_site_name":"Loymax","article_modified_time":"2024-09-06T09:46:13+00:00","og_image":[{"url":"https:\/\/loymax.io\/wp-content\/uploads\/2022\/02\/scheme2.svg","type":"","width":"","height":""}],"twitter_card":"summary_large_image","twitter_misc":{"Est. reading time":"7 minutes"},"schema":{"@context":"https:\/\/schema.org","@graph":[{"@type":"WebPage","@id":"https:\/\/loymax.io\/vi\/machine-learning\/","url":"https:\/\/loymax.io\/vi\/machine-learning\/","name":"H\u1ecdc m\u00e1y - Loymax","isPartOf":{"@id":"https:\/\/loymax.io\/vi\/#website"},"primaryImageOfPage":{"@id":"https:\/\/loymax.io\/vi\/machine-learning\/#primaryimage"},"image":{"@id":"https:\/\/loymax.io\/vi\/machine-learning\/#primaryimage"},"thumbnailUrl":"https:\/\/loymax.io\/wp-content\/uploads\/2022\/02\/scheme2.svg","datePublished":"2022-02-06T20:31:09+00:00","dateModified":"2024-09-06T09:46:13+00:00","description":"H\u1ec7 th\u1ed1ng t\u1ef1 \u0111\u1ed9ng d\u1ef1a tr\u00ean vi\u1ec7c t\u1eadp hu\u1ea5n tr\u00ean m\u00e1y \u0111\u1ec3 cung c\u1ea5p c\u00e1c ch\u01b0\u01a1ng tr\u00ecnh khuy\u1ebfn m\u1ea1i c\u00e1 nh\u00e2n cho c\u00e1c kh\u00e1ch h\u00e0ng c\u1ee7a b\u1ea1n.","breadcrumb":{"@id":"https:\/\/loymax.io\/vi\/machine-learning\/#breadcrumb"},"inLanguage":"vi-VN","potentialAction":[{"@type":"ReadAction","target":["https:\/\/loymax.io\/vi\/machine-learning\/"]}]},{"@type":"ImageObject","inLanguage":"vi-VN","@id":"https:\/\/loymax.io\/vi\/machine-learning\/#primaryimage","url":"https:\/\/loymax.io\/wp-content\/uploads\/2022\/02\/scheme2.svg","contentUrl":"https:\/\/loymax.io\/wp-content\/uploads\/2022\/02\/scheme2.svg"},{"@type":"BreadcrumbList","@id":"https:\/\/loymax.io\/vi\/machine-learning\/#breadcrumb","itemListElement":[{"@type":"ListItem","position":1,"name":"\u0413\u043b\u0430\u0432\u043d\u0430\u044f \u0441\u0442\u0440\u0430\u043d\u0438\u0446\u0430","item":"https:\/\/loymax.io\/vi\/"},{"@type":"ListItem","position":2,"name":"H\u1ecdc m\u00e1y"}]},{"@type":"WebSite","@id":"https:\/\/loymax.io\/vi\/#website","url":"https:\/\/loymax.io\/vi\/","name":"Loymax","description":"Loyalty Management and Marketing Automation Platform","publisher":{"@id":"https:\/\/loymax.io\/vi\/#organization"},"potentialAction":[{"@type":"SearchAction","target":{"@type":"EntryPoint","urlTemplate":"https:\/\/loymax.io\/vi\/?s={search_term_string}"},"query-input":{"@type":"PropertyValueSpecification","valueRequired":true,"valueName":"search_term_string"}}],"inLanguage":"vi-VN"},{"@type":"Organization","@id":"https:\/\/loymax.io\/vi\/#organization","name":"Loymax","url":"https:\/\/loymax.io\/vi\/","logo":{"@type":"ImageObject","inLanguage":"vi-VN","@id":"https:\/\/loymax.io\/vi\/#\/schema\/logo\/image\/","url":"https:\/\/loymax.io\/wp-content\/uploads\/2024\/09\/cropped-cropped-loymax-mt-logo.jpg","contentUrl":"https:\/\/loymax.io\/wp-content\/uploads\/2024\/09\/cropped-cropped-loymax-mt-logo.jpg","width":1359,"height":417,"caption":"Loymax"},"image":{"@id":"https:\/\/loymax.io\/vi\/#\/schema\/logo\/image\/"}}]}},"_links":{"self":[{"href":"https:\/\/loymax.io\/vi\/wp-json\/wp\/v2\/pages\/13409","targetHints":{"allow":["GET"]}}],"collection":[{"href":"https:\/\/loymax.io\/vi\/wp-json\/wp\/v2\/pages"}],"about":[{"href":"https:\/\/loymax.io\/vi\/wp-json\/wp\/v2\/types\/page"}],"author":[{"embeddable":true,"href":"https:\/\/loymax.io\/vi\/wp-json\/wp\/v2\/users\/1"}],"replies":[{"embeddable":true,"href":"https:\/\/loymax.io\/vi\/wp-json\/wp\/v2\/comments?post=13409"}],"version-history":[{"count":5,"href":"https:\/\/loymax.io\/vi\/wp-json\/wp\/v2\/pages\/13409\/revisions"}],"predecessor-version":[{"id":13433,"href":"https:\/\/loymax.io\/vi\/wp-json\/wp\/v2\/pages\/13409\/revisions\/13433"}],"wp:attachment":[{"href":"https:\/\/loymax.io\/vi\/wp-json\/wp\/v2\/media?parent=13409"}],"curies":[{"name":"wp","href":"https:\/\/api.w.org\/{rel}","templated":true}]}}