{"id":13435,"date":"2022-02-01T22:07:24","date_gmt":"2022-02-01T20:07:24","guid":{"rendered":"https:\/\/loymax.io\/?page_id=13435"},"modified":"2024-09-06T11:46:18","modified_gmt":"2024-09-06T09:46:18","slug":"smart-communications","status":"publish","type":"page","link":"https:\/\/loymax.io\/vi\/smart-communications\/","title":{"rendered":"Truy\u1ec1n th\u00f4ng th\u00f4ng minh"},"content":{"rendered":"\r\n<section class=\"block-main block-solutions\">\r\n<div class=\"container\">\r\n<div class=\"row\">\r\n<div class=\"col-sm-5 paragraph1\">\r\n<h1 class=\"badge\">Truy\u1ec1n th\u00f4ng th\u00f4ng minh<\/h1>\r\n<div>Gi\u1ea3i ph\u00e1p t\u1ef1 \u0111\u1ed9ng h\u00f3a truy\u1ec1n th\u00f4ng ti\u1ebfp th\u1ecb cho c\u00e1c nh\u00e0 b\u00e1n l\u1ebb \u0111a k\u00eanh, HORECA v\u00e0 th\u01b0\u01a1ng m\u1ea1i \u0111i\u1ec7n t\u1eed.<\/div>\r\n<div class=\"buttons\"><a class=\"btn-block3 js-scroll-trigger\" href=\"#site-footer\">Li\u00ean h\u1ec7 v\u1edbi ch\u00fang t\u00f4i<\/a><\/div>\r\n<\/div>\r\n<div class=\"col-sm-7\"><img decoding=\"async\" alt=\"Smart Communication Header\" style=\"margin-top: -50px;\" src=\"\/wp-content\/uploads\/2022\/02\/smart-communication-header.svg\"\/><\/div>\r\n<\/div>\r\n<\/div>\r\n<\/section>\r\n<div class=\"container\">\r\n<section class=\"faq-block\">\r\n<div class=\"row\">\r\n<div class=\"col-sm-5 left-faq\"><img decoding=\"async\" class=\"solution-header-img\" src=\"\/wp-content\/uploads\/2022\/02\/smart-communication-header-2.png\"\/>\r\n<h3 class=\"solution-text-header-2\">S\u1eed d\u1ee5ng t\u1eadp h\u1ee3p d\u1eef li\u1ec7u l\u1edbn (Big Data) \u0111\u1ec3 t\u0103ng doanh s\u1ed1 b\u00e1n h\u00e0ng l\u1eb7p l\u1ea1i v\u00e0 qu\u1ea3n l\u00fd t\u1ef7 l\u1ec7 kh\u00e1ch h\u00e0ng ng\u1eebng s\u1eed d\u1ee5ng d\u1ecbch v\u1ee5.<\/h3>\r\n<div class=\"faq faq-sm\">\r\n<h3>H\u1ed3 s\u01a1 kh\u00e1ch h\u00e0ng<\/h3>\r\n<p>Thu th\u1eadp v\u00e0 ph\u00e2n t\u00edch m\u1ecdi lo\u1ea1i d\u1eef li\u1ec7u kh\u00e1ch h\u00e0ng tr\u00ean t\u1ea5t c\u1ea3 c\u00e1c k\u00eanh \u0111\u1ec3 cung c\u1ea5p khuy\u1ebfn m\u00e3i c\u00e1 nh\u00e2n cho t\u1eebng kh\u00e1ch h\u00e0ng.<\/p>\r\n<\/div>\r\n<div class=\"faq faq-sm\">\r\n<h3>Ph\u00e2n t\u00edch v\u00e0 ph\u00e2n kh\u00fac<\/h3>\r\n<p>T\u1ef1 \u0111\u1ed9ng t\u00ednh to\u00e1n c\u00e1c s\u1ed1 li\u1ec7u th\u1ec3 hi\u1ec7n ch\u1ea5t l\u01b0\u1ee3ng c\u01a1 s\u1edf kh\u00e1ch h\u00e0ng v\u00e0 t\u1ea1o ra c\u00e1c ph\u00e2n kh\u00fac kh\u00e1ch h\u00e0ng \u0111\u1ec3 l\u00e0m vi\u1ec7c c\u00f9ng.<\/p>\r\n<\/div>\r\n<div class=\"faq faq-sm\">\r\n<h3>Tinh ch\u1ec9nh th\u00e2n thi\u1ec7n v\u1edbi ng\u01b0\u1eddi d\u00f9ng<\/h3>\r\n<p>Tr\u00ecnh ch\u1ec9nh s\u1eeda tr\u1ef1c quan r\u00f5 r\u00e0ng cho ph\u00e9p t\u1ea1o chu\u1ed7i li\u00ean l\u1ea1c v\u1edbi \u0111\u1ed9 d\u00e0i v\u00e0 \u0111i\u1ec1u ki\u1ec7n kh\u00f4ng gi\u1edbi h\u1ea1n.<\/p>\r\n<\/div>\r\n<\/div>\r\n<div class=\"col-sm-7 right-faq\">\r\n<div class=\"faq faq-sm\">\r\n<h3>T\u00edch h\u1ee3p d\u1eef li\u1ec7u<\/h3>\r\n<p>Ch\u00fang t\u00f4i t\u1eadp h\u1ee3p v\u00e0 k\u1ebft h\u1ee3p d\u1eef li\u1ec7u t\u1eeb h\u1ec7 th\u1ed1ng d\u1eef li\u1ec7u c\u1ee7a b\u1ea1n. Tr\u00ecnh theo d\u00f5i JavaScript \u0111\u01b0\u1ee3c c\u00e0i \u0111\u1eb7t tr\u00ean trang web c\u1ee7a b\u1ea1n, thu th\u1eadp v\u00e0o h\u1ed3 s\u01a1 kh\u00e1ch h\u00e0ng l\u1ecbch s\u1eed l\u01b0\u1ee3t truy c\u1eadp v\u00e0 h\u00e0nh vi c\u1ee7a ng\u01b0\u1eddi d\u00f9ng<\/p>\r\n<hr\/><\/div>\r\n<div class=\"faq faq-sm\">\r\n<h3>Ph\u00e2n t\u00edch h\u00e0nh vi<\/h3>\r\n<p>Ch\u00fang t\u00f4i ph\u00e2n t\u00edch s\u1ed1 li\u1ec7u cho kh\u00e1ch h\u00e0ng v\u00e0 ph\u00e2n kh\u00fac, hi\u1ec3n th\u1ecb \u0111\u1ed9ng l\u1ef1c v\u00e0 xu h\u01b0\u1edbng. Ch\u00fang t\u00f4i x\u00e1c \u0111\u1ecbnh gi\u00e1 tr\u1ecb v\u00f2ng \u0111\u1eddi kh\u00e1ch h\u00e0ng\u00a0(CLTV), gi\u00e1 tr\u1ecb trung b\u00ecnh tr\u00ean m\u1ed9t \u0111\u01a1n h\u00e0ng (AOV), th\u1eddi gian gi\u1eefa c\u00e1c giao d\u1ecbch, t\u00ednh \u0111i\u1ec3m RFM v\u00e0 7 lo\u1ea1i s\u1ed1 li\u1ec7u kh\u00e1c.<\/p>\r\n<hr\/><\/div>\r\n<div class=\"faq faq-sm\">\r\n<h3>Ti\u1ebfp th\u1ecb th\u00f4ng minh<\/h3>\r\n<p>\u0110\u00e1nh gi\u00e1 hi\u1ec7u qu\u1ea3 \u0111\u1ed1i v\u1edbi t\u1eebng t\u01b0\u01a1ng t\u00e1c v\u1edbi kh\u00e1ch h\u00e0ng: \u0111i\u1ec1u \u0111\u00f3 c\u00f3 th\u00fac \u0111\u1ea9y kh\u00e1ch h\u00e0ng quay l\u1ea1i kh\u00f4ng, t\u01b0\u01a1ng t\u00e1c mang l\u1ea1i bao nhi\u00eau ti\u1ec1n, \u1ef7 su\u1ea5t ho\u00e0n v\u1ed1n (ROI) \u0111\u1ea1t \u0111\u01b0\u1ee3c.<\/p>\r\n<hr\/><\/div>\r\n<div class=\"faq faq-sm\">\r\n<h3>H\u1ed3 s\u01a1 360\u00b0<\/h3>\r\n<p>M\u1ed9t h\u1ed3 s\u01a1 duy nh\u1ea5t k\u1ebft h\u1ee3p th\u00f4ng tin v\u1ec1 kh\u00e1ch h\u00e0ng t\u1eeb t\u1ea5t c\u1ea3 c\u00e1c h\u1ec7 th\u1ed1ng doanh nghi\u1ec7p: b\u00e1n h\u00e0ng, ti\u1ebfp th\u1ecb, trung t\u00e2m cu\u1ed9c g\u1ecdi, s\u1ed1 l\u01b0\u1ee3ng truy c\u1eadp trang web, \u0111\u1ec1 xu\u1ea5t. To\u00e0n b\u1ed9 l\u1ecbch s\u1eed t\u01b0\u01a1ng t\u00e1c c\u1ee7a kh\u00e1ch h\u00e0ng trong m\u1ed9t ngu\u1ed3n c\u1ea5p d\u1eef li\u1ec7u.<\/p>\r\n<hr\/><\/div>\r\n<div class=\"faq faq-sm\">\r\n<h3>C\u00e1 nh\u00e2n h\u00f3a<\/h3>\r\n<p>Ch\u00fang t\u00f4i cho ph\u00e9p c\u00e1 nh\u00e2n h\u00f3a t\u1ed1i \u0111a. Khi t\u1ea1o tin nh\u1eafn cho kh\u00e1ch h\u00e0ng, ch\u00fang t\u00f4i t\u00ednh \u0111\u1ebfn m\u1ecdi th\u1ee9 ch\u00fang t\u00f4i bi\u1ebft v\u1ec1 h\u1ecd: c\u00e1c y\u1ebfu t\u1ed1 nh\u00e2n kh\u1ea9u h\u1ecdc x\u00e3 h\u1ed9i, h\u00e0nh vi, giai \u0111o\u1ea1n v\u00f2ng \u0111\u1eddi, th\u1eddi gian trong ng\u00e0y t\u1ea1i \u0111\u1ecba \u0111i\u1ec3m c\u1ee7a h\u1ecd.<\/p>\r\n<hr\/><\/div>\r\n<div class=\"faq faq-sm\">\r\n<h3>Truy\u1ec1n th\u00f4ng<\/h3>\r\n<p>M\u00f4-\u0111un n\u00e0y s\u1eed d\u1ee5ng h\u1ed3 s\u01a1 kh\u00e1ch h\u00e0ng \u0111\u1ec3 t\u1ea1o \u01b0u \u0111\u00e3i ph\u00f9 h\u1ee3p nh\u1ea5t v\u00e0 ph\u00e2n ph\u1ed1i \u01b0u \u0111\u00e3i \u0111\u00f3 qua k\u00eanh th\u00edch h\u1ee3p: email, SMS\/Viber, th\u00f4ng b\u00e1o \u0111\u1ea9y, \u1ee9ng d\u1ee5ng di \u0111\u1ed9ng.<\/p>\r\n<hr\/><\/div>\r\n<div class=\"faq faq-sm\">\r\n<h3>C\u1ea3i thi\u1ec7n ch\u1ea5t l\u01b0\u1ee3ng d\u1eef li\u1ec7u<\/h3>\r\n<p>C\u00e1ch ch\u00fang t\u00f4i c\u00f3 \u0111\u01b0\u1ee3c ph\u00e2n kh\u00fac ch\u00ednh x\u00e1c nh\u1ea5t:<\/p>\r\n<ul>\r\n<li><span style=\"font-size: 12pt;\">Ch\u00fang t\u00f4i t\u1ef1 \u0111\u1ed9ng l\u1ecdc c\u00e1c email v\u00e0 \u0111i\u1ec7n tho\u1ea1i kh\u00f4ng t\u1ed3n t\u1ea1i, b\u1ecb b\u1ecf qu\u00ean, n\u1eb1m trong danh s\u00e1ch \u0111en.<\/span><\/li>\r\n<li><span style=\"font-size: 12pt;\">Ch\u00fang t\u00f4i \u0111\u01b0a s\u1ed1 \u0111i\u1ec7n tho\u1ea1i v\u00e0 \u0111\u1ecba ch\u1ec9 v\u1ec1 m\u1ed9t \u0111\u1ecbnh d\u1ea1ng duy nh\u1ea5t, x\u00e1c \u0111\u1ecbnh m\u00fai gi\u1edd v\u00e0 th\u00e0nh ph\u1ed1 c\u1ee7a kh\u00e1ch h\u00e0ng.<\/span><\/li>\r\n<li><span style=\"font-size: 12pt;\">Ch\u00fang t\u00f4i ph\u00e2n t\u00edch l\u1ed7i g\u1eedi, ph\u1ea3n h\u1ed3i c\u1ee7a m\u00e1y ch\u1ee7 v\u00e0 b\u1ed9 l\u1ecdc th\u01b0 r\u00e1c. Ch\u00fang t\u00f4i \u0111\u00e1nh d\u1ea5u email v\u00e0 s\u1ed1 \u0111i\u1ec7n tho\u1ea1i kh\u00f4ng ch\u00ednh x\u00e1c \u0111\u1ec3 th\u01b0 kh\u00f4ng r\u01a1i v\u00e0o th\u01b0 m\u1ee5c th\u01b0 r\u00e1c.<\/span><\/li>\r\n<\/ul>\r\n<hr\/><\/div>\r\n<\/div>\r\n<\/div>\r\n<\/section>\r\n<section class=\"letter-block\">\r\n<div class=\"row\">\r\n<div class=\"col-sm-5\">\r\n<div class=\"request\">\r\n<div class=\"letter\"><img decoding=\"async\" alt=\"Letter\" src=\"\/wp-content\/uploads\/2021\/12\/letter.svg\"\/><\/div>\r\n<p>Ch\u00fang t\u00f4i s\u1eb5n l\u00f2ng tr\u1ea3 l\u1eddi c\u00e1c c\u00e2u h\u1ecfi c\u1ee7a b\u1ea1n v\u1ec1 t\u1ef1 \u0111\u1ed9ng h\u00f3a ti\u1ebfp th\u1ecb v\u00e0 gi\u00fap b\u1ea1n t\u00ecm ra c\u00e1ch n\u1ec1n t\u1ea3ng Loymax c\u00f3 th\u1ec3 c\u1ea3i thi\u1ec7n hi\u1ec7u qu\u1ea3 kinh doanh c\u1ee7a m\u00ecnh. Li\u00ean h\u1ec7 v\u1edbi \u0111\u1ea1i di\u1ec7n b\u00e1n h\u00e0ng \u0111\u1ec3 nh\u1eadn \u0111\u01b0\u1ee3c c\u00e1c \u0111\u1ec1 xu\u1ea5t \u0111\u01b0\u1ee3c c\u00e1 nh\u00e2n h\u00f3a v\u00e0 b\u1ea3n tr\u00ecnh b\u00e0y v\u1ec1 c\u00e1ch l\u00e0m vi\u1ec7c v\u1edbi ph\u1ea7n m\u1ec1m Loymax.<\/p>\r\n<p>Vui l\u00f2ng \u0111i\u1ec1n v\u00e0o bi\u1ec3u m\u1eabu v\u00e0 ch\u00fang t\u00f4i s\u1ebd li\u00ean h\u1ec7 v\u1edbi b\u1ea1n trong v\u00f2ng m\u1ed9t ng\u00e0y l\u00e0m vi\u1ec7c<\/p>\r\n<div class=\"buttons\"><a class=\"btn-block3 js-scroll-trigger\" href=\"#\">Li\u00ean h\u1ec7 v\u1edbi ch\u00fang t\u00f4i<\/a><\/div>\r\n<\/div>\r\n<\/div>\r\n<div class=\"col-sm-7 right-faq\">\r\n<div class=\"faq faq-sm\">\r\n<h3>Ph\u00e2n kh\u00fac<\/h3>\r\n<p>T\u1ef1 \u0111\u1ed9ng ph\u00e2n kh\u00fac kh\u00e1ch h\u00e0ng theo thu\u1ed9c t\u00ednh (gi\u1edbi t\u00ednh, \u0111\u1ed9 tu\u1ed5i, th\u00e0nh ph\u1ed1), h\u00e0nh vi (mua s\u1ea3n ph\u1ea9m X t\u1eeb danh m\u1ee5c Y), s\u1ed1 li\u1ec7u v\u00e0 t\u00ednh \u0111i\u1ec3m (gi\u00e1 tr\u1ecb v\u00f2ng \u0111\u1eddi kh\u00e1ch h\u00e0ng\u00a0(CLTV), gi\u00e1 tr\u1ecb \u0111\u01a1n h\u00e0ng trung b\u00ecnh, \u0111i\u1ec3m RFM), giao ti\u1ebfp (m\u1edf th\u01b0).<\/p>\r\n<hr\/><\/div>\r\n<div class=\"faq faq-sm\">\r\n<h3>T\u1ef1 \u0111\u1ed9ng h\u00f3a c\u00e1c t\u01b0\u01a1ng t\u00e1c<\/h3>\r\n<p>H\u00e0nh vi c\u1ee7a kh\u00e1ch h\u00e0ng (\u0111\u01a1n \u0111\u1eb7t h\u00e0ng, chuy\u1ec3n sang ph\u00e2n kh\u00fac kh\u00e1c, v.v.) s\u1ebd k\u00edch ho\u1ea1t m\u1ed9t h\u00e0nh \u0111\u1ed9ng. M\u1ed9t nh\u00e0 ph\u00e2n t\u00edch ho\u1eb7c nh\u00e0 ti\u1ebfp th\u1ecb s\u1ebd c\u00f3 th\u1ec3 t\u1ef1 m\u00ecnh thi\u1ebft l\u1eadp c\u00e1c k\u1ecbch b\u1ea3n nh\u01b0 v\u1eady.<\/p>\r\n<\/div>\r\n<\/div>\r\n<\/div>\r\n<\/section>\r\n<\/div>\r\n<div class=\"solutions-background\">\r\n<div class=\"container\">\r\n<section class=\"full-width\">\r\n<div class=\"row\">\r\n<div class=\"col-sm-12\">\r\n<div class=\"arrow-class\">\u00a0<\/div>\r\n<div class=\"about-slider2\">\r\n<div><img loading=\"lazy\" decoding=\"async\" class=\"alignnone size-full wp-image-5545\" src=\"https:\/\/loymax.io\/wp-content\/uploads\/2022\/09\/002-1.png\" alt=\"\" width=\"620\" height=\"372\" srcset=\"https:\/\/loymax.io\/wp-content\/uploads\/2022\/09\/002-1.png 620w, https:\/\/loymax.io\/wp-content\/uploads\/2022\/09\/002-1-300x180.png 300w\" sizes=\"auto, (max-width: 620px) 100vw, 620px\" \/><\/div>\r\n<div><img loading=\"lazy\" decoding=\"async\" class=\"alignnone size-full wp-image-5546\" src=\"https:\/\/loymax.io\/wp-content\/uploads\/2022\/09\/003.png\" alt=\"\" width=\"620\" height=\"372\" srcset=\"https:\/\/loymax.io\/wp-content\/uploads\/2022\/09\/003.png 620w, https:\/\/loymax.io\/wp-content\/uploads\/2022\/09\/003-300x180.png 300w\" sizes=\"auto, (max-width: 620px) 100vw, 620px\" \/><\/div>\r\n<div><img loading=\"lazy\" decoding=\"async\" class=\"alignnone size-full wp-image-5547\" src=\"https:\/\/loymax.io\/wp-content\/uploads\/2022\/09\/004.png\" alt=\"\" width=\"620\" height=\"372\" srcset=\"https:\/\/loymax.io\/wp-content\/uploads\/2022\/09\/004.png 620w, https:\/\/loymax.io\/wp-content\/uploads\/2022\/09\/004-300x180.png 300w\" sizes=\"auto, (max-width: 620px) 100vw, 620px\" \/><\/div>\r\n<div><img loading=\"lazy\" decoding=\"async\" class=\"alignnone size-full wp-image-5544\" src=\"https:\/\/loymax.io\/wp-content\/uploads\/2022\/09\/001-1.png\" alt=\"\" width=\"620\" height=\"372\" srcset=\"https:\/\/loymax.io\/wp-content\/uploads\/2022\/09\/001-1.png 620w, https:\/\/loymax.io\/wp-content\/uploads\/2022\/09\/001-1-300x180.png 300w\" sizes=\"auto, (max-width: 620px) 100vw, 620px\" \/><\/div>\r\n<div><img loading=\"lazy\" decoding=\"async\" class=\"alignnone size-full wp-image-5548\" src=\"https:\/\/loymax.io\/wp-content\/uploads\/2022\/09\/005.png\" alt=\"\" width=\"620\" height=\"372\" srcset=\"https:\/\/loymax.io\/wp-content\/uploads\/2022\/09\/005.png 620w, https:\/\/loymax.io\/wp-content\/uploads\/2022\/09\/005-300x180.png 300w\" sizes=\"auto, (max-width: 620px) 100vw, 620px\" \/><\/div>\r\n<div>\u00a0<\/div>\r\n<div class=\"hidden-xs\">\u00a0<\/div>\r\n<\/div>\r\n<\/div>\r\n<\/div>\r\n<\/section>\r\n<!--<section class=\"bottom-solutions\">\r\n<div class=\"row\">\r\n<div class=\"col-sm-5\"><img decoding=\"async\" alt=\"Smart Communication Bottom\" src=\"\/wp-content\/uploads\/2022\/02\/smart-communication-bottom.svg\" \/><\/div>\r\n<div class=\"col-sm-7\">\r\n<h2>Can you write some advantages for this page of smart communications<\/h2>\r\n<ul>\r\n<li>The customer did not respond to the coupon \u2192 we offer a gift for the purchase of a certain product<\/li>\r\n<li>The customer did not react to the gift \u2192 we offer an increased % of bonus points for the purchase of a certain product<\/li>\r\n<li>The customer did not respond to the discount in the form of % of the purchase amount \u2192 we offer a discount coupon with a fixed amount<\/li>\r\n<\/ul>\r\n<\/div>\r\n<\/div>\r\n<div class=\"row\">\r\n    <div class=\"col-sm-12\">\r\n        <h2>Extension modules<\/h2>\r\n    <\/div>\r\n    <\/div>\r\n    <div class=\"row\">\r\n      <div class=\"col-sm-3\">\r\n        <div class=\"modules\">\r\n          <h3>Omnichannel Engagement<\/h3>\r\n          <p>Mobile App, Digital Wallet, Personal Account for Loyalty Program Members, Chat Bot \u2014 we help to integrate...<\/p>\r\n          <img decoding=\"async\" alt=\"Slide1\" src=\"\/wp-content\/uploads\/2021\/12\/slide1.svg\">\r\n        <\/div>\r\n      <\/div>\r\n      <div class=\"col-sm-3\">\r\n        <div class=\"modules\">\r\n          <h3>Smart Communications<\/h3>\r\n          <p>Expand communications with your customers using Big Data and 360 profile<\/p>\r\n          <img decoding=\"async\" alt=\"Slide1\" src=\"\/wp-content\/uploads\/2021\/12\/slide1.svg\">\r\n        <\/div>\r\n      <\/div>\r\n      <div class=\"col-sm-3\">\r\n        <div class=\"modules\">\r\n          <h3>Business Intelligence<\/h3>\r\n          <p>Get the most of your Loyalty Program with our reporting and advanced analytics module<\/p>\r\n          <img decoding=\"async\" alt=\"Slide1\" src=\"\/wp-content\/uploads\/2021\/12\/slide1.svg\">\r\n        <\/div>\r\n      <\/div>\r\n      <div class=\"col-sm-3\">\r\n        <div class=\"modules\">\r\n          <h3>Machine <br>Learning<\/h3>\r\n          <p>The most advanced product that increase Retail Sales by 4% Without Increasing Marketing Team Labor<\/p>\r\n          <img decoding=\"async\" alt=\"Slide1\" src=\"\/wp-content\/uploads\/2021\/12\/slide1.svg\">\r\n        <\/div>\r\n      <\/div>\r\n    <\/div>--><\/div>\r\n<\/div>\r\n","protected":false},"excerpt":{"rendered":"<p>Truy\u1ec1n th\u00f4ng th\u00f4ng minh Gi\u1ea3i ph\u00e1p t\u1ef1 \u0111\u1ed9ng h\u00f3a truy\u1ec1n th\u00f4ng ti\u1ebfp th\u1ecb cho c\u00e1c nh\u00e0 b\u00e1n l\u1ebb \u0111a k\u00eanh, HORECA v\u00e0 th\u01b0\u01a1ng m\u1ea1i \u0111i\u1ec7n t\u1eed. Li\u00ean h\u1ec7 v\u1edbi ch\u00fang t\u00f4i S\u1eed d\u1ee5ng t\u1eadp h\u1ee3p d\u1eef li\u1ec7u l\u1edbn (Big Data) \u0111\u1ec3 t\u0103ng doanh s\u1ed1 b\u00e1n h\u00e0ng l\u1eb7p l\u1ea1i v\u00e0 qu\u1ea3n l\u00fd t\u1ef7 l\u1ec7 kh\u00e1ch h\u00e0ng&hellip;&nbsp;<a href=\"https:\/\/loymax.io\/vi\/smart-communications\/\" class=\"\" rel=\"bookmark\">Read More &raquo;<span class=\"screen-reader-text\">Truy\u1ec1n th\u00f4ng th\u00f4ng minh<\/span><\/a><\/p>\n","protected":false},"author":1,"featured_media":0,"parent":0,"menu_order":25,"comment_status":"closed","ping_status":"closed","template":"solutions.php","meta":{"_acf_changed":false,"content-type":"","footnotes":""},"class_list":["post-13435","page","type-page","status-publish","hentry"],"acf":[],"yoast_head":"<!-- This site is optimized with the Yoast SEO plugin v27.3 - https:\/\/yoast.com\/product\/yoast-seo-wordpress\/ -->\n<title>Truy\u1ec1n th\u00f4ng th\u00f4ng minh - Loymax<\/title>\n<meta name=\"description\" content=\"N\u1ec1n t\u1ea3ng t\u1ef1 \u0111\u1ed9ng h\u00f3a truy\u1ec1n th\u00f4ng ti\u1ebfp th\u1ecb chuy\u00ean nghi\u1ec7p d\u00e0nh cho c\u00e1c nh\u00e0 b\u00e1n l\u1ebb \u0111a k\u00eanh, HORECA, c\u00e1c c\u1eeda h\u00e0ng tr\u1ef1c tuy\u1ebfn.\" \/>\n<meta name=\"robots\" content=\"index, follow, max-snippet:-1, max-image-preview:large, max-video-preview:-1\" \/>\n<link rel=\"canonical\" href=\"https:\/\/loymax.io\/vi\/smart-communications\/\" \/>\n<meta property=\"og:locale\" content=\"vi_VN\" \/>\n<meta property=\"og:type\" content=\"article\" \/>\n<meta property=\"og:title\" content=\"Truy\u1ec1n th\u00f4ng th\u00f4ng minh - Loymax\" \/>\n<meta property=\"og:description\" content=\"N\u1ec1n t\u1ea3ng t\u1ef1 \u0111\u1ed9ng h\u00f3a truy\u1ec1n th\u00f4ng ti\u1ebfp th\u1ecb chuy\u00ean nghi\u1ec7p d\u00e0nh cho c\u00e1c nh\u00e0 b\u00e1n l\u1ebb \u0111a k\u00eanh, HORECA, c\u00e1c c\u1eeda h\u00e0ng tr\u1ef1c tuy\u1ebfn.\" \/>\n<meta property=\"og:url\" content=\"https:\/\/loymax.io\/vi\/smart-communications\/\" \/>\n<meta property=\"og:site_name\" content=\"Loymax\" \/>\n<meta property=\"article:modified_time\" content=\"2024-09-06T09:46:18+00:00\" \/>\n<meta property=\"og:image\" content=\"https:\/\/loymax.io\/wp-content\/uploads\/2022\/09\/002-1.png\" \/>\n<meta name=\"twitter:card\" content=\"summary_large_image\" \/>\n<meta name=\"twitter:label1\" content=\"Est. reading time\" \/>\n\t<meta name=\"twitter:data1\" content=\"6 minutes\" \/>\n<script type=\"application\/ld+json\" class=\"yoast-schema-graph\">{\"@context\":\"https:\\\/\\\/schema.org\",\"@graph\":[{\"@type\":\"WebPage\",\"@id\":\"https:\\\/\\\/loymax.io\\\/vi\\\/smart-communications\\\/\",\"url\":\"https:\\\/\\\/loymax.io\\\/vi\\\/smart-communications\\\/\",\"name\":\"Truy\u1ec1n th\u00f4ng th\u00f4ng minh - Loymax\",\"isPartOf\":{\"@id\":\"https:\\\/\\\/loymax.io\\\/vi\\\/#website\"},\"primaryImageOfPage\":{\"@id\":\"https:\\\/\\\/loymax.io\\\/vi\\\/smart-communications\\\/#primaryimage\"},\"image\":{\"@id\":\"https:\\\/\\\/loymax.io\\\/vi\\\/smart-communications\\\/#primaryimage\"},\"thumbnailUrl\":\"https:\\\/\\\/loymax.io\\\/wp-content\\\/uploads\\\/2022\\\/09\\\/002-1.png\",\"datePublished\":\"2022-02-01T20:07:24+00:00\",\"dateModified\":\"2024-09-06T09:46:18+00:00\",\"description\":\"N\u1ec1n t\u1ea3ng t\u1ef1 \u0111\u1ed9ng h\u00f3a truy\u1ec1n th\u00f4ng ti\u1ebfp th\u1ecb chuy\u00ean nghi\u1ec7p d\u00e0nh cho c\u00e1c nh\u00e0 b\u00e1n l\u1ebb \u0111a k\u00eanh, HORECA, c\u00e1c c\u1eeda h\u00e0ng tr\u1ef1c tuy\u1ebfn.\",\"breadcrumb\":{\"@id\":\"https:\\\/\\\/loymax.io\\\/vi\\\/smart-communications\\\/#breadcrumb\"},\"inLanguage\":\"vi-VN\",\"potentialAction\":[{\"@type\":\"ReadAction\",\"target\":[\"https:\\\/\\\/loymax.io\\\/vi\\\/smart-communications\\\/\"]}]},{\"@type\":\"ImageObject\",\"inLanguage\":\"vi-VN\",\"@id\":\"https:\\\/\\\/loymax.io\\\/vi\\\/smart-communications\\\/#primaryimage\",\"url\":\"https:\\\/\\\/loymax.io\\\/wp-content\\\/uploads\\\/2022\\\/09\\\/002-1.png\",\"contentUrl\":\"https:\\\/\\\/loymax.io\\\/wp-content\\\/uploads\\\/2022\\\/09\\\/002-1.png\"},{\"@type\":\"BreadcrumbList\",\"@id\":\"https:\\\/\\\/loymax.io\\\/vi\\\/smart-communications\\\/#breadcrumb\",\"itemListElement\":[{\"@type\":\"ListItem\",\"position\":1,\"name\":\"\u0413\u043b\u0430\u0432\u043d\u0430\u044f \u0441\u0442\u0440\u0430\u043d\u0438\u0446\u0430\",\"item\":\"https:\\\/\\\/loymax.io\\\/vi\\\/\"},{\"@type\":\"ListItem\",\"position\":2,\"name\":\"Truy\u1ec1n th\u00f4ng th\u00f4ng minh\"}]},{\"@type\":\"WebSite\",\"@id\":\"https:\\\/\\\/loymax.io\\\/vi\\\/#website\",\"url\":\"https:\\\/\\\/loymax.io\\\/vi\\\/\",\"name\":\"Loymax\",\"description\":\"Loyalty Management and Marketing Automation Platform\",\"publisher\":{\"@id\":\"https:\\\/\\\/loymax.io\\\/vi\\\/#organization\"},\"potentialAction\":[{\"@type\":\"SearchAction\",\"target\":{\"@type\":\"EntryPoint\",\"urlTemplate\":\"https:\\\/\\\/loymax.io\\\/vi\\\/?s={search_term_string}\"},\"query-input\":{\"@type\":\"PropertyValueSpecification\",\"valueRequired\":true,\"valueName\":\"search_term_string\"}}],\"inLanguage\":\"vi-VN\"},{\"@type\":\"Organization\",\"@id\":\"https:\\\/\\\/loymax.io\\\/vi\\\/#organization\",\"name\":\"Loymax\",\"url\":\"https:\\\/\\\/loymax.io\\\/vi\\\/\",\"logo\":{\"@type\":\"ImageObject\",\"inLanguage\":\"vi-VN\",\"@id\":\"https:\\\/\\\/loymax.io\\\/vi\\\/#\\\/schema\\\/logo\\\/image\\\/\",\"url\":\"https:\\\/\\\/loymax.io\\\/wp-content\\\/uploads\\\/2024\\\/09\\\/cropped-cropped-loymax-mt-logo.jpg\",\"contentUrl\":\"https:\\\/\\\/loymax.io\\\/wp-content\\\/uploads\\\/2024\\\/09\\\/cropped-cropped-loymax-mt-logo.jpg\",\"width\":1359,\"height\":417,\"caption\":\"Loymax\"},\"image\":{\"@id\":\"https:\\\/\\\/loymax.io\\\/vi\\\/#\\\/schema\\\/logo\\\/image\\\/\"}}]}<\/script>\n<!-- \/ Yoast SEO plugin. -->","yoast_head_json":{"title":"Truy\u1ec1n th\u00f4ng th\u00f4ng minh - Loymax","description":"N\u1ec1n t\u1ea3ng t\u1ef1 \u0111\u1ed9ng h\u00f3a truy\u1ec1n th\u00f4ng ti\u1ebfp th\u1ecb chuy\u00ean nghi\u1ec7p d\u00e0nh cho c\u00e1c nh\u00e0 b\u00e1n l\u1ebb \u0111a k\u00eanh, HORECA, c\u00e1c c\u1eeda h\u00e0ng tr\u1ef1c tuy\u1ebfn.","robots":{"index":"index","follow":"follow","max-snippet":"max-snippet:-1","max-image-preview":"max-image-preview:large","max-video-preview":"max-video-preview:-1"},"canonical":"https:\/\/loymax.io\/vi\/smart-communications\/","og_locale":"vi_VN","og_type":"article","og_title":"Truy\u1ec1n th\u00f4ng th\u00f4ng minh - Loymax","og_description":"N\u1ec1n t\u1ea3ng t\u1ef1 \u0111\u1ed9ng h\u00f3a truy\u1ec1n th\u00f4ng ti\u1ebfp th\u1ecb chuy\u00ean nghi\u1ec7p d\u00e0nh cho c\u00e1c nh\u00e0 b\u00e1n l\u1ebb \u0111a k\u00eanh, HORECA, c\u00e1c c\u1eeda h\u00e0ng tr\u1ef1c tuy\u1ebfn.","og_url":"https:\/\/loymax.io\/vi\/smart-communications\/","og_site_name":"Loymax","article_modified_time":"2024-09-06T09:46:18+00:00","og_image":[{"url":"https:\/\/loymax.io\/wp-content\/uploads\/2022\/09\/002-1.png","type":"","width":"","height":""}],"twitter_card":"summary_large_image","twitter_misc":{"Est. reading time":"6 minutes"},"schema":{"@context":"https:\/\/schema.org","@graph":[{"@type":"WebPage","@id":"https:\/\/loymax.io\/vi\/smart-communications\/","url":"https:\/\/loymax.io\/vi\/smart-communications\/","name":"Truy\u1ec1n th\u00f4ng th\u00f4ng minh - Loymax","isPartOf":{"@id":"https:\/\/loymax.io\/vi\/#website"},"primaryImageOfPage":{"@id":"https:\/\/loymax.io\/vi\/smart-communications\/#primaryimage"},"image":{"@id":"https:\/\/loymax.io\/vi\/smart-communications\/#primaryimage"},"thumbnailUrl":"https:\/\/loymax.io\/wp-content\/uploads\/2022\/09\/002-1.png","datePublished":"2022-02-01T20:07:24+00:00","dateModified":"2024-09-06T09:46:18+00:00","description":"N\u1ec1n t\u1ea3ng t\u1ef1 \u0111\u1ed9ng h\u00f3a truy\u1ec1n th\u00f4ng ti\u1ebfp th\u1ecb chuy\u00ean nghi\u1ec7p d\u00e0nh cho c\u00e1c nh\u00e0 b\u00e1n l\u1ebb \u0111a k\u00eanh, HORECA, c\u00e1c c\u1eeda h\u00e0ng tr\u1ef1c tuy\u1ebfn.","breadcrumb":{"@id":"https:\/\/loymax.io\/vi\/smart-communications\/#breadcrumb"},"inLanguage":"vi-VN","potentialAction":[{"@type":"ReadAction","target":["https:\/\/loymax.io\/vi\/smart-communications\/"]}]},{"@type":"ImageObject","inLanguage":"vi-VN","@id":"https:\/\/loymax.io\/vi\/smart-communications\/#primaryimage","url":"https:\/\/loymax.io\/wp-content\/uploads\/2022\/09\/002-1.png","contentUrl":"https:\/\/loymax.io\/wp-content\/uploads\/2022\/09\/002-1.png"},{"@type":"BreadcrumbList","@id":"https:\/\/loymax.io\/vi\/smart-communications\/#breadcrumb","itemListElement":[{"@type":"ListItem","position":1,"name":"\u0413\u043b\u0430\u0432\u043d\u0430\u044f \u0441\u0442\u0440\u0430\u043d\u0438\u0446\u0430","item":"https:\/\/loymax.io\/vi\/"},{"@type":"ListItem","position":2,"name":"Truy\u1ec1n th\u00f4ng th\u00f4ng minh"}]},{"@type":"WebSite","@id":"https:\/\/loymax.io\/vi\/#website","url":"https:\/\/loymax.io\/vi\/","name":"Loymax","description":"Loyalty Management and Marketing Automation Platform","publisher":{"@id":"https:\/\/loymax.io\/vi\/#organization"},"potentialAction":[{"@type":"SearchAction","target":{"@type":"EntryPoint","urlTemplate":"https:\/\/loymax.io\/vi\/?s={search_term_string}"},"query-input":{"@type":"PropertyValueSpecification","valueRequired":true,"valueName":"search_term_string"}}],"inLanguage":"vi-VN"},{"@type":"Organization","@id":"https:\/\/loymax.io\/vi\/#organization","name":"Loymax","url":"https:\/\/loymax.io\/vi\/","logo":{"@type":"ImageObject","inLanguage":"vi-VN","@id":"https:\/\/loymax.io\/vi\/#\/schema\/logo\/image\/","url":"https:\/\/loymax.io\/wp-content\/uploads\/2024\/09\/cropped-cropped-loymax-mt-logo.jpg","contentUrl":"https:\/\/loymax.io\/wp-content\/uploads\/2024\/09\/cropped-cropped-loymax-mt-logo.jpg","width":1359,"height":417,"caption":"Loymax"},"image":{"@id":"https:\/\/loymax.io\/vi\/#\/schema\/logo\/image\/"}}]}},"_links":{"self":[{"href":"https:\/\/loymax.io\/vi\/wp-json\/wp\/v2\/pages\/13435","targetHints":{"allow":["GET"]}}],"collection":[{"href":"https:\/\/loymax.io\/vi\/wp-json\/wp\/v2\/pages"}],"about":[{"href":"https:\/\/loymax.io\/vi\/wp-json\/wp\/v2\/types\/page"}],"author":[{"embeddable":true,"href":"https:\/\/loymax.io\/vi\/wp-json\/wp\/v2\/users\/1"}],"replies":[{"embeddable":true,"href":"https:\/\/loymax.io\/vi\/wp-json\/wp\/v2\/comments?post=13435"}],"version-history":[{"count":8,"href":"https:\/\/loymax.io\/vi\/wp-json\/wp\/v2\/pages\/13435\/revisions"}],"predecessor-version":[{"id":13480,"href":"https:\/\/loymax.io\/vi\/wp-json\/wp\/v2\/pages\/13435\/revisions\/13480"}],"wp:attachment":[{"href":"https:\/\/loymax.io\/vi\/wp-json\/wp\/v2\/media?parent=13435"}],"curies":[{"name":"wp","href":"https:\/\/api.w.org\/{rel}","templated":true}]}}